{"id":994,"date":"2020-02-28T18:11:29","date_gmt":"2020-02-28T17:11:29","guid":{"rendered":"http:\/\/www.andicsalpar.hu\/wordpress\/?page_id=994"},"modified":"2020-02-28T19:24:05","modified_gmt":"2020-02-28T18:24:05","slug":"budapest-ejjel-nappal","status":"publish","type":"page","link":"https:\/\/www.andicsalpar.hu\/wordpress\/?page_id=994","title":{"rendered":"Budapest \u00e9jjel-nappal"},"content":{"rendered":"<p><a href=\"http:\/\/www.andicsalpar.hu\/wordpress\/wp-content\/uploads\/2020\/02\/1.-Mad\u00e1r-szem\u00e9vel-A4-m\u00e1solat-scaled.jpg\"><img loading=\"lazy\" decoding=\"async\" class=\"alignnone size-full wp-image-1012\" src=\"http:\/\/www.andicsalpar.hu\/wordpress\/wp-content\/uploads\/2020\/02\/1.-Mad\u00e1r-szem\u00e9vel-A4-m\u00e1solat-scaled.jpg\" alt=\"\" width=\"2560\" height=\"1810\" srcset=\"https:\/\/www.andicsalpar.hu\/wordpress\/wp-content\/uploads\/2020\/02\/1.-Mad\u00e1r-szem\u00e9vel-A4-m\u00e1solat-scaled.jpg 2560w, https:\/\/www.andicsalpar.hu\/wordpress\/wp-content\/uploads\/2020\/02\/1.-Mad\u00e1r-szem\u00e9vel-A4-m\u00e1solat-300x212.jpg 300w, https:\/\/www.andicsalpar.hu\/wordpress\/wp-content\/uploads\/2020\/02\/1.-Mad\u00e1r-szem\u00e9vel-A4-m\u00e1solat-1024x724.jpg 1024w, https:\/\/www.andicsalpar.hu\/wordpress\/wp-content\/uploads\/2020\/02\/1.-Mad\u00e1r-szem\u00e9vel-A4-m\u00e1solat-768x543.jpg 768w, https:\/\/www.andicsalpar.hu\/wordpress\/wp-content\/uploads\/2020\/02\/1.-Mad\u00e1r-szem\u00e9vel-A4-m\u00e1solat-1536x1086.jpg 1536w, https:\/\/www.andicsalpar.hu\/wordpress\/wp-content\/uploads\/2020\/02\/1.-Mad\u00e1r-szem\u00e9vel-A4-m\u00e1solat-2048x1448.jpg 2048w, https:\/\/www.andicsalpar.hu\/wordpress\/wp-content\/uploads\/2020\/02\/1.-Mad\u00e1r-szem\u00e9vel-A4-m\u00e1solat-1440x1018.jpg 1440w\" sizes=\"auto, (max-width: 2560px) 100vw, 2560px\" \/><\/a><a href=\"http:\/\/www.andicsalpar.hu\/wordpress\/wp-content\/uploads\/2020\/02\/2.-Hidak-a-Dun\u00e1n-A4-m\u00e1solat-scaled.jpg\"><img loading=\"lazy\" decoding=\"async\" class=\"alignnone size-full wp-image-1013\" src=\"http:\/\/www.andicsalpar.hu\/wordpress\/wp-content\/uploads\/2020\/02\/2.-Hidak-a-Dun\u00e1n-A4-m\u00e1solat-scaled.jpg\" alt=\"\" width=\"2560\" height=\"1810\" srcset=\"https:\/\/www.andicsalpar.hu\/wordpress\/wp-content\/uploads\/2020\/02\/2.-Hidak-a-Dun\u00e1n-A4-m\u00e1solat-scaled.jpg 2560w, https:\/\/www.andicsalpar.hu\/wordpress\/wp-content\/uploads\/2020\/02\/2.-Hidak-a-Dun\u00e1n-A4-m\u00e1solat-300x212.jpg 300w, https:\/\/www.andicsalpar.hu\/wordpress\/wp-content\/uploads\/2020\/02\/2.-Hidak-a-Dun\u00e1n-A4-m\u00e1solat-1024x724.jpg 1024w, https:\/\/www.andicsalpar.hu\/wordpress\/wp-content\/uploads\/2020\/02\/2.-Hidak-a-Dun\u00e1n-A4-m\u00e1solat-768x543.jpg 768w, https:\/\/www.andicsalpar.hu\/wordpress\/wp-content\/uploads\/2020\/02\/2.-Hidak-a-Dun\u00e1n-A4-m\u00e1solat-1536x1086.jpg 1536w, https:\/\/www.andicsalpar.hu\/wordpress\/wp-content\/uploads\/2020\/02\/2.-Hidak-a-Dun\u00e1n-A4-m\u00e1solat-2048x1448.jpg 2048w, https:\/\/www.andicsalpar.hu\/wordpress\/wp-content\/uploads\/2020\/02\/2.-Hidak-a-Dun\u00e1n-A4-m\u00e1solat-1440x1018.jpg 1440w\" sizes=\"auto, (max-width: 2560px) 100vw, 2560px\" \/><\/a><a href=\"http:\/\/www.andicsalpar.hu\/wordpress\/wp-content\/uploads\/2020\/02\/3.-Hal\u00e1szb\u00e1stya-A4-m\u00e1solat-scaled.jpg\"><img loading=\"lazy\" decoding=\"async\" class=\"alignnone size-full wp-image-1015\" src=\"http:\/\/www.andicsalpar.hu\/wordpress\/wp-content\/uploads\/2020\/02\/3.-Hal\u00e1szb\u00e1stya-A4-m\u00e1solat-scaled.jpg\" alt=\"\" width=\"2560\" height=\"1810\" srcset=\"https:\/\/www.andicsalpar.hu\/wordpress\/wp-content\/uploads\/2020\/02\/3.-Hal\u00e1szb\u00e1stya-A4-m\u00e1solat-scaled.jpg 2560w, https:\/\/www.andicsalpar.hu\/wordpress\/wp-content\/uploads\/2020\/02\/3.-Hal\u00e1szb\u00e1stya-A4-m\u00e1solat-300x212.jpg 300w, https:\/\/www.andicsalpar.hu\/wordpress\/wp-content\/uploads\/2020\/02\/3.-Hal\u00e1szb\u00e1stya-A4-m\u00e1solat-1024x724.jpg 1024w, https:\/\/www.andicsalpar.hu\/wordpress\/wp-content\/uploads\/2020\/02\/3.-Hal\u00e1szb\u00e1stya-A4-m\u00e1solat-768x543.jpg 768w, https:\/\/www.andicsalpar.hu\/wordpress\/wp-content\/uploads\/2020\/02\/3.-Hal\u00e1szb\u00e1stya-A4-m\u00e1solat-1536x1086.jpg 1536w, https:\/\/www.andicsalpar.hu\/wordpress\/wp-content\/uploads\/2020\/02\/3.-Hal\u00e1szb\u00e1stya-A4-m\u00e1solat-2048x1448.jpg 2048w, https:\/\/www.andicsalpar.hu\/wordpress\/wp-content\/uploads\/2020\/02\/3.-Hal\u00e1szb\u00e1stya-A4-m\u00e1solat-1440x1018.jpg 1440w\" sizes=\"auto, (max-width: 2560px) 100vw, 2560px\" \/><\/a><a href=\"http:\/\/www.andicsalpar.hu\/wordpress\/wp-content\/uploads\/2020\/02\/4.-Csod\u00e1s-Budapest-A4-m\u00e1solat-scaled.jpg\"><img loading=\"lazy\" decoding=\"async\" class=\"alignnone size-full wp-image-1016\" src=\"http:\/\/www.andicsalpar.hu\/wordpress\/wp-content\/uploads\/2020\/02\/4.-Csod\u00e1s-Budapest-A4-m\u00e1solat-scaled.jpg\" alt=\"\" width=\"2560\" height=\"1810\" srcset=\"https:\/\/www.andicsalpar.hu\/wordpress\/wp-content\/uploads\/2020\/02\/4.-Csod\u00e1s-Budapest-A4-m\u00e1solat-scaled.jpg 2560w, https:\/\/www.andicsalpar.hu\/wordpress\/wp-content\/uploads\/2020\/02\/4.-Csod\u00e1s-Budapest-A4-m\u00e1solat-300x212.jpg 300w, https:\/\/www.andicsalpar.hu\/wordpress\/wp-content\/uploads\/2020\/02\/4.-Csod\u00e1s-Budapest-A4-m\u00e1solat-1024x724.jpg 1024w, https:\/\/www.andicsalpar.hu\/wordpress\/wp-content\/uploads\/2020\/02\/4.-Csod\u00e1s-Budapest-A4-m\u00e1solat-768x543.jpg 768w, https:\/\/www.andicsalpar.hu\/wordpress\/wp-content\/uploads\/2020\/02\/4.-Csod\u00e1s-Budapest-A4-m\u00e1solat-1536x1086.jpg 1536w, https:\/\/www.andicsalpar.hu\/wordpress\/wp-content\/uploads\/2020\/02\/4.-Csod\u00e1s-Budapest-A4-m\u00e1solat-2048x1448.jpg 2048w, https:\/\/www.andicsalpar.hu\/wordpress\/wp-content\/uploads\/2020\/02\/4.-Csod\u00e1s-Budapest-A4-m\u00e1solat-1440x1018.jpg 1440w\" sizes=\"auto, (max-width: 2560px) 100vw, 2560px\" \/><\/a><a href=\"http:\/\/www.andicsalpar.hu\/wordpress\/wp-content\/uploads\/2020\/02\/5.-Csipk\u00e9s-torony-A4-m\u00e1solat-scaled.jpg\"><img loading=\"lazy\" decoding=\"async\" class=\"alignnone size-full wp-image-1017\" src=\"http:\/\/www.andicsalpar.hu\/wordpress\/wp-content\/uploads\/2020\/02\/5.-Csipk\u00e9s-torony-A4-m\u00e1solat-scaled.jpg\" alt=\"\" width=\"2560\" height=\"1810\" srcset=\"https:\/\/www.andicsalpar.hu\/wordpress\/wp-content\/uploads\/2020\/02\/5.-Csipk\u00e9s-torony-A4-m\u00e1solat-scaled.jpg 2560w, https:\/\/www.andicsalpar.hu\/wordpress\/wp-content\/uploads\/2020\/02\/5.-Csipk\u00e9s-torony-A4-m\u00e1solat-300x212.jpg 300w, https:\/\/www.andicsalpar.hu\/wordpress\/wp-content\/uploads\/2020\/02\/5.-Csipk\u00e9s-torony-A4-m\u00e1solat-1024x724.jpg 1024w, https:\/\/www.andicsalpar.hu\/wordpress\/wp-content\/uploads\/2020\/02\/5.-Csipk\u00e9s-torony-A4-m\u00e1solat-768x543.jpg 768w, https:\/\/www.andicsalpar.hu\/wordpress\/wp-content\/uploads\/2020\/02\/5.-Csipk\u00e9s-torony-A4-m\u00e1solat-1536x1086.jpg 1536w, https:\/\/www.andicsalpar.hu\/wordpress\/wp-content\/uploads\/2020\/02\/5.-Csipk\u00e9s-torony-A4-m\u00e1solat-2048x1448.jpg 2048w, https:\/\/www.andicsalpar.hu\/wordpress\/wp-content\/uploads\/2020\/02\/5.-Csipk\u00e9s-torony-A4-m\u00e1solat-1440x1018.jpg 1440w\" sizes=\"auto, (max-width: 2560px) 100vw, 2560px\" \/><\/a><a href=\"http:\/\/www.andicsalpar.hu\/wordpress\/wp-content\/uploads\/2020\/02\/6.-Duna-part-A4-m\u00e1solat-scaled.jpg\"><img loading=\"lazy\" decoding=\"async\" class=\"alignnone size-full wp-image-1018\" src=\"http:\/\/www.andicsalpar.hu\/wordpress\/wp-content\/uploads\/2020\/02\/6.-Duna-part-A4-m\u00e1solat-scaled.jpg\" alt=\"\" width=\"2560\" height=\"1810\" srcset=\"https:\/\/www.andicsalpar.hu\/wordpress\/wp-content\/uploads\/2020\/02\/6.-Duna-part-A4-m\u00e1solat-scaled.jpg 2560w, https:\/\/www.andicsalpar.hu\/wordpress\/wp-content\/uploads\/2020\/02\/6.-Duna-part-A4-m\u00e1solat-300x212.jpg 300w, https:\/\/www.andicsalpar.hu\/wordpress\/wp-content\/uploads\/2020\/02\/6.-Duna-part-A4-m\u00e1solat-1024x724.jpg 1024w, https:\/\/www.andicsalpar.hu\/wordpress\/wp-content\/uploads\/2020\/02\/6.-Duna-part-A4-m\u00e1solat-768x543.jpg 768w, https:\/\/www.andicsalpar.hu\/wordpress\/wp-content\/uploads\/2020\/02\/6.-Duna-part-A4-m\u00e1solat-1536x1086.jpg 1536w, https:\/\/www.andicsalpar.hu\/wordpress\/wp-content\/uploads\/2020\/02\/6.-Duna-part-A4-m\u00e1solat-2048x1448.jpg 2048w, https:\/\/www.andicsalpar.hu\/wordpress\/wp-content\/uploads\/2020\/02\/6.-Duna-part-A4-m\u00e1solat-1440x1018.jpg 1440w\" sizes=\"auto, (max-width: 2560px) 100vw, 2560px\" \/><\/a><a href=\"http:\/\/www.andicsalpar.hu\/wordpress\/wp-content\/uploads\/2020\/02\/7.-Szemben-a-Parlament-A4-m\u00e1solat-scaled.jpg\"><img loading=\"lazy\" decoding=\"async\" class=\"alignnone size-full wp-image-1019\" src=\"http:\/\/www.andicsalpar.hu\/wordpress\/wp-content\/uploads\/2020\/02\/7.-Szemben-a-Parlament-A4-m\u00e1solat-scaled.jpg\" alt=\"\" width=\"2560\" height=\"1810\" srcset=\"https:\/\/www.andicsalpar.hu\/wordpress\/wp-content\/uploads\/2020\/02\/7.-Szemben-a-Parlament-A4-m\u00e1solat-scaled.jpg 2560w, https:\/\/www.andicsalpar.hu\/wordpress\/wp-content\/uploads\/2020\/02\/7.-Szemben-a-Parlament-A4-m\u00e1solat-300x212.jpg 300w, https:\/\/www.andicsalpar.hu\/wordpress\/wp-content\/uploads\/2020\/02\/7.-Szemben-a-Parlament-A4-m\u00e1solat-1024x724.jpg 1024w, https:\/\/www.andicsalpar.hu\/wordpress\/wp-content\/uploads\/2020\/02\/7.-Szemben-a-Parlament-A4-m\u00e1solat-768x543.jpg 768w, https:\/\/www.andicsalpar.hu\/wordpress\/wp-content\/uploads\/2020\/02\/7.-Szemben-a-Parlament-A4-m\u00e1solat-1536x1086.jpg 1536w, https:\/\/www.andicsalpar.hu\/wordpress\/wp-content\/uploads\/2020\/02\/7.-Szemben-a-Parlament-A4-m\u00e1solat-2048x1448.jpg 2048w, https:\/\/www.andicsalpar.hu\/wordpress\/wp-content\/uploads\/2020\/02\/7.-Szemben-a-Parlament-A4-m\u00e1solat-1440x1018.jpg 1440w\" sizes=\"auto, (max-width: 2560px) 100vw, 2560px\" \/><\/a><a href=\"http:\/\/www.andicsalpar.hu\/wordpress\/wp-content\/uploads\/2020\/02\/8.-Torony-magasb\u00f3l-A4-m\u00e1solat-scaled.jpg\"><img loading=\"lazy\" decoding=\"async\" class=\"alignnone size-full wp-image-1020\" src=\"http:\/\/www.andicsalpar.hu\/wordpress\/wp-content\/uploads\/2020\/02\/8.-Torony-magasb\u00f3l-A4-m\u00e1solat-scaled.jpg\" alt=\"\" width=\"2560\" height=\"1810\" srcset=\"https:\/\/www.andicsalpar.hu\/wordpress\/wp-content\/uploads\/2020\/02\/8.-Torony-magasb\u00f3l-A4-m\u00e1solat-scaled.jpg 2560w, https:\/\/www.andicsalpar.hu\/wordpress\/wp-content\/uploads\/2020\/02\/8.-Torony-magasb\u00f3l-A4-m\u00e1solat-300x212.jpg 300w, https:\/\/www.andicsalpar.hu\/wordpress\/wp-content\/uploads\/2020\/02\/8.-Torony-magasb\u00f3l-A4-m\u00e1solat-1024x724.jpg 1024w, https:\/\/www.andicsalpar.hu\/wordpress\/wp-content\/uploads\/2020\/02\/8.-Torony-magasb\u00f3l-A4-m\u00e1solat-768x543.jpg 768w, https:\/\/www.andicsalpar.hu\/wordpress\/wp-content\/uploads\/2020\/02\/8.-Torony-magasb\u00f3l-A4-m\u00e1solat-1536x1086.jpg 1536w, https:\/\/www.andicsalpar.hu\/wordpress\/wp-content\/uploads\/2020\/02\/8.-Torony-magasb\u00f3l-A4-m\u00e1solat-2048x1448.jpg 2048w, https:\/\/www.andicsalpar.hu\/wordpress\/wp-content\/uploads\/2020\/02\/8.-Torony-magasb\u00f3l-A4-m\u00e1solat-1440x1018.jpg 1440w\" sizes=\"auto, (max-width: 2560px) 100vw, 2560px\" \/><\/a><a href=\"http:\/\/www.andicsalpar.hu\/wordpress\/wp-content\/uploads\/2020\/02\/9.-Holl\u00f3-A4-m\u00e1solat-scaled.jpg\"><img loading=\"lazy\" decoding=\"async\" class=\"alignnone size-full wp-image-1011\" src=\"http:\/\/www.andicsalpar.hu\/wordpress\/wp-content\/uploads\/2020\/02\/9.-Holl\u00f3-A4-m\u00e1solat-scaled.jpg\" alt=\"\" width=\"2560\" height=\"1810\" srcset=\"https:\/\/www.andicsalpar.hu\/wordpress\/wp-content\/uploads\/2020\/02\/9.-Holl\u00f3-A4-m\u00e1solat-scaled.jpg 2560w, https:\/\/www.andicsalpar.hu\/wordpress\/wp-content\/uploads\/2020\/02\/9.-Holl\u00f3-A4-m\u00e1solat-300x212.jpg 300w, https:\/\/www.andicsalpar.hu\/wordpress\/wp-content\/uploads\/2020\/02\/9.-Holl\u00f3-A4-m\u00e1solat-1024x724.jpg 1024w, https:\/\/www.andicsalpar.hu\/wordpress\/wp-content\/uploads\/2020\/02\/9.-Holl\u00f3-A4-m\u00e1solat-768x543.jpg 768w, https:\/\/www.andicsalpar.hu\/wordpress\/wp-content\/uploads\/2020\/02\/9.-Holl\u00f3-A4-m\u00e1solat-1536x1086.jpg 1536w, https:\/\/www.andicsalpar.hu\/wordpress\/wp-content\/uploads\/2020\/02\/9.-Holl\u00f3-A4-m\u00e1solat-2048x1448.jpg 2048w, https:\/\/www.andicsalpar.hu\/wordpress\/wp-content\/uploads\/2020\/02\/9.-Holl\u00f3-A4-m\u00e1solat-1440x1018.jpg 1440w\" sizes=\"auto, (max-width: 2560px) 100vw, 2560px\" \/><\/a><a href=\"http:\/\/www.andicsalpar.hu\/wordpress\/wp-content\/uploads\/2020\/02\/10.-L\u00e1\u00e1nch\u00edd-A4-m\u00e1solat-scaled.jpg\"><img loading=\"lazy\" decoding=\"async\" class=\"alignnone size-full wp-image-1021\" src=\"http:\/\/www.andicsalpar.hu\/wordpress\/wp-content\/uploads\/2020\/02\/10.-L\u00e1\u00e1nch\u00edd-A4-m\u00e1solat-scaled.jpg\" alt=\"\" width=\"2560\" height=\"1810\" srcset=\"https:\/\/www.andicsalpar.hu\/wordpress\/wp-content\/uploads\/2020\/02\/10.-L\u00e1\u00e1nch\u00edd-A4-m\u00e1solat-scaled.jpg 2560w, https:\/\/www.andicsalpar.hu\/wordpress\/wp-content\/uploads\/2020\/02\/10.-L\u00e1\u00e1nch\u00edd-A4-m\u00e1solat-300x212.jpg 300w, https:\/\/www.andicsalpar.hu\/wordpress\/wp-content\/uploads\/2020\/02\/10.-L\u00e1\u00e1nch\u00edd-A4-m\u00e1solat-1024x724.jpg 1024w, https:\/\/www.andicsalpar.hu\/wordpress\/wp-content\/uploads\/2020\/02\/10.-L\u00e1\u00e1nch\u00edd-A4-m\u00e1solat-768x543.jpg 768w, https:\/\/www.andicsalpar.hu\/wordpress\/wp-content\/uploads\/2020\/02\/10.-L\u00e1\u00e1nch\u00edd-A4-m\u00e1solat-1536x1086.jpg 1536w, https:\/\/www.andicsalpar.hu\/wordpress\/wp-content\/uploads\/2020\/02\/10.-L\u00e1\u00e1nch\u00edd-A4-m\u00e1solat-2048x1448.jpg 2048w, https:\/\/www.andicsalpar.hu\/wordpress\/wp-content\/uploads\/2020\/02\/10.-L\u00e1\u00e1nch\u00edd-A4-m\u00e1solat-1440x1018.jpg 1440w\" sizes=\"auto, (max-width: 2560px) 100vw, 2560px\" \/><\/a><a href=\"http:\/\/www.andicsalpar.hu\/wordpress\/wp-content\/uploads\/2020\/02\/11.-Zajl\u00f3-Duna-A4-m\u00e1solat-scaled.jpg\"><img loading=\"lazy\" decoding=\"async\" class=\"alignnone size-full wp-image-1022\" src=\"http:\/\/www.andicsalpar.hu\/wordpress\/wp-content\/uploads\/2020\/02\/11.-Zajl\u00f3-Duna-A4-m\u00e1solat-scaled.jpg\" alt=\"\" width=\"2560\" height=\"1810\" srcset=\"https:\/\/www.andicsalpar.hu\/wordpress\/wp-content\/uploads\/2020\/02\/11.-Zajl\u00f3-Duna-A4-m\u00e1solat-scaled.jpg 2560w, https:\/\/www.andicsalpar.hu\/wordpress\/wp-content\/uploads\/2020\/02\/11.-Zajl\u00f3-Duna-A4-m\u00e1solat-300x212.jpg 300w, https:\/\/www.andicsalpar.hu\/wordpress\/wp-content\/uploads\/2020\/02\/11.-Zajl\u00f3-Duna-A4-m\u00e1solat-1024x724.jpg 1024w, https:\/\/www.andicsalpar.hu\/wordpress\/wp-content\/uploads\/2020\/02\/11.-Zajl\u00f3-Duna-A4-m\u00e1solat-768x543.jpg 768w, https:\/\/www.andicsalpar.hu\/wordpress\/wp-content\/uploads\/2020\/02\/11.-Zajl\u00f3-Duna-A4-m\u00e1solat-1536x1086.jpg 1536w, https:\/\/www.andicsalpar.hu\/wordpress\/wp-content\/uploads\/2020\/02\/11.-Zajl\u00f3-Duna-A4-m\u00e1solat-2048x1448.jpg 2048w, https:\/\/www.andicsalpar.hu\/wordpress\/wp-content\/uploads\/2020\/02\/11.-Zajl\u00f3-Duna-A4-m\u00e1solat-1440x1018.jpg 1440w\" sizes=\"auto, (max-width: 2560px) 100vw, 2560px\" \/><\/a><a href=\"http:\/\/www.andicsalpar.hu\/wordpress\/wp-content\/uploads\/2020\/02\/12.-Hal\u00e1\u00e1szb\u00e1stya-A4-m\u00e1solat-scaled.jpg\"><img loading=\"lazy\" decoding=\"async\" class=\"alignnone size-full wp-image-1023\" src=\"http:\/\/www.andicsalpar.hu\/wordpress\/wp-content\/uploads\/2020\/02\/12.-Hal\u00e1\u00e1szb\u00e1stya-A4-m\u00e1solat-scaled.jpg\" alt=\"\" width=\"2560\" height=\"1810\" srcset=\"https:\/\/www.andicsalpar.hu\/wordpress\/wp-content\/uploads\/2020\/02\/12.-Hal\u00e1\u00e1szb\u00e1stya-A4-m\u00e1solat-scaled.jpg 2560w, https:\/\/www.andicsalpar.hu\/wordpress\/wp-content\/uploads\/2020\/02\/12.-Hal\u00e1\u00e1szb\u00e1stya-A4-m\u00e1solat-300x212.jpg 300w, https:\/\/www.andicsalpar.hu\/wordpress\/wp-content\/uploads\/2020\/02\/12.-Hal\u00e1\u00e1szb\u00e1stya-A4-m\u00e1solat-1024x724.jpg 1024w, https:\/\/www.andicsalpar.hu\/wordpress\/wp-content\/uploads\/2020\/02\/12.-Hal\u00e1\u00e1szb\u00e1stya-A4-m\u00e1solat-768x543.jpg 768w, https:\/\/www.andicsalpar.hu\/wordpress\/wp-content\/uploads\/2020\/02\/12.-Hal\u00e1\u00e1szb\u00e1stya-A4-m\u00e1solat-1536x1086.jpg 1536w, https:\/\/www.andicsalpar.hu\/wordpress\/wp-content\/uploads\/2020\/02\/12.-Hal\u00e1\u00e1szb\u00e1stya-A4-m\u00e1solat-2048x1448.jpg 2048w, https:\/\/www.andicsalpar.hu\/wordpress\/wp-content\/uploads\/2020\/02\/12.-Hal\u00e1\u00e1szb\u00e1stya-A4-m\u00e1solat-1440x1018.jpg 1440w\" sizes=\"auto, (max-width: 2560px) 100vw, 2560px\" \/><\/a><a href=\"http:\/\/www.andicsalpar.hu\/wordpress\/wp-content\/uploads\/2020\/02\/13.-M\u00e1ty\u00e1s-temolom-A4-m\u00e1solat-scaled.jpg\"><img loading=\"lazy\" decoding=\"async\" class=\"alignnone size-full wp-image-1024\" src=\"http:\/\/www.andicsalpar.hu\/wordpress\/wp-content\/uploads\/2020\/02\/13.-M\u00e1ty\u00e1s-temolom-A4-m\u00e1solat-scaled.jpg\" alt=\"\" width=\"2560\" height=\"1810\" srcset=\"https:\/\/www.andicsalpar.hu\/wordpress\/wp-content\/uploads\/2020\/02\/13.-M\u00e1ty\u00e1s-temolom-A4-m\u00e1solat-scaled.jpg 2560w, https:\/\/www.andicsalpar.hu\/wordpress\/wp-content\/uploads\/2020\/02\/13.-M\u00e1ty\u00e1s-temolom-A4-m\u00e1solat-300x212.jpg 300w, https:\/\/www.andicsalpar.hu\/wordpress\/wp-content\/uploads\/2020\/02\/13.-M\u00e1ty\u00e1s-temolom-A4-m\u00e1solat-1024x724.jpg 1024w, https:\/\/www.andicsalpar.hu\/wordpress\/wp-content\/uploads\/2020\/02\/13.-M\u00e1ty\u00e1s-temolom-A4-m\u00e1solat-768x543.jpg 768w, https:\/\/www.andicsalpar.hu\/wordpress\/wp-content\/uploads\/2020\/02\/13.-M\u00e1ty\u00e1s-temolom-A4-m\u00e1solat-1536x1086.jpg 1536w, https:\/\/www.andicsalpar.hu\/wordpress\/wp-content\/uploads\/2020\/02\/13.-M\u00e1ty\u00e1s-temolom-A4-m\u00e1solat-2048x1448.jpg 2048w, https:\/\/www.andicsalpar.hu\/wordpress\/wp-content\/uploads\/2020\/02\/13.-M\u00e1ty\u00e1s-temolom-A4-m\u00e1solat-1440x1018.jpg 1440w\" sizes=\"auto, (max-width: 2560px) 100vw, 2560px\" \/><\/a><a href=\"http:\/\/www.andicsalpar.hu\/wordpress\/wp-content\/uploads\/2020\/02\/14.-Sz\u00e9chenyi-A4-m\u00e1solat-scaled.jpg\"><img loading=\"lazy\" decoding=\"async\" class=\"alignnone size-full wp-image-1025\" src=\"http:\/\/www.andicsalpar.hu\/wordpress\/wp-content\/uploads\/2020\/02\/14.-Sz\u00e9chenyi-A4-m\u00e1solat-scaled.jpg\" alt=\"\" width=\"2560\" height=\"1810\" srcset=\"https:\/\/www.andicsalpar.hu\/wordpress\/wp-content\/uploads\/2020\/02\/14.-Sz\u00e9chenyi-A4-m\u00e1solat-scaled.jpg 2560w, https:\/\/www.andicsalpar.hu\/wordpress\/wp-content\/uploads\/2020\/02\/14.-Sz\u00e9chenyi-A4-m\u00e1solat-300x212.jpg 300w, https:\/\/www.andicsalpar.hu\/wordpress\/wp-content\/uploads\/2020\/02\/14.-Sz\u00e9chenyi-A4-m\u00e1solat-1024x724.jpg 1024w, https:\/\/www.andicsalpar.hu\/wordpress\/wp-content\/uploads\/2020\/02\/14.-Sz\u00e9chenyi-A4-m\u00e1solat-768x543.jpg 768w, https:\/\/www.andicsalpar.hu\/wordpress\/wp-content\/uploads\/2020\/02\/14.-Sz\u00e9chenyi-A4-m\u00e1solat-1536x1086.jpg 1536w, https:\/\/www.andicsalpar.hu\/wordpress\/wp-content\/uploads\/2020\/02\/14.-Sz\u00e9chenyi-A4-m\u00e1solat-2048x1448.jpg 2048w, https:\/\/www.andicsalpar.hu\/wordpress\/wp-content\/uploads\/2020\/02\/14.-Sz\u00e9chenyi-A4-m\u00e1solat-1440x1018.jpg 1440w\" sizes=\"auto, (max-width: 2560px) 100vw, 2560px\" \/><\/a><a href=\"http:\/\/www.andicsalpar.hu\/wordpress\/wp-content\/uploads\/2020\/02\/15.-Erzs\u00e9bet-h\u00edd-A4-m\u00e1solat-scaled.jpg\"><img loading=\"lazy\" decoding=\"async\" class=\"alignnone size-full wp-image-1026\" src=\"http:\/\/www.andicsalpar.hu\/wordpress\/wp-content\/uploads\/2020\/02\/15.-Erzs\u00e9bet-h\u00edd-A4-m\u00e1solat-scaled.jpg\" alt=\"\" width=\"2560\" height=\"1810\" srcset=\"https:\/\/www.andicsalpar.hu\/wordpress\/wp-content\/uploads\/2020\/02\/15.-Erzs\u00e9bet-h\u00edd-A4-m\u00e1solat-scaled.jpg 2560w, https:\/\/www.andicsalpar.hu\/wordpress\/wp-content\/uploads\/2020\/02\/15.-Erzs\u00e9bet-h\u00edd-A4-m\u00e1solat-300x212.jpg 300w, https:\/\/www.andicsalpar.hu\/wordpress\/wp-content\/uploads\/2020\/02\/15.-Erzs\u00e9bet-h\u00edd-A4-m\u00e1solat-1024x724.jpg 1024w, https:\/\/www.andicsalpar.hu\/wordpress\/wp-content\/uploads\/2020\/02\/15.-Erzs\u00e9bet-h\u00edd-A4-m\u00e1solat-768x543.jpg 768w, https:\/\/www.andicsalpar.hu\/wordpress\/wp-content\/uploads\/2020\/02\/15.-Erzs\u00e9bet-h\u00edd-A4-m\u00e1solat-1536x1086.jpg 1536w, https:\/\/www.andicsalpar.hu\/wordpress\/wp-content\/uploads\/2020\/02\/15.-Erzs\u00e9bet-h\u00edd-A4-m\u00e1solat-2048x1448.jpg 2048w, https:\/\/www.andicsalpar.hu\/wordpress\/wp-content\/uploads\/2020\/02\/15.-Erzs\u00e9bet-h\u00edd-A4-m\u00e1solat-1440x1018.jpg 1440w\" sizes=\"auto, (max-width: 2560px) 100vw, 2560px\" \/><\/a><a href=\"http:\/\/www.andicsalpar.hu\/wordpress\/wp-content\/uploads\/2020\/02\/16.-Szabads\u00e1g-h\u00edd-A4-m\u00e1solat-scaled.jpg\"><img loading=\"lazy\" decoding=\"async\" class=\"alignnone size-full wp-image-1027\" src=\"http:\/\/www.andicsalpar.hu\/wordpress\/wp-content\/uploads\/2020\/02\/16.-Szabads\u00e1g-h\u00edd-A4-m\u00e1solat-scaled.jpg\" alt=\"\" width=\"2560\" height=\"1810\" srcset=\"https:\/\/www.andicsalpar.hu\/wordpress\/wp-content\/uploads\/2020\/02\/16.-Szabads\u00e1g-h\u00edd-A4-m\u00e1solat-scaled.jpg 2560w, https:\/\/www.andicsalpar.hu\/wordpress\/wp-content\/uploads\/2020\/02\/16.-Szabads\u00e1g-h\u00edd-A4-m\u00e1solat-300x212.jpg 300w, https:\/\/www.andicsalpar.hu\/wordpress\/wp-content\/uploads\/2020\/02\/16.-Szabads\u00e1g-h\u00edd-A4-m\u00e1solat-1024x724.jpg 1024w, https:\/\/www.andicsalpar.hu\/wordpress\/wp-content\/uploads\/2020\/02\/16.-Szabads\u00e1g-h\u00edd-A4-m\u00e1solat-768x543.jpg 768w, https:\/\/www.andicsalpar.hu\/wordpress\/wp-content\/uploads\/2020\/02\/16.-Szabads\u00e1g-h\u00edd-A4-m\u00e1solat-1536x1086.jpg 1536w, https:\/\/www.andicsalpar.hu\/wordpress\/wp-content\/uploads\/2020\/02\/16.-Szabads\u00e1g-h\u00edd-A4-m\u00e1solat-2048x1448.jpg 2048w, https:\/\/www.andicsalpar.hu\/wordpress\/wp-content\/uploads\/2020\/02\/16.-Szabads\u00e1g-h\u00edd-A4-m\u00e1solat-1440x1018.jpg 1440w\" sizes=\"auto, (max-width: 2560px) 100vw, 2560px\" \/><\/a><\/p>\n","protected":false},"excerpt":{"rendered":"","protected":false},"author":1,"featured_media":0,"parent":985,"menu_order":0,"comment_status":"closed","ping_status":"closed","template":"","meta":{"footnotes":""},"class_list":["post-994","page","type-page","status-publish","hentry"],"_links":{"self":[{"href":"https:\/\/www.andicsalpar.hu\/wordpress\/index.php?rest_route=\/wp\/v2\/pages\/994","targetHints":{"allow":["GET"]}}],"collection":[{"href":"https:\/\/www.andicsalpar.hu\/wordpress\/index.php?rest_route=\/wp\/v2\/pages"}],"about":[{"href":"https:\/\/www.andicsalpar.hu\/wordpress\/index.php?rest_route=\/wp\/v2\/types\/page"}],"author":[{"embeddable":true,"href":"https:\/\/www.andicsalpar.hu\/wordpress\/index.php?rest_route=\/wp\/v2\/users\/1"}],"replies":[{"embeddable":true,"href":"https:\/\/www.andicsalpar.hu\/wordpress\/index.php?rest_route=%2Fwp%2Fv2%2Fcomments&post=994"}],"version-history":[{"count":8,"href":"https:\/\/www.andicsalpar.hu\/wordpress\/index.php?rest_route=\/wp\/v2\/pages\/994\/revisions"}],"predecessor-version":[{"id":1036,"href":"https:\/\/www.andicsalpar.hu\/wordpress\/index.php?rest_route=\/wp\/v2\/pages\/994\/revisions\/1036"}],"up":[{"embeddable":true,"href":"https:\/\/www.andicsalpar.hu\/wordpress\/index.php?rest_route=\/wp\/v2\/pages\/985"}],"wp:attachment":[{"href":"https:\/\/www.andicsalpar.hu\/wordpress\/index.php?rest_route=%2Fwp%2Fv2%2Fmedia&parent=994"}],"curies":[{"name":"wp","href":"https:\/\/api.w.org\/{rel}","templated":true}]}}