{"id":985,"date":"2020-02-28T18:12:17","date_gmt":"2020-02-28T17:12:17","guid":{"rendered":"http:\/\/www.andicsalpar.hu\/wordpress\/?page_id=985"},"modified":"2020-02-28T20:02:50","modified_gmt":"2020-02-28T19:02:50","slug":"repulo-madar-szemevel-az-airfilm-cinema-kft-legifoto-kiallitasa","status":"publish","type":"page","link":"https:\/\/www.andicsalpar.hu\/wordpress\/?page_id=985","title":{"rendered":"&#8222;REP\u00dcL\u0150 MAD\u00c1R SZEM\u00c9VEL&#8221; &#8211; Az Airfilm Cinema Kft. l\u00e9gifot\u00f3 ki\u00e1ll\u00edt\u00e1sa"},"content":{"rendered":"<p><a href=\"http:\/\/www.andicsalpar.hu\/wordpress\/wp-content\/uploads\/2020\/02\/1.-Kezd\u0151-oldal-scaled.jpg\"><img loading=\"lazy\" decoding=\"async\" class=\"alignnone size-full wp-image-986\" src=\"http:\/\/www.andicsalpar.hu\/wordpress\/wp-content\/uploads\/2020\/02\/1.-Kezd\u0151-oldal-scaled.jpg\" alt=\"\" width=\"2560\" height=\"1810\" srcset=\"https:\/\/www.andicsalpar.hu\/wordpress\/wp-content\/uploads\/2020\/02\/1.-Kezd\u0151-oldal-scaled.jpg 2560w, https:\/\/www.andicsalpar.hu\/wordpress\/wp-content\/uploads\/2020\/02\/1.-Kezd\u0151-oldal-300x212.jpg 300w, https:\/\/www.andicsalpar.hu\/wordpress\/wp-content\/uploads\/2020\/02\/1.-Kezd\u0151-oldal-1024x724.jpg 1024w, https:\/\/www.andicsalpar.hu\/wordpress\/wp-content\/uploads\/2020\/02\/1.-Kezd\u0151-oldal-768x543.jpg 768w, https:\/\/www.andicsalpar.hu\/wordpress\/wp-content\/uploads\/2020\/02\/1.-Kezd\u0151-oldal-1536x1086.jpg 1536w, https:\/\/www.andicsalpar.hu\/wordpress\/wp-content\/uploads\/2020\/02\/1.-Kezd\u0151-oldal-2048x1448.jpg 2048w, https:\/\/www.andicsalpar.hu\/wordpress\/wp-content\/uploads\/2020\/02\/1.-Kezd\u0151-oldal-1440x1018.jpg 1440w\" sizes=\"auto, (max-width: 2560px) 100vw, 2560px\" \/><\/a><br \/>\n<a href=\"http:\/\/www.andicsalpar.hu\/wordpress\/wp-content\/uploads\/2020\/02\/2.-Bemutatkoz\u00e1s-scaled.jpg\"><img loading=\"lazy\" decoding=\"async\" class=\"alignnone size-full wp-image-987\" src=\"http:\/\/www.andicsalpar.hu\/wordpress\/wp-content\/uploads\/2020\/02\/2.-Bemutatkoz\u00e1s-scaled.jpg\" alt=\"\" width=\"2560\" height=\"1810\" srcset=\"https:\/\/www.andicsalpar.hu\/wordpress\/wp-content\/uploads\/2020\/02\/2.-Bemutatkoz\u00e1s-scaled.jpg 2560w, https:\/\/www.andicsalpar.hu\/wordpress\/wp-content\/uploads\/2020\/02\/2.-Bemutatkoz\u00e1s-300x212.jpg 300w, https:\/\/www.andicsalpar.hu\/wordpress\/wp-content\/uploads\/2020\/02\/2.-Bemutatkoz\u00e1s-1024x724.jpg 1024w, https:\/\/www.andicsalpar.hu\/wordpress\/wp-content\/uploads\/2020\/02\/2.-Bemutatkoz\u00e1s-768x543.jpg 768w, https:\/\/www.andicsalpar.hu\/wordpress\/wp-content\/uploads\/2020\/02\/2.-Bemutatkoz\u00e1s-1536x1086.jpg 1536w, https:\/\/www.andicsalpar.hu\/wordpress\/wp-content\/uploads\/2020\/02\/2.-Bemutatkoz\u00e1s-2048x1448.jpg 2048w, https:\/\/www.andicsalpar.hu\/wordpress\/wp-content\/uploads\/2020\/02\/2.-Bemutatkoz\u00e1s-1440x1018.jpg 1440w\" sizes=\"auto, (max-width: 2560px) 100vw, 2560px\" \/><\/a><br \/>\n<a href=\"http:\/\/www.andicsalpar.hu\/wordpress\/wp-content\/uploads\/2020\/02\/3.-Megnyit\u00f3-scaled.jpg\"><img loading=\"lazy\" decoding=\"async\" class=\"alignnone size-full wp-image-988\" src=\"http:\/\/www.andicsalpar.hu\/wordpress\/wp-content\/uploads\/2020\/02\/3.-Megnyit\u00f3-scaled.jpg\" alt=\"\" width=\"2560\" height=\"1810\" srcset=\"https:\/\/www.andicsalpar.hu\/wordpress\/wp-content\/uploads\/2020\/02\/3.-Megnyit\u00f3-scaled.jpg 2560w, https:\/\/www.andicsalpar.hu\/wordpress\/wp-content\/uploads\/2020\/02\/3.-Megnyit\u00f3-300x212.jpg 300w, https:\/\/www.andicsalpar.hu\/wordpress\/wp-content\/uploads\/2020\/02\/3.-Megnyit\u00f3-1024x724.jpg 1024w, https:\/\/www.andicsalpar.hu\/wordpress\/wp-content\/uploads\/2020\/02\/3.-Megnyit\u00f3-768x543.jpg 768w, https:\/\/www.andicsalpar.hu\/wordpress\/wp-content\/uploads\/2020\/02\/3.-Megnyit\u00f3-1536x1086.jpg 1536w, https:\/\/www.andicsalpar.hu\/wordpress\/wp-content\/uploads\/2020\/02\/3.-Megnyit\u00f3-2048x1448.jpg 2048w, https:\/\/www.andicsalpar.hu\/wordpress\/wp-content\/uploads\/2020\/02\/3.-Megnyit\u00f3-1440x1018.jpg 1440w\" sizes=\"auto, (max-width: 2560px) 100vw, 2560px\" \/><\/a><br \/>\n<a href=\"http:\/\/www.andicsalpar.hu\/wordpress\/wp-content\/uploads\/2020\/02\/4.-Megnyit\u00f3-scaled.jpg\"><img loading=\"lazy\" decoding=\"async\" class=\"alignnone size-full wp-image-989\" src=\"http:\/\/www.andicsalpar.hu\/wordpress\/wp-content\/uploads\/2020\/02\/4.-Megnyit\u00f3-scaled.jpg\" alt=\"\" width=\"2560\" height=\"1810\" srcset=\"https:\/\/www.andicsalpar.hu\/wordpress\/wp-content\/uploads\/2020\/02\/4.-Megnyit\u00f3-scaled.jpg 2560w, https:\/\/www.andicsalpar.hu\/wordpress\/wp-content\/uploads\/2020\/02\/4.-Megnyit\u00f3-300x212.jpg 300w, https:\/\/www.andicsalpar.hu\/wordpress\/wp-content\/uploads\/2020\/02\/4.-Megnyit\u00f3-1024x724.jpg 1024w, https:\/\/www.andicsalpar.hu\/wordpress\/wp-content\/uploads\/2020\/02\/4.-Megnyit\u00f3-768x543.jpg 768w, https:\/\/www.andicsalpar.hu\/wordpress\/wp-content\/uploads\/2020\/02\/4.-Megnyit\u00f3-1536x1086.jpg 1536w, https:\/\/www.andicsalpar.hu\/wordpress\/wp-content\/uploads\/2020\/02\/4.-Megnyit\u00f3-2048x1448.jpg 2048w, https:\/\/www.andicsalpar.hu\/wordpress\/wp-content\/uploads\/2020\/02\/4.-Megnyit\u00f3-1440x1018.jpg 1440w\" sizes=\"auto, (max-width: 2560px) 100vw, 2560px\" \/><\/a><br \/>\n<a href=\"http:\/\/www.andicsalpar.hu\/wordpress\/wp-content\/uploads\/2020\/02\/5.-Arculat-scaled.jpg\"><img loading=\"lazy\" decoding=\"async\" class=\"alignnone size-full wp-image-990\" src=\"http:\/\/www.andicsalpar.hu\/wordpress\/wp-content\/uploads\/2020\/02\/5.-Arculat-scaled.jpg\" alt=\"\" width=\"2560\" height=\"1810\" srcset=\"https:\/\/www.andicsalpar.hu\/wordpress\/wp-content\/uploads\/2020\/02\/5.-Arculat-scaled.jpg 2560w, https:\/\/www.andicsalpar.hu\/wordpress\/wp-content\/uploads\/2020\/02\/5.-Arculat-300x212.jpg 300w, https:\/\/www.andicsalpar.hu\/wordpress\/wp-content\/uploads\/2020\/02\/5.-Arculat-1024x724.jpg 1024w, https:\/\/www.andicsalpar.hu\/wordpress\/wp-content\/uploads\/2020\/02\/5.-Arculat-768x543.jpg 768w, https:\/\/www.andicsalpar.hu\/wordpress\/wp-content\/uploads\/2020\/02\/5.-Arculat-1536x1086.jpg 1536w, https:\/\/www.andicsalpar.hu\/wordpress\/wp-content\/uploads\/2020\/02\/5.-Arculat-2048x1448.jpg 2048w, https:\/\/www.andicsalpar.hu\/wordpress\/wp-content\/uploads\/2020\/02\/5.-Arculat-1440x1018.jpg 1440w\" sizes=\"auto, (max-width: 2560px) 100vw, 2560px\" \/><\/a><br \/>\n<a href=\"http:\/\/www.andicsalpar.hu\/wordpress\/wp-content\/uploads\/2020\/02\/6..-Megcsin\u00e1ltuk-scaled.jpg\"><img loading=\"lazy\" decoding=\"async\" class=\"alignnone size-full wp-image-991\" src=\"http:\/\/www.andicsalpar.hu\/wordpress\/wp-content\/uploads\/2020\/02\/6..-Megcsin\u00e1ltuk-scaled.jpg\" alt=\"\" width=\"2560\" height=\"1810\" srcset=\"https:\/\/www.andicsalpar.hu\/wordpress\/wp-content\/uploads\/2020\/02\/6..-Megcsin\u00e1ltuk-scaled.jpg 2560w, https:\/\/www.andicsalpar.hu\/wordpress\/wp-content\/uploads\/2020\/02\/6..-Megcsin\u00e1ltuk-300x212.jpg 300w, https:\/\/www.andicsalpar.hu\/wordpress\/wp-content\/uploads\/2020\/02\/6..-Megcsin\u00e1ltuk-1024x724.jpg 1024w, https:\/\/www.andicsalpar.hu\/wordpress\/wp-content\/uploads\/2020\/02\/6..-Megcsin\u00e1ltuk-768x543.jpg 768w, https:\/\/www.andicsalpar.hu\/wordpress\/wp-content\/uploads\/2020\/02\/6..-Megcsin\u00e1ltuk-1536x1086.jpg 1536w, https:\/\/www.andicsalpar.hu\/wordpress\/wp-content\/uploads\/2020\/02\/6..-Megcsin\u00e1ltuk-2048x1448.jpg 2048w, https:\/\/www.andicsalpar.hu\/wordpress\/wp-content\/uploads\/2020\/02\/6..-Megcsin\u00e1ltuk-1440x1018.jpg 1440w\" sizes=\"auto, (max-width: 2560px) 100vw, 2560px\" \/><\/a><\/p>\n<ul id=\"menu-repulo-madar-szemevel\" class=\"menu\"><li id=\"menu-item-997\" class=\"menu-item menu-item-type-post_type menu-item-object-page menu-item-997\"><a href=\"https:\/\/www.andicsalpar.hu\/wordpress\/?page_id=994\">Budapest \u00e9jjel-nappal<\/a><\/li>\n<li id=\"menu-item-1055\" class=\"menu-item menu-item-type-post_type menu-item-object-page menu-item-1055\"><a href=\"https:\/\/www.andicsalpar.hu\/wordpress\/?page_id=1037\">Balaton \u00e9s k\u00f6rny\u00e9ke<\/a><\/li>\n<li id=\"menu-item-1075\" class=\"menu-item menu-item-type-post_type menu-item-object-page menu-item-1075\"><a href=\"https:\/\/www.andicsalpar.hu\/wordpress\/?page_id=1056\">Templomok, kast\u00e9lyok<\/a><\/li>\n<li id=\"menu-item-1095\" class=\"menu-item menu-item-type-post_type menu-item-object-page menu-item-1095\"><a href=\"https:\/\/www.andicsalpar.hu\/wordpress\/?page_id=1076\">V\u00e1rak, v\u00e1rromok<\/a><\/li>\n<li id=\"menu-item-1114\" class=\"menu-item menu-item-type-post_type menu-item-object-page menu-item-1114\"><a href=\"https:\/\/www.andicsalpar.hu\/wordpress\/?page_id=1096\">Sz\u00e9p hazai t\u00e1jakon<\/a><\/li>\n<li id=\"menu-item-1133\" class=\"menu-item menu-item-type-post_type menu-item-object-page menu-item-1133\"><a href=\"https:\/\/www.andicsalpar.hu\/wordpress\/?page_id=1115\">\u0150szi t\u00e1jak felett<\/a><\/li>\n<li id=\"menu-item-1153\" class=\"menu-item menu-item-type-post_type menu-item-object-page menu-item-1153\"><a href=\"https:\/\/www.andicsalpar.hu\/wordpress\/?page_id=1135\">Mad\u00e1rt\u00e1vlatb\u00f3l<\/a><\/li>\n<\/ul>\n","protected":false},"excerpt":{"rendered":"","protected":false},"author":1,"featured_media":0,"parent":947,"menu_order":0,"comment_status":"closed","ping_status":"closed","template":"","meta":{"footnotes":""},"class_list":["post-985","page","type-page","status-publish","hentry"],"_links":{"self":[{"href":"https:\/\/www.andicsalpar.hu\/wordpress\/index.php?rest_route=\/wp\/v2\/pages\/985","targetHints":{"allow":["GET"]}}],"collection":[{"href":"https:\/\/www.andicsalpar.hu\/wordpress\/index.php?rest_route=\/wp\/v2\/pages"}],"about":[{"href":"https:\/\/www.andicsalpar.hu\/wordpress\/index.php?rest_route=\/wp\/v2\/types\/page"}],"author":[{"embeddable":true,"href":"https:\/\/www.andicsalpar.hu\/wordpress\/index.php?rest_route=\/wp\/v2\/users\/1"}],"replies":[{"embeddable":true,"href":"https:\/\/www.andicsalpar.hu\/wordpress\/index.php?rest_route=%2Fwp%2Fv2%2Fcomments&post=985"}],"version-history":[{"count":6,"href":"https:\/\/www.andicsalpar.hu\/wordpress\/index.php?rest_route=\/wp\/v2\/pages\/985\/revisions"}],"predecessor-version":[{"id":1006,"href":"https:\/\/www.andicsalpar.hu\/wordpress\/index.php?rest_route=\/wp\/v2\/pages\/985\/revisions\/1006"}],"up":[{"embeddable":true,"href":"https:\/\/www.andicsalpar.hu\/wordpress\/index.php?rest_route=\/wp\/v2\/pages\/947"}],"wp:attachment":[{"href":"https:\/\/www.andicsalpar.hu\/wordpress\/index.php?rest_route=%2Fwp%2Fv2%2Fmedia&parent=985"}],"curies":[{"name":"wp","href":"https:\/\/api.w.org\/{rel}","templated":true}]}}