{"id":947,"date":"2020-02-22T15:37:56","date_gmt":"2020-02-22T14:37:56","guid":{"rendered":"http:\/\/www.andicsalpar.hu\/wordpress\/?page_id=947"},"modified":"2020-02-22T15:37:56","modified_gmt":"2020-02-22T14:37:56","slug":"fotok","status":"publish","type":"page","link":"https:\/\/www.andicsalpar.hu\/wordpress\/?page_id=947","title":{"rendered":"Fot\u00f3k"},"content":{"rendered":"\n<ul id=\"menu-fotok\" class=\"menu\"><li id=\"menu-item-945\" class=\"menu-item menu-item-type-post_type menu-item-object-page menu-item-945\"><a href=\"https:\/\/www.andicsalpar.hu\/wordpress\/?page_id=696\">Fot\u00f3k: N\u00e9gy \u00e9vszak a Mocs\u00e1rosban<\/a><\/li>\n<li id=\"menu-item-1008\" class=\"menu-item menu-item-type-post_type menu-item-object-page menu-item-1008\"><a href=\"https:\/\/www.andicsalpar.hu\/wordpress\/?page_id=985\">&#8222;REP\u00dcL\u0150 MAD\u00c1R SZEM\u00c9VEL&#8221; &#8211; Az Airfilm Cinema Kft. l\u00e9gifot\u00f3 ki\u00e1ll\u00edt\u00e1sa<\/a><\/li>\n<li id=\"menu-item-3811\" class=\"menu-item menu-item-type-post_type menu-item-object-page menu-item-3811\"><a href=\"https:\/\/www.andicsalpar.hu\/wordpress\/?page_id=3689\">K\u00e9pek a XV. \u00e9s XVI. Cs\u00e1ng\u00f3 Fesztiv\u00e1lr\u00f3l. J\u00e1szber\u00e9ny, 2005. \u00e9s 2006.<\/a><\/li>\n<li id=\"menu-item-3859\" class=\"menu-item menu-item-type-post_type menu-item-object-page menu-item-3859\"><a href=\"https:\/\/www.andicsalpar.hu\/wordpress\/?page_id=3812\">Arch\u00edv fot\u00f3k a J\u00e1szs\u00e1g N\u00e9pi Egy\u00fcttesr\u0151l, 2008. \u00e9s 2009.<\/a><\/li>\n<li id=\"menu-item-3950\" class=\"menu-item menu-item-type-post_type menu-item-object-page menu-item-3950\"><a href=\"https:\/\/www.andicsalpar.hu\/wordpress\/?page_id=3865\">K\u00e9pek a SUMMERFEST \u2013 2008 Nyit\u00f3cerem\u00f3ni\u00e1r\u00f3l<\/a><\/li>\n<\/ul>\n","protected":false},"excerpt":{"rendered":"","protected":false},"author":1,"featured_media":0,"parent":0,"menu_order":0,"comment_status":"closed","ping_status":"closed","template":"","meta":{"footnotes":""},"class_list":["post-947","page","type-page","status-publish","hentry"],"_links":{"self":[{"href":"https:\/\/www.andicsalpar.hu\/wordpress\/index.php?rest_route=\/wp\/v2\/pages\/947","targetHints":{"allow":["GET"]}}],"collection":[{"href":"https:\/\/www.andicsalpar.hu\/wordpress\/index.php?rest_route=\/wp\/v2\/pages"}],"about":[{"href":"https:\/\/www.andicsalpar.hu\/wordpress\/index.php?rest_route=\/wp\/v2\/types\/page"}],"author":[{"embeddable":true,"href":"https:\/\/www.andicsalpar.hu\/wordpress\/index.php?rest_route=\/wp\/v2\/users\/1"}],"replies":[{"embeddable":true,"href":"https:\/\/www.andicsalpar.hu\/wordpress\/index.php?rest_route=%2Fwp%2Fv2%2Fcomments&post=947"}],"version-history":[{"count":1,"href":"https:\/\/www.andicsalpar.hu\/wordpress\/index.php?rest_route=\/wp\/v2\/pages\/947\/revisions"}],"predecessor-version":[{"id":949,"href":"https:\/\/www.andicsalpar.hu\/wordpress\/index.php?rest_route=\/wp\/v2\/pages\/947\/revisions\/949"}],"wp:attachment":[{"href":"https:\/\/www.andicsalpar.hu\/wordpress\/index.php?rest_route=%2Fwp%2Fv2%2Fmedia&parent=947"}],"curies":[{"name":"wp","href":"https:\/\/api.w.org\/{rel}","templated":true}]}}