{"id":907,"date":"2020-02-22T10:17:02","date_gmt":"2020-02-22T09:17:02","guid":{"rendered":"http:\/\/www.andicsalpar.hu\/wordpress\/?page_id=907"},"modified":"2021-04-11T09:24:06","modified_gmt":"2021-04-11T07:24:06","slug":"versek","status":"publish","type":"page","link":"https:\/\/www.andicsalpar.hu\/wordpress\/?page_id=907","title":{"rendered":"Versek (gyerekeknek, l\u00edra, k\u00e9pversek)"},"content":{"rendered":"\n<ul id=\"menu-versek\" class=\"menu\"><li id=\"menu-item-4291\" class=\"menu-item menu-item-type-post_type menu-item-object-page menu-item-4291\"><a href=\"https:\/\/www.andicsalpar.hu\/wordpress\/?page_id=3953\">1. Cila kedvenc versei. I. \u00c1llatok<\/a><\/li>\n<li id=\"menu-item-4292\" class=\"menu-item menu-item-type-post_type menu-item-object-page menu-item-4292\"><a href=\"https:\/\/www.andicsalpar.hu\/wordpress\/?page_id=3971\">2. Cila kedvenc versei. II. Madarak<\/a><\/li>\n<li id=\"menu-item-4293\" class=\"menu-item menu-item-type-post_type menu-item-object-page menu-item-4293\"><a href=\"https:\/\/www.andicsalpar.hu\/wordpress\/?page_id=3986\">3. Cila kedvenc versei. III. T\u00fccs\u00f6k-bog\u00e1r<\/a><\/li>\n<li id=\"menu-item-4306\" class=\"menu-item menu-item-type-post_type menu-item-object-page menu-item-4306\"><a href=\"https:\/\/www.andicsalpar.hu\/wordpress\/?page_id=3998\">4. Cila kedvenc versei. IV. A term\u00e9szetben<\/a><\/li>\n<li id=\"menu-item-4305\" class=\"menu-item menu-item-type-post_type menu-item-object-page menu-item-4305\"><a href=\"https:\/\/www.andicsalpar.hu\/wordpress\/?page_id=4016\">5. Hit \u00e9s rem\u00e9ny<\/a><\/li>\n<li id=\"menu-item-4307\" class=\"menu-item menu-item-type-post_type menu-item-object-page menu-item-4307\"><a href=\"https:\/\/www.andicsalpar.hu\/wordpress\/?page_id=4040\">6. \u00d6r\u00f6mre v\u00e1rva<\/a><\/li>\n<li id=\"menu-item-4304\" class=\"menu-item menu-item-type-post_type menu-item-object-page menu-item-4304\"><a href=\"https:\/\/www.andicsalpar.hu\/wordpress\/?page_id=4078\">7. Neked<\/a><\/li>\n<li id=\"menu-item-4303\" class=\"menu-item menu-item-type-post_type menu-item-object-page menu-item-4303\"><a href=\"https:\/\/www.andicsalpar.hu\/wordpress\/?page_id=4114\">8. Te meg \u00e9n<\/a><\/li>\n<li id=\"menu-item-4302\" class=\"menu-item menu-item-type-post_type menu-item-object-page menu-item-4302\"><a href=\"https:\/\/www.andicsalpar.hu\/wordpress\/?page_id=4136\">9. T\u00fccs\u00f6kszerelem (mesej\u00e1t\u00e9k)<\/a><\/li>\n<li id=\"menu-item-4301\" class=\"menu-item menu-item-type-post_type menu-item-object-page menu-item-4301\"><a href=\"https:\/\/www.andicsalpar.hu\/wordpress\/?page_id=4143\">10. A fecskep\u00e1r (elbesz\u00e9l\u00f3 k\u00f6ltem\u00e9ny)<\/a><\/li>\n<li id=\"menu-item-4300\" class=\"menu-item menu-item-type-post_type menu-item-object-page menu-item-4300\"><a href=\"https:\/\/www.andicsalpar.hu\/wordpress\/?page_id=4149\">11. K\u00f3coska (n\u00e9gysorosok)<\/a><\/li>\n<li id=\"menu-item-4299\" class=\"menu-item menu-item-type-post_type menu-item-object-page menu-item-4299\"><a href=\"https:\/\/www.andicsalpar.hu\/wordpress\/?page_id=4155\">12. Kotkod\u00e1cs (n\u00e9gysorosok)<\/a><\/li>\n<li id=\"menu-item-4308\" class=\"menu-item menu-item-type-post_type menu-item-object-page menu-item-4308\"><a href=\"https:\/\/www.andicsalpar.hu\/wordpress\/?page_id=4161\">13. A b\u00f6lcs szam\u00e1r (m\u00e1s dimenzi\u00f3k)<\/a><\/li>\n<li id=\"menu-item-4298\" class=\"menu-item menu-item-type-post_type menu-item-object-page menu-item-4298\"><a href=\"https:\/\/www.andicsalpar.hu\/wordpress\/?page_id=4197\">14. \u00c9gi Kir\u00e1ly (sorba f\u0171z\u00f6tt n\u00e9gysorosok)<\/a><\/li>\n<li id=\"menu-item-4297\" class=\"menu-item menu-item-type-post_type menu-item-object-page menu-item-4297\"><a href=\"https:\/\/www.andicsalpar.hu\/wordpress\/?page_id=4211\">15. \u00datveszt\u0151 (festm\u00e9nyek \u00e9s versek)<\/a><\/li>\n<li id=\"menu-item-4296\" class=\"menu-item menu-item-type-post_type menu-item-object-page menu-item-4296\"><a href=\"https:\/\/www.andicsalpar.hu\/wordpress\/?page_id=4230\">16. L\u00e1ny kors\u00f3val (festm\u00e9nyek \u00e9s versek)<\/a><\/li>\n<li id=\"menu-item-4295\" class=\"menu-item menu-item-type-post_type menu-item-object-page menu-item-4295\"><a href=\"https:\/\/www.andicsalpar.hu\/wordpress\/?page_id=4250\">17. M\u0171termi capriccio (festm\u00e9nyek \u00e9s versek)<\/a><\/li>\n<li id=\"menu-item-4294\" class=\"menu-item menu-item-type-post_type menu-item-object-page menu-item-4294\"><a href=\"https:\/\/www.andicsalpar.hu\/wordpress\/?page_id=4275\">18. Formabont\u00e1s (festm\u00e9nyek \u00e9s versek)<\/a><\/li>\n<\/ul>\n","protected":false},"excerpt":{"rendered":"","protected":false},"author":1,"featured_media":0,"parent":0,"menu_order":0,"comment_status":"closed","ping_status":"closed","template":"","meta":{"footnotes":""},"class_list":["post-907","page","type-page","status-publish","hentry"],"_links":{"self":[{"href":"https:\/\/www.andicsalpar.hu\/wordpress\/index.php?rest_route=\/wp\/v2\/pages\/907","targetHints":{"allow":["GET"]}}],"collection":[{"href":"https:\/\/www.andicsalpar.hu\/wordpress\/index.php?rest_route=\/wp\/v2\/pages"}],"about":[{"href":"https:\/\/www.andicsalpar.hu\/wordpress\/index.php?rest_route=\/wp\/v2\/types\/page"}],"author":[{"embeddable":true,"href":"https:\/\/www.andicsalpar.hu\/wordpress\/index.php?rest_route=\/wp\/v2\/users\/1"}],"replies":[{"embeddable":true,"href":"https:\/\/www.andicsalpar.hu\/wordpress\/index.php?rest_route=%2Fwp%2Fv2%2Fcomments&post=907"}],"version-history":[{"count":2,"href":"https:\/\/www.andicsalpar.hu\/wordpress\/index.php?rest_route=\/wp\/v2\/pages\/907\/revisions"}],"predecessor-version":[{"id":4329,"href":"https:\/\/www.andicsalpar.hu\/wordpress\/index.php?rest_route=\/wp\/v2\/pages\/907\/revisions\/4329"}],"wp:attachment":[{"href":"https:\/\/www.andicsalpar.hu\/wordpress\/index.php?rest_route=%2Fwp%2Fv2%2Fmedia&parent=907"}],"curies":[{"name":"wp","href":"https:\/\/api.w.org\/{rel}","templated":true}]}}