{"id":696,"date":"2017-03-05T10:42:52","date_gmt":"2017-03-05T09:42:52","guid":{"rendered":"http:\/\/www.andicsalpar.hu\/wordpress\/?page_id=696"},"modified":"2020-02-28T20:03:17","modified_gmt":"2020-02-28T19:03:17","slug":"fotok-negy-evszak-a-mocsarosban","status":"publish","type":"page","link":"https:\/\/www.andicsalpar.hu\/wordpress\/?page_id=696","title":{"rendered":"Fot\u00f3k: N\u00e9gy \u00e9vszak a Mocs\u00e1rosban"},"content":{"rendered":"<p><a href=\"http:\/\/www.andicsalpar.hu\/wordpress\/wp-content\/uploads\/2017\/03\/17-Bevezet\u0151-oldal-1.png\"><img loading=\"lazy\" decoding=\"async\" class=\"alignnone size-full wp-image-695\" src=\"http:\/\/www.andicsalpar.hu\/wordpress\/wp-content\/uploads\/2017\/03\/17-Bevezet\u0151-oldal-1.png\" alt=\"\" width=\"2560\" height=\"1440\" srcset=\"https:\/\/www.andicsalpar.hu\/wordpress\/wp-content\/uploads\/2017\/03\/17-Bevezet\u0151-oldal-1.png 2560w, https:\/\/www.andicsalpar.hu\/wordpress\/wp-content\/uploads\/2017\/03\/17-Bevezet\u0151-oldal-1-300x169.png 300w, https:\/\/www.andicsalpar.hu\/wordpress\/wp-content\/uploads\/2017\/03\/17-Bevezet\u0151-oldal-1-768x432.png 768w, https:\/\/www.andicsalpar.hu\/wordpress\/wp-content\/uploads\/2017\/03\/17-Bevezet\u0151-oldal-1-1024x576.png 1024w, https:\/\/www.andicsalpar.hu\/wordpress\/wp-content\/uploads\/2017\/03\/17-Bevezet\u0151-oldal-1-904x509.png 904w\" sizes=\"auto, (max-width: 2560px) 100vw, 2560px\" \/><\/a> <a href=\"http:\/\/www.andicsalpar.hu\/wordpress\/wp-content\/uploads\/2017\/03\/1-Tavasz-1.png\"><img loading=\"lazy\" decoding=\"async\" class=\"alignnone size-full wp-image-679\" src=\"http:\/\/www.andicsalpar.hu\/wordpress\/wp-content\/uploads\/2017\/03\/1-Tavasz-1.png\" alt=\"\" width=\"2560\" height=\"1440\" srcset=\"https:\/\/www.andicsalpar.hu\/wordpress\/wp-content\/uploads\/2017\/03\/1-Tavasz-1.png 2560w, https:\/\/www.andicsalpar.hu\/wordpress\/wp-content\/uploads\/2017\/03\/1-Tavasz-1-300x169.png 300w, https:\/\/www.andicsalpar.hu\/wordpress\/wp-content\/uploads\/2017\/03\/1-Tavasz-1-768x432.png 768w, https:\/\/www.andicsalpar.hu\/wordpress\/wp-content\/uploads\/2017\/03\/1-Tavasz-1-1024x576.png 1024w, https:\/\/www.andicsalpar.hu\/wordpress\/wp-content\/uploads\/2017\/03\/1-Tavasz-1-904x509.png 904w\" sizes=\"auto, (max-width: 2560px) 100vw, 2560px\" \/><\/a> <a href=\"http:\/\/www.andicsalpar.hu\/wordpress\/wp-content\/uploads\/2017\/03\/2-Tavasz-1.png\"><img loading=\"lazy\" decoding=\"async\" class=\"alignnone size-full wp-image-680\" src=\"http:\/\/www.andicsalpar.hu\/wordpress\/wp-content\/uploads\/2017\/03\/2-Tavasz-1.png\" alt=\"\" width=\"2560\" height=\"1440\" srcset=\"https:\/\/www.andicsalpar.hu\/wordpress\/wp-content\/uploads\/2017\/03\/2-Tavasz-1.png 2560w, https:\/\/www.andicsalpar.hu\/wordpress\/wp-content\/uploads\/2017\/03\/2-Tavasz-1-300x169.png 300w, https:\/\/www.andicsalpar.hu\/wordpress\/wp-content\/uploads\/2017\/03\/2-Tavasz-1-768x432.png 768w, https:\/\/www.andicsalpar.hu\/wordpress\/wp-content\/uploads\/2017\/03\/2-Tavasz-1-1024x576.png 1024w, https:\/\/www.andicsalpar.hu\/wordpress\/wp-content\/uploads\/2017\/03\/2-Tavasz-1-904x509.png 904w\" sizes=\"auto, (max-width: 2560px) 100vw, 2560px\" \/><\/a> <a href=\"http:\/\/www.andicsalpar.hu\/wordpress\/wp-content\/uploads\/2017\/03\/3-Tavasz-1.png\"><img loading=\"lazy\" decoding=\"async\" class=\"alignnone size-full wp-image-681\" src=\"http:\/\/www.andicsalpar.hu\/wordpress\/wp-content\/uploads\/2017\/03\/3-Tavasz-1.png\" alt=\"\" width=\"2560\" height=\"1440\" srcset=\"https:\/\/www.andicsalpar.hu\/wordpress\/wp-content\/uploads\/2017\/03\/3-Tavasz-1.png 2560w, https:\/\/www.andicsalpar.hu\/wordpress\/wp-content\/uploads\/2017\/03\/3-Tavasz-1-300x169.png 300w, https:\/\/www.andicsalpar.hu\/wordpress\/wp-content\/uploads\/2017\/03\/3-Tavasz-1-768x432.png 768w, https:\/\/www.andicsalpar.hu\/wordpress\/wp-content\/uploads\/2017\/03\/3-Tavasz-1-1024x576.png 1024w, https:\/\/www.andicsalpar.hu\/wordpress\/wp-content\/uploads\/2017\/03\/3-Tavasz-1-904x509.png 904w\" sizes=\"auto, (max-width: 2560px) 100vw, 2560px\" \/><\/a> <a href=\"http:\/\/www.andicsalpar.hu\/wordpress\/wp-content\/uploads\/2017\/03\/4-Tavasz-1.png\"><img loading=\"lazy\" decoding=\"async\" class=\"alignnone size-full wp-image-682\" src=\"http:\/\/www.andicsalpar.hu\/wordpress\/wp-content\/uploads\/2017\/03\/4-Tavasz-1.png\" alt=\"\" width=\"2560\" height=\"1440\" srcset=\"https:\/\/www.andicsalpar.hu\/wordpress\/wp-content\/uploads\/2017\/03\/4-Tavasz-1.png 2560w, https:\/\/www.andicsalpar.hu\/wordpress\/wp-content\/uploads\/2017\/03\/4-Tavasz-1-300x169.png 300w, https:\/\/www.andicsalpar.hu\/wordpress\/wp-content\/uploads\/2017\/03\/4-Tavasz-1-768x432.png 768w, https:\/\/www.andicsalpar.hu\/wordpress\/wp-content\/uploads\/2017\/03\/4-Tavasz-1-1024x576.png 1024w, https:\/\/www.andicsalpar.hu\/wordpress\/wp-content\/uploads\/2017\/03\/4-Tavasz-1-904x509.png 904w\" sizes=\"auto, (max-width: 2560px) 100vw, 2560px\" \/><\/a> <a href=\"http:\/\/www.andicsalpar.hu\/wordpress\/wp-content\/uploads\/2017\/03\/5-Ny\u00e1r-1.png\"><img loading=\"lazy\" decoding=\"async\" class=\"alignnone size-full wp-image-683\" src=\"http:\/\/www.andicsalpar.hu\/wordpress\/wp-content\/uploads\/2017\/03\/5-Ny\u00e1r-1.png\" alt=\"\" width=\"2560\" height=\"1440\" srcset=\"https:\/\/www.andicsalpar.hu\/wordpress\/wp-content\/uploads\/2017\/03\/5-Ny\u00e1r-1.png 2560w, https:\/\/www.andicsalpar.hu\/wordpress\/wp-content\/uploads\/2017\/03\/5-Ny\u00e1r-1-300x169.png 300w, https:\/\/www.andicsalpar.hu\/wordpress\/wp-content\/uploads\/2017\/03\/5-Ny\u00e1r-1-768x432.png 768w, https:\/\/www.andicsalpar.hu\/wordpress\/wp-content\/uploads\/2017\/03\/5-Ny\u00e1r-1-1024x576.png 1024w, https:\/\/www.andicsalpar.hu\/wordpress\/wp-content\/uploads\/2017\/03\/5-Ny\u00e1r-1-904x509.png 904w\" sizes=\"auto, (max-width: 2560px) 100vw, 2560px\" \/><\/a> <a href=\"http:\/\/www.andicsalpar.hu\/wordpress\/wp-content\/uploads\/2017\/03\/6-Ny\u00e1r-1.jpg\"><img loading=\"lazy\" decoding=\"async\" class=\"alignnone size-full wp-image-684\" src=\"http:\/\/www.andicsalpar.hu\/wordpress\/wp-content\/uploads\/2017\/03\/6-Ny\u00e1r-1.jpg\" alt=\"\" width=\"2560\" height=\"1440\" srcset=\"https:\/\/www.andicsalpar.hu\/wordpress\/wp-content\/uploads\/2017\/03\/6-Ny\u00e1r-1.jpg 2560w, https:\/\/www.andicsalpar.hu\/wordpress\/wp-content\/uploads\/2017\/03\/6-Ny\u00e1r-1-300x169.jpg 300w, https:\/\/www.andicsalpar.hu\/wordpress\/wp-content\/uploads\/2017\/03\/6-Ny\u00e1r-1-768x432.jpg 768w, https:\/\/www.andicsalpar.hu\/wordpress\/wp-content\/uploads\/2017\/03\/6-Ny\u00e1r-1-1024x576.jpg 1024w, https:\/\/www.andicsalpar.hu\/wordpress\/wp-content\/uploads\/2017\/03\/6-Ny\u00e1r-1-904x509.jpg 904w\" sizes=\"auto, (max-width: 2560px) 100vw, 2560px\" \/><\/a> <a href=\"http:\/\/www.andicsalpar.hu\/wordpress\/wp-content\/uploads\/2017\/03\/7-Ny\u00e1r-1.png\"><img loading=\"lazy\" decoding=\"async\" class=\"alignnone size-full wp-image-685\" src=\"http:\/\/www.andicsalpar.hu\/wordpress\/wp-content\/uploads\/2017\/03\/7-Ny\u00e1r-1.png\" alt=\"\" width=\"2560\" height=\"1440\" srcset=\"https:\/\/www.andicsalpar.hu\/wordpress\/wp-content\/uploads\/2017\/03\/7-Ny\u00e1r-1.png 2560w, https:\/\/www.andicsalpar.hu\/wordpress\/wp-content\/uploads\/2017\/03\/7-Ny\u00e1r-1-300x169.png 300w, https:\/\/www.andicsalpar.hu\/wordpress\/wp-content\/uploads\/2017\/03\/7-Ny\u00e1r-1-768x432.png 768w, https:\/\/www.andicsalpar.hu\/wordpress\/wp-content\/uploads\/2017\/03\/7-Ny\u00e1r-1-1024x576.png 1024w, https:\/\/www.andicsalpar.hu\/wordpress\/wp-content\/uploads\/2017\/03\/7-Ny\u00e1r-1-904x509.png 904w\" sizes=\"auto, (max-width: 2560px) 100vw, 2560px\" \/><\/a> <a href=\"http:\/\/www.andicsalpar.hu\/wordpress\/wp-content\/uploads\/2017\/03\/8-Ny\u00e1r-1.png\"><img loading=\"lazy\" decoding=\"async\" class=\"alignnone size-full wp-image-686\" src=\"http:\/\/www.andicsalpar.hu\/wordpress\/wp-content\/uploads\/2017\/03\/8-Ny\u00e1r-1.png\" alt=\"\" width=\"2560\" height=\"1440\" srcset=\"https:\/\/www.andicsalpar.hu\/wordpress\/wp-content\/uploads\/2017\/03\/8-Ny\u00e1r-1.png 2560w, https:\/\/www.andicsalpar.hu\/wordpress\/wp-content\/uploads\/2017\/03\/8-Ny\u00e1r-1-300x169.png 300w, https:\/\/www.andicsalpar.hu\/wordpress\/wp-content\/uploads\/2017\/03\/8-Ny\u00e1r-1-768x432.png 768w, https:\/\/www.andicsalpar.hu\/wordpress\/wp-content\/uploads\/2017\/03\/8-Ny\u00e1r-1-1024x576.png 1024w, https:\/\/www.andicsalpar.hu\/wordpress\/wp-content\/uploads\/2017\/03\/8-Ny\u00e1r-1-904x509.png 904w\" sizes=\"auto, (max-width: 2560px) 100vw, 2560px\" \/><\/a> <a href=\"http:\/\/www.andicsalpar.hu\/wordpress\/wp-content\/uploads\/2017\/03\/9-\u0150sz-1.png\"><img loading=\"lazy\" decoding=\"async\" class=\"alignnone size-full wp-image-687\" src=\"http:\/\/www.andicsalpar.hu\/wordpress\/wp-content\/uploads\/2017\/03\/9-\u0150sz-1.png\" alt=\"\" width=\"2560\" height=\"1440\" srcset=\"https:\/\/www.andicsalpar.hu\/wordpress\/wp-content\/uploads\/2017\/03\/9-\u0150sz-1.png 2560w, https:\/\/www.andicsalpar.hu\/wordpress\/wp-content\/uploads\/2017\/03\/9-\u0150sz-1-300x169.png 300w, https:\/\/www.andicsalpar.hu\/wordpress\/wp-content\/uploads\/2017\/03\/9-\u0150sz-1-768x432.png 768w, https:\/\/www.andicsalpar.hu\/wordpress\/wp-content\/uploads\/2017\/03\/9-\u0150sz-1-1024x576.png 1024w, https:\/\/www.andicsalpar.hu\/wordpress\/wp-content\/uploads\/2017\/03\/9-\u0150sz-1-904x509.png 904w\" sizes=\"auto, (max-width: 2560px) 100vw, 2560px\" \/><\/a> <a href=\"http:\/\/www.andicsalpar.hu\/wordpress\/wp-content\/uploads\/2017\/03\/10-\u0150sz-1.png\"><img loading=\"lazy\" decoding=\"async\" class=\"alignnone size-full wp-image-688\" src=\"http:\/\/www.andicsalpar.hu\/wordpress\/wp-content\/uploads\/2017\/03\/10-\u0150sz-1.png\" alt=\"\" width=\"2560\" height=\"1440\" srcset=\"https:\/\/www.andicsalpar.hu\/wordpress\/wp-content\/uploads\/2017\/03\/10-\u0150sz-1.png 2560w, https:\/\/www.andicsalpar.hu\/wordpress\/wp-content\/uploads\/2017\/03\/10-\u0150sz-1-300x169.png 300w, https:\/\/www.andicsalpar.hu\/wordpress\/wp-content\/uploads\/2017\/03\/10-\u0150sz-1-768x432.png 768w, https:\/\/www.andicsalpar.hu\/wordpress\/wp-content\/uploads\/2017\/03\/10-\u0150sz-1-1024x576.png 1024w, https:\/\/www.andicsalpar.hu\/wordpress\/wp-content\/uploads\/2017\/03\/10-\u0150sz-1-904x509.png 904w\" sizes=\"auto, (max-width: 2560px) 100vw, 2560px\" \/><\/a> <a href=\"http:\/\/www.andicsalpar.hu\/wordpress\/wp-content\/uploads\/2017\/03\/11-\u0150sz-1.png\"><img loading=\"lazy\" decoding=\"async\" class=\"alignnone size-full wp-image-689\" src=\"http:\/\/www.andicsalpar.hu\/wordpress\/wp-content\/uploads\/2017\/03\/11-\u0150sz-1.png\" alt=\"\" width=\"2560\" height=\"1440\" srcset=\"https:\/\/www.andicsalpar.hu\/wordpress\/wp-content\/uploads\/2017\/03\/11-\u0150sz-1.png 2560w, https:\/\/www.andicsalpar.hu\/wordpress\/wp-content\/uploads\/2017\/03\/11-\u0150sz-1-300x169.png 300w, https:\/\/www.andicsalpar.hu\/wordpress\/wp-content\/uploads\/2017\/03\/11-\u0150sz-1-768x432.png 768w, https:\/\/www.andicsalpar.hu\/wordpress\/wp-content\/uploads\/2017\/03\/11-\u0150sz-1-1024x576.png 1024w, https:\/\/www.andicsalpar.hu\/wordpress\/wp-content\/uploads\/2017\/03\/11-\u0150sz-1-904x509.png 904w\" sizes=\"auto, (max-width: 2560px) 100vw, 2560px\" \/><\/a> <a href=\"http:\/\/www.andicsalpar.hu\/wordpress\/wp-content\/uploads\/2017\/03\/12-\u0150sz-1.png\"><img loading=\"lazy\" decoding=\"async\" class=\"alignnone size-full wp-image-690\" src=\"http:\/\/www.andicsalpar.hu\/wordpress\/wp-content\/uploads\/2017\/03\/12-\u0150sz-1.png\" alt=\"\" width=\"2560\" height=\"1440\" srcset=\"https:\/\/www.andicsalpar.hu\/wordpress\/wp-content\/uploads\/2017\/03\/12-\u0150sz-1.png 2560w, https:\/\/www.andicsalpar.hu\/wordpress\/wp-content\/uploads\/2017\/03\/12-\u0150sz-1-300x169.png 300w, https:\/\/www.andicsalpar.hu\/wordpress\/wp-content\/uploads\/2017\/03\/12-\u0150sz-1-768x432.png 768w, https:\/\/www.andicsalpar.hu\/wordpress\/wp-content\/uploads\/2017\/03\/12-\u0150sz-1-1024x576.png 1024w, https:\/\/www.andicsalpar.hu\/wordpress\/wp-content\/uploads\/2017\/03\/12-\u0150sz-1-904x509.png 904w\" sizes=\"auto, (max-width: 2560px) 100vw, 2560px\" \/><\/a> <a href=\"http:\/\/www.andicsalpar.hu\/wordpress\/wp-content\/uploads\/2017\/03\/13-T\u00e9l-1.png\"><img loading=\"lazy\" decoding=\"async\" class=\"alignnone size-full wp-image-691\" src=\"http:\/\/www.andicsalpar.hu\/wordpress\/wp-content\/uploads\/2017\/03\/13-T\u00e9l-1.png\" alt=\"\" width=\"2560\" height=\"1440\" srcset=\"https:\/\/www.andicsalpar.hu\/wordpress\/wp-content\/uploads\/2017\/03\/13-T\u00e9l-1.png 2560w, https:\/\/www.andicsalpar.hu\/wordpress\/wp-content\/uploads\/2017\/03\/13-T\u00e9l-1-300x169.png 300w, https:\/\/www.andicsalpar.hu\/wordpress\/wp-content\/uploads\/2017\/03\/13-T\u00e9l-1-768x432.png 768w, https:\/\/www.andicsalpar.hu\/wordpress\/wp-content\/uploads\/2017\/03\/13-T\u00e9l-1-1024x576.png 1024w, https:\/\/www.andicsalpar.hu\/wordpress\/wp-content\/uploads\/2017\/03\/13-T\u00e9l-1-904x509.png 904w\" sizes=\"auto, (max-width: 2560px) 100vw, 2560px\" \/><\/a> <a href=\"http:\/\/www.andicsalpar.hu\/wordpress\/wp-content\/uploads\/2017\/03\/14-T\u00e9l-1.png\"><img loading=\"lazy\" decoding=\"async\" class=\"alignnone size-full wp-image-692\" src=\"http:\/\/www.andicsalpar.hu\/wordpress\/wp-content\/uploads\/2017\/03\/14-T\u00e9l-1.png\" alt=\"\" width=\"2560\" height=\"1440\" srcset=\"https:\/\/www.andicsalpar.hu\/wordpress\/wp-content\/uploads\/2017\/03\/14-T\u00e9l-1.png 2560w, https:\/\/www.andicsalpar.hu\/wordpress\/wp-content\/uploads\/2017\/03\/14-T\u00e9l-1-300x169.png 300w, https:\/\/www.andicsalpar.hu\/wordpress\/wp-content\/uploads\/2017\/03\/14-T\u00e9l-1-768x432.png 768w, https:\/\/www.andicsalpar.hu\/wordpress\/wp-content\/uploads\/2017\/03\/14-T\u00e9l-1-1024x576.png 1024w, https:\/\/www.andicsalpar.hu\/wordpress\/wp-content\/uploads\/2017\/03\/14-T\u00e9l-1-904x509.png 904w\" sizes=\"auto, (max-width: 2560px) 100vw, 2560px\" \/><\/a> <a href=\"http:\/\/www.andicsalpar.hu\/wordpress\/wp-content\/uploads\/2017\/03\/15-T\u00e9l-1.png\"><img loading=\"lazy\" decoding=\"async\" class=\"alignnone size-full wp-image-693\" src=\"http:\/\/www.andicsalpar.hu\/wordpress\/wp-content\/uploads\/2017\/03\/15-T\u00e9l-1.png\" alt=\"\" width=\"2560\" height=\"1440\" srcset=\"https:\/\/www.andicsalpar.hu\/wordpress\/wp-content\/uploads\/2017\/03\/15-T\u00e9l-1.png 2560w, https:\/\/www.andicsalpar.hu\/wordpress\/wp-content\/uploads\/2017\/03\/15-T\u00e9l-1-300x169.png 300w, https:\/\/www.andicsalpar.hu\/wordpress\/wp-content\/uploads\/2017\/03\/15-T\u00e9l-1-768x432.png 768w, https:\/\/www.andicsalpar.hu\/wordpress\/wp-content\/uploads\/2017\/03\/15-T\u00e9l-1-1024x576.png 1024w, https:\/\/www.andicsalpar.hu\/wordpress\/wp-content\/uploads\/2017\/03\/15-T\u00e9l-1-904x509.png 904w\" sizes=\"auto, (max-width: 2560px) 100vw, 2560px\" \/><\/a> <a href=\"http:\/\/www.andicsalpar.hu\/wordpress\/wp-content\/uploads\/2017\/03\/16-T\u00e9l-1.png\"><img loading=\"lazy\" decoding=\"async\" class=\"alignnone size-full wp-image-694\" src=\"http:\/\/www.andicsalpar.hu\/wordpress\/wp-content\/uploads\/2017\/03\/16-T\u00e9l-1.png\" alt=\"\" width=\"2560\" height=\"1440\" srcset=\"https:\/\/www.andicsalpar.hu\/wordpress\/wp-content\/uploads\/2017\/03\/16-T\u00e9l-1.png 2560w, https:\/\/www.andicsalpar.hu\/wordpress\/wp-content\/uploads\/2017\/03\/16-T\u00e9l-1-300x169.png 300w, https:\/\/www.andicsalpar.hu\/wordpress\/wp-content\/uploads\/2017\/03\/16-T\u00e9l-1-768x432.png 768w, https:\/\/www.andicsalpar.hu\/wordpress\/wp-content\/uploads\/2017\/03\/16-T\u00e9l-1-1024x576.png 1024w, https:\/\/www.andicsalpar.hu\/wordpress\/wp-content\/uploads\/2017\/03\/16-T\u00e9l-1-904x509.png 904w\" sizes=\"auto, (max-width: 2560px) 100vw, 2560px\" \/><\/a><\/p>\n","protected":false},"excerpt":{"rendered":"","protected":false},"author":1,"featured_media":0,"parent":947,"menu_order":0,"comment_status":"closed","ping_status":"closed","template":"","meta":{"footnotes":""},"class_list":["post-696","page","type-page","status-publish","hentry"],"_links":{"self":[{"href":"https:\/\/www.andicsalpar.hu\/wordpress\/index.php?rest_route=\/wp\/v2\/pages\/696","targetHints":{"allow":["GET"]}}],"collection":[{"href":"https:\/\/www.andicsalpar.hu\/wordpress\/index.php?rest_route=\/wp\/v2\/pages"}],"about":[{"href":"https:\/\/www.andicsalpar.hu\/wordpress\/index.php?rest_route=\/wp\/v2\/types\/page"}],"author":[{"embeddable":true,"href":"https:\/\/www.andicsalpar.hu\/wordpress\/index.php?rest_route=\/wp\/v2\/users\/1"}],"replies":[{"embeddable":true,"href":"https:\/\/www.andicsalpar.hu\/wordpress\/index.php?rest_route=%2Fwp%2Fv2%2Fcomments&post=696"}],"version-history":[{"count":1,"href":"https:\/\/www.andicsalpar.hu\/wordpress\/index.php?rest_route=\/wp\/v2\/pages\/696\/revisions"}],"predecessor-version":[{"id":697,"href":"https:\/\/www.andicsalpar.hu\/wordpress\/index.php?rest_route=\/wp\/v2\/pages\/696\/revisions\/697"}],"up":[{"embeddable":true,"href":"https:\/\/www.andicsalpar.hu\/wordpress\/index.php?rest_route=\/wp\/v2\/pages\/947"}],"wp:attachment":[{"href":"https:\/\/www.andicsalpar.hu\/wordpress\/index.php?rest_route=%2Fwp%2Fv2%2Fmedia&parent=696"}],"curies":[{"name":"wp","href":"https:\/\/api.w.org\/{rel}","templated":true}]}}