{"id":5859,"date":"2024-02-04T14:06:16","date_gmt":"2024-02-04T13:06:16","guid":{"rendered":"https:\/\/www.andicsalpar.hu\/wordpress\/?page_id=5859"},"modified":"2024-02-04T14:06:16","modified_gmt":"2024-02-04T13:06:16","slug":"15-tekintetek-es-negysorosok-15-resz","status":"publish","type":"page","link":"https:\/\/www.andicsalpar.hu\/wordpress\/?page_id=5859","title":{"rendered":"15. Tekintetek \u00e9s n\u00e9gysorosok. 15. r\u00e9sz"},"content":{"rendered":"<p><a href=\"https:\/\/www.andicsalpar.hu\/wordpress\/wp-content\/uploads\/2024\/02\/1.-Tekintetek-es-negysorosok-13-scaled.jpg\"><img loading=\"lazy\" decoding=\"async\" src=\"https:\/\/www.andicsalpar.hu\/wordpress\/wp-content\/uploads\/2024\/02\/1.-Tekintetek-es-negysorosok-13-scaled.jpg\" alt=\"\" width=\"2560\" height=\"1810\" class=\"alignnone size-full wp-image-5861\" srcset=\"https:\/\/www.andicsalpar.hu\/wordpress\/wp-content\/uploads\/2024\/02\/1.-Tekintetek-es-negysorosok-13-scaled.jpg 2560w, https:\/\/www.andicsalpar.hu\/wordpress\/wp-content\/uploads\/2024\/02\/1.-Tekintetek-es-negysorosok-13-300x212.jpg 300w, https:\/\/www.andicsalpar.hu\/wordpress\/wp-content\/uploads\/2024\/02\/1.-Tekintetek-es-negysorosok-13-1024x724.jpg 1024w, https:\/\/www.andicsalpar.hu\/wordpress\/wp-content\/uploads\/2024\/02\/1.-Tekintetek-es-negysorosok-13-768x543.jpg 768w, https:\/\/www.andicsalpar.hu\/wordpress\/wp-content\/uploads\/2024\/02\/1.-Tekintetek-es-negysorosok-13-1536x1086.jpg 1536w, https:\/\/www.andicsalpar.hu\/wordpress\/wp-content\/uploads\/2024\/02\/1.-Tekintetek-es-negysorosok-13-2048x1448.jpg 2048w, https:\/\/www.andicsalpar.hu\/wordpress\/wp-content\/uploads\/2024\/02\/1.-Tekintetek-es-negysorosok-13-1440x1018.jpg 1440w\" sizes=\"auto, (max-width: 2560px) 100vw, 2560px\" \/><\/a><\/p>\n<p><a href=\"https:\/\/www.andicsalpar.hu\/wordpress\/wp-content\/uploads\/2024\/02\/2.-Tekintetek-es-negysorosok-13-scaled.jpg\"><img loading=\"lazy\" decoding=\"async\" src=\"https:\/\/www.andicsalpar.hu\/wordpress\/wp-content\/uploads\/2024\/02\/2.-Tekintetek-es-negysorosok-13-scaled.jpg\" alt=\"\" width=\"2560\" height=\"1810\" class=\"alignnone size-full wp-image-5863\" srcset=\"https:\/\/www.andicsalpar.hu\/wordpress\/wp-content\/uploads\/2024\/02\/2.-Tekintetek-es-negysorosok-13-scaled.jpg 2560w, https:\/\/www.andicsalpar.hu\/wordpress\/wp-content\/uploads\/2024\/02\/2.-Tekintetek-es-negysorosok-13-300x212.jpg 300w, https:\/\/www.andicsalpar.hu\/wordpress\/wp-content\/uploads\/2024\/02\/2.-Tekintetek-es-negysorosok-13-1024x724.jpg 1024w, https:\/\/www.andicsalpar.hu\/wordpress\/wp-content\/uploads\/2024\/02\/2.-Tekintetek-es-negysorosok-13-768x543.jpg 768w, https:\/\/www.andicsalpar.hu\/wordpress\/wp-content\/uploads\/2024\/02\/2.-Tekintetek-es-negysorosok-13-1536x1086.jpg 1536w, https:\/\/www.andicsalpar.hu\/wordpress\/wp-content\/uploads\/2024\/02\/2.-Tekintetek-es-negysorosok-13-2048x1448.jpg 2048w, https:\/\/www.andicsalpar.hu\/wordpress\/wp-content\/uploads\/2024\/02\/2.-Tekintetek-es-negysorosok-13-1440x1018.jpg 1440w\" sizes=\"auto, (max-width: 2560px) 100vw, 2560px\" \/><\/a><\/p>\n<p><a href=\"https:\/\/www.andicsalpar.hu\/wordpress\/wp-content\/uploads\/2024\/02\/3.-Tekintetek-es-negysorosok-14-scaled.jpg\"><img loading=\"lazy\" decoding=\"async\" src=\"https:\/\/www.andicsalpar.hu\/wordpress\/wp-content\/uploads\/2024\/02\/3.-Tekintetek-es-negysorosok-14-scaled.jpg\" alt=\"\" width=\"2560\" height=\"1810\" class=\"alignnone size-full wp-image-5865\" srcset=\"https:\/\/www.andicsalpar.hu\/wordpress\/wp-content\/uploads\/2024\/02\/3.-Tekintetek-es-negysorosok-14-scaled.jpg 2560w, https:\/\/www.andicsalpar.hu\/wordpress\/wp-content\/uploads\/2024\/02\/3.-Tekintetek-es-negysorosok-14-300x212.jpg 300w, https:\/\/www.andicsalpar.hu\/wordpress\/wp-content\/uploads\/2024\/02\/3.-Tekintetek-es-negysorosok-14-1024x724.jpg 1024w, https:\/\/www.andicsalpar.hu\/wordpress\/wp-content\/uploads\/2024\/02\/3.-Tekintetek-es-negysorosok-14-768x543.jpg 768w, https:\/\/www.andicsalpar.hu\/wordpress\/wp-content\/uploads\/2024\/02\/3.-Tekintetek-es-negysorosok-14-1536x1086.jpg 1536w, https:\/\/www.andicsalpar.hu\/wordpress\/wp-content\/uploads\/2024\/02\/3.-Tekintetek-es-negysorosok-14-2048x1448.jpg 2048w, https:\/\/www.andicsalpar.hu\/wordpress\/wp-content\/uploads\/2024\/02\/3.-Tekintetek-es-negysorosok-14-1440x1018.jpg 1440w\" sizes=\"auto, (max-width: 2560px) 100vw, 2560px\" \/><\/a><\/p>\n<p><a href=\"https:\/\/www.andicsalpar.hu\/wordpress\/wp-content\/uploads\/2024\/02\/4.-Tekintetek-es-negysorosok-14-scaled.jpg\"><img loading=\"lazy\" decoding=\"async\" src=\"https:\/\/www.andicsalpar.hu\/wordpress\/wp-content\/uploads\/2024\/02\/4.-Tekintetek-es-negysorosok-14-scaled.jpg\" alt=\"\" width=\"2560\" height=\"1810\" class=\"alignnone size-full wp-image-5867\" srcset=\"https:\/\/www.andicsalpar.hu\/wordpress\/wp-content\/uploads\/2024\/02\/4.-Tekintetek-es-negysorosok-14-scaled.jpg 2560w, https:\/\/www.andicsalpar.hu\/wordpress\/wp-content\/uploads\/2024\/02\/4.-Tekintetek-es-negysorosok-14-300x212.jpg 300w, https:\/\/www.andicsalpar.hu\/wordpress\/wp-content\/uploads\/2024\/02\/4.-Tekintetek-es-negysorosok-14-1024x724.jpg 1024w, https:\/\/www.andicsalpar.hu\/wordpress\/wp-content\/uploads\/2024\/02\/4.-Tekintetek-es-negysorosok-14-768x543.jpg 768w, https:\/\/www.andicsalpar.hu\/wordpress\/wp-content\/uploads\/2024\/02\/4.-Tekintetek-es-negysorosok-14-1536x1086.jpg 1536w, https:\/\/www.andicsalpar.hu\/wordpress\/wp-content\/uploads\/2024\/02\/4.-Tekintetek-es-negysorosok-14-2048x1448.jpg 2048w, https:\/\/www.andicsalpar.hu\/wordpress\/wp-content\/uploads\/2024\/02\/4.-Tekintetek-es-negysorosok-14-1440x1018.jpg 1440w\" sizes=\"auto, (max-width: 2560px) 100vw, 2560px\" \/><\/a><\/p>\n<p><a href=\"https:\/\/www.andicsalpar.hu\/wordpress\/wp-content\/uploads\/2024\/02\/5.-Tekintetek-es-negysorosok-14-scaled.jpg\"><img loading=\"lazy\" decoding=\"async\" src=\"https:\/\/www.andicsalpar.hu\/wordpress\/wp-content\/uploads\/2024\/02\/5.-Tekintetek-es-negysorosok-14-scaled.jpg\" alt=\"\" width=\"2560\" height=\"1810\" class=\"alignnone size-full wp-image-5869\" srcset=\"https:\/\/www.andicsalpar.hu\/wordpress\/wp-content\/uploads\/2024\/02\/5.-Tekintetek-es-negysorosok-14-scaled.jpg 2560w, https:\/\/www.andicsalpar.hu\/wordpress\/wp-content\/uploads\/2024\/02\/5.-Tekintetek-es-negysorosok-14-300x212.jpg 300w, https:\/\/www.andicsalpar.hu\/wordpress\/wp-content\/uploads\/2024\/02\/5.-Tekintetek-es-negysorosok-14-1024x724.jpg 1024w, https:\/\/www.andicsalpar.hu\/wordpress\/wp-content\/uploads\/2024\/02\/5.-Tekintetek-es-negysorosok-14-768x543.jpg 768w, https:\/\/www.andicsalpar.hu\/wordpress\/wp-content\/uploads\/2024\/02\/5.-Tekintetek-es-negysorosok-14-1536x1086.jpg 1536w, https:\/\/www.andicsalpar.hu\/wordpress\/wp-content\/uploads\/2024\/02\/5.-Tekintetek-es-negysorosok-14-2048x1448.jpg 2048w, https:\/\/www.andicsalpar.hu\/wordpress\/wp-content\/uploads\/2024\/02\/5.-Tekintetek-es-negysorosok-14-1440x1018.jpg 1440w\" sizes=\"auto, (max-width: 2560px) 100vw, 2560px\" \/><\/a><\/p>\n<p><a href=\"https:\/\/www.andicsalpar.hu\/wordpress\/wp-content\/uploads\/2024\/02\/6.-Tekintetek-es-negysorosok-14-scaled.jpg\"><img loading=\"lazy\" decoding=\"async\" src=\"https:\/\/www.andicsalpar.hu\/wordpress\/wp-content\/uploads\/2024\/02\/6.-Tekintetek-es-negysorosok-14-scaled.jpg\" alt=\"\" width=\"2560\" height=\"1810\" class=\"alignnone size-full wp-image-5871\" srcset=\"https:\/\/www.andicsalpar.hu\/wordpress\/wp-content\/uploads\/2024\/02\/6.-Tekintetek-es-negysorosok-14-scaled.jpg 2560w, https:\/\/www.andicsalpar.hu\/wordpress\/wp-content\/uploads\/2024\/02\/6.-Tekintetek-es-negysorosok-14-300x212.jpg 300w, https:\/\/www.andicsalpar.hu\/wordpress\/wp-content\/uploads\/2024\/02\/6.-Tekintetek-es-negysorosok-14-1024x724.jpg 1024w, https:\/\/www.andicsalpar.hu\/wordpress\/wp-content\/uploads\/2024\/02\/6.-Tekintetek-es-negysorosok-14-768x543.jpg 768w, https:\/\/www.andicsalpar.hu\/wordpress\/wp-content\/uploads\/2024\/02\/6.-Tekintetek-es-negysorosok-14-1536x1086.jpg 1536w, https:\/\/www.andicsalpar.hu\/wordpress\/wp-content\/uploads\/2024\/02\/6.-Tekintetek-es-negysorosok-14-2048x1448.jpg 2048w, https:\/\/www.andicsalpar.hu\/wordpress\/wp-content\/uploads\/2024\/02\/6.-Tekintetek-es-negysorosok-14-1440x1018.jpg 1440w\" sizes=\"auto, (max-width: 2560px) 100vw, 2560px\" \/><\/a><\/p>\n<p><a href=\"https:\/\/www.andicsalpar.hu\/wordpress\/wp-content\/uploads\/2024\/02\/7.-Tekintetek-es-negysorosok-14-scaled.jpg\"><img loading=\"lazy\" decoding=\"async\" src=\"https:\/\/www.andicsalpar.hu\/wordpress\/wp-content\/uploads\/2024\/02\/7.-Tekintetek-es-negysorosok-14-scaled.jpg\" alt=\"\" width=\"2560\" height=\"1810\" class=\"alignnone size-full wp-image-5873\" srcset=\"https:\/\/www.andicsalpar.hu\/wordpress\/wp-content\/uploads\/2024\/02\/7.-Tekintetek-es-negysorosok-14-scaled.jpg 2560w, https:\/\/www.andicsalpar.hu\/wordpress\/wp-content\/uploads\/2024\/02\/7.-Tekintetek-es-negysorosok-14-300x212.jpg 300w, https:\/\/www.andicsalpar.hu\/wordpress\/wp-content\/uploads\/2024\/02\/7.-Tekintetek-es-negysorosok-14-1024x724.jpg 1024w, https:\/\/www.andicsalpar.hu\/wordpress\/wp-content\/uploads\/2024\/02\/7.-Tekintetek-es-negysorosok-14-768x543.jpg 768w, https:\/\/www.andicsalpar.hu\/wordpress\/wp-content\/uploads\/2024\/02\/7.-Tekintetek-es-negysorosok-14-1536x1086.jpg 1536w, https:\/\/www.andicsalpar.hu\/wordpress\/wp-content\/uploads\/2024\/02\/7.-Tekintetek-es-negysorosok-14-2048x1448.jpg 2048w, https:\/\/www.andicsalpar.hu\/wordpress\/wp-content\/uploads\/2024\/02\/7.-Tekintetek-es-negysorosok-14-1440x1018.jpg 1440w\" sizes=\"auto, (max-width: 2560px) 100vw, 2560px\" \/><\/a><\/p>\n<p><a href=\"https:\/\/www.andicsalpar.hu\/wordpress\/wp-content\/uploads\/2024\/02\/8.-Tekintetek-es-negysorosok-14-scaled.jpg\"><img loading=\"lazy\" decoding=\"async\" src=\"https:\/\/www.andicsalpar.hu\/wordpress\/wp-content\/uploads\/2024\/02\/8.-Tekintetek-es-negysorosok-14-scaled.jpg\" alt=\"\" width=\"2560\" height=\"1810\" class=\"alignnone size-full wp-image-5875\" srcset=\"https:\/\/www.andicsalpar.hu\/wordpress\/wp-content\/uploads\/2024\/02\/8.-Tekintetek-es-negysorosok-14-scaled.jpg 2560w, https:\/\/www.andicsalpar.hu\/wordpress\/wp-content\/uploads\/2024\/02\/8.-Tekintetek-es-negysorosok-14-300x212.jpg 300w, https:\/\/www.andicsalpar.hu\/wordpress\/wp-content\/uploads\/2024\/02\/8.-Tekintetek-es-negysorosok-14-1024x724.jpg 1024w, https:\/\/www.andicsalpar.hu\/wordpress\/wp-content\/uploads\/2024\/02\/8.-Tekintetek-es-negysorosok-14-768x543.jpg 768w, https:\/\/www.andicsalpar.hu\/wordpress\/wp-content\/uploads\/2024\/02\/8.-Tekintetek-es-negysorosok-14-1536x1086.jpg 1536w, https:\/\/www.andicsalpar.hu\/wordpress\/wp-content\/uploads\/2024\/02\/8.-Tekintetek-es-negysorosok-14-2048x1448.jpg 2048w, https:\/\/www.andicsalpar.hu\/wordpress\/wp-content\/uploads\/2024\/02\/8.-Tekintetek-es-negysorosok-14-1440x1018.jpg 1440w\" sizes=\"auto, (max-width: 2560px) 100vw, 2560px\" \/><\/a><\/p>\n<p><a href=\"https:\/\/www.andicsalpar.hu\/wordpress\/wp-content\/uploads\/2024\/02\/9.-Tekintetek-es-negysorosok-14-scaled.jpg\"><img loading=\"lazy\" decoding=\"async\" src=\"https:\/\/www.andicsalpar.hu\/wordpress\/wp-content\/uploads\/2024\/02\/9.-Tekintetek-es-negysorosok-14-scaled.jpg\" alt=\"\" width=\"2560\" height=\"1810\" class=\"alignnone size-full wp-image-5877\" srcset=\"https:\/\/www.andicsalpar.hu\/wordpress\/wp-content\/uploads\/2024\/02\/9.-Tekintetek-es-negysorosok-14-scaled.jpg 2560w, https:\/\/www.andicsalpar.hu\/wordpress\/wp-content\/uploads\/2024\/02\/9.-Tekintetek-es-negysorosok-14-300x212.jpg 300w, https:\/\/www.andicsalpar.hu\/wordpress\/wp-content\/uploads\/2024\/02\/9.-Tekintetek-es-negysorosok-14-1024x724.jpg 1024w, https:\/\/www.andicsalpar.hu\/wordpress\/wp-content\/uploads\/2024\/02\/9.-Tekintetek-es-negysorosok-14-768x543.jpg 768w, https:\/\/www.andicsalpar.hu\/wordpress\/wp-content\/uploads\/2024\/02\/9.-Tekintetek-es-negysorosok-14-1536x1086.jpg 1536w, https:\/\/www.andicsalpar.hu\/wordpress\/wp-content\/uploads\/2024\/02\/9.-Tekintetek-es-negysorosok-14-2048x1448.jpg 2048w, https:\/\/www.andicsalpar.hu\/wordpress\/wp-content\/uploads\/2024\/02\/9.-Tekintetek-es-negysorosok-14-1440x1018.jpg 1440w\" sizes=\"auto, (max-width: 2560px) 100vw, 2560px\" \/><\/a><\/p>\n<p><a href=\"https:\/\/www.andicsalpar.hu\/wordpress\/wp-content\/uploads\/2024\/02\/10.-Tekintetek-es-negysorosok-14-scaled.jpg\"><img loading=\"lazy\" decoding=\"async\" src=\"https:\/\/www.andicsalpar.hu\/wordpress\/wp-content\/uploads\/2024\/02\/10.-Tekintetek-es-negysorosok-14-scaled.jpg\" alt=\"\" width=\"2560\" height=\"1810\" class=\"alignnone size-full wp-image-5879\" srcset=\"https:\/\/www.andicsalpar.hu\/wordpress\/wp-content\/uploads\/2024\/02\/10.-Tekintetek-es-negysorosok-14-scaled.jpg 2560w, https:\/\/www.andicsalpar.hu\/wordpress\/wp-content\/uploads\/2024\/02\/10.-Tekintetek-es-negysorosok-14-300x212.jpg 300w, https:\/\/www.andicsalpar.hu\/wordpress\/wp-content\/uploads\/2024\/02\/10.-Tekintetek-es-negysorosok-14-1024x724.jpg 1024w, https:\/\/www.andicsalpar.hu\/wordpress\/wp-content\/uploads\/2024\/02\/10.-Tekintetek-es-negysorosok-14-768x543.jpg 768w, https:\/\/www.andicsalpar.hu\/wordpress\/wp-content\/uploads\/2024\/02\/10.-Tekintetek-es-negysorosok-14-1536x1086.jpg 1536w, https:\/\/www.andicsalpar.hu\/wordpress\/wp-content\/uploads\/2024\/02\/10.-Tekintetek-es-negysorosok-14-2048x1448.jpg 2048w, https:\/\/www.andicsalpar.hu\/wordpress\/wp-content\/uploads\/2024\/02\/10.-Tekintetek-es-negysorosok-14-1440x1018.jpg 1440w\" sizes=\"auto, (max-width: 2560px) 100vw, 2560px\" \/><\/a><\/p>\n<p><a href=\"https:\/\/www.andicsalpar.hu\/wordpress\/wp-content\/uploads\/2024\/02\/11.-Tekintetek-es-negysorosok-14-scaled.jpg\"><img loading=\"lazy\" decoding=\"async\" src=\"https:\/\/www.andicsalpar.hu\/wordpress\/wp-content\/uploads\/2024\/02\/11.-Tekintetek-es-negysorosok-14-scaled.jpg\" alt=\"\" width=\"2560\" height=\"1810\" class=\"alignnone size-full wp-image-5880\" srcset=\"https:\/\/www.andicsalpar.hu\/wordpress\/wp-content\/uploads\/2024\/02\/11.-Tekintetek-es-negysorosok-14-scaled.jpg 2560w, https:\/\/www.andicsalpar.hu\/wordpress\/wp-content\/uploads\/2024\/02\/11.-Tekintetek-es-negysorosok-14-300x212.jpg 300w, https:\/\/www.andicsalpar.hu\/wordpress\/wp-content\/uploads\/2024\/02\/11.-Tekintetek-es-negysorosok-14-1024x724.jpg 1024w, https:\/\/www.andicsalpar.hu\/wordpress\/wp-content\/uploads\/2024\/02\/11.-Tekintetek-es-negysorosok-14-768x543.jpg 768w, https:\/\/www.andicsalpar.hu\/wordpress\/wp-content\/uploads\/2024\/02\/11.-Tekintetek-es-negysorosok-14-1536x1086.jpg 1536w, https:\/\/www.andicsalpar.hu\/wordpress\/wp-content\/uploads\/2024\/02\/11.-Tekintetek-es-negysorosok-14-2048x1448.jpg 2048w, https:\/\/www.andicsalpar.hu\/wordpress\/wp-content\/uploads\/2024\/02\/11.-Tekintetek-es-negysorosok-14-1440x1018.jpg 1440w\" sizes=\"auto, (max-width: 2560px) 100vw, 2560px\" \/><\/a><\/p>\n<p><a href=\"https:\/\/www.andicsalpar.hu\/wordpress\/wp-content\/uploads\/2024\/02\/12.-Tekintetek-es-negysorosok-14-scaled.jpg\"><img loading=\"lazy\" decoding=\"async\" src=\"https:\/\/www.andicsalpar.hu\/wordpress\/wp-content\/uploads\/2024\/02\/12.-Tekintetek-es-negysorosok-14-scaled.jpg\" alt=\"\" width=\"2560\" height=\"1810\" class=\"alignnone size-full wp-image-5881\" srcset=\"https:\/\/www.andicsalpar.hu\/wordpress\/wp-content\/uploads\/2024\/02\/12.-Tekintetek-es-negysorosok-14-scaled.jpg 2560w, https:\/\/www.andicsalpar.hu\/wordpress\/wp-content\/uploads\/2024\/02\/12.-Tekintetek-es-negysorosok-14-300x212.jpg 300w, https:\/\/www.andicsalpar.hu\/wordpress\/wp-content\/uploads\/2024\/02\/12.-Tekintetek-es-negysorosok-14-1024x724.jpg 1024w, https:\/\/www.andicsalpar.hu\/wordpress\/wp-content\/uploads\/2024\/02\/12.-Tekintetek-es-negysorosok-14-768x543.jpg 768w, https:\/\/www.andicsalpar.hu\/wordpress\/wp-content\/uploads\/2024\/02\/12.-Tekintetek-es-negysorosok-14-1536x1086.jpg 1536w, https:\/\/www.andicsalpar.hu\/wordpress\/wp-content\/uploads\/2024\/02\/12.-Tekintetek-es-negysorosok-14-2048x1448.jpg 2048w, https:\/\/www.andicsalpar.hu\/wordpress\/wp-content\/uploads\/2024\/02\/12.-Tekintetek-es-negysorosok-14-1440x1018.jpg 1440w\" sizes=\"auto, (max-width: 2560px) 100vw, 2560px\" \/><\/a><\/p>\n","protected":false},"excerpt":{"rendered":"","protected":false},"author":1,"featured_media":0,"parent":5617,"menu_order":0,"comment_status":"closed","ping_status":"closed","template":"","meta":{"footnotes":""},"class_list":["post-5859","page","type-page","status-publish","hentry"],"_links":{"self":[{"href":"https:\/\/www.andicsalpar.hu\/wordpress\/index.php?rest_route=\/wp\/v2\/pages\/5859","targetHints":{"allow":["GET"]}}],"collection":[{"href":"https:\/\/www.andicsalpar.hu\/wordpress\/index.php?rest_route=\/wp\/v2\/pages"}],"about":[{"href":"https:\/\/www.andicsalpar.hu\/wordpress\/index.php?rest_route=\/wp\/v2\/types\/page"}],"author":[{"embeddable":true,"href":"https:\/\/www.andicsalpar.hu\/wordpress\/index.php?rest_route=\/wp\/v2\/users\/1"}],"replies":[{"embeddable":true,"href":"https:\/\/www.andicsalpar.hu\/wordpress\/index.php?rest_route=%2Fwp%2Fv2%2Fcomments&post=5859"}],"version-history":[{"count":1,"href":"https:\/\/www.andicsalpar.hu\/wordpress\/index.php?rest_route=\/wp\/v2\/pages\/5859\/revisions"}],"predecessor-version":[{"id":5883,"href":"https:\/\/www.andicsalpar.hu\/wordpress\/index.php?rest_route=\/wp\/v2\/pages\/5859\/revisions\/5883"}],"up":[{"embeddable":true,"href":"https:\/\/www.andicsalpar.hu\/wordpress\/index.php?rest_route=\/wp\/v2\/pages\/5617"}],"wp:attachment":[{"href":"https:\/\/www.andicsalpar.hu\/wordpress\/index.php?rest_route=%2Fwp%2Fv2%2Fmedia&parent=5859"}],"curies":[{"name":"wp","href":"https:\/\/api.w.org\/{rel}","templated":true}]}}