{"id":5856,"date":"2024-02-04T14:06:03","date_gmt":"2024-02-04T13:06:03","guid":{"rendered":"https:\/\/www.andicsalpar.hu\/wordpress\/?page_id=5856"},"modified":"2024-02-04T14:06:03","modified_gmt":"2024-02-04T13:06:03","slug":"14-tekintetek-es-negysorosok-14-resz","status":"publish","type":"page","link":"https:\/\/www.andicsalpar.hu\/wordpress\/?page_id=5856","title":{"rendered":"14. Tekintetek \u00e9s n\u00e9gysorosok. 14. r\u00e9sz"},"content":{"rendered":"<p><a href=\"https:\/\/www.andicsalpar.hu\/wordpress\/wp-content\/uploads\/2024\/02\/1.-Tekintetek-es-negysorosok-12-scaled.jpg\"><img loading=\"lazy\" decoding=\"async\" src=\"https:\/\/www.andicsalpar.hu\/wordpress\/wp-content\/uploads\/2024\/02\/1.-Tekintetek-es-negysorosok-12-scaled.jpg\" alt=\"\" width=\"2560\" height=\"1810\" class=\"alignnone size-full wp-image-5857\" srcset=\"https:\/\/www.andicsalpar.hu\/wordpress\/wp-content\/uploads\/2024\/02\/1.-Tekintetek-es-negysorosok-12-scaled.jpg 2560w, https:\/\/www.andicsalpar.hu\/wordpress\/wp-content\/uploads\/2024\/02\/1.-Tekintetek-es-negysorosok-12-300x212.jpg 300w, https:\/\/www.andicsalpar.hu\/wordpress\/wp-content\/uploads\/2024\/02\/1.-Tekintetek-es-negysorosok-12-1024x724.jpg 1024w, https:\/\/www.andicsalpar.hu\/wordpress\/wp-content\/uploads\/2024\/02\/1.-Tekintetek-es-negysorosok-12-768x543.jpg 768w, https:\/\/www.andicsalpar.hu\/wordpress\/wp-content\/uploads\/2024\/02\/1.-Tekintetek-es-negysorosok-12-1536x1086.jpg 1536w, https:\/\/www.andicsalpar.hu\/wordpress\/wp-content\/uploads\/2024\/02\/1.-Tekintetek-es-negysorosok-12-2048x1448.jpg 2048w, https:\/\/www.andicsalpar.hu\/wordpress\/wp-content\/uploads\/2024\/02\/1.-Tekintetek-es-negysorosok-12-1440x1018.jpg 1440w\" sizes=\"auto, (max-width: 2560px) 100vw, 2560px\" \/><\/a><\/p>\n<p><a href=\"https:\/\/www.andicsalpar.hu\/wordpress\/wp-content\/uploads\/2024\/02\/2.-Tekintetek-es-negysorosok-12-scaled.jpg\"><img loading=\"lazy\" decoding=\"async\" src=\"https:\/\/www.andicsalpar.hu\/wordpress\/wp-content\/uploads\/2024\/02\/2.-Tekintetek-es-negysorosok-12-scaled.jpg\" alt=\"\" width=\"2560\" height=\"1810\" class=\"alignnone size-full wp-image-5858\" srcset=\"https:\/\/www.andicsalpar.hu\/wordpress\/wp-content\/uploads\/2024\/02\/2.-Tekintetek-es-negysorosok-12-scaled.jpg 2560w, https:\/\/www.andicsalpar.hu\/wordpress\/wp-content\/uploads\/2024\/02\/2.-Tekintetek-es-negysorosok-12-300x212.jpg 300w, https:\/\/www.andicsalpar.hu\/wordpress\/wp-content\/uploads\/2024\/02\/2.-Tekintetek-es-negysorosok-12-1024x724.jpg 1024w, https:\/\/www.andicsalpar.hu\/wordpress\/wp-content\/uploads\/2024\/02\/2.-Tekintetek-es-negysorosok-12-768x543.jpg 768w, https:\/\/www.andicsalpar.hu\/wordpress\/wp-content\/uploads\/2024\/02\/2.-Tekintetek-es-negysorosok-12-1536x1086.jpg 1536w, https:\/\/www.andicsalpar.hu\/wordpress\/wp-content\/uploads\/2024\/02\/2.-Tekintetek-es-negysorosok-12-2048x1448.jpg 2048w, https:\/\/www.andicsalpar.hu\/wordpress\/wp-content\/uploads\/2024\/02\/2.-Tekintetek-es-negysorosok-12-1440x1018.jpg 1440w\" sizes=\"auto, (max-width: 2560px) 100vw, 2560px\" \/><\/a><\/p>\n<p><a href=\"https:\/\/www.andicsalpar.hu\/wordpress\/wp-content\/uploads\/2024\/02\/3.-Tekintetek-es-negysorosok-13-scaled.jpg\"><img loading=\"lazy\" decoding=\"async\" src=\"https:\/\/www.andicsalpar.hu\/wordpress\/wp-content\/uploads\/2024\/02\/3.-Tekintetek-es-negysorosok-13-scaled.jpg\" alt=\"\" width=\"2560\" height=\"1810\" class=\"alignnone size-full wp-image-5860\" srcset=\"https:\/\/www.andicsalpar.hu\/wordpress\/wp-content\/uploads\/2024\/02\/3.-Tekintetek-es-negysorosok-13-scaled.jpg 2560w, https:\/\/www.andicsalpar.hu\/wordpress\/wp-content\/uploads\/2024\/02\/3.-Tekintetek-es-negysorosok-13-300x212.jpg 300w, https:\/\/www.andicsalpar.hu\/wordpress\/wp-content\/uploads\/2024\/02\/3.-Tekintetek-es-negysorosok-13-1024x724.jpg 1024w, https:\/\/www.andicsalpar.hu\/wordpress\/wp-content\/uploads\/2024\/02\/3.-Tekintetek-es-negysorosok-13-768x543.jpg 768w, https:\/\/www.andicsalpar.hu\/wordpress\/wp-content\/uploads\/2024\/02\/3.-Tekintetek-es-negysorosok-13-1536x1086.jpg 1536w, https:\/\/www.andicsalpar.hu\/wordpress\/wp-content\/uploads\/2024\/02\/3.-Tekintetek-es-negysorosok-13-2048x1448.jpg 2048w, https:\/\/www.andicsalpar.hu\/wordpress\/wp-content\/uploads\/2024\/02\/3.-Tekintetek-es-negysorosok-13-1440x1018.jpg 1440w\" sizes=\"auto, (max-width: 2560px) 100vw, 2560px\" \/><\/a><\/p>\n<p><a href=\"https:\/\/www.andicsalpar.hu\/wordpress\/wp-content\/uploads\/2024\/02\/4.-Tekintetek-es-negysorosok-13-scaled.jpg\"><img loading=\"lazy\" decoding=\"async\" src=\"https:\/\/www.andicsalpar.hu\/wordpress\/wp-content\/uploads\/2024\/02\/4.-Tekintetek-es-negysorosok-13-scaled.jpg\" alt=\"\" width=\"2560\" height=\"1810\" class=\"alignnone size-full wp-image-5862\" srcset=\"https:\/\/www.andicsalpar.hu\/wordpress\/wp-content\/uploads\/2024\/02\/4.-Tekintetek-es-negysorosok-13-scaled.jpg 2560w, https:\/\/www.andicsalpar.hu\/wordpress\/wp-content\/uploads\/2024\/02\/4.-Tekintetek-es-negysorosok-13-300x212.jpg 300w, https:\/\/www.andicsalpar.hu\/wordpress\/wp-content\/uploads\/2024\/02\/4.-Tekintetek-es-negysorosok-13-1024x724.jpg 1024w, https:\/\/www.andicsalpar.hu\/wordpress\/wp-content\/uploads\/2024\/02\/4.-Tekintetek-es-negysorosok-13-768x543.jpg 768w, https:\/\/www.andicsalpar.hu\/wordpress\/wp-content\/uploads\/2024\/02\/4.-Tekintetek-es-negysorosok-13-1536x1086.jpg 1536w, https:\/\/www.andicsalpar.hu\/wordpress\/wp-content\/uploads\/2024\/02\/4.-Tekintetek-es-negysorosok-13-2048x1448.jpg 2048w, https:\/\/www.andicsalpar.hu\/wordpress\/wp-content\/uploads\/2024\/02\/4.-Tekintetek-es-negysorosok-13-1440x1018.jpg 1440w\" sizes=\"auto, (max-width: 2560px) 100vw, 2560px\" \/><\/a><\/p>\n<p><a href=\"https:\/\/www.andicsalpar.hu\/wordpress\/wp-content\/uploads\/2024\/02\/5.-Tekintetek-es-negysorosok-13-scaled.jpg\"><img loading=\"lazy\" decoding=\"async\" src=\"https:\/\/www.andicsalpar.hu\/wordpress\/wp-content\/uploads\/2024\/02\/5.-Tekintetek-es-negysorosok-13-scaled.jpg\" alt=\"\" width=\"2560\" height=\"1810\" class=\"alignnone size-full wp-image-5864\" srcset=\"https:\/\/www.andicsalpar.hu\/wordpress\/wp-content\/uploads\/2024\/02\/5.-Tekintetek-es-negysorosok-13-scaled.jpg 2560w, https:\/\/www.andicsalpar.hu\/wordpress\/wp-content\/uploads\/2024\/02\/5.-Tekintetek-es-negysorosok-13-300x212.jpg 300w, https:\/\/www.andicsalpar.hu\/wordpress\/wp-content\/uploads\/2024\/02\/5.-Tekintetek-es-negysorosok-13-1024x724.jpg 1024w, https:\/\/www.andicsalpar.hu\/wordpress\/wp-content\/uploads\/2024\/02\/5.-Tekintetek-es-negysorosok-13-768x543.jpg 768w, https:\/\/www.andicsalpar.hu\/wordpress\/wp-content\/uploads\/2024\/02\/5.-Tekintetek-es-negysorosok-13-1536x1086.jpg 1536w, https:\/\/www.andicsalpar.hu\/wordpress\/wp-content\/uploads\/2024\/02\/5.-Tekintetek-es-negysorosok-13-2048x1448.jpg 2048w, https:\/\/www.andicsalpar.hu\/wordpress\/wp-content\/uploads\/2024\/02\/5.-Tekintetek-es-negysorosok-13-1440x1018.jpg 1440w\" sizes=\"auto, (max-width: 2560px) 100vw, 2560px\" \/><\/a><\/p>\n<p><a href=\"https:\/\/www.andicsalpar.hu\/wordpress\/wp-content\/uploads\/2024\/02\/6.-Tekintetek-es-negysorosok-13-scaled.jpg\"><img loading=\"lazy\" decoding=\"async\" src=\"https:\/\/www.andicsalpar.hu\/wordpress\/wp-content\/uploads\/2024\/02\/6.-Tekintetek-es-negysorosok-13-scaled.jpg\" alt=\"\" width=\"2560\" height=\"1810\" class=\"alignnone size-full wp-image-5866\" srcset=\"https:\/\/www.andicsalpar.hu\/wordpress\/wp-content\/uploads\/2024\/02\/6.-Tekintetek-es-negysorosok-13-scaled.jpg 2560w, https:\/\/www.andicsalpar.hu\/wordpress\/wp-content\/uploads\/2024\/02\/6.-Tekintetek-es-negysorosok-13-300x212.jpg 300w, https:\/\/www.andicsalpar.hu\/wordpress\/wp-content\/uploads\/2024\/02\/6.-Tekintetek-es-negysorosok-13-1024x724.jpg 1024w, https:\/\/www.andicsalpar.hu\/wordpress\/wp-content\/uploads\/2024\/02\/6.-Tekintetek-es-negysorosok-13-768x543.jpg 768w, https:\/\/www.andicsalpar.hu\/wordpress\/wp-content\/uploads\/2024\/02\/6.-Tekintetek-es-negysorosok-13-1536x1086.jpg 1536w, https:\/\/www.andicsalpar.hu\/wordpress\/wp-content\/uploads\/2024\/02\/6.-Tekintetek-es-negysorosok-13-2048x1448.jpg 2048w, https:\/\/www.andicsalpar.hu\/wordpress\/wp-content\/uploads\/2024\/02\/6.-Tekintetek-es-negysorosok-13-1440x1018.jpg 1440w\" sizes=\"auto, (max-width: 2560px) 100vw, 2560px\" \/><\/a><\/p>\n<p><a href=\"https:\/\/www.andicsalpar.hu\/wordpress\/wp-content\/uploads\/2024\/02\/7.-Tekintetek-es-negysorosok-13-scaled.jpg\"><img loading=\"lazy\" decoding=\"async\" src=\"https:\/\/www.andicsalpar.hu\/wordpress\/wp-content\/uploads\/2024\/02\/7.-Tekintetek-es-negysorosok-13-scaled.jpg\" alt=\"\" width=\"2560\" height=\"1810\" class=\"alignnone size-full wp-image-5868\" srcset=\"https:\/\/www.andicsalpar.hu\/wordpress\/wp-content\/uploads\/2024\/02\/7.-Tekintetek-es-negysorosok-13-scaled.jpg 2560w, https:\/\/www.andicsalpar.hu\/wordpress\/wp-content\/uploads\/2024\/02\/7.-Tekintetek-es-negysorosok-13-300x212.jpg 300w, https:\/\/www.andicsalpar.hu\/wordpress\/wp-content\/uploads\/2024\/02\/7.-Tekintetek-es-negysorosok-13-1024x724.jpg 1024w, https:\/\/www.andicsalpar.hu\/wordpress\/wp-content\/uploads\/2024\/02\/7.-Tekintetek-es-negysorosok-13-768x543.jpg 768w, https:\/\/www.andicsalpar.hu\/wordpress\/wp-content\/uploads\/2024\/02\/7.-Tekintetek-es-negysorosok-13-1536x1086.jpg 1536w, https:\/\/www.andicsalpar.hu\/wordpress\/wp-content\/uploads\/2024\/02\/7.-Tekintetek-es-negysorosok-13-2048x1448.jpg 2048w, https:\/\/www.andicsalpar.hu\/wordpress\/wp-content\/uploads\/2024\/02\/7.-Tekintetek-es-negysorosok-13-1440x1018.jpg 1440w\" sizes=\"auto, (max-width: 2560px) 100vw, 2560px\" \/><\/a><\/p>\n<p><a href=\"https:\/\/www.andicsalpar.hu\/wordpress\/wp-content\/uploads\/2024\/02\/8.-Tekintetek-es-negysorosok-13-scaled.jpg\"><img loading=\"lazy\" decoding=\"async\" src=\"https:\/\/www.andicsalpar.hu\/wordpress\/wp-content\/uploads\/2024\/02\/8.-Tekintetek-es-negysorosok-13-scaled.jpg\" alt=\"\" width=\"2560\" height=\"1810\" class=\"alignnone size-full wp-image-5870\" srcset=\"https:\/\/www.andicsalpar.hu\/wordpress\/wp-content\/uploads\/2024\/02\/8.-Tekintetek-es-negysorosok-13-scaled.jpg 2560w, https:\/\/www.andicsalpar.hu\/wordpress\/wp-content\/uploads\/2024\/02\/8.-Tekintetek-es-negysorosok-13-300x212.jpg 300w, https:\/\/www.andicsalpar.hu\/wordpress\/wp-content\/uploads\/2024\/02\/8.-Tekintetek-es-negysorosok-13-1024x724.jpg 1024w, https:\/\/www.andicsalpar.hu\/wordpress\/wp-content\/uploads\/2024\/02\/8.-Tekintetek-es-negysorosok-13-768x543.jpg 768w, https:\/\/www.andicsalpar.hu\/wordpress\/wp-content\/uploads\/2024\/02\/8.-Tekintetek-es-negysorosok-13-1536x1086.jpg 1536w, https:\/\/www.andicsalpar.hu\/wordpress\/wp-content\/uploads\/2024\/02\/8.-Tekintetek-es-negysorosok-13-2048x1448.jpg 2048w, https:\/\/www.andicsalpar.hu\/wordpress\/wp-content\/uploads\/2024\/02\/8.-Tekintetek-es-negysorosok-13-1440x1018.jpg 1440w\" sizes=\"auto, (max-width: 2560px) 100vw, 2560px\" \/><\/a><\/p>\n<p><a href=\"https:\/\/www.andicsalpar.hu\/wordpress\/wp-content\/uploads\/2024\/02\/9.-Tekintetek-es-negysorosok-13-scaled.jpg\"><img loading=\"lazy\" decoding=\"async\" src=\"https:\/\/www.andicsalpar.hu\/wordpress\/wp-content\/uploads\/2024\/02\/9.-Tekintetek-es-negysorosok-13-scaled.jpg\" alt=\"\" width=\"2560\" height=\"1810\" class=\"alignnone size-full wp-image-5872\" srcset=\"https:\/\/www.andicsalpar.hu\/wordpress\/wp-content\/uploads\/2024\/02\/9.-Tekintetek-es-negysorosok-13-scaled.jpg 2560w, https:\/\/www.andicsalpar.hu\/wordpress\/wp-content\/uploads\/2024\/02\/9.-Tekintetek-es-negysorosok-13-300x212.jpg 300w, https:\/\/www.andicsalpar.hu\/wordpress\/wp-content\/uploads\/2024\/02\/9.-Tekintetek-es-negysorosok-13-1024x724.jpg 1024w, https:\/\/www.andicsalpar.hu\/wordpress\/wp-content\/uploads\/2024\/02\/9.-Tekintetek-es-negysorosok-13-768x543.jpg 768w, https:\/\/www.andicsalpar.hu\/wordpress\/wp-content\/uploads\/2024\/02\/9.-Tekintetek-es-negysorosok-13-1536x1086.jpg 1536w, https:\/\/www.andicsalpar.hu\/wordpress\/wp-content\/uploads\/2024\/02\/9.-Tekintetek-es-negysorosok-13-2048x1448.jpg 2048w, https:\/\/www.andicsalpar.hu\/wordpress\/wp-content\/uploads\/2024\/02\/9.-Tekintetek-es-negysorosok-13-1440x1018.jpg 1440w\" sizes=\"auto, (max-width: 2560px) 100vw, 2560px\" \/><\/a><\/p>\n<p><a href=\"https:\/\/www.andicsalpar.hu\/wordpress\/wp-content\/uploads\/2024\/02\/10.-Tekintetek-es-negysorosok-13-scaled.jpg\"><img loading=\"lazy\" decoding=\"async\" src=\"https:\/\/www.andicsalpar.hu\/wordpress\/wp-content\/uploads\/2024\/02\/10.-Tekintetek-es-negysorosok-13-scaled.jpg\" alt=\"\" width=\"2560\" height=\"1810\" class=\"alignnone size-full wp-image-5874\" srcset=\"https:\/\/www.andicsalpar.hu\/wordpress\/wp-content\/uploads\/2024\/02\/10.-Tekintetek-es-negysorosok-13-scaled.jpg 2560w, https:\/\/www.andicsalpar.hu\/wordpress\/wp-content\/uploads\/2024\/02\/10.-Tekintetek-es-negysorosok-13-300x212.jpg 300w, https:\/\/www.andicsalpar.hu\/wordpress\/wp-content\/uploads\/2024\/02\/10.-Tekintetek-es-negysorosok-13-1024x724.jpg 1024w, https:\/\/www.andicsalpar.hu\/wordpress\/wp-content\/uploads\/2024\/02\/10.-Tekintetek-es-negysorosok-13-768x543.jpg 768w, https:\/\/www.andicsalpar.hu\/wordpress\/wp-content\/uploads\/2024\/02\/10.-Tekintetek-es-negysorosok-13-1536x1086.jpg 1536w, https:\/\/www.andicsalpar.hu\/wordpress\/wp-content\/uploads\/2024\/02\/10.-Tekintetek-es-negysorosok-13-2048x1448.jpg 2048w, https:\/\/www.andicsalpar.hu\/wordpress\/wp-content\/uploads\/2024\/02\/10.-Tekintetek-es-negysorosok-13-1440x1018.jpg 1440w\" sizes=\"auto, (max-width: 2560px) 100vw, 2560px\" \/><\/a><\/p>\n<p><a href=\"https:\/\/www.andicsalpar.hu\/wordpress\/wp-content\/uploads\/2024\/02\/11.-Tekintetek-es-negysorosok-13-scaled.jpg\"><img loading=\"lazy\" decoding=\"async\" src=\"https:\/\/www.andicsalpar.hu\/wordpress\/wp-content\/uploads\/2024\/02\/11.-Tekintetek-es-negysorosok-13-scaled.jpg\" alt=\"\" width=\"2560\" height=\"1810\" class=\"alignnone size-full wp-image-5876\" srcset=\"https:\/\/www.andicsalpar.hu\/wordpress\/wp-content\/uploads\/2024\/02\/11.-Tekintetek-es-negysorosok-13-scaled.jpg 2560w, https:\/\/www.andicsalpar.hu\/wordpress\/wp-content\/uploads\/2024\/02\/11.-Tekintetek-es-negysorosok-13-300x212.jpg 300w, https:\/\/www.andicsalpar.hu\/wordpress\/wp-content\/uploads\/2024\/02\/11.-Tekintetek-es-negysorosok-13-1024x724.jpg 1024w, https:\/\/www.andicsalpar.hu\/wordpress\/wp-content\/uploads\/2024\/02\/11.-Tekintetek-es-negysorosok-13-768x543.jpg 768w, https:\/\/www.andicsalpar.hu\/wordpress\/wp-content\/uploads\/2024\/02\/11.-Tekintetek-es-negysorosok-13-1536x1086.jpg 1536w, https:\/\/www.andicsalpar.hu\/wordpress\/wp-content\/uploads\/2024\/02\/11.-Tekintetek-es-negysorosok-13-2048x1448.jpg 2048w, https:\/\/www.andicsalpar.hu\/wordpress\/wp-content\/uploads\/2024\/02\/11.-Tekintetek-es-negysorosok-13-1440x1018.jpg 1440w\" sizes=\"auto, (max-width: 2560px) 100vw, 2560px\" \/><\/a><\/p>\n<p><a href=\"https:\/\/www.andicsalpar.hu\/wordpress\/wp-content\/uploads\/2024\/02\/12.-Tekintetek-es-negysorosok-13-scaled.jpg\"><img loading=\"lazy\" decoding=\"async\" src=\"https:\/\/www.andicsalpar.hu\/wordpress\/wp-content\/uploads\/2024\/02\/12.-Tekintetek-es-negysorosok-13-scaled.jpg\" alt=\"\" width=\"2560\" height=\"1810\" class=\"alignnone size-full wp-image-5878\" srcset=\"https:\/\/www.andicsalpar.hu\/wordpress\/wp-content\/uploads\/2024\/02\/12.-Tekintetek-es-negysorosok-13-scaled.jpg 2560w, https:\/\/www.andicsalpar.hu\/wordpress\/wp-content\/uploads\/2024\/02\/12.-Tekintetek-es-negysorosok-13-300x212.jpg 300w, https:\/\/www.andicsalpar.hu\/wordpress\/wp-content\/uploads\/2024\/02\/12.-Tekintetek-es-negysorosok-13-1024x724.jpg 1024w, https:\/\/www.andicsalpar.hu\/wordpress\/wp-content\/uploads\/2024\/02\/12.-Tekintetek-es-negysorosok-13-768x543.jpg 768w, https:\/\/www.andicsalpar.hu\/wordpress\/wp-content\/uploads\/2024\/02\/12.-Tekintetek-es-negysorosok-13-1536x1086.jpg 1536w, https:\/\/www.andicsalpar.hu\/wordpress\/wp-content\/uploads\/2024\/02\/12.-Tekintetek-es-negysorosok-13-2048x1448.jpg 2048w, https:\/\/www.andicsalpar.hu\/wordpress\/wp-content\/uploads\/2024\/02\/12.-Tekintetek-es-negysorosok-13-1440x1018.jpg 1440w\" sizes=\"auto, (max-width: 2560px) 100vw, 2560px\" \/><\/a><\/p>\n","protected":false},"excerpt":{"rendered":"","protected":false},"author":1,"featured_media":0,"parent":5617,"menu_order":0,"comment_status":"closed","ping_status":"closed","template":"","meta":{"footnotes":""},"class_list":["post-5856","page","type-page","status-publish","hentry"],"_links":{"self":[{"href":"https:\/\/www.andicsalpar.hu\/wordpress\/index.php?rest_route=\/wp\/v2\/pages\/5856","targetHints":{"allow":["GET"]}}],"collection":[{"href":"https:\/\/www.andicsalpar.hu\/wordpress\/index.php?rest_route=\/wp\/v2\/pages"}],"about":[{"href":"https:\/\/www.andicsalpar.hu\/wordpress\/index.php?rest_route=\/wp\/v2\/types\/page"}],"author":[{"embeddable":true,"href":"https:\/\/www.andicsalpar.hu\/wordpress\/index.php?rest_route=\/wp\/v2\/users\/1"}],"replies":[{"embeddable":true,"href":"https:\/\/www.andicsalpar.hu\/wordpress\/index.php?rest_route=%2Fwp%2Fv2%2Fcomments&post=5856"}],"version-history":[{"count":1,"href":"https:\/\/www.andicsalpar.hu\/wordpress\/index.php?rest_route=\/wp\/v2\/pages\/5856\/revisions"}],"predecessor-version":[{"id":5882,"href":"https:\/\/www.andicsalpar.hu\/wordpress\/index.php?rest_route=\/wp\/v2\/pages\/5856\/revisions\/5882"}],"up":[{"embeddable":true,"href":"https:\/\/www.andicsalpar.hu\/wordpress\/index.php?rest_route=\/wp\/v2\/pages\/5617"}],"wp:attachment":[{"href":"https:\/\/www.andicsalpar.hu\/wordpress\/index.php?rest_route=%2Fwp%2Fv2%2Fmedia&parent=5856"}],"curies":[{"name":"wp","href":"https:\/\/api.w.org\/{rel}","templated":true}]}}