{"id":5853,"date":"2024-02-04T14:00:42","date_gmt":"2024-02-04T13:00:42","guid":{"rendered":"https:\/\/www.andicsalpar.hu\/wordpress\/?page_id=5853"},"modified":"2024-02-04T14:00:42","modified_gmt":"2024-02-04T13:00:42","slug":"13-tekintetek-es-negysorosok-13-resz","status":"publish","type":"page","link":"https:\/\/www.andicsalpar.hu\/wordpress\/?page_id=5853","title":{"rendered":"13. Tekintetek \u00e9s n\u00e9gysorosok. 13. r\u00e9sz"},"content":{"rendered":"<p><a href=\"https:\/\/www.andicsalpar.hu\/wordpress\/wp-content\/uploads\/2024\/02\/1.-Tekintetek-es-negysorosok-11-scaled.jpg\"><img loading=\"lazy\" decoding=\"async\" src=\"https:\/\/www.andicsalpar.hu\/wordpress\/wp-content\/uploads\/2024\/02\/1.-Tekintetek-es-negysorosok-11-scaled.jpg\" alt=\"\" width=\"2560\" height=\"1810\" class=\"alignnone size-full wp-image-5840\" srcset=\"https:\/\/www.andicsalpar.hu\/wordpress\/wp-content\/uploads\/2024\/02\/1.-Tekintetek-es-negysorosok-11-scaled.jpg 2560w, https:\/\/www.andicsalpar.hu\/wordpress\/wp-content\/uploads\/2024\/02\/1.-Tekintetek-es-negysorosok-11-300x212.jpg 300w, https:\/\/www.andicsalpar.hu\/wordpress\/wp-content\/uploads\/2024\/02\/1.-Tekintetek-es-negysorosok-11-1024x724.jpg 1024w, https:\/\/www.andicsalpar.hu\/wordpress\/wp-content\/uploads\/2024\/02\/1.-Tekintetek-es-negysorosok-11-768x543.jpg 768w, https:\/\/www.andicsalpar.hu\/wordpress\/wp-content\/uploads\/2024\/02\/1.-Tekintetek-es-negysorosok-11-1536x1086.jpg 1536w, https:\/\/www.andicsalpar.hu\/wordpress\/wp-content\/uploads\/2024\/02\/1.-Tekintetek-es-negysorosok-11-2048x1448.jpg 2048w, https:\/\/www.andicsalpar.hu\/wordpress\/wp-content\/uploads\/2024\/02\/1.-Tekintetek-es-negysorosok-11-1440x1018.jpg 1440w\" sizes=\"auto, (max-width: 2560px) 100vw, 2560px\" \/><\/a><\/p>\n<p><a href=\"https:\/\/www.andicsalpar.hu\/wordpress\/wp-content\/uploads\/2024\/02\/2.-Tekintetek-es-negysorosok-11-scaled.jpg\"><img loading=\"lazy\" decoding=\"async\" src=\"https:\/\/www.andicsalpar.hu\/wordpress\/wp-content\/uploads\/2024\/02\/2.-Tekintetek-es-negysorosok-11-scaled.jpg\" alt=\"\" width=\"2560\" height=\"1810\" class=\"alignnone size-full wp-image-5841\" srcset=\"https:\/\/www.andicsalpar.hu\/wordpress\/wp-content\/uploads\/2024\/02\/2.-Tekintetek-es-negysorosok-11-scaled.jpg 2560w, https:\/\/www.andicsalpar.hu\/wordpress\/wp-content\/uploads\/2024\/02\/2.-Tekintetek-es-negysorosok-11-300x212.jpg 300w, https:\/\/www.andicsalpar.hu\/wordpress\/wp-content\/uploads\/2024\/02\/2.-Tekintetek-es-negysorosok-11-1024x724.jpg 1024w, https:\/\/www.andicsalpar.hu\/wordpress\/wp-content\/uploads\/2024\/02\/2.-Tekintetek-es-negysorosok-11-768x543.jpg 768w, https:\/\/www.andicsalpar.hu\/wordpress\/wp-content\/uploads\/2024\/02\/2.-Tekintetek-es-negysorosok-11-1536x1086.jpg 1536w, https:\/\/www.andicsalpar.hu\/wordpress\/wp-content\/uploads\/2024\/02\/2.-Tekintetek-es-negysorosok-11-2048x1448.jpg 2048w, https:\/\/www.andicsalpar.hu\/wordpress\/wp-content\/uploads\/2024\/02\/2.-Tekintetek-es-negysorosok-11-1440x1018.jpg 1440w\" sizes=\"auto, (max-width: 2560px) 100vw, 2560px\" \/><\/a><\/p>\n<p><a href=\"https:\/\/www.andicsalpar.hu\/wordpress\/wp-content\/uploads\/2024\/02\/3.-Tekintetek-es-negysorosok-12-scaled.jpg\"><img loading=\"lazy\" decoding=\"async\" src=\"https:\/\/www.andicsalpar.hu\/wordpress\/wp-content\/uploads\/2024\/02\/3.-Tekintetek-es-negysorosok-12-scaled.jpg\" alt=\"\" width=\"2560\" height=\"1810\" class=\"alignnone size-full wp-image-5842\" srcset=\"https:\/\/www.andicsalpar.hu\/wordpress\/wp-content\/uploads\/2024\/02\/3.-Tekintetek-es-negysorosok-12-scaled.jpg 2560w, https:\/\/www.andicsalpar.hu\/wordpress\/wp-content\/uploads\/2024\/02\/3.-Tekintetek-es-negysorosok-12-300x212.jpg 300w, https:\/\/www.andicsalpar.hu\/wordpress\/wp-content\/uploads\/2024\/02\/3.-Tekintetek-es-negysorosok-12-1024x724.jpg 1024w, https:\/\/www.andicsalpar.hu\/wordpress\/wp-content\/uploads\/2024\/02\/3.-Tekintetek-es-negysorosok-12-768x543.jpg 768w, https:\/\/www.andicsalpar.hu\/wordpress\/wp-content\/uploads\/2024\/02\/3.-Tekintetek-es-negysorosok-12-1536x1086.jpg 1536w, https:\/\/www.andicsalpar.hu\/wordpress\/wp-content\/uploads\/2024\/02\/3.-Tekintetek-es-negysorosok-12-2048x1448.jpg 2048w, https:\/\/www.andicsalpar.hu\/wordpress\/wp-content\/uploads\/2024\/02\/3.-Tekintetek-es-negysorosok-12-1440x1018.jpg 1440w\" sizes=\"auto, (max-width: 2560px) 100vw, 2560px\" \/><\/a><\/p>\n<p><a href=\"https:\/\/www.andicsalpar.hu\/wordpress\/wp-content\/uploads\/2024\/02\/4.-Tekintetek-es-negysorosok-12-scaled.jpg\"><img loading=\"lazy\" decoding=\"async\" src=\"https:\/\/www.andicsalpar.hu\/wordpress\/wp-content\/uploads\/2024\/02\/4.-Tekintetek-es-negysorosok-12-scaled.jpg\" alt=\"\" width=\"2560\" height=\"1810\" class=\"alignnone size-full wp-image-5843\" srcset=\"https:\/\/www.andicsalpar.hu\/wordpress\/wp-content\/uploads\/2024\/02\/4.-Tekintetek-es-negysorosok-12-scaled.jpg 2560w, https:\/\/www.andicsalpar.hu\/wordpress\/wp-content\/uploads\/2024\/02\/4.-Tekintetek-es-negysorosok-12-300x212.jpg 300w, https:\/\/www.andicsalpar.hu\/wordpress\/wp-content\/uploads\/2024\/02\/4.-Tekintetek-es-negysorosok-12-1024x724.jpg 1024w, https:\/\/www.andicsalpar.hu\/wordpress\/wp-content\/uploads\/2024\/02\/4.-Tekintetek-es-negysorosok-12-768x543.jpg 768w, https:\/\/www.andicsalpar.hu\/wordpress\/wp-content\/uploads\/2024\/02\/4.-Tekintetek-es-negysorosok-12-1536x1086.jpg 1536w, https:\/\/www.andicsalpar.hu\/wordpress\/wp-content\/uploads\/2024\/02\/4.-Tekintetek-es-negysorosok-12-2048x1448.jpg 2048w, https:\/\/www.andicsalpar.hu\/wordpress\/wp-content\/uploads\/2024\/02\/4.-Tekintetek-es-negysorosok-12-1440x1018.jpg 1440w\" sizes=\"auto, (max-width: 2560px) 100vw, 2560px\" \/><\/a><\/p>\n<p><a href=\"https:\/\/www.andicsalpar.hu\/wordpress\/wp-content\/uploads\/2024\/02\/5.-Tekintetek-es-negysorosok-12-scaled.jpg\"><img loading=\"lazy\" decoding=\"async\" src=\"https:\/\/www.andicsalpar.hu\/wordpress\/wp-content\/uploads\/2024\/02\/5.-Tekintetek-es-negysorosok-12-scaled.jpg\" alt=\"\" width=\"2560\" height=\"1810\" class=\"alignnone size-full wp-image-5844\" srcset=\"https:\/\/www.andicsalpar.hu\/wordpress\/wp-content\/uploads\/2024\/02\/5.-Tekintetek-es-negysorosok-12-scaled.jpg 2560w, https:\/\/www.andicsalpar.hu\/wordpress\/wp-content\/uploads\/2024\/02\/5.-Tekintetek-es-negysorosok-12-300x212.jpg 300w, https:\/\/www.andicsalpar.hu\/wordpress\/wp-content\/uploads\/2024\/02\/5.-Tekintetek-es-negysorosok-12-1024x724.jpg 1024w, https:\/\/www.andicsalpar.hu\/wordpress\/wp-content\/uploads\/2024\/02\/5.-Tekintetek-es-negysorosok-12-768x543.jpg 768w, https:\/\/www.andicsalpar.hu\/wordpress\/wp-content\/uploads\/2024\/02\/5.-Tekintetek-es-negysorosok-12-1536x1086.jpg 1536w, https:\/\/www.andicsalpar.hu\/wordpress\/wp-content\/uploads\/2024\/02\/5.-Tekintetek-es-negysorosok-12-2048x1448.jpg 2048w, https:\/\/www.andicsalpar.hu\/wordpress\/wp-content\/uploads\/2024\/02\/5.-Tekintetek-es-negysorosok-12-1440x1018.jpg 1440w\" sizes=\"auto, (max-width: 2560px) 100vw, 2560px\" \/><\/a><\/p>\n<p><a href=\"https:\/\/www.andicsalpar.hu\/wordpress\/wp-content\/uploads\/2024\/02\/6.-Tekintetek-es-negysorosok-12-scaled.jpg\"><img loading=\"lazy\" decoding=\"async\" src=\"https:\/\/www.andicsalpar.hu\/wordpress\/wp-content\/uploads\/2024\/02\/6.-Tekintetek-es-negysorosok-12-scaled.jpg\" alt=\"\" width=\"2560\" height=\"1810\" class=\"alignnone size-full wp-image-5845\" srcset=\"https:\/\/www.andicsalpar.hu\/wordpress\/wp-content\/uploads\/2024\/02\/6.-Tekintetek-es-negysorosok-12-scaled.jpg 2560w, https:\/\/www.andicsalpar.hu\/wordpress\/wp-content\/uploads\/2024\/02\/6.-Tekintetek-es-negysorosok-12-300x212.jpg 300w, https:\/\/www.andicsalpar.hu\/wordpress\/wp-content\/uploads\/2024\/02\/6.-Tekintetek-es-negysorosok-12-1024x724.jpg 1024w, https:\/\/www.andicsalpar.hu\/wordpress\/wp-content\/uploads\/2024\/02\/6.-Tekintetek-es-negysorosok-12-768x543.jpg 768w, https:\/\/www.andicsalpar.hu\/wordpress\/wp-content\/uploads\/2024\/02\/6.-Tekintetek-es-negysorosok-12-1536x1086.jpg 1536w, https:\/\/www.andicsalpar.hu\/wordpress\/wp-content\/uploads\/2024\/02\/6.-Tekintetek-es-negysorosok-12-2048x1448.jpg 2048w, https:\/\/www.andicsalpar.hu\/wordpress\/wp-content\/uploads\/2024\/02\/6.-Tekintetek-es-negysorosok-12-1440x1018.jpg 1440w\" sizes=\"auto, (max-width: 2560px) 100vw, 2560px\" \/><\/a><\/p>\n<p><a href=\"https:\/\/www.andicsalpar.hu\/wordpress\/wp-content\/uploads\/2024\/02\/7.-Tekintetek-es-negysorosok-12-scaled.jpg\"><img loading=\"lazy\" decoding=\"async\" src=\"https:\/\/www.andicsalpar.hu\/wordpress\/wp-content\/uploads\/2024\/02\/7.-Tekintetek-es-negysorosok-12-scaled.jpg\" alt=\"\" width=\"2560\" height=\"1810\" class=\"alignnone size-full wp-image-5846\" srcset=\"https:\/\/www.andicsalpar.hu\/wordpress\/wp-content\/uploads\/2024\/02\/7.-Tekintetek-es-negysorosok-12-scaled.jpg 2560w, https:\/\/www.andicsalpar.hu\/wordpress\/wp-content\/uploads\/2024\/02\/7.-Tekintetek-es-negysorosok-12-300x212.jpg 300w, https:\/\/www.andicsalpar.hu\/wordpress\/wp-content\/uploads\/2024\/02\/7.-Tekintetek-es-negysorosok-12-1024x724.jpg 1024w, https:\/\/www.andicsalpar.hu\/wordpress\/wp-content\/uploads\/2024\/02\/7.-Tekintetek-es-negysorosok-12-768x543.jpg 768w, https:\/\/www.andicsalpar.hu\/wordpress\/wp-content\/uploads\/2024\/02\/7.-Tekintetek-es-negysorosok-12-1536x1086.jpg 1536w, https:\/\/www.andicsalpar.hu\/wordpress\/wp-content\/uploads\/2024\/02\/7.-Tekintetek-es-negysorosok-12-2048x1448.jpg 2048w, https:\/\/www.andicsalpar.hu\/wordpress\/wp-content\/uploads\/2024\/02\/7.-Tekintetek-es-negysorosok-12-1440x1018.jpg 1440w\" sizes=\"auto, (max-width: 2560px) 100vw, 2560px\" \/><\/a><\/p>\n<p><a href=\"https:\/\/www.andicsalpar.hu\/wordpress\/wp-content\/uploads\/2024\/02\/8.-Tekintetek-es-negysorosok-12-scaled.jpg\"><img loading=\"lazy\" decoding=\"async\" src=\"https:\/\/www.andicsalpar.hu\/wordpress\/wp-content\/uploads\/2024\/02\/8.-Tekintetek-es-negysorosok-12-scaled.jpg\" alt=\"\" width=\"2560\" height=\"1810\" class=\"alignnone size-full wp-image-5847\" srcset=\"https:\/\/www.andicsalpar.hu\/wordpress\/wp-content\/uploads\/2024\/02\/8.-Tekintetek-es-negysorosok-12-scaled.jpg 2560w, https:\/\/www.andicsalpar.hu\/wordpress\/wp-content\/uploads\/2024\/02\/8.-Tekintetek-es-negysorosok-12-300x212.jpg 300w, https:\/\/www.andicsalpar.hu\/wordpress\/wp-content\/uploads\/2024\/02\/8.-Tekintetek-es-negysorosok-12-1024x724.jpg 1024w, https:\/\/www.andicsalpar.hu\/wordpress\/wp-content\/uploads\/2024\/02\/8.-Tekintetek-es-negysorosok-12-768x543.jpg 768w, https:\/\/www.andicsalpar.hu\/wordpress\/wp-content\/uploads\/2024\/02\/8.-Tekintetek-es-negysorosok-12-1536x1086.jpg 1536w, https:\/\/www.andicsalpar.hu\/wordpress\/wp-content\/uploads\/2024\/02\/8.-Tekintetek-es-negysorosok-12-2048x1448.jpg 2048w, https:\/\/www.andicsalpar.hu\/wordpress\/wp-content\/uploads\/2024\/02\/8.-Tekintetek-es-negysorosok-12-1440x1018.jpg 1440w\" sizes=\"auto, (max-width: 2560px) 100vw, 2560px\" \/><\/a><\/p>\n<p><a href=\"https:\/\/www.andicsalpar.hu\/wordpress\/wp-content\/uploads\/2024\/02\/9.-Tekintetek-es-negysorosok-12-scaled.jpg\"><img loading=\"lazy\" decoding=\"async\" src=\"https:\/\/www.andicsalpar.hu\/wordpress\/wp-content\/uploads\/2024\/02\/9.-Tekintetek-es-negysorosok-12-scaled.jpg\" alt=\"\" width=\"2560\" height=\"1810\" class=\"alignnone size-full wp-image-5848\" srcset=\"https:\/\/www.andicsalpar.hu\/wordpress\/wp-content\/uploads\/2024\/02\/9.-Tekintetek-es-negysorosok-12-scaled.jpg 2560w, https:\/\/www.andicsalpar.hu\/wordpress\/wp-content\/uploads\/2024\/02\/9.-Tekintetek-es-negysorosok-12-300x212.jpg 300w, https:\/\/www.andicsalpar.hu\/wordpress\/wp-content\/uploads\/2024\/02\/9.-Tekintetek-es-negysorosok-12-1024x724.jpg 1024w, https:\/\/www.andicsalpar.hu\/wordpress\/wp-content\/uploads\/2024\/02\/9.-Tekintetek-es-negysorosok-12-768x543.jpg 768w, https:\/\/www.andicsalpar.hu\/wordpress\/wp-content\/uploads\/2024\/02\/9.-Tekintetek-es-negysorosok-12-1536x1086.jpg 1536w, https:\/\/www.andicsalpar.hu\/wordpress\/wp-content\/uploads\/2024\/02\/9.-Tekintetek-es-negysorosok-12-2048x1448.jpg 2048w, https:\/\/www.andicsalpar.hu\/wordpress\/wp-content\/uploads\/2024\/02\/9.-Tekintetek-es-negysorosok-12-1440x1018.jpg 1440w\" sizes=\"auto, (max-width: 2560px) 100vw, 2560px\" \/><\/a><\/p>\n<p><a href=\"https:\/\/www.andicsalpar.hu\/wordpress\/wp-content\/uploads\/2024\/02\/10.-Tekintetek-es-negysorosok-12-scaled.jpg\"><img loading=\"lazy\" decoding=\"async\" src=\"https:\/\/www.andicsalpar.hu\/wordpress\/wp-content\/uploads\/2024\/02\/10.-Tekintetek-es-negysorosok-12-scaled.jpg\" alt=\"\" width=\"2560\" height=\"1810\" class=\"alignnone size-full wp-image-5849\" srcset=\"https:\/\/www.andicsalpar.hu\/wordpress\/wp-content\/uploads\/2024\/02\/10.-Tekintetek-es-negysorosok-12-scaled.jpg 2560w, https:\/\/www.andicsalpar.hu\/wordpress\/wp-content\/uploads\/2024\/02\/10.-Tekintetek-es-negysorosok-12-300x212.jpg 300w, https:\/\/www.andicsalpar.hu\/wordpress\/wp-content\/uploads\/2024\/02\/10.-Tekintetek-es-negysorosok-12-1024x724.jpg 1024w, https:\/\/www.andicsalpar.hu\/wordpress\/wp-content\/uploads\/2024\/02\/10.-Tekintetek-es-negysorosok-12-768x543.jpg 768w, https:\/\/www.andicsalpar.hu\/wordpress\/wp-content\/uploads\/2024\/02\/10.-Tekintetek-es-negysorosok-12-1536x1086.jpg 1536w, https:\/\/www.andicsalpar.hu\/wordpress\/wp-content\/uploads\/2024\/02\/10.-Tekintetek-es-negysorosok-12-2048x1448.jpg 2048w, https:\/\/www.andicsalpar.hu\/wordpress\/wp-content\/uploads\/2024\/02\/10.-Tekintetek-es-negysorosok-12-1440x1018.jpg 1440w\" sizes=\"auto, (max-width: 2560px) 100vw, 2560px\" \/><\/a><\/p>\n<p><a href=\"https:\/\/www.andicsalpar.hu\/wordpress\/wp-content\/uploads\/2024\/02\/11.-Tekintetek-es-negysorosok-12-scaled.jpg\"><img loading=\"lazy\" decoding=\"async\" src=\"https:\/\/www.andicsalpar.hu\/wordpress\/wp-content\/uploads\/2024\/02\/11.-Tekintetek-es-negysorosok-12-scaled.jpg\" alt=\"\" width=\"2560\" height=\"1810\" class=\"alignnone size-full wp-image-5850\" srcset=\"https:\/\/www.andicsalpar.hu\/wordpress\/wp-content\/uploads\/2024\/02\/11.-Tekintetek-es-negysorosok-12-scaled.jpg 2560w, https:\/\/www.andicsalpar.hu\/wordpress\/wp-content\/uploads\/2024\/02\/11.-Tekintetek-es-negysorosok-12-300x212.jpg 300w, https:\/\/www.andicsalpar.hu\/wordpress\/wp-content\/uploads\/2024\/02\/11.-Tekintetek-es-negysorosok-12-1024x724.jpg 1024w, https:\/\/www.andicsalpar.hu\/wordpress\/wp-content\/uploads\/2024\/02\/11.-Tekintetek-es-negysorosok-12-768x543.jpg 768w, https:\/\/www.andicsalpar.hu\/wordpress\/wp-content\/uploads\/2024\/02\/11.-Tekintetek-es-negysorosok-12-1536x1086.jpg 1536w, https:\/\/www.andicsalpar.hu\/wordpress\/wp-content\/uploads\/2024\/02\/11.-Tekintetek-es-negysorosok-12-2048x1448.jpg 2048w, https:\/\/www.andicsalpar.hu\/wordpress\/wp-content\/uploads\/2024\/02\/11.-Tekintetek-es-negysorosok-12-1440x1018.jpg 1440w\" sizes=\"auto, (max-width: 2560px) 100vw, 2560px\" \/><\/a><\/p>\n<p><a href=\"https:\/\/www.andicsalpar.hu\/wordpress\/wp-content\/uploads\/2024\/02\/12.-Tekintetek-es-negysorosok-12-scaled.jpg\"><img loading=\"lazy\" decoding=\"async\" src=\"https:\/\/www.andicsalpar.hu\/wordpress\/wp-content\/uploads\/2024\/02\/12.-Tekintetek-es-negysorosok-12-scaled.jpg\" alt=\"\" width=\"2560\" height=\"1810\" class=\"alignnone size-full wp-image-5851\" srcset=\"https:\/\/www.andicsalpar.hu\/wordpress\/wp-content\/uploads\/2024\/02\/12.-Tekintetek-es-negysorosok-12-scaled.jpg 2560w, https:\/\/www.andicsalpar.hu\/wordpress\/wp-content\/uploads\/2024\/02\/12.-Tekintetek-es-negysorosok-12-300x212.jpg 300w, https:\/\/www.andicsalpar.hu\/wordpress\/wp-content\/uploads\/2024\/02\/12.-Tekintetek-es-negysorosok-12-1024x724.jpg 1024w, https:\/\/www.andicsalpar.hu\/wordpress\/wp-content\/uploads\/2024\/02\/12.-Tekintetek-es-negysorosok-12-768x543.jpg 768w, https:\/\/www.andicsalpar.hu\/wordpress\/wp-content\/uploads\/2024\/02\/12.-Tekintetek-es-negysorosok-12-1536x1086.jpg 1536w, https:\/\/www.andicsalpar.hu\/wordpress\/wp-content\/uploads\/2024\/02\/12.-Tekintetek-es-negysorosok-12-2048x1448.jpg 2048w, https:\/\/www.andicsalpar.hu\/wordpress\/wp-content\/uploads\/2024\/02\/12.-Tekintetek-es-negysorosok-12-1440x1018.jpg 1440w\" sizes=\"auto, (max-width: 2560px) 100vw, 2560px\" \/><\/a><\/p>\n","protected":false},"excerpt":{"rendered":"","protected":false},"author":1,"featured_media":0,"parent":5617,"menu_order":0,"comment_status":"closed","ping_status":"closed","template":"","meta":{"footnotes":""},"class_list":["post-5853","page","type-page","status-publish","hentry"],"_links":{"self":[{"href":"https:\/\/www.andicsalpar.hu\/wordpress\/index.php?rest_route=\/wp\/v2\/pages\/5853","targetHints":{"allow":["GET"]}}],"collection":[{"href":"https:\/\/www.andicsalpar.hu\/wordpress\/index.php?rest_route=\/wp\/v2\/pages"}],"about":[{"href":"https:\/\/www.andicsalpar.hu\/wordpress\/index.php?rest_route=\/wp\/v2\/types\/page"}],"author":[{"embeddable":true,"href":"https:\/\/www.andicsalpar.hu\/wordpress\/index.php?rest_route=\/wp\/v2\/users\/1"}],"replies":[{"embeddable":true,"href":"https:\/\/www.andicsalpar.hu\/wordpress\/index.php?rest_route=%2Fwp%2Fv2%2Fcomments&post=5853"}],"version-history":[{"count":1,"href":"https:\/\/www.andicsalpar.hu\/wordpress\/index.php?rest_route=\/wp\/v2\/pages\/5853\/revisions"}],"predecessor-version":[{"id":5854,"href":"https:\/\/www.andicsalpar.hu\/wordpress\/index.php?rest_route=\/wp\/v2\/pages\/5853\/revisions\/5854"}],"up":[{"embeddable":true,"href":"https:\/\/www.andicsalpar.hu\/wordpress\/index.php?rest_route=\/wp\/v2\/pages\/5617"}],"wp:attachment":[{"href":"https:\/\/www.andicsalpar.hu\/wordpress\/index.php?rest_route=%2Fwp%2Fv2%2Fmedia&parent=5853"}],"curies":[{"name":"wp","href":"https:\/\/api.w.org\/{rel}","templated":true}]}}