{"id":5783,"date":"2024-02-04T13:51:13","date_gmt":"2024-02-04T12:51:13","guid":{"rendered":"https:\/\/www.andicsalpar.hu\/wordpress\/?page_id=5783"},"modified":"2024-02-04T13:51:13","modified_gmt":"2024-02-04T12:51:13","slug":"11-tekintetek-es-negysorosok-11-resz","status":"publish","type":"page","link":"https:\/\/www.andicsalpar.hu\/wordpress\/?page_id=5783","title":{"rendered":"11. Tekintetek \u00e9s n\u00e9gysorosok. 11. r\u00e9sz"},"content":{"rendered":"<p><a href=\"https:\/\/www.andicsalpar.hu\/wordpress\/wp-content\/uploads\/2024\/02\/1.-Tekintetek-es-negysorosok-9-scaled.jpg\"><img loading=\"lazy\" decoding=\"async\" src=\"https:\/\/www.andicsalpar.hu\/wordpress\/wp-content\/uploads\/2024\/02\/1.-Tekintetek-es-negysorosok-9-scaled.jpg\" alt=\"\" width=\"2560\" height=\"1810\" class=\"alignnone size-full wp-image-5785\" srcset=\"https:\/\/www.andicsalpar.hu\/wordpress\/wp-content\/uploads\/2024\/02\/1.-Tekintetek-es-negysorosok-9-scaled.jpg 2560w, https:\/\/www.andicsalpar.hu\/wordpress\/wp-content\/uploads\/2024\/02\/1.-Tekintetek-es-negysorosok-9-300x212.jpg 300w, https:\/\/www.andicsalpar.hu\/wordpress\/wp-content\/uploads\/2024\/02\/1.-Tekintetek-es-negysorosok-9-1024x724.jpg 1024w, https:\/\/www.andicsalpar.hu\/wordpress\/wp-content\/uploads\/2024\/02\/1.-Tekintetek-es-negysorosok-9-768x543.jpg 768w, https:\/\/www.andicsalpar.hu\/wordpress\/wp-content\/uploads\/2024\/02\/1.-Tekintetek-es-negysorosok-9-1536x1086.jpg 1536w, https:\/\/www.andicsalpar.hu\/wordpress\/wp-content\/uploads\/2024\/02\/1.-Tekintetek-es-negysorosok-9-2048x1448.jpg 2048w, https:\/\/www.andicsalpar.hu\/wordpress\/wp-content\/uploads\/2024\/02\/1.-Tekintetek-es-negysorosok-9-1440x1018.jpg 1440w\" sizes=\"auto, (max-width: 2560px) 100vw, 2560px\" \/><\/a><\/p>\n<p><a href=\"https:\/\/www.andicsalpar.hu\/wordpress\/wp-content\/uploads\/2024\/02\/2.-Tekintetek-es-negysorosok-9-scaled.jpg\"><img loading=\"lazy\" decoding=\"async\" src=\"https:\/\/www.andicsalpar.hu\/wordpress\/wp-content\/uploads\/2024\/02\/2.-Tekintetek-es-negysorosok-9-scaled.jpg\" alt=\"\" width=\"2560\" height=\"1810\" class=\"alignnone size-full wp-image-5795\" srcset=\"https:\/\/www.andicsalpar.hu\/wordpress\/wp-content\/uploads\/2024\/02\/2.-Tekintetek-es-negysorosok-9-scaled.jpg 2560w, https:\/\/www.andicsalpar.hu\/wordpress\/wp-content\/uploads\/2024\/02\/2.-Tekintetek-es-negysorosok-9-300x212.jpg 300w, https:\/\/www.andicsalpar.hu\/wordpress\/wp-content\/uploads\/2024\/02\/2.-Tekintetek-es-negysorosok-9-1024x724.jpg 1024w, https:\/\/www.andicsalpar.hu\/wordpress\/wp-content\/uploads\/2024\/02\/2.-Tekintetek-es-negysorosok-9-768x543.jpg 768w, https:\/\/www.andicsalpar.hu\/wordpress\/wp-content\/uploads\/2024\/02\/2.-Tekintetek-es-negysorosok-9-1536x1086.jpg 1536w, https:\/\/www.andicsalpar.hu\/wordpress\/wp-content\/uploads\/2024\/02\/2.-Tekintetek-es-negysorosok-9-2048x1448.jpg 2048w, https:\/\/www.andicsalpar.hu\/wordpress\/wp-content\/uploads\/2024\/02\/2.-Tekintetek-es-negysorosok-9-1440x1018.jpg 1440w\" sizes=\"auto, (max-width: 2560px) 100vw, 2560px\" \/><\/a><\/p>\n<p><a href=\"https:\/\/www.andicsalpar.hu\/wordpress\/wp-content\/uploads\/2024\/02\/3.-Tekintetek-es-negysorosok-10-scaled.jpg\"><img loading=\"lazy\" decoding=\"async\" src=\"https:\/\/www.andicsalpar.hu\/wordpress\/wp-content\/uploads\/2024\/02\/3.-Tekintetek-es-negysorosok-10-scaled.jpg\" alt=\"\" width=\"2560\" height=\"1810\" class=\"alignnone size-full wp-image-5796\" srcset=\"https:\/\/www.andicsalpar.hu\/wordpress\/wp-content\/uploads\/2024\/02\/3.-Tekintetek-es-negysorosok-10-scaled.jpg 2560w, https:\/\/www.andicsalpar.hu\/wordpress\/wp-content\/uploads\/2024\/02\/3.-Tekintetek-es-negysorosok-10-300x212.jpg 300w, https:\/\/www.andicsalpar.hu\/wordpress\/wp-content\/uploads\/2024\/02\/3.-Tekintetek-es-negysorosok-10-1024x724.jpg 1024w, https:\/\/www.andicsalpar.hu\/wordpress\/wp-content\/uploads\/2024\/02\/3.-Tekintetek-es-negysorosok-10-768x543.jpg 768w, https:\/\/www.andicsalpar.hu\/wordpress\/wp-content\/uploads\/2024\/02\/3.-Tekintetek-es-negysorosok-10-1536x1086.jpg 1536w, https:\/\/www.andicsalpar.hu\/wordpress\/wp-content\/uploads\/2024\/02\/3.-Tekintetek-es-negysorosok-10-2048x1448.jpg 2048w, https:\/\/www.andicsalpar.hu\/wordpress\/wp-content\/uploads\/2024\/02\/3.-Tekintetek-es-negysorosok-10-1440x1018.jpg 1440w\" sizes=\"auto, (max-width: 2560px) 100vw, 2560px\" \/><\/a><\/p>\n<p><a href=\"https:\/\/www.andicsalpar.hu\/wordpress\/wp-content\/uploads\/2024\/02\/4.-Tekintetek-es-negysorosok-10-scaled.jpg\"><img loading=\"lazy\" decoding=\"async\" src=\"https:\/\/www.andicsalpar.hu\/wordpress\/wp-content\/uploads\/2024\/02\/4.-Tekintetek-es-negysorosok-10-scaled.jpg\" alt=\"\" width=\"2560\" height=\"1810\" class=\"alignnone size-full wp-image-5797\" srcset=\"https:\/\/www.andicsalpar.hu\/wordpress\/wp-content\/uploads\/2024\/02\/4.-Tekintetek-es-negysorosok-10-scaled.jpg 2560w, https:\/\/www.andicsalpar.hu\/wordpress\/wp-content\/uploads\/2024\/02\/4.-Tekintetek-es-negysorosok-10-300x212.jpg 300w, https:\/\/www.andicsalpar.hu\/wordpress\/wp-content\/uploads\/2024\/02\/4.-Tekintetek-es-negysorosok-10-1024x724.jpg 1024w, https:\/\/www.andicsalpar.hu\/wordpress\/wp-content\/uploads\/2024\/02\/4.-Tekintetek-es-negysorosok-10-768x543.jpg 768w, https:\/\/www.andicsalpar.hu\/wordpress\/wp-content\/uploads\/2024\/02\/4.-Tekintetek-es-negysorosok-10-1536x1086.jpg 1536w, https:\/\/www.andicsalpar.hu\/wordpress\/wp-content\/uploads\/2024\/02\/4.-Tekintetek-es-negysorosok-10-2048x1448.jpg 2048w, https:\/\/www.andicsalpar.hu\/wordpress\/wp-content\/uploads\/2024\/02\/4.-Tekintetek-es-negysorosok-10-1440x1018.jpg 1440w\" sizes=\"auto, (max-width: 2560px) 100vw, 2560px\" \/><\/a><\/p>\n<p><a href=\"https:\/\/www.andicsalpar.hu\/wordpress\/wp-content\/uploads\/2024\/02\/5.-Tekintetek-es-negysorosok-10-scaled.jpg\"><img loading=\"lazy\" decoding=\"async\" src=\"https:\/\/www.andicsalpar.hu\/wordpress\/wp-content\/uploads\/2024\/02\/5.-Tekintetek-es-negysorosok-10-scaled.jpg\" alt=\"\" width=\"2560\" height=\"1810\" class=\"alignnone size-full wp-image-5798\" srcset=\"https:\/\/www.andicsalpar.hu\/wordpress\/wp-content\/uploads\/2024\/02\/5.-Tekintetek-es-negysorosok-10-scaled.jpg 2560w, https:\/\/www.andicsalpar.hu\/wordpress\/wp-content\/uploads\/2024\/02\/5.-Tekintetek-es-negysorosok-10-300x212.jpg 300w, https:\/\/www.andicsalpar.hu\/wordpress\/wp-content\/uploads\/2024\/02\/5.-Tekintetek-es-negysorosok-10-1024x724.jpg 1024w, https:\/\/www.andicsalpar.hu\/wordpress\/wp-content\/uploads\/2024\/02\/5.-Tekintetek-es-negysorosok-10-768x543.jpg 768w, https:\/\/www.andicsalpar.hu\/wordpress\/wp-content\/uploads\/2024\/02\/5.-Tekintetek-es-negysorosok-10-1536x1086.jpg 1536w, https:\/\/www.andicsalpar.hu\/wordpress\/wp-content\/uploads\/2024\/02\/5.-Tekintetek-es-negysorosok-10-2048x1448.jpg 2048w, https:\/\/www.andicsalpar.hu\/wordpress\/wp-content\/uploads\/2024\/02\/5.-Tekintetek-es-negysorosok-10-1440x1018.jpg 1440w\" sizes=\"auto, (max-width: 2560px) 100vw, 2560px\" \/><\/a><br \/>\n<a href=\"https:\/\/www.andicsalpar.hu\/wordpress\/wp-content\/uploads\/2024\/02\/6.-Tekintetek-es-negysorosok-10-scaled.jpg\"><img loading=\"lazy\" decoding=\"async\" src=\"https:\/\/www.andicsalpar.hu\/wordpress\/wp-content\/uploads\/2024\/02\/6.-Tekintetek-es-negysorosok-10-scaled.jpg\" alt=\"\" width=\"2560\" height=\"1810\" class=\"alignnone size-full wp-image-5784\" srcset=\"https:\/\/www.andicsalpar.hu\/wordpress\/wp-content\/uploads\/2024\/02\/6.-Tekintetek-es-negysorosok-10-scaled.jpg 2560w, https:\/\/www.andicsalpar.hu\/wordpress\/wp-content\/uploads\/2024\/02\/6.-Tekintetek-es-negysorosok-10-300x212.jpg 300w, https:\/\/www.andicsalpar.hu\/wordpress\/wp-content\/uploads\/2024\/02\/6.-Tekintetek-es-negysorosok-10-1024x724.jpg 1024w, https:\/\/www.andicsalpar.hu\/wordpress\/wp-content\/uploads\/2024\/02\/6.-Tekintetek-es-negysorosok-10-768x543.jpg 768w, https:\/\/www.andicsalpar.hu\/wordpress\/wp-content\/uploads\/2024\/02\/6.-Tekintetek-es-negysorosok-10-1536x1086.jpg 1536w, https:\/\/www.andicsalpar.hu\/wordpress\/wp-content\/uploads\/2024\/02\/6.-Tekintetek-es-negysorosok-10-2048x1448.jpg 2048w, https:\/\/www.andicsalpar.hu\/wordpress\/wp-content\/uploads\/2024\/02\/6.-Tekintetek-es-negysorosok-10-1440x1018.jpg 1440w\" sizes=\"auto, (max-width: 2560px) 100vw, 2560px\" \/><\/a><\/p>\n<p><a href=\"https:\/\/www.andicsalpar.hu\/wordpress\/wp-content\/uploads\/2024\/02\/7.-Tekintetek-es-negysorosok-10-scaled.jpg\"><img loading=\"lazy\" decoding=\"async\" src=\"https:\/\/www.andicsalpar.hu\/wordpress\/wp-content\/uploads\/2024\/02\/7.-Tekintetek-es-negysorosok-10-scaled.jpg\" alt=\"\" width=\"2560\" height=\"1810\" class=\"alignnone size-full wp-image-5799\" srcset=\"https:\/\/www.andicsalpar.hu\/wordpress\/wp-content\/uploads\/2024\/02\/7.-Tekintetek-es-negysorosok-10-scaled.jpg 2560w, https:\/\/www.andicsalpar.hu\/wordpress\/wp-content\/uploads\/2024\/02\/7.-Tekintetek-es-negysorosok-10-300x212.jpg 300w, https:\/\/www.andicsalpar.hu\/wordpress\/wp-content\/uploads\/2024\/02\/7.-Tekintetek-es-negysorosok-10-1024x724.jpg 1024w, https:\/\/www.andicsalpar.hu\/wordpress\/wp-content\/uploads\/2024\/02\/7.-Tekintetek-es-negysorosok-10-768x543.jpg 768w, https:\/\/www.andicsalpar.hu\/wordpress\/wp-content\/uploads\/2024\/02\/7.-Tekintetek-es-negysorosok-10-1536x1086.jpg 1536w, https:\/\/www.andicsalpar.hu\/wordpress\/wp-content\/uploads\/2024\/02\/7.-Tekintetek-es-negysorosok-10-2048x1448.jpg 2048w, https:\/\/www.andicsalpar.hu\/wordpress\/wp-content\/uploads\/2024\/02\/7.-Tekintetek-es-negysorosok-10-1440x1018.jpg 1440w\" sizes=\"auto, (max-width: 2560px) 100vw, 2560px\" \/><\/a><\/p>\n<p><a href=\"https:\/\/www.andicsalpar.hu\/wordpress\/wp-content\/uploads\/2024\/02\/8.-Tekintetek-es-negysorosok-10-scaled.jpg\"><img loading=\"lazy\" decoding=\"async\" src=\"https:\/\/www.andicsalpar.hu\/wordpress\/wp-content\/uploads\/2024\/02\/8.-Tekintetek-es-negysorosok-10-scaled.jpg\" alt=\"\" width=\"2560\" height=\"1810\" class=\"alignnone size-full wp-image-5807\" srcset=\"https:\/\/www.andicsalpar.hu\/wordpress\/wp-content\/uploads\/2024\/02\/8.-Tekintetek-es-negysorosok-10-scaled.jpg 2560w, https:\/\/www.andicsalpar.hu\/wordpress\/wp-content\/uploads\/2024\/02\/8.-Tekintetek-es-negysorosok-10-300x212.jpg 300w, https:\/\/www.andicsalpar.hu\/wordpress\/wp-content\/uploads\/2024\/02\/8.-Tekintetek-es-negysorosok-10-1024x724.jpg 1024w, https:\/\/www.andicsalpar.hu\/wordpress\/wp-content\/uploads\/2024\/02\/8.-Tekintetek-es-negysorosok-10-768x543.jpg 768w, https:\/\/www.andicsalpar.hu\/wordpress\/wp-content\/uploads\/2024\/02\/8.-Tekintetek-es-negysorosok-10-1536x1086.jpg 1536w, https:\/\/www.andicsalpar.hu\/wordpress\/wp-content\/uploads\/2024\/02\/8.-Tekintetek-es-negysorosok-10-2048x1448.jpg 2048w, https:\/\/www.andicsalpar.hu\/wordpress\/wp-content\/uploads\/2024\/02\/8.-Tekintetek-es-negysorosok-10-1440x1018.jpg 1440w\" sizes=\"auto, (max-width: 2560px) 100vw, 2560px\" \/><\/a><\/p>\n<p><a href=\"https:\/\/www.andicsalpar.hu\/wordpress\/wp-content\/uploads\/2024\/02\/9.-Tekintetek-es-negysorosok-10-scaled.jpg\"><img loading=\"lazy\" decoding=\"async\" src=\"https:\/\/www.andicsalpar.hu\/wordpress\/wp-content\/uploads\/2024\/02\/9.-Tekintetek-es-negysorosok-10-scaled.jpg\" alt=\"\" width=\"2560\" height=\"1810\" class=\"alignnone size-full wp-image-5810\" srcset=\"https:\/\/www.andicsalpar.hu\/wordpress\/wp-content\/uploads\/2024\/02\/9.-Tekintetek-es-negysorosok-10-scaled.jpg 2560w, https:\/\/www.andicsalpar.hu\/wordpress\/wp-content\/uploads\/2024\/02\/9.-Tekintetek-es-negysorosok-10-300x212.jpg 300w, https:\/\/www.andicsalpar.hu\/wordpress\/wp-content\/uploads\/2024\/02\/9.-Tekintetek-es-negysorosok-10-1024x724.jpg 1024w, https:\/\/www.andicsalpar.hu\/wordpress\/wp-content\/uploads\/2024\/02\/9.-Tekintetek-es-negysorosok-10-768x543.jpg 768w, https:\/\/www.andicsalpar.hu\/wordpress\/wp-content\/uploads\/2024\/02\/9.-Tekintetek-es-negysorosok-10-1536x1086.jpg 1536w, https:\/\/www.andicsalpar.hu\/wordpress\/wp-content\/uploads\/2024\/02\/9.-Tekintetek-es-negysorosok-10-2048x1448.jpg 2048w, https:\/\/www.andicsalpar.hu\/wordpress\/wp-content\/uploads\/2024\/02\/9.-Tekintetek-es-negysorosok-10-1440x1018.jpg 1440w\" sizes=\"auto, (max-width: 2560px) 100vw, 2560px\" \/><\/a><\/p>\n<p><a href=\"https:\/\/www.andicsalpar.hu\/wordpress\/wp-content\/uploads\/2024\/02\/10.-Tekintetek-es-negysorosok-10-scaled.jpg\"><img loading=\"lazy\" decoding=\"async\" src=\"https:\/\/www.andicsalpar.hu\/wordpress\/wp-content\/uploads\/2024\/02\/10.-Tekintetek-es-negysorosok-10-scaled.jpg\" alt=\"\" width=\"2560\" height=\"1810\" class=\"alignnone size-full wp-image-5811\" srcset=\"https:\/\/www.andicsalpar.hu\/wordpress\/wp-content\/uploads\/2024\/02\/10.-Tekintetek-es-negysorosok-10-scaled.jpg 2560w, https:\/\/www.andicsalpar.hu\/wordpress\/wp-content\/uploads\/2024\/02\/10.-Tekintetek-es-negysorosok-10-300x212.jpg 300w, https:\/\/www.andicsalpar.hu\/wordpress\/wp-content\/uploads\/2024\/02\/10.-Tekintetek-es-negysorosok-10-1024x724.jpg 1024w, https:\/\/www.andicsalpar.hu\/wordpress\/wp-content\/uploads\/2024\/02\/10.-Tekintetek-es-negysorosok-10-768x543.jpg 768w, https:\/\/www.andicsalpar.hu\/wordpress\/wp-content\/uploads\/2024\/02\/10.-Tekintetek-es-negysorosok-10-1536x1086.jpg 1536w, https:\/\/www.andicsalpar.hu\/wordpress\/wp-content\/uploads\/2024\/02\/10.-Tekintetek-es-negysorosok-10-2048x1448.jpg 2048w, https:\/\/www.andicsalpar.hu\/wordpress\/wp-content\/uploads\/2024\/02\/10.-Tekintetek-es-negysorosok-10-1440x1018.jpg 1440w\" sizes=\"auto, (max-width: 2560px) 100vw, 2560px\" \/><\/a><\/p>\n<p><a href=\"https:\/\/www.andicsalpar.hu\/wordpress\/wp-content\/uploads\/2024\/02\/11.-Tekintetek-es-negysorosok-10-scaled.jpg\"><img loading=\"lazy\" decoding=\"async\" src=\"https:\/\/www.andicsalpar.hu\/wordpress\/wp-content\/uploads\/2024\/02\/11.-Tekintetek-es-negysorosok-10-scaled.jpg\" alt=\"\" width=\"2560\" height=\"1810\" class=\"alignnone size-full wp-image-5812\" srcset=\"https:\/\/www.andicsalpar.hu\/wordpress\/wp-content\/uploads\/2024\/02\/11.-Tekintetek-es-negysorosok-10-scaled.jpg 2560w, https:\/\/www.andicsalpar.hu\/wordpress\/wp-content\/uploads\/2024\/02\/11.-Tekintetek-es-negysorosok-10-300x212.jpg 300w, https:\/\/www.andicsalpar.hu\/wordpress\/wp-content\/uploads\/2024\/02\/11.-Tekintetek-es-negysorosok-10-1024x724.jpg 1024w, https:\/\/www.andicsalpar.hu\/wordpress\/wp-content\/uploads\/2024\/02\/11.-Tekintetek-es-negysorosok-10-768x543.jpg 768w, https:\/\/www.andicsalpar.hu\/wordpress\/wp-content\/uploads\/2024\/02\/11.-Tekintetek-es-negysorosok-10-1536x1086.jpg 1536w, https:\/\/www.andicsalpar.hu\/wordpress\/wp-content\/uploads\/2024\/02\/11.-Tekintetek-es-negysorosok-10-2048x1448.jpg 2048w, https:\/\/www.andicsalpar.hu\/wordpress\/wp-content\/uploads\/2024\/02\/11.-Tekintetek-es-negysorosok-10-1440x1018.jpg 1440w\" sizes=\"auto, (max-width: 2560px) 100vw, 2560px\" \/><\/a><\/p>\n<p><a href=\"https:\/\/www.andicsalpar.hu\/wordpress\/wp-content\/uploads\/2024\/02\/12.-Tekintetek-es-negysorosok-10-scaled.jpg\"><img loading=\"lazy\" decoding=\"async\" src=\"https:\/\/www.andicsalpar.hu\/wordpress\/wp-content\/uploads\/2024\/02\/12.-Tekintetek-es-negysorosok-10-scaled.jpg\" alt=\"\" width=\"2560\" height=\"1810\" class=\"alignnone size-full wp-image-5814\" srcset=\"https:\/\/www.andicsalpar.hu\/wordpress\/wp-content\/uploads\/2024\/02\/12.-Tekintetek-es-negysorosok-10-scaled.jpg 2560w, https:\/\/www.andicsalpar.hu\/wordpress\/wp-content\/uploads\/2024\/02\/12.-Tekintetek-es-negysorosok-10-300x212.jpg 300w, https:\/\/www.andicsalpar.hu\/wordpress\/wp-content\/uploads\/2024\/02\/12.-Tekintetek-es-negysorosok-10-1024x724.jpg 1024w, https:\/\/www.andicsalpar.hu\/wordpress\/wp-content\/uploads\/2024\/02\/12.-Tekintetek-es-negysorosok-10-768x543.jpg 768w, https:\/\/www.andicsalpar.hu\/wordpress\/wp-content\/uploads\/2024\/02\/12.-Tekintetek-es-negysorosok-10-1536x1086.jpg 1536w, https:\/\/www.andicsalpar.hu\/wordpress\/wp-content\/uploads\/2024\/02\/12.-Tekintetek-es-negysorosok-10-2048x1448.jpg 2048w, https:\/\/www.andicsalpar.hu\/wordpress\/wp-content\/uploads\/2024\/02\/12.-Tekintetek-es-negysorosok-10-1440x1018.jpg 1440w\" sizes=\"auto, (max-width: 2560px) 100vw, 2560px\" \/><\/a><\/p>\n","protected":false},"excerpt":{"rendered":"","protected":false},"author":1,"featured_media":0,"parent":5617,"menu_order":0,"comment_status":"closed","ping_status":"closed","template":"","meta":{"footnotes":""},"class_list":["post-5783","page","type-page","status-publish","hentry"],"_links":{"self":[{"href":"https:\/\/www.andicsalpar.hu\/wordpress\/index.php?rest_route=\/wp\/v2\/pages\/5783","targetHints":{"allow":["GET"]}}],"collection":[{"href":"https:\/\/www.andicsalpar.hu\/wordpress\/index.php?rest_route=\/wp\/v2\/pages"}],"about":[{"href":"https:\/\/www.andicsalpar.hu\/wordpress\/index.php?rest_route=\/wp\/v2\/types\/page"}],"author":[{"embeddable":true,"href":"https:\/\/www.andicsalpar.hu\/wordpress\/index.php?rest_route=\/wp\/v2\/users\/1"}],"replies":[{"embeddable":true,"href":"https:\/\/www.andicsalpar.hu\/wordpress\/index.php?rest_route=%2Fwp%2Fv2%2Fcomments&post=5783"}],"version-history":[{"count":1,"href":"https:\/\/www.andicsalpar.hu\/wordpress\/index.php?rest_route=\/wp\/v2\/pages\/5783\/revisions"}],"predecessor-version":[{"id":5824,"href":"https:\/\/www.andicsalpar.hu\/wordpress\/index.php?rest_route=\/wp\/v2\/pages\/5783\/revisions\/5824"}],"up":[{"embeddable":true,"href":"https:\/\/www.andicsalpar.hu\/wordpress\/index.php?rest_route=\/wp\/v2\/pages\/5617"}],"wp:attachment":[{"href":"https:\/\/www.andicsalpar.hu\/wordpress\/index.php?rest_route=%2Fwp%2Fv2%2Fmedia&parent=5783"}],"curies":[{"name":"wp","href":"https:\/\/api.w.org\/{rel}","templated":true}]}}