{"id":5657,"date":"2024-02-04T11:10:54","date_gmt":"2024-02-04T10:10:54","guid":{"rendered":"https:\/\/www.andicsalpar.hu\/wordpress\/?page_id=5657"},"modified":"2024-02-04T11:10:54","modified_gmt":"2024-02-04T10:10:54","slug":"2-tekintetek-es-negysorosok-2-resz","status":"publish","type":"page","link":"https:\/\/www.andicsalpar.hu\/wordpress\/?page_id=5657","title":{"rendered":"2. Tekintetek \u00e9s n\u00e9gysorosok.   2. r\u00e9sz"},"content":{"rendered":"<p><a href=\"https:\/\/www.andicsalpar.hu\/wordpress\/wp-content\/uploads\/2024\/02\/5.-Tekintetek-es-negysorosok-1-scaled.jpg\"><img loading=\"lazy\" decoding=\"async\" src=\"https:\/\/www.andicsalpar.hu\/wordpress\/wp-content\/uploads\/2024\/02\/5.-Tekintetek-es-negysorosok-1-scaled.jpg\" alt=\"\" width=\"2560\" height=\"1810\" class=\"alignnone size-full wp-image-5658\" srcset=\"https:\/\/www.andicsalpar.hu\/wordpress\/wp-content\/uploads\/2024\/02\/5.-Tekintetek-es-negysorosok-1-scaled.jpg 2560w, https:\/\/www.andicsalpar.hu\/wordpress\/wp-content\/uploads\/2024\/02\/5.-Tekintetek-es-negysorosok-1-300x212.jpg 300w, https:\/\/www.andicsalpar.hu\/wordpress\/wp-content\/uploads\/2024\/02\/5.-Tekintetek-es-negysorosok-1-1024x724.jpg 1024w, https:\/\/www.andicsalpar.hu\/wordpress\/wp-content\/uploads\/2024\/02\/5.-Tekintetek-es-negysorosok-1-768x543.jpg 768w, https:\/\/www.andicsalpar.hu\/wordpress\/wp-content\/uploads\/2024\/02\/5.-Tekintetek-es-negysorosok-1-1536x1086.jpg 1536w, https:\/\/www.andicsalpar.hu\/wordpress\/wp-content\/uploads\/2024\/02\/5.-Tekintetek-es-negysorosok-1-2048x1448.jpg 2048w, https:\/\/www.andicsalpar.hu\/wordpress\/wp-content\/uploads\/2024\/02\/5.-Tekintetek-es-negysorosok-1-1440x1018.jpg 1440w\" sizes=\"auto, (max-width: 2560px) 100vw, 2560px\" \/><\/a><\/p>\n<p><a href=\"https:\/\/www.andicsalpar.hu\/wordpress\/wp-content\/uploads\/2024\/02\/1.-Tekintetek-es-negysorosok-1-scaled.jpg\"><img loading=\"lazy\" decoding=\"async\" src=\"https:\/\/www.andicsalpar.hu\/wordpress\/wp-content\/uploads\/2024\/02\/1.-Tekintetek-es-negysorosok-1-scaled.jpg\" alt=\"\" width=\"2560\" height=\"1810\" class=\"alignnone size-full wp-image-5659\" srcset=\"https:\/\/www.andicsalpar.hu\/wordpress\/wp-content\/uploads\/2024\/02\/1.-Tekintetek-es-negysorosok-1-scaled.jpg 2560w, https:\/\/www.andicsalpar.hu\/wordpress\/wp-content\/uploads\/2024\/02\/1.-Tekintetek-es-negysorosok-1-300x212.jpg 300w, https:\/\/www.andicsalpar.hu\/wordpress\/wp-content\/uploads\/2024\/02\/1.-Tekintetek-es-negysorosok-1-1024x724.jpg 1024w, https:\/\/www.andicsalpar.hu\/wordpress\/wp-content\/uploads\/2024\/02\/1.-Tekintetek-es-negysorosok-1-768x543.jpg 768w, https:\/\/www.andicsalpar.hu\/wordpress\/wp-content\/uploads\/2024\/02\/1.-Tekintetek-es-negysorosok-1-1536x1086.jpg 1536w, https:\/\/www.andicsalpar.hu\/wordpress\/wp-content\/uploads\/2024\/02\/1.-Tekintetek-es-negysorosok-1-2048x1448.jpg 2048w, https:\/\/www.andicsalpar.hu\/wordpress\/wp-content\/uploads\/2024\/02\/1.-Tekintetek-es-negysorosok-1-1440x1018.jpg 1440w\" sizes=\"auto, (max-width: 2560px) 100vw, 2560px\" \/><\/a><\/p>\n<p><a href=\"https:\/\/www.andicsalpar.hu\/wordpress\/wp-content\/uploads\/2024\/02\/2.-Tekintetek-es-negysorosok-1-scaled.jpg\"><img loading=\"lazy\" decoding=\"async\" src=\"https:\/\/www.andicsalpar.hu\/wordpress\/wp-content\/uploads\/2024\/02\/2.-Tekintetek-es-negysorosok-1-scaled.jpg\" alt=\"\" width=\"2560\" height=\"1810\" class=\"alignnone size-full wp-image-5660\" srcset=\"https:\/\/www.andicsalpar.hu\/wordpress\/wp-content\/uploads\/2024\/02\/2.-Tekintetek-es-negysorosok-1-scaled.jpg 2560w, https:\/\/www.andicsalpar.hu\/wordpress\/wp-content\/uploads\/2024\/02\/2.-Tekintetek-es-negysorosok-1-300x212.jpg 300w, https:\/\/www.andicsalpar.hu\/wordpress\/wp-content\/uploads\/2024\/02\/2.-Tekintetek-es-negysorosok-1-1024x724.jpg 1024w, https:\/\/www.andicsalpar.hu\/wordpress\/wp-content\/uploads\/2024\/02\/2.-Tekintetek-es-negysorosok-1-768x543.jpg 768w, https:\/\/www.andicsalpar.hu\/wordpress\/wp-content\/uploads\/2024\/02\/2.-Tekintetek-es-negysorosok-1-1536x1086.jpg 1536w, https:\/\/www.andicsalpar.hu\/wordpress\/wp-content\/uploads\/2024\/02\/2.-Tekintetek-es-negysorosok-1-2048x1448.jpg 2048w, https:\/\/www.andicsalpar.hu\/wordpress\/wp-content\/uploads\/2024\/02\/2.-Tekintetek-es-negysorosok-1-1440x1018.jpg 1440w\" sizes=\"auto, (max-width: 2560px) 100vw, 2560px\" \/><\/a><\/p>\n<p><a href=\"https:\/\/www.andicsalpar.hu\/wordpress\/wp-content\/uploads\/2024\/02\/3.-Tekintetek-es-negysorosok-1-scaled.jpg\"><img loading=\"lazy\" decoding=\"async\" src=\"https:\/\/www.andicsalpar.hu\/wordpress\/wp-content\/uploads\/2024\/02\/3.-Tekintetek-es-negysorosok-1-scaled.jpg\" alt=\"\" width=\"2560\" height=\"1810\" class=\"alignnone size-full wp-image-5661\" srcset=\"https:\/\/www.andicsalpar.hu\/wordpress\/wp-content\/uploads\/2024\/02\/3.-Tekintetek-es-negysorosok-1-scaled.jpg 2560w, https:\/\/www.andicsalpar.hu\/wordpress\/wp-content\/uploads\/2024\/02\/3.-Tekintetek-es-negysorosok-1-300x212.jpg 300w, https:\/\/www.andicsalpar.hu\/wordpress\/wp-content\/uploads\/2024\/02\/3.-Tekintetek-es-negysorosok-1-1024x724.jpg 1024w, https:\/\/www.andicsalpar.hu\/wordpress\/wp-content\/uploads\/2024\/02\/3.-Tekintetek-es-negysorosok-1-768x543.jpg 768w, https:\/\/www.andicsalpar.hu\/wordpress\/wp-content\/uploads\/2024\/02\/3.-Tekintetek-es-negysorosok-1-1536x1086.jpg 1536w, https:\/\/www.andicsalpar.hu\/wordpress\/wp-content\/uploads\/2024\/02\/3.-Tekintetek-es-negysorosok-1-2048x1448.jpg 2048w, https:\/\/www.andicsalpar.hu\/wordpress\/wp-content\/uploads\/2024\/02\/3.-Tekintetek-es-negysorosok-1-1440x1018.jpg 1440w\" sizes=\"auto, (max-width: 2560px) 100vw, 2560px\" \/><\/a><\/p>\n<p><a href=\"https:\/\/www.andicsalpar.hu\/wordpress\/wp-content\/uploads\/2024\/02\/4.-Tekintetek-es-negysorosok-1-scaled.jpg\"><img loading=\"lazy\" decoding=\"async\" src=\"https:\/\/www.andicsalpar.hu\/wordpress\/wp-content\/uploads\/2024\/02\/4.-Tekintetek-es-negysorosok-1-scaled.jpg\" alt=\"\" width=\"2560\" height=\"1810\" class=\"alignnone size-full wp-image-5662\" srcset=\"https:\/\/www.andicsalpar.hu\/wordpress\/wp-content\/uploads\/2024\/02\/4.-Tekintetek-es-negysorosok-1-scaled.jpg 2560w, https:\/\/www.andicsalpar.hu\/wordpress\/wp-content\/uploads\/2024\/02\/4.-Tekintetek-es-negysorosok-1-300x212.jpg 300w, https:\/\/www.andicsalpar.hu\/wordpress\/wp-content\/uploads\/2024\/02\/4.-Tekintetek-es-negysorosok-1-1024x724.jpg 1024w, https:\/\/www.andicsalpar.hu\/wordpress\/wp-content\/uploads\/2024\/02\/4.-Tekintetek-es-negysorosok-1-768x543.jpg 768w, https:\/\/www.andicsalpar.hu\/wordpress\/wp-content\/uploads\/2024\/02\/4.-Tekintetek-es-negysorosok-1-1536x1086.jpg 1536w, https:\/\/www.andicsalpar.hu\/wordpress\/wp-content\/uploads\/2024\/02\/4.-Tekintetek-es-negysorosok-1-2048x1448.jpg 2048w, https:\/\/www.andicsalpar.hu\/wordpress\/wp-content\/uploads\/2024\/02\/4.-Tekintetek-es-negysorosok-1-1440x1018.jpg 1440w\" sizes=\"auto, (max-width: 2560px) 100vw, 2560px\" \/><\/a><\/p>\n<p><a href=\"https:\/\/www.andicsalpar.hu\/wordpress\/wp-content\/uploads\/2024\/02\/6.-Tekintetek-es-negysorosok-1-scaled.jpg\"><img loading=\"lazy\" decoding=\"async\" src=\"https:\/\/www.andicsalpar.hu\/wordpress\/wp-content\/uploads\/2024\/02\/6.-Tekintetek-es-negysorosok-1-scaled.jpg\" alt=\"\" width=\"2560\" height=\"1810\" class=\"alignnone size-full wp-image-5663\" srcset=\"https:\/\/www.andicsalpar.hu\/wordpress\/wp-content\/uploads\/2024\/02\/6.-Tekintetek-es-negysorosok-1-scaled.jpg 2560w, https:\/\/www.andicsalpar.hu\/wordpress\/wp-content\/uploads\/2024\/02\/6.-Tekintetek-es-negysorosok-1-300x212.jpg 300w, https:\/\/www.andicsalpar.hu\/wordpress\/wp-content\/uploads\/2024\/02\/6.-Tekintetek-es-negysorosok-1-1024x724.jpg 1024w, https:\/\/www.andicsalpar.hu\/wordpress\/wp-content\/uploads\/2024\/02\/6.-Tekintetek-es-negysorosok-1-768x543.jpg 768w, https:\/\/www.andicsalpar.hu\/wordpress\/wp-content\/uploads\/2024\/02\/6.-Tekintetek-es-negysorosok-1-1536x1086.jpg 1536w, https:\/\/www.andicsalpar.hu\/wordpress\/wp-content\/uploads\/2024\/02\/6.-Tekintetek-es-negysorosok-1-2048x1448.jpg 2048w, https:\/\/www.andicsalpar.hu\/wordpress\/wp-content\/uploads\/2024\/02\/6.-Tekintetek-es-negysorosok-1-1440x1018.jpg 1440w\" sizes=\"auto, (max-width: 2560px) 100vw, 2560px\" \/><\/a><\/p>\n<p><a href=\"https:\/\/www.andicsalpar.hu\/wordpress\/wp-content\/uploads\/2024\/02\/7.-Tekintetek-es-negysorosok-1-scaled.jpg\"><img loading=\"lazy\" decoding=\"async\" src=\"https:\/\/www.andicsalpar.hu\/wordpress\/wp-content\/uploads\/2024\/02\/7.-Tekintetek-es-negysorosok-1-scaled.jpg\" alt=\"\" width=\"2560\" height=\"1810\" class=\"alignnone size-full wp-image-5664\" srcset=\"https:\/\/www.andicsalpar.hu\/wordpress\/wp-content\/uploads\/2024\/02\/7.-Tekintetek-es-negysorosok-1-scaled.jpg 2560w, https:\/\/www.andicsalpar.hu\/wordpress\/wp-content\/uploads\/2024\/02\/7.-Tekintetek-es-negysorosok-1-300x212.jpg 300w, https:\/\/www.andicsalpar.hu\/wordpress\/wp-content\/uploads\/2024\/02\/7.-Tekintetek-es-negysorosok-1-1024x724.jpg 1024w, https:\/\/www.andicsalpar.hu\/wordpress\/wp-content\/uploads\/2024\/02\/7.-Tekintetek-es-negysorosok-1-768x543.jpg 768w, https:\/\/www.andicsalpar.hu\/wordpress\/wp-content\/uploads\/2024\/02\/7.-Tekintetek-es-negysorosok-1-1536x1086.jpg 1536w, https:\/\/www.andicsalpar.hu\/wordpress\/wp-content\/uploads\/2024\/02\/7.-Tekintetek-es-negysorosok-1-2048x1448.jpg 2048w, https:\/\/www.andicsalpar.hu\/wordpress\/wp-content\/uploads\/2024\/02\/7.-Tekintetek-es-negysorosok-1-1440x1018.jpg 1440w\" sizes=\"auto, (max-width: 2560px) 100vw, 2560px\" \/><\/a><\/p>\n<p><a href=\"https:\/\/www.andicsalpar.hu\/wordpress\/wp-content\/uploads\/2024\/02\/8.-Tekintetek-es-negysorosok-1-scaled.jpg\"><img loading=\"lazy\" decoding=\"async\" src=\"https:\/\/www.andicsalpar.hu\/wordpress\/wp-content\/uploads\/2024\/02\/8.-Tekintetek-es-negysorosok-1-scaled.jpg\" alt=\"\" width=\"2560\" height=\"1810\" class=\"alignnone size-full wp-image-5665\" srcset=\"https:\/\/www.andicsalpar.hu\/wordpress\/wp-content\/uploads\/2024\/02\/8.-Tekintetek-es-negysorosok-1-scaled.jpg 2560w, https:\/\/www.andicsalpar.hu\/wordpress\/wp-content\/uploads\/2024\/02\/8.-Tekintetek-es-negysorosok-1-300x212.jpg 300w, https:\/\/www.andicsalpar.hu\/wordpress\/wp-content\/uploads\/2024\/02\/8.-Tekintetek-es-negysorosok-1-1024x724.jpg 1024w, https:\/\/www.andicsalpar.hu\/wordpress\/wp-content\/uploads\/2024\/02\/8.-Tekintetek-es-negysorosok-1-768x543.jpg 768w, https:\/\/www.andicsalpar.hu\/wordpress\/wp-content\/uploads\/2024\/02\/8.-Tekintetek-es-negysorosok-1-1536x1086.jpg 1536w, https:\/\/www.andicsalpar.hu\/wordpress\/wp-content\/uploads\/2024\/02\/8.-Tekintetek-es-negysorosok-1-2048x1448.jpg 2048w, https:\/\/www.andicsalpar.hu\/wordpress\/wp-content\/uploads\/2024\/02\/8.-Tekintetek-es-negysorosok-1-1440x1018.jpg 1440w\" sizes=\"auto, (max-width: 2560px) 100vw, 2560px\" \/><\/a><\/p>\n<p><a href=\"https:\/\/www.andicsalpar.hu\/wordpress\/wp-content\/uploads\/2024\/02\/9.-Tekintetek-es-negysorosok-1-scaled.jpg\"><img loading=\"lazy\" decoding=\"async\" src=\"https:\/\/www.andicsalpar.hu\/wordpress\/wp-content\/uploads\/2024\/02\/9.-Tekintetek-es-negysorosok-1-scaled.jpg\" alt=\"\" width=\"2560\" height=\"1810\" class=\"alignnone size-full wp-image-5666\" srcset=\"https:\/\/www.andicsalpar.hu\/wordpress\/wp-content\/uploads\/2024\/02\/9.-Tekintetek-es-negysorosok-1-scaled.jpg 2560w, https:\/\/www.andicsalpar.hu\/wordpress\/wp-content\/uploads\/2024\/02\/9.-Tekintetek-es-negysorosok-1-300x212.jpg 300w, https:\/\/www.andicsalpar.hu\/wordpress\/wp-content\/uploads\/2024\/02\/9.-Tekintetek-es-negysorosok-1-1024x724.jpg 1024w, https:\/\/www.andicsalpar.hu\/wordpress\/wp-content\/uploads\/2024\/02\/9.-Tekintetek-es-negysorosok-1-768x543.jpg 768w, https:\/\/www.andicsalpar.hu\/wordpress\/wp-content\/uploads\/2024\/02\/9.-Tekintetek-es-negysorosok-1-1536x1086.jpg 1536w, https:\/\/www.andicsalpar.hu\/wordpress\/wp-content\/uploads\/2024\/02\/9.-Tekintetek-es-negysorosok-1-2048x1448.jpg 2048w, https:\/\/www.andicsalpar.hu\/wordpress\/wp-content\/uploads\/2024\/02\/9.-Tekintetek-es-negysorosok-1-1440x1018.jpg 1440w\" sizes=\"auto, (max-width: 2560px) 100vw, 2560px\" \/><\/a><\/p>\n<p><a href=\"https:\/\/www.andicsalpar.hu\/wordpress\/wp-content\/uploads\/2024\/02\/10.-Tekintetek-es-negysorosok-1-scaled.jpg\"><img loading=\"lazy\" decoding=\"async\" src=\"https:\/\/www.andicsalpar.hu\/wordpress\/wp-content\/uploads\/2024\/02\/10.-Tekintetek-es-negysorosok-1-scaled.jpg\" alt=\"\" width=\"2560\" height=\"1810\" class=\"alignnone size-full wp-image-5667\" srcset=\"https:\/\/www.andicsalpar.hu\/wordpress\/wp-content\/uploads\/2024\/02\/10.-Tekintetek-es-negysorosok-1-scaled.jpg 2560w, https:\/\/www.andicsalpar.hu\/wordpress\/wp-content\/uploads\/2024\/02\/10.-Tekintetek-es-negysorosok-1-300x212.jpg 300w, https:\/\/www.andicsalpar.hu\/wordpress\/wp-content\/uploads\/2024\/02\/10.-Tekintetek-es-negysorosok-1-1024x724.jpg 1024w, https:\/\/www.andicsalpar.hu\/wordpress\/wp-content\/uploads\/2024\/02\/10.-Tekintetek-es-negysorosok-1-768x543.jpg 768w, https:\/\/www.andicsalpar.hu\/wordpress\/wp-content\/uploads\/2024\/02\/10.-Tekintetek-es-negysorosok-1-1536x1086.jpg 1536w, https:\/\/www.andicsalpar.hu\/wordpress\/wp-content\/uploads\/2024\/02\/10.-Tekintetek-es-negysorosok-1-2048x1448.jpg 2048w, https:\/\/www.andicsalpar.hu\/wordpress\/wp-content\/uploads\/2024\/02\/10.-Tekintetek-es-negysorosok-1-1440x1018.jpg 1440w\" sizes=\"auto, (max-width: 2560px) 100vw, 2560px\" \/><\/a><\/p>\n<p><a href=\"https:\/\/www.andicsalpar.hu\/wordpress\/wp-content\/uploads\/2024\/02\/11.-Tekintetek-es-negysorosok-1-scaled.jpg\"><img loading=\"lazy\" decoding=\"async\" src=\"https:\/\/www.andicsalpar.hu\/wordpress\/wp-content\/uploads\/2024\/02\/11.-Tekintetek-es-negysorosok-1-scaled.jpg\" alt=\"\" width=\"2560\" height=\"1810\" class=\"alignnone size-full wp-image-5668\" srcset=\"https:\/\/www.andicsalpar.hu\/wordpress\/wp-content\/uploads\/2024\/02\/11.-Tekintetek-es-negysorosok-1-scaled.jpg 2560w, https:\/\/www.andicsalpar.hu\/wordpress\/wp-content\/uploads\/2024\/02\/11.-Tekintetek-es-negysorosok-1-300x212.jpg 300w, https:\/\/www.andicsalpar.hu\/wordpress\/wp-content\/uploads\/2024\/02\/11.-Tekintetek-es-negysorosok-1-1024x724.jpg 1024w, https:\/\/www.andicsalpar.hu\/wordpress\/wp-content\/uploads\/2024\/02\/11.-Tekintetek-es-negysorosok-1-768x543.jpg 768w, https:\/\/www.andicsalpar.hu\/wordpress\/wp-content\/uploads\/2024\/02\/11.-Tekintetek-es-negysorosok-1-1536x1086.jpg 1536w, https:\/\/www.andicsalpar.hu\/wordpress\/wp-content\/uploads\/2024\/02\/11.-Tekintetek-es-negysorosok-1-2048x1448.jpg 2048w, https:\/\/www.andicsalpar.hu\/wordpress\/wp-content\/uploads\/2024\/02\/11.-Tekintetek-es-negysorosok-1-1440x1018.jpg 1440w\" sizes=\"auto, (max-width: 2560px) 100vw, 2560px\" \/><\/a><\/p>\n<p><a href=\"https:\/\/www.andicsalpar.hu\/wordpress\/wp-content\/uploads\/2024\/02\/12.-Tekintetek-es-negysorosok-1-scaled.jpg\"><img loading=\"lazy\" decoding=\"async\" src=\"https:\/\/www.andicsalpar.hu\/wordpress\/wp-content\/uploads\/2024\/02\/12.-Tekintetek-es-negysorosok-1-scaled.jpg\" alt=\"\" width=\"2560\" height=\"1810\" class=\"alignnone size-full wp-image-5669\" srcset=\"https:\/\/www.andicsalpar.hu\/wordpress\/wp-content\/uploads\/2024\/02\/12.-Tekintetek-es-negysorosok-1-scaled.jpg 2560w, https:\/\/www.andicsalpar.hu\/wordpress\/wp-content\/uploads\/2024\/02\/12.-Tekintetek-es-negysorosok-1-300x212.jpg 300w, https:\/\/www.andicsalpar.hu\/wordpress\/wp-content\/uploads\/2024\/02\/12.-Tekintetek-es-negysorosok-1-1024x724.jpg 1024w, https:\/\/www.andicsalpar.hu\/wordpress\/wp-content\/uploads\/2024\/02\/12.-Tekintetek-es-negysorosok-1-768x543.jpg 768w, https:\/\/www.andicsalpar.hu\/wordpress\/wp-content\/uploads\/2024\/02\/12.-Tekintetek-es-negysorosok-1-1536x1086.jpg 1536w, https:\/\/www.andicsalpar.hu\/wordpress\/wp-content\/uploads\/2024\/02\/12.-Tekintetek-es-negysorosok-1-2048x1448.jpg 2048w, https:\/\/www.andicsalpar.hu\/wordpress\/wp-content\/uploads\/2024\/02\/12.-Tekintetek-es-negysorosok-1-1440x1018.jpg 1440w\" sizes=\"auto, (max-width: 2560px) 100vw, 2560px\" \/><\/a><\/p>\n","protected":false},"excerpt":{"rendered":"","protected":false},"author":1,"featured_media":0,"parent":5617,"menu_order":0,"comment_status":"closed","ping_status":"closed","template":"","meta":{"footnotes":""},"class_list":["post-5657","page","type-page","status-publish","hentry"],"_links":{"self":[{"href":"https:\/\/www.andicsalpar.hu\/wordpress\/index.php?rest_route=\/wp\/v2\/pages\/5657","targetHints":{"allow":["GET"]}}],"collection":[{"href":"https:\/\/www.andicsalpar.hu\/wordpress\/index.php?rest_route=\/wp\/v2\/pages"}],"about":[{"href":"https:\/\/www.andicsalpar.hu\/wordpress\/index.php?rest_route=\/wp\/v2\/types\/page"}],"author":[{"embeddable":true,"href":"https:\/\/www.andicsalpar.hu\/wordpress\/index.php?rest_route=\/wp\/v2\/users\/1"}],"replies":[{"embeddable":true,"href":"https:\/\/www.andicsalpar.hu\/wordpress\/index.php?rest_route=%2Fwp%2Fv2%2Fcomments&post=5657"}],"version-history":[{"count":1,"href":"https:\/\/www.andicsalpar.hu\/wordpress\/index.php?rest_route=\/wp\/v2\/pages\/5657\/revisions"}],"predecessor-version":[{"id":5670,"href":"https:\/\/www.andicsalpar.hu\/wordpress\/index.php?rest_route=\/wp\/v2\/pages\/5657\/revisions\/5670"}],"up":[{"embeddable":true,"href":"https:\/\/www.andicsalpar.hu\/wordpress\/index.php?rest_route=\/wp\/v2\/pages\/5617"}],"wp:attachment":[{"href":"https:\/\/www.andicsalpar.hu\/wordpress\/index.php?rest_route=%2Fwp%2Fv2%2Fmedia&parent=5657"}],"curies":[{"name":"wp","href":"https:\/\/api.w.org\/{rel}","templated":true}]}}