{"id":5617,"date":"2024-02-04T10:48:26","date_gmt":"2024-02-04T09:48:26","guid":{"rendered":"https:\/\/www.andicsalpar.hu\/wordpress\/?page_id=5617"},"modified":"2024-02-04T10:48:26","modified_gmt":"2024-02-04T09:48:26","slug":"tekintetek-es-negysorosok","status":"publish","type":"page","link":"https:\/\/www.andicsalpar.hu\/wordpress\/?page_id=5617","title":{"rendered":"Tekintetek \u00e9s n\u00e9gysorosok"},"content":{"rendered":"<ul id=\"menu-tekintetek-es-negysorosok\" class=\"menu\"><li id=\"menu-item-5641\" class=\"menu-item menu-item-type-post_type menu-item-object-page menu-item-5641\"><a href=\"https:\/\/www.andicsalpar.hu\/wordpress\/?page_id=5627\">1. Tekintetek \u00e9s n\u00e9gysorosok. 1. r\u00e9sz<\/a><\/li>\n<li id=\"menu-item-5815\" class=\"menu-item menu-item-type-post_type menu-item-object-page menu-item-5815\"><a href=\"https:\/\/www.andicsalpar.hu\/wordpress\/?page_id=5657\">2. Tekintetek \u00e9s n\u00e9gysorosok.   2. r\u00e9sz<\/a><\/li>\n<li id=\"menu-item-5816\" class=\"menu-item menu-item-type-post_type menu-item-object-page menu-item-5816\"><a href=\"https:\/\/www.andicsalpar.hu\/wordpress\/?page_id=5671\">3. Tekintetek \u00e9s n\u00e9gysorosok.   3. r\u00e9sz<\/a><\/li>\n<li id=\"menu-item-5817\" class=\"menu-item menu-item-type-post_type menu-item-object-page menu-item-5817\"><a href=\"https:\/\/www.andicsalpar.hu\/wordpress\/?page_id=5685\">4. Tekintetek \u00e9s n\u00e9gysorosok.   4. r\u00e9sz<\/a><\/li>\n<li id=\"menu-item-5818\" class=\"menu-item menu-item-type-post_type menu-item-object-page menu-item-5818\"><a href=\"https:\/\/www.andicsalpar.hu\/wordpress\/?page_id=5699\">5. Tekintetek \u00e9s n\u00e9gysorosok.   5. r\u00e9sz<\/a><\/li>\n<li id=\"menu-item-5819\" class=\"menu-item menu-item-type-post_type menu-item-object-page menu-item-5819\"><a href=\"https:\/\/www.andicsalpar.hu\/wordpress\/?page_id=5713\">6. Tekintetek \u00e9s n\u00e9gysorosok.   6. r\u00e9sz<\/a><\/li>\n<li id=\"menu-item-5820\" class=\"menu-item menu-item-type-post_type menu-item-object-page menu-item-5820\"><a href=\"https:\/\/www.andicsalpar.hu\/wordpress\/?page_id=5727\">7. Tekintetek \u00e9s n\u00e9gysorosok.   7. r\u00e9sz<\/a><\/li>\n<li id=\"menu-item-5821\" class=\"menu-item menu-item-type-post_type menu-item-object-page menu-item-5821\"><a href=\"https:\/\/www.andicsalpar.hu\/wordpress\/?page_id=5741\">8. Tekintetek \u00e9s n\u00e9gysorosok.   8. r\u00e9sz<\/a><\/li>\n<li id=\"menu-item-5822\" class=\"menu-item menu-item-type-post_type menu-item-object-page menu-item-5822\"><a href=\"https:\/\/www.andicsalpar.hu\/wordpress\/?page_id=5755\">9. Tekintetek \u00e9s n\u00e9gysorosok.   9. r\u00e9sz<\/a><\/li>\n<li id=\"menu-item-5823\" class=\"menu-item menu-item-type-post_type menu-item-object-page menu-item-5823\"><a href=\"https:\/\/www.andicsalpar.hu\/wordpress\/?page_id=5769\">10. Tekintetek \u00e9s n\u00e9gysorosok.   10. r\u00e9sz<\/a><\/li>\n<li id=\"menu-item-5884\" class=\"menu-item menu-item-type-post_type menu-item-object-page menu-item-5884\"><a href=\"https:\/\/www.andicsalpar.hu\/wordpress\/?page_id=5783\">11. Tekintetek \u00e9s n\u00e9gysorosok. 11. r\u00e9sz<\/a><\/li>\n<li id=\"menu-item-5885\" class=\"menu-item menu-item-type-post_type menu-item-object-page menu-item-5885\"><a href=\"https:\/\/www.andicsalpar.hu\/wordpress\/?page_id=5825\">12. Tekintetek \u00e9s n\u00e9gysorosok. 12. r\u00e9sz<\/a><\/li>\n<li id=\"menu-item-5886\" class=\"menu-item menu-item-type-post_type menu-item-object-page menu-item-5886\"><a href=\"https:\/\/www.andicsalpar.hu\/wordpress\/?page_id=5853\">13. Tekintetek \u00e9s n\u00e9gysorosok. 13. r\u00e9sz<\/a><\/li>\n<li id=\"menu-item-5887\" class=\"menu-item menu-item-type-post_type menu-item-object-page menu-item-5887\"><a href=\"https:\/\/www.andicsalpar.hu\/wordpress\/?page_id=5856\">14. Tekintetek \u00e9s n\u00e9gysorosok. 14. r\u00e9sz<\/a><\/li>\n<li id=\"menu-item-5888\" class=\"menu-item menu-item-type-post_type menu-item-object-page menu-item-5888\"><a href=\"https:\/\/www.andicsalpar.hu\/wordpress\/?page_id=5859\">15. Tekintetek \u00e9s n\u00e9gysorosok. 15. r\u00e9sz<\/a><\/li>\n<\/ul>\n","protected":false},"excerpt":{"rendered":"","protected":false},"author":1,"featured_media":0,"parent":0,"menu_order":0,"comment_status":"closed","ping_status":"closed","template":"","meta":{"footnotes":""},"class_list":["post-5617","page","type-page","status-publish","hentry"],"_links":{"self":[{"href":"https:\/\/www.andicsalpar.hu\/wordpress\/index.php?rest_route=\/wp\/v2\/pages\/5617","targetHints":{"allow":["GET"]}}],"collection":[{"href":"https:\/\/www.andicsalpar.hu\/wordpress\/index.php?rest_route=\/wp\/v2\/pages"}],"about":[{"href":"https:\/\/www.andicsalpar.hu\/wordpress\/index.php?rest_route=\/wp\/v2\/types\/page"}],"author":[{"embeddable":true,"href":"https:\/\/www.andicsalpar.hu\/wordpress\/index.php?rest_route=\/wp\/v2\/users\/1"}],"replies":[{"embeddable":true,"href":"https:\/\/www.andicsalpar.hu\/wordpress\/index.php?rest_route=%2Fwp%2Fv2%2Fcomments&post=5617"}],"version-history":[{"count":1,"href":"https:\/\/www.andicsalpar.hu\/wordpress\/index.php?rest_route=\/wp\/v2\/pages\/5617\/revisions"}],"predecessor-version":[{"id":5619,"href":"https:\/\/www.andicsalpar.hu\/wordpress\/index.php?rest_route=\/wp\/v2\/pages\/5617\/revisions\/5619"}],"wp:attachment":[{"href":"https:\/\/www.andicsalpar.hu\/wordpress\/index.php?rest_route=%2Fwp%2Fv2%2Fmedia&parent=5617"}],"curies":[{"name":"wp","href":"https:\/\/api.w.org\/{rel}","templated":true}]}}