{"id":4481,"date":"2021-04-11T11:24:04","date_gmt":"2021-04-11T09:24:04","guid":{"rendered":"http:\/\/www.andicsalpar.hu\/wordpress\/?page_id=4481"},"modified":"2021-04-11T11:24:04","modified_gmt":"2021-04-11T09:24:04","slug":"7-szellem-lelek-es-test-negysorosok","status":"publish","type":"page","link":"https:\/\/www.andicsalpar.hu\/wordpress\/?page_id=4481","title":{"rendered":"7. Szellem, l\u00e9lek \u00e9s test (n\u00e9gysorosok)"},"content":{"rendered":"<p><a href=\"http:\/\/www.andicsalpar.hu\/wordpress\/wp-content\/uploads\/2021\/04\/1.-Szellem-lelek-es-test-scaled.jpg\"><img loading=\"lazy\" decoding=\"async\" src=\"http:\/\/www.andicsalpar.hu\/wordpress\/wp-content\/uploads\/2021\/04\/1.-Szellem-lelek-es-test-scaled.jpg\" alt=\"\" width=\"2560\" height=\"1810\" class=\"alignnone size-full wp-image-4483\" srcset=\"https:\/\/www.andicsalpar.hu\/wordpress\/wp-content\/uploads\/2021\/04\/1.-Szellem-lelek-es-test-scaled.jpg 2560w, https:\/\/www.andicsalpar.hu\/wordpress\/wp-content\/uploads\/2021\/04\/1.-Szellem-lelek-es-test-300x212.jpg 300w, https:\/\/www.andicsalpar.hu\/wordpress\/wp-content\/uploads\/2021\/04\/1.-Szellem-lelek-es-test-1024x724.jpg 1024w, https:\/\/www.andicsalpar.hu\/wordpress\/wp-content\/uploads\/2021\/04\/1.-Szellem-lelek-es-test-768x543.jpg 768w, https:\/\/www.andicsalpar.hu\/wordpress\/wp-content\/uploads\/2021\/04\/1.-Szellem-lelek-es-test-1536x1086.jpg 1536w, https:\/\/www.andicsalpar.hu\/wordpress\/wp-content\/uploads\/2021\/04\/1.-Szellem-lelek-es-test-2048x1448.jpg 2048w, https:\/\/www.andicsalpar.hu\/wordpress\/wp-content\/uploads\/2021\/04\/1.-Szellem-lelek-es-test-1440x1018.jpg 1440w\" sizes=\"auto, (max-width: 2560px) 100vw, 2560px\" \/><\/a><\/p>\n<p><a href=\"http:\/\/www.andicsalpar.hu\/wordpress\/wp-content\/uploads\/2021\/04\/2.-Szellem-lelek-es-test-scaled.jpg\"><img loading=\"lazy\" decoding=\"async\" src=\"http:\/\/www.andicsalpar.hu\/wordpress\/wp-content\/uploads\/2021\/04\/2.-Szellem-lelek-es-test-scaled.jpg\" alt=\"\" width=\"2560\" height=\"1810\" class=\"alignnone size-full wp-image-4484\" srcset=\"https:\/\/www.andicsalpar.hu\/wordpress\/wp-content\/uploads\/2021\/04\/2.-Szellem-lelek-es-test-scaled.jpg 2560w, https:\/\/www.andicsalpar.hu\/wordpress\/wp-content\/uploads\/2021\/04\/2.-Szellem-lelek-es-test-300x212.jpg 300w, https:\/\/www.andicsalpar.hu\/wordpress\/wp-content\/uploads\/2021\/04\/2.-Szellem-lelek-es-test-1024x724.jpg 1024w, https:\/\/www.andicsalpar.hu\/wordpress\/wp-content\/uploads\/2021\/04\/2.-Szellem-lelek-es-test-768x543.jpg 768w, https:\/\/www.andicsalpar.hu\/wordpress\/wp-content\/uploads\/2021\/04\/2.-Szellem-lelek-es-test-1536x1086.jpg 1536w, https:\/\/www.andicsalpar.hu\/wordpress\/wp-content\/uploads\/2021\/04\/2.-Szellem-lelek-es-test-2048x1448.jpg 2048w, https:\/\/www.andicsalpar.hu\/wordpress\/wp-content\/uploads\/2021\/04\/2.-Szellem-lelek-es-test-1440x1018.jpg 1440w\" sizes=\"auto, (max-width: 2560px) 100vw, 2560px\" \/><\/a><\/p>\n<p><a href=\"http:\/\/www.andicsalpar.hu\/wordpress\/wp-content\/uploads\/2021\/04\/3.-Szellem-lelek-es-test-scaled.jpg\"><img loading=\"lazy\" decoding=\"async\" src=\"http:\/\/www.andicsalpar.hu\/wordpress\/wp-content\/uploads\/2021\/04\/3.-Szellem-lelek-es-test-scaled.jpg\" alt=\"\" width=\"2560\" height=\"1810\" class=\"alignnone size-full wp-image-4485\" srcset=\"https:\/\/www.andicsalpar.hu\/wordpress\/wp-content\/uploads\/2021\/04\/3.-Szellem-lelek-es-test-scaled.jpg 2560w, https:\/\/www.andicsalpar.hu\/wordpress\/wp-content\/uploads\/2021\/04\/3.-Szellem-lelek-es-test-300x212.jpg 300w, https:\/\/www.andicsalpar.hu\/wordpress\/wp-content\/uploads\/2021\/04\/3.-Szellem-lelek-es-test-1024x724.jpg 1024w, https:\/\/www.andicsalpar.hu\/wordpress\/wp-content\/uploads\/2021\/04\/3.-Szellem-lelek-es-test-768x543.jpg 768w, https:\/\/www.andicsalpar.hu\/wordpress\/wp-content\/uploads\/2021\/04\/3.-Szellem-lelek-es-test-1536x1086.jpg 1536w, https:\/\/www.andicsalpar.hu\/wordpress\/wp-content\/uploads\/2021\/04\/3.-Szellem-lelek-es-test-2048x1448.jpg 2048w, https:\/\/www.andicsalpar.hu\/wordpress\/wp-content\/uploads\/2021\/04\/3.-Szellem-lelek-es-test-1440x1018.jpg 1440w\" sizes=\"auto, (max-width: 2560px) 100vw, 2560px\" \/><\/a><\/p>\n<p><a href=\"http:\/\/www.andicsalpar.hu\/wordpress\/wp-content\/uploads\/2021\/04\/4.-Szellem-lelek-es-test-scaled.jpg\"><img loading=\"lazy\" decoding=\"async\" src=\"http:\/\/www.andicsalpar.hu\/wordpress\/wp-content\/uploads\/2021\/04\/4.-Szellem-lelek-es-test-scaled.jpg\" alt=\"\" width=\"2560\" height=\"1810\" class=\"alignnone size-full wp-image-4482\" srcset=\"https:\/\/www.andicsalpar.hu\/wordpress\/wp-content\/uploads\/2021\/04\/4.-Szellem-lelek-es-test-scaled.jpg 2560w, https:\/\/www.andicsalpar.hu\/wordpress\/wp-content\/uploads\/2021\/04\/4.-Szellem-lelek-es-test-300x212.jpg 300w, https:\/\/www.andicsalpar.hu\/wordpress\/wp-content\/uploads\/2021\/04\/4.-Szellem-lelek-es-test-1024x724.jpg 1024w, https:\/\/www.andicsalpar.hu\/wordpress\/wp-content\/uploads\/2021\/04\/4.-Szellem-lelek-es-test-768x543.jpg 768w, https:\/\/www.andicsalpar.hu\/wordpress\/wp-content\/uploads\/2021\/04\/4.-Szellem-lelek-es-test-1536x1086.jpg 1536w, https:\/\/www.andicsalpar.hu\/wordpress\/wp-content\/uploads\/2021\/04\/4.-Szellem-lelek-es-test-2048x1448.jpg 2048w, https:\/\/www.andicsalpar.hu\/wordpress\/wp-content\/uploads\/2021\/04\/4.-Szellem-lelek-es-test-1440x1018.jpg 1440w\" sizes=\"auto, (max-width: 2560px) 100vw, 2560px\" \/><\/a><\/p>\n<p><a href=\"http:\/\/www.andicsalpar.hu\/wordpress\/wp-content\/uploads\/2021\/04\/5.-Szellem-lelek-es-test-scaled.jpg\"><img loading=\"lazy\" decoding=\"async\" src=\"http:\/\/www.andicsalpar.hu\/wordpress\/wp-content\/uploads\/2021\/04\/5.-Szellem-lelek-es-test-scaled.jpg\" alt=\"\" width=\"2560\" height=\"1810\" class=\"alignnone size-full wp-image-4486\" srcset=\"https:\/\/www.andicsalpar.hu\/wordpress\/wp-content\/uploads\/2021\/04\/5.-Szellem-lelek-es-test-scaled.jpg 2560w, https:\/\/www.andicsalpar.hu\/wordpress\/wp-content\/uploads\/2021\/04\/5.-Szellem-lelek-es-test-300x212.jpg 300w, https:\/\/www.andicsalpar.hu\/wordpress\/wp-content\/uploads\/2021\/04\/5.-Szellem-lelek-es-test-1024x724.jpg 1024w, https:\/\/www.andicsalpar.hu\/wordpress\/wp-content\/uploads\/2021\/04\/5.-Szellem-lelek-es-test-768x543.jpg 768w, https:\/\/www.andicsalpar.hu\/wordpress\/wp-content\/uploads\/2021\/04\/5.-Szellem-lelek-es-test-1536x1086.jpg 1536w, https:\/\/www.andicsalpar.hu\/wordpress\/wp-content\/uploads\/2021\/04\/5.-Szellem-lelek-es-test-2048x1448.jpg 2048w, https:\/\/www.andicsalpar.hu\/wordpress\/wp-content\/uploads\/2021\/04\/5.-Szellem-lelek-es-test-1440x1018.jpg 1440w\" sizes=\"auto, (max-width: 2560px) 100vw, 2560px\" \/><\/a><\/p>\n<p><a href=\"http:\/\/www.andicsalpar.hu\/wordpress\/wp-content\/uploads\/2021\/04\/6.-Szellem-lelek-es-test-scaled.jpg\"><img loading=\"lazy\" decoding=\"async\" src=\"http:\/\/www.andicsalpar.hu\/wordpress\/wp-content\/uploads\/2021\/04\/6.-Szellem-lelek-es-test-scaled.jpg\" alt=\"\" width=\"2560\" height=\"1810\" class=\"alignnone size-full wp-image-4487\" srcset=\"https:\/\/www.andicsalpar.hu\/wordpress\/wp-content\/uploads\/2021\/04\/6.-Szellem-lelek-es-test-scaled.jpg 2560w, https:\/\/www.andicsalpar.hu\/wordpress\/wp-content\/uploads\/2021\/04\/6.-Szellem-lelek-es-test-300x212.jpg 300w, https:\/\/www.andicsalpar.hu\/wordpress\/wp-content\/uploads\/2021\/04\/6.-Szellem-lelek-es-test-1024x724.jpg 1024w, https:\/\/www.andicsalpar.hu\/wordpress\/wp-content\/uploads\/2021\/04\/6.-Szellem-lelek-es-test-768x543.jpg 768w, https:\/\/www.andicsalpar.hu\/wordpress\/wp-content\/uploads\/2021\/04\/6.-Szellem-lelek-es-test-1536x1086.jpg 1536w, https:\/\/www.andicsalpar.hu\/wordpress\/wp-content\/uploads\/2021\/04\/6.-Szellem-lelek-es-test-2048x1448.jpg 2048w, https:\/\/www.andicsalpar.hu\/wordpress\/wp-content\/uploads\/2021\/04\/6.-Szellem-lelek-es-test-1440x1018.jpg 1440w\" sizes=\"auto, (max-width: 2560px) 100vw, 2560px\" \/><\/a><\/p>\n<p><a href=\"http:\/\/www.andicsalpar.hu\/wordpress\/wp-content\/uploads\/2021\/04\/7.-Szellem-lelek-es-test-scaled.jpg\"><img loading=\"lazy\" decoding=\"async\" src=\"http:\/\/www.andicsalpar.hu\/wordpress\/wp-content\/uploads\/2021\/04\/7.-Szellem-lelek-es-test-scaled.jpg\" alt=\"\" width=\"2560\" height=\"1810\" class=\"alignnone size-full wp-image-4488\" srcset=\"https:\/\/www.andicsalpar.hu\/wordpress\/wp-content\/uploads\/2021\/04\/7.-Szellem-lelek-es-test-scaled.jpg 2560w, https:\/\/www.andicsalpar.hu\/wordpress\/wp-content\/uploads\/2021\/04\/7.-Szellem-lelek-es-test-300x212.jpg 300w, https:\/\/www.andicsalpar.hu\/wordpress\/wp-content\/uploads\/2021\/04\/7.-Szellem-lelek-es-test-1024x724.jpg 1024w, https:\/\/www.andicsalpar.hu\/wordpress\/wp-content\/uploads\/2021\/04\/7.-Szellem-lelek-es-test-768x543.jpg 768w, https:\/\/www.andicsalpar.hu\/wordpress\/wp-content\/uploads\/2021\/04\/7.-Szellem-lelek-es-test-1536x1086.jpg 1536w, https:\/\/www.andicsalpar.hu\/wordpress\/wp-content\/uploads\/2021\/04\/7.-Szellem-lelek-es-test-2048x1448.jpg 2048w, https:\/\/www.andicsalpar.hu\/wordpress\/wp-content\/uploads\/2021\/04\/7.-Szellem-lelek-es-test-1440x1018.jpg 1440w\" sizes=\"auto, (max-width: 2560px) 100vw, 2560px\" \/><\/a><\/p>\n<p><a href=\"http:\/\/www.andicsalpar.hu\/wordpress\/wp-content\/uploads\/2021\/04\/8.-Szellem-lelek-es-test-scaled.jpg\"><img loading=\"lazy\" decoding=\"async\" src=\"http:\/\/www.andicsalpar.hu\/wordpress\/wp-content\/uploads\/2021\/04\/8.-Szellem-lelek-es-test-scaled.jpg\" alt=\"\" width=\"2560\" height=\"1810\" class=\"alignnone size-full wp-image-4489\" srcset=\"https:\/\/www.andicsalpar.hu\/wordpress\/wp-content\/uploads\/2021\/04\/8.-Szellem-lelek-es-test-scaled.jpg 2560w, https:\/\/www.andicsalpar.hu\/wordpress\/wp-content\/uploads\/2021\/04\/8.-Szellem-lelek-es-test-300x212.jpg 300w, https:\/\/www.andicsalpar.hu\/wordpress\/wp-content\/uploads\/2021\/04\/8.-Szellem-lelek-es-test-1024x724.jpg 1024w, https:\/\/www.andicsalpar.hu\/wordpress\/wp-content\/uploads\/2021\/04\/8.-Szellem-lelek-es-test-768x543.jpg 768w, https:\/\/www.andicsalpar.hu\/wordpress\/wp-content\/uploads\/2021\/04\/8.-Szellem-lelek-es-test-1536x1086.jpg 1536w, https:\/\/www.andicsalpar.hu\/wordpress\/wp-content\/uploads\/2021\/04\/8.-Szellem-lelek-es-test-2048x1448.jpg 2048w, https:\/\/www.andicsalpar.hu\/wordpress\/wp-content\/uploads\/2021\/04\/8.-Szellem-lelek-es-test-1440x1018.jpg 1440w\" sizes=\"auto, (max-width: 2560px) 100vw, 2560px\" \/><\/a><\/p>\n<p><a href=\"http:\/\/www.andicsalpar.hu\/wordpress\/wp-content\/uploads\/2021\/04\/9.-Szellem-lelek-es-test-scaled.jpg\"><img loading=\"lazy\" decoding=\"async\" src=\"http:\/\/www.andicsalpar.hu\/wordpress\/wp-content\/uploads\/2021\/04\/9.-Szellem-lelek-es-test-scaled.jpg\" alt=\"\" width=\"2560\" height=\"1810\" class=\"alignnone size-full wp-image-4490\" srcset=\"https:\/\/www.andicsalpar.hu\/wordpress\/wp-content\/uploads\/2021\/04\/9.-Szellem-lelek-es-test-scaled.jpg 2560w, https:\/\/www.andicsalpar.hu\/wordpress\/wp-content\/uploads\/2021\/04\/9.-Szellem-lelek-es-test-300x212.jpg 300w, https:\/\/www.andicsalpar.hu\/wordpress\/wp-content\/uploads\/2021\/04\/9.-Szellem-lelek-es-test-1024x724.jpg 1024w, https:\/\/www.andicsalpar.hu\/wordpress\/wp-content\/uploads\/2021\/04\/9.-Szellem-lelek-es-test-768x543.jpg 768w, https:\/\/www.andicsalpar.hu\/wordpress\/wp-content\/uploads\/2021\/04\/9.-Szellem-lelek-es-test-1536x1086.jpg 1536w, https:\/\/www.andicsalpar.hu\/wordpress\/wp-content\/uploads\/2021\/04\/9.-Szellem-lelek-es-test-2048x1448.jpg 2048w, https:\/\/www.andicsalpar.hu\/wordpress\/wp-content\/uploads\/2021\/04\/9.-Szellem-lelek-es-test-1440x1018.jpg 1440w\" sizes=\"auto, (max-width: 2560px) 100vw, 2560px\" \/><\/a><\/p>\n<p><a href=\"http:\/\/www.andicsalpar.hu\/wordpress\/wp-content\/uploads\/2021\/04\/10.-Szellem-lelek-es-test-scaled.jpg\"><img loading=\"lazy\" decoding=\"async\" src=\"http:\/\/www.andicsalpar.hu\/wordpress\/wp-content\/uploads\/2021\/04\/10.-Szellem-lelek-es-test-scaled.jpg\" alt=\"\" width=\"2560\" height=\"1810\" class=\"alignnone size-full wp-image-4491\" srcset=\"https:\/\/www.andicsalpar.hu\/wordpress\/wp-content\/uploads\/2021\/04\/10.-Szellem-lelek-es-test-scaled.jpg 2560w, https:\/\/www.andicsalpar.hu\/wordpress\/wp-content\/uploads\/2021\/04\/10.-Szellem-lelek-es-test-300x212.jpg 300w, https:\/\/www.andicsalpar.hu\/wordpress\/wp-content\/uploads\/2021\/04\/10.-Szellem-lelek-es-test-1024x724.jpg 1024w, https:\/\/www.andicsalpar.hu\/wordpress\/wp-content\/uploads\/2021\/04\/10.-Szellem-lelek-es-test-768x543.jpg 768w, https:\/\/www.andicsalpar.hu\/wordpress\/wp-content\/uploads\/2021\/04\/10.-Szellem-lelek-es-test-1536x1086.jpg 1536w, https:\/\/www.andicsalpar.hu\/wordpress\/wp-content\/uploads\/2021\/04\/10.-Szellem-lelek-es-test-2048x1448.jpg 2048w, https:\/\/www.andicsalpar.hu\/wordpress\/wp-content\/uploads\/2021\/04\/10.-Szellem-lelek-es-test-1440x1018.jpg 1440w\" sizes=\"auto, (max-width: 2560px) 100vw, 2560px\" \/><\/a><\/p>\n<p><a href=\"http:\/\/www.andicsalpar.hu\/wordpress\/wp-content\/uploads\/2021\/04\/11.-Szellem-lelek-es-test-scaled.jpg\"><img loading=\"lazy\" decoding=\"async\" src=\"http:\/\/www.andicsalpar.hu\/wordpress\/wp-content\/uploads\/2021\/04\/11.-Szellem-lelek-es-test-scaled.jpg\" alt=\"\" width=\"2560\" height=\"1810\" class=\"alignnone size-full wp-image-4492\" srcset=\"https:\/\/www.andicsalpar.hu\/wordpress\/wp-content\/uploads\/2021\/04\/11.-Szellem-lelek-es-test-scaled.jpg 2560w, https:\/\/www.andicsalpar.hu\/wordpress\/wp-content\/uploads\/2021\/04\/11.-Szellem-lelek-es-test-300x212.jpg 300w, https:\/\/www.andicsalpar.hu\/wordpress\/wp-content\/uploads\/2021\/04\/11.-Szellem-lelek-es-test-1024x724.jpg 1024w, https:\/\/www.andicsalpar.hu\/wordpress\/wp-content\/uploads\/2021\/04\/11.-Szellem-lelek-es-test-768x543.jpg 768w, https:\/\/www.andicsalpar.hu\/wordpress\/wp-content\/uploads\/2021\/04\/11.-Szellem-lelek-es-test-1536x1086.jpg 1536w, https:\/\/www.andicsalpar.hu\/wordpress\/wp-content\/uploads\/2021\/04\/11.-Szellem-lelek-es-test-2048x1448.jpg 2048w, https:\/\/www.andicsalpar.hu\/wordpress\/wp-content\/uploads\/2021\/04\/11.-Szellem-lelek-es-test-1440x1018.jpg 1440w\" sizes=\"auto, (max-width: 2560px) 100vw, 2560px\" \/><\/a><\/p>\n<p><a href=\"http:\/\/www.andicsalpar.hu\/wordpress\/wp-content\/uploads\/2021\/04\/12.-Szellem-lelek-es-test-scaled.jpg\"><img loading=\"lazy\" decoding=\"async\" src=\"http:\/\/www.andicsalpar.hu\/wordpress\/wp-content\/uploads\/2021\/04\/12.-Szellem-lelek-es-test-scaled.jpg\" alt=\"\" width=\"2560\" height=\"1810\" class=\"alignnone size-full wp-image-4493\" srcset=\"https:\/\/www.andicsalpar.hu\/wordpress\/wp-content\/uploads\/2021\/04\/12.-Szellem-lelek-es-test-scaled.jpg 2560w, https:\/\/www.andicsalpar.hu\/wordpress\/wp-content\/uploads\/2021\/04\/12.-Szellem-lelek-es-test-300x212.jpg 300w, https:\/\/www.andicsalpar.hu\/wordpress\/wp-content\/uploads\/2021\/04\/12.-Szellem-lelek-es-test-1024x724.jpg 1024w, https:\/\/www.andicsalpar.hu\/wordpress\/wp-content\/uploads\/2021\/04\/12.-Szellem-lelek-es-test-768x543.jpg 768w, https:\/\/www.andicsalpar.hu\/wordpress\/wp-content\/uploads\/2021\/04\/12.-Szellem-lelek-es-test-1536x1086.jpg 1536w, https:\/\/www.andicsalpar.hu\/wordpress\/wp-content\/uploads\/2021\/04\/12.-Szellem-lelek-es-test-2048x1448.jpg 2048w, https:\/\/www.andicsalpar.hu\/wordpress\/wp-content\/uploads\/2021\/04\/12.-Szellem-lelek-es-test-1440x1018.jpg 1440w\" sizes=\"auto, (max-width: 2560px) 100vw, 2560px\" \/><\/a><\/p>\n<p><a href=\"http:\/\/www.andicsalpar.hu\/wordpress\/wp-content\/uploads\/2021\/04\/13.-Szellem-lelek-es-test-scaled.jpg\"><img loading=\"lazy\" decoding=\"async\" src=\"http:\/\/www.andicsalpar.hu\/wordpress\/wp-content\/uploads\/2021\/04\/13.-Szellem-lelek-es-test-scaled.jpg\" alt=\"\" width=\"2560\" height=\"1810\" class=\"alignnone size-full wp-image-4494\" srcset=\"https:\/\/www.andicsalpar.hu\/wordpress\/wp-content\/uploads\/2021\/04\/13.-Szellem-lelek-es-test-scaled.jpg 2560w, https:\/\/www.andicsalpar.hu\/wordpress\/wp-content\/uploads\/2021\/04\/13.-Szellem-lelek-es-test-300x212.jpg 300w, https:\/\/www.andicsalpar.hu\/wordpress\/wp-content\/uploads\/2021\/04\/13.-Szellem-lelek-es-test-1024x724.jpg 1024w, https:\/\/www.andicsalpar.hu\/wordpress\/wp-content\/uploads\/2021\/04\/13.-Szellem-lelek-es-test-768x543.jpg 768w, https:\/\/www.andicsalpar.hu\/wordpress\/wp-content\/uploads\/2021\/04\/13.-Szellem-lelek-es-test-1536x1086.jpg 1536w, https:\/\/www.andicsalpar.hu\/wordpress\/wp-content\/uploads\/2021\/04\/13.-Szellem-lelek-es-test-2048x1448.jpg 2048w, https:\/\/www.andicsalpar.hu\/wordpress\/wp-content\/uploads\/2021\/04\/13.-Szellem-lelek-es-test-1440x1018.jpg 1440w\" sizes=\"auto, (max-width: 2560px) 100vw, 2560px\" \/><\/a><\/p>\n<p><a href=\"http:\/\/www.andicsalpar.hu\/wordpress\/wp-content\/uploads\/2021\/04\/14.-Szellem-lelek-es-test-scaled.jpg\"><img loading=\"lazy\" decoding=\"async\" src=\"http:\/\/www.andicsalpar.hu\/wordpress\/wp-content\/uploads\/2021\/04\/14.-Szellem-lelek-es-test-scaled.jpg\" alt=\"\" width=\"2560\" height=\"1810\" class=\"alignnone size-full wp-image-4495\" srcset=\"https:\/\/www.andicsalpar.hu\/wordpress\/wp-content\/uploads\/2021\/04\/14.-Szellem-lelek-es-test-scaled.jpg 2560w, https:\/\/www.andicsalpar.hu\/wordpress\/wp-content\/uploads\/2021\/04\/14.-Szellem-lelek-es-test-300x212.jpg 300w, https:\/\/www.andicsalpar.hu\/wordpress\/wp-content\/uploads\/2021\/04\/14.-Szellem-lelek-es-test-1024x724.jpg 1024w, https:\/\/www.andicsalpar.hu\/wordpress\/wp-content\/uploads\/2021\/04\/14.-Szellem-lelek-es-test-768x543.jpg 768w, https:\/\/www.andicsalpar.hu\/wordpress\/wp-content\/uploads\/2021\/04\/14.-Szellem-lelek-es-test-1536x1086.jpg 1536w, https:\/\/www.andicsalpar.hu\/wordpress\/wp-content\/uploads\/2021\/04\/14.-Szellem-lelek-es-test-2048x1448.jpg 2048w, https:\/\/www.andicsalpar.hu\/wordpress\/wp-content\/uploads\/2021\/04\/14.-Szellem-lelek-es-test-1440x1018.jpg 1440w\" sizes=\"auto, (max-width: 2560px) 100vw, 2560px\" \/><\/a><\/p>\n","protected":false},"excerpt":{"rendered":"","protected":false},"author":1,"featured_media":0,"parent":4330,"menu_order":0,"comment_status":"closed","ping_status":"closed","template":"","meta":{"footnotes":""},"class_list":["post-4481","page","type-page","status-publish","hentry"],"_links":{"self":[{"href":"https:\/\/www.andicsalpar.hu\/wordpress\/index.php?rest_route=\/wp\/v2\/pages\/4481","targetHints":{"allow":["GET"]}}],"collection":[{"href":"https:\/\/www.andicsalpar.hu\/wordpress\/index.php?rest_route=\/wp\/v2\/pages"}],"about":[{"href":"https:\/\/www.andicsalpar.hu\/wordpress\/index.php?rest_route=\/wp\/v2\/types\/page"}],"author":[{"embeddable":true,"href":"https:\/\/www.andicsalpar.hu\/wordpress\/index.php?rest_route=\/wp\/v2\/users\/1"}],"replies":[{"embeddable":true,"href":"https:\/\/www.andicsalpar.hu\/wordpress\/index.php?rest_route=%2Fwp%2Fv2%2Fcomments&post=4481"}],"version-history":[{"count":1,"href":"https:\/\/www.andicsalpar.hu\/wordpress\/index.php?rest_route=\/wp\/v2\/pages\/4481\/revisions"}],"predecessor-version":[{"id":4496,"href":"https:\/\/www.andicsalpar.hu\/wordpress\/index.php?rest_route=\/wp\/v2\/pages\/4481\/revisions\/4496"}],"up":[{"embeddable":true,"href":"https:\/\/www.andicsalpar.hu\/wordpress\/index.php?rest_route=\/wp\/v2\/pages\/4330"}],"wp:attachment":[{"href":"https:\/\/www.andicsalpar.hu\/wordpress\/index.php?rest_route=%2Fwp%2Fv2%2Fmedia&parent=4481"}],"curies":[{"name":"wp","href":"https:\/\/api.w.org\/{rel}","templated":true}]}}