{"id":3986,"date":"2020-06-13T10:05:46","date_gmt":"2020-06-13T08:05:46","guid":{"rendered":"http:\/\/www.andicsalpar.hu\/wordpress\/?page_id=3986"},"modified":"2020-06-13T16:42:24","modified_gmt":"2020-06-13T14:42:24","slug":"3-tucsok","status":"publish","type":"page","link":"https:\/\/www.andicsalpar.hu\/wordpress\/?page_id=3986","title":{"rendered":"3. T\u00fccs\u00f6k-bog\u00e1r"},"content":{"rendered":"<p><a href=\"http:\/\/www.andicsalpar.hu\/wordpress\/wp-content\/uploads\/2020\/06\/1.-Cila-T\u00fccs\u00f6k-bog\u00e1r-scaled.jpg\"><img loading=\"lazy\" decoding=\"async\" class=\"alignnone size-full wp-image-3988\" src=\"http:\/\/www.andicsalpar.hu\/wordpress\/wp-content\/uploads\/2020\/06\/1.-Cila-T\u00fccs\u00f6k-bog\u00e1r-scaled.jpg\" alt=\"\" width=\"2560\" height=\"1810\" srcset=\"https:\/\/www.andicsalpar.hu\/wordpress\/wp-content\/uploads\/2020\/06\/1.-Cila-T\u00fccs\u00f6k-bog\u00e1r-scaled.jpg 2560w, https:\/\/www.andicsalpar.hu\/wordpress\/wp-content\/uploads\/2020\/06\/1.-Cila-T\u00fccs\u00f6k-bog\u00e1r-300x212.jpg 300w, https:\/\/www.andicsalpar.hu\/wordpress\/wp-content\/uploads\/2020\/06\/1.-Cila-T\u00fccs\u00f6k-bog\u00e1r-1024x724.jpg 1024w, https:\/\/www.andicsalpar.hu\/wordpress\/wp-content\/uploads\/2020\/06\/1.-Cila-T\u00fccs\u00f6k-bog\u00e1r-768x543.jpg 768w, https:\/\/www.andicsalpar.hu\/wordpress\/wp-content\/uploads\/2020\/06\/1.-Cila-T\u00fccs\u00f6k-bog\u00e1r-1536x1086.jpg 1536w, https:\/\/www.andicsalpar.hu\/wordpress\/wp-content\/uploads\/2020\/06\/1.-Cila-T\u00fccs\u00f6k-bog\u00e1r-2048x1448.jpg 2048w, https:\/\/www.andicsalpar.hu\/wordpress\/wp-content\/uploads\/2020\/06\/1.-Cila-T\u00fccs\u00f6k-bog\u00e1r-1440x1018.jpg 1440w\" sizes=\"auto, (max-width: 2560px) 100vw, 2560px\" \/><\/a> <a href=\"http:\/\/www.andicsalpar.hu\/wordpress\/wp-content\/uploads\/2020\/06\/2.-Cila-T\u00fccs\u00f6k-bog\u00e1r-scaled.jpg\"><img loading=\"lazy\" decoding=\"async\" class=\"alignnone size-full wp-image-3989\" src=\"http:\/\/www.andicsalpar.hu\/wordpress\/wp-content\/uploads\/2020\/06\/2.-Cila-T\u00fccs\u00f6k-bog\u00e1r-scaled.jpg\" alt=\"\" width=\"2560\" height=\"1810\" srcset=\"https:\/\/www.andicsalpar.hu\/wordpress\/wp-content\/uploads\/2020\/06\/2.-Cila-T\u00fccs\u00f6k-bog\u00e1r-scaled.jpg 2560w, https:\/\/www.andicsalpar.hu\/wordpress\/wp-content\/uploads\/2020\/06\/2.-Cila-T\u00fccs\u00f6k-bog\u00e1r-300x212.jpg 300w, https:\/\/www.andicsalpar.hu\/wordpress\/wp-content\/uploads\/2020\/06\/2.-Cila-T\u00fccs\u00f6k-bog\u00e1r-1024x724.jpg 1024w, https:\/\/www.andicsalpar.hu\/wordpress\/wp-content\/uploads\/2020\/06\/2.-Cila-T\u00fccs\u00f6k-bog\u00e1r-768x543.jpg 768w, https:\/\/www.andicsalpar.hu\/wordpress\/wp-content\/uploads\/2020\/06\/2.-Cila-T\u00fccs\u00f6k-bog\u00e1r-1536x1086.jpg 1536w, https:\/\/www.andicsalpar.hu\/wordpress\/wp-content\/uploads\/2020\/06\/2.-Cila-T\u00fccs\u00f6k-bog\u00e1r-2048x1448.jpg 2048w, https:\/\/www.andicsalpar.hu\/wordpress\/wp-content\/uploads\/2020\/06\/2.-Cila-T\u00fccs\u00f6k-bog\u00e1r-1440x1018.jpg 1440w\" sizes=\"auto, (max-width: 2560px) 100vw, 2560px\" \/><\/a> <a href=\"http:\/\/www.andicsalpar.hu\/wordpress\/wp-content\/uploads\/2020\/06\/3.-Cila-T\u00fccs\u00f6k-bog\u00e1r-scaled.jpg\"><img loading=\"lazy\" decoding=\"async\" class=\"alignnone size-full wp-image-3987\" src=\"http:\/\/www.andicsalpar.hu\/wordpress\/wp-content\/uploads\/2020\/06\/3.-Cila-T\u00fccs\u00f6k-bog\u00e1r-scaled.jpg\" alt=\"\" width=\"2560\" height=\"1810\" srcset=\"https:\/\/www.andicsalpar.hu\/wordpress\/wp-content\/uploads\/2020\/06\/3.-Cila-T\u00fccs\u00f6k-bog\u00e1r-scaled.jpg 2560w, https:\/\/www.andicsalpar.hu\/wordpress\/wp-content\/uploads\/2020\/06\/3.-Cila-T\u00fccs\u00f6k-bog\u00e1r-300x212.jpg 300w, https:\/\/www.andicsalpar.hu\/wordpress\/wp-content\/uploads\/2020\/06\/3.-Cila-T\u00fccs\u00f6k-bog\u00e1r-1024x724.jpg 1024w, https:\/\/www.andicsalpar.hu\/wordpress\/wp-content\/uploads\/2020\/06\/3.-Cila-T\u00fccs\u00f6k-bog\u00e1r-768x543.jpg 768w, https:\/\/www.andicsalpar.hu\/wordpress\/wp-content\/uploads\/2020\/06\/3.-Cila-T\u00fccs\u00f6k-bog\u00e1r-1536x1086.jpg 1536w, https:\/\/www.andicsalpar.hu\/wordpress\/wp-content\/uploads\/2020\/06\/3.-Cila-T\u00fccs\u00f6k-bog\u00e1r-2048x1448.jpg 2048w, https:\/\/www.andicsalpar.hu\/wordpress\/wp-content\/uploads\/2020\/06\/3.-Cila-T\u00fccs\u00f6k-bog\u00e1r-1440x1018.jpg 1440w\" sizes=\"auto, (max-width: 2560px) 100vw, 2560px\" \/><\/a><a href=\"http:\/\/www.andicsalpar.hu\/wordpress\/wp-content\/uploads\/2020\/06\/4-Cila-T\u00fccs\u00f6k-bog\u00e1r-scaled.jpg\"><img loading=\"lazy\" decoding=\"async\" class=\"alignnone size-full wp-image-3990\" src=\"http:\/\/www.andicsalpar.hu\/wordpress\/wp-content\/uploads\/2020\/06\/4-Cila-T\u00fccs\u00f6k-bog\u00e1r-scaled.jpg\" alt=\"\" width=\"2560\" height=\"1810\" srcset=\"https:\/\/www.andicsalpar.hu\/wordpress\/wp-content\/uploads\/2020\/06\/4-Cila-T\u00fccs\u00f6k-bog\u00e1r-scaled.jpg 2560w, https:\/\/www.andicsalpar.hu\/wordpress\/wp-content\/uploads\/2020\/06\/4-Cila-T\u00fccs\u00f6k-bog\u00e1r-300x212.jpg 300w, https:\/\/www.andicsalpar.hu\/wordpress\/wp-content\/uploads\/2020\/06\/4-Cila-T\u00fccs\u00f6k-bog\u00e1r-1024x724.jpg 1024w, https:\/\/www.andicsalpar.hu\/wordpress\/wp-content\/uploads\/2020\/06\/4-Cila-T\u00fccs\u00f6k-bog\u00e1r-768x543.jpg 768w, https:\/\/www.andicsalpar.hu\/wordpress\/wp-content\/uploads\/2020\/06\/4-Cila-T\u00fccs\u00f6k-bog\u00e1r-1536x1086.jpg 1536w, https:\/\/www.andicsalpar.hu\/wordpress\/wp-content\/uploads\/2020\/06\/4-Cila-T\u00fccs\u00f6k-bog\u00e1r-2048x1448.jpg 2048w, https:\/\/www.andicsalpar.hu\/wordpress\/wp-content\/uploads\/2020\/06\/4-Cila-T\u00fccs\u00f6k-bog\u00e1r-1440x1018.jpg 1440w\" sizes=\"auto, (max-width: 2560px) 100vw, 2560px\" \/><\/a> <a href=\"http:\/\/www.andicsalpar.hu\/wordpress\/wp-content\/uploads\/2020\/06\/5.-Cila-T\u00fccs\u00f6k-bog\u00e1r-scaled.jpg\"><img loading=\"lazy\" decoding=\"async\" class=\"alignnone size-full wp-image-3991\" src=\"http:\/\/www.andicsalpar.hu\/wordpress\/wp-content\/uploads\/2020\/06\/5.-Cila-T\u00fccs\u00f6k-bog\u00e1r-scaled.jpg\" alt=\"\" width=\"2560\" height=\"1810\" srcset=\"https:\/\/www.andicsalpar.hu\/wordpress\/wp-content\/uploads\/2020\/06\/5.-Cila-T\u00fccs\u00f6k-bog\u00e1r-scaled.jpg 2560w, https:\/\/www.andicsalpar.hu\/wordpress\/wp-content\/uploads\/2020\/06\/5.-Cila-T\u00fccs\u00f6k-bog\u00e1r-300x212.jpg 300w, https:\/\/www.andicsalpar.hu\/wordpress\/wp-content\/uploads\/2020\/06\/5.-Cila-T\u00fccs\u00f6k-bog\u00e1r-1024x724.jpg 1024w, https:\/\/www.andicsalpar.hu\/wordpress\/wp-content\/uploads\/2020\/06\/5.-Cila-T\u00fccs\u00f6k-bog\u00e1r-768x543.jpg 768w, https:\/\/www.andicsalpar.hu\/wordpress\/wp-content\/uploads\/2020\/06\/5.-Cila-T\u00fccs\u00f6k-bog\u00e1r-1536x1086.jpg 1536w, https:\/\/www.andicsalpar.hu\/wordpress\/wp-content\/uploads\/2020\/06\/5.-Cila-T\u00fccs\u00f6k-bog\u00e1r-2048x1448.jpg 2048w, https:\/\/www.andicsalpar.hu\/wordpress\/wp-content\/uploads\/2020\/06\/5.-Cila-T\u00fccs\u00f6k-bog\u00e1r-1440x1018.jpg 1440w\" sizes=\"auto, (max-width: 2560px) 100vw, 2560px\" \/><\/a> <a href=\"http:\/\/www.andicsalpar.hu\/wordpress\/wp-content\/uploads\/2020\/06\/6.-Cila-T\u00fccs\u00f6k-bog\u00e1r-scaled.jpg\"><img loading=\"lazy\" decoding=\"async\" class=\"alignnone size-full wp-image-3992\" src=\"http:\/\/www.andicsalpar.hu\/wordpress\/wp-content\/uploads\/2020\/06\/6.-Cila-T\u00fccs\u00f6k-bog\u00e1r-scaled.jpg\" alt=\"\" width=\"2560\" height=\"1810\" srcset=\"https:\/\/www.andicsalpar.hu\/wordpress\/wp-content\/uploads\/2020\/06\/6.-Cila-T\u00fccs\u00f6k-bog\u00e1r-scaled.jpg 2560w, https:\/\/www.andicsalpar.hu\/wordpress\/wp-content\/uploads\/2020\/06\/6.-Cila-T\u00fccs\u00f6k-bog\u00e1r-300x212.jpg 300w, https:\/\/www.andicsalpar.hu\/wordpress\/wp-content\/uploads\/2020\/06\/6.-Cila-T\u00fccs\u00f6k-bog\u00e1r-1024x724.jpg 1024w, https:\/\/www.andicsalpar.hu\/wordpress\/wp-content\/uploads\/2020\/06\/6.-Cila-T\u00fccs\u00f6k-bog\u00e1r-768x543.jpg 768w, https:\/\/www.andicsalpar.hu\/wordpress\/wp-content\/uploads\/2020\/06\/6.-Cila-T\u00fccs\u00f6k-bog\u00e1r-1536x1086.jpg 1536w, https:\/\/www.andicsalpar.hu\/wordpress\/wp-content\/uploads\/2020\/06\/6.-Cila-T\u00fccs\u00f6k-bog\u00e1r-2048x1448.jpg 2048w, https:\/\/www.andicsalpar.hu\/wordpress\/wp-content\/uploads\/2020\/06\/6.-Cila-T\u00fccs\u00f6k-bog\u00e1r-1440x1018.jpg 1440w\" sizes=\"auto, (max-width: 2560px) 100vw, 2560px\" \/><\/a> <a href=\"http:\/\/www.andicsalpar.hu\/wordpress\/wp-content\/uploads\/2020\/06\/7.-Cila-T\u00fccs\u00f6k-bog\u00e1r-scaled.jpg\"><img loading=\"lazy\" decoding=\"async\" class=\"alignnone size-full wp-image-3993\" src=\"http:\/\/www.andicsalpar.hu\/wordpress\/wp-content\/uploads\/2020\/06\/7.-Cila-T\u00fccs\u00f6k-bog\u00e1r-scaled.jpg\" alt=\"\" width=\"2560\" height=\"1810\" srcset=\"https:\/\/www.andicsalpar.hu\/wordpress\/wp-content\/uploads\/2020\/06\/7.-Cila-T\u00fccs\u00f6k-bog\u00e1r-scaled.jpg 2560w, https:\/\/www.andicsalpar.hu\/wordpress\/wp-content\/uploads\/2020\/06\/7.-Cila-T\u00fccs\u00f6k-bog\u00e1r-300x212.jpg 300w, https:\/\/www.andicsalpar.hu\/wordpress\/wp-content\/uploads\/2020\/06\/7.-Cila-T\u00fccs\u00f6k-bog\u00e1r-1024x724.jpg 1024w, https:\/\/www.andicsalpar.hu\/wordpress\/wp-content\/uploads\/2020\/06\/7.-Cila-T\u00fccs\u00f6k-bog\u00e1r-768x543.jpg 768w, https:\/\/www.andicsalpar.hu\/wordpress\/wp-content\/uploads\/2020\/06\/7.-Cila-T\u00fccs\u00f6k-bog\u00e1r-1536x1086.jpg 1536w, https:\/\/www.andicsalpar.hu\/wordpress\/wp-content\/uploads\/2020\/06\/7.-Cila-T\u00fccs\u00f6k-bog\u00e1r-2048x1448.jpg 2048w, https:\/\/www.andicsalpar.hu\/wordpress\/wp-content\/uploads\/2020\/06\/7.-Cila-T\u00fccs\u00f6k-bog\u00e1r-1440x1018.jpg 1440w\" sizes=\"auto, (max-width: 2560px) 100vw, 2560px\" \/><\/a> <a href=\"http:\/\/www.andicsalpar.hu\/wordpress\/wp-content\/uploads\/2020\/06\/8.-Cila-T\u00fccs\u00f6k-bog\u00e1r-scaled.jpg\"><img loading=\"lazy\" decoding=\"async\" class=\"alignnone size-full wp-image-3994\" src=\"http:\/\/www.andicsalpar.hu\/wordpress\/wp-content\/uploads\/2020\/06\/8.-Cila-T\u00fccs\u00f6k-bog\u00e1r-scaled.jpg\" alt=\"\" width=\"2560\" height=\"1810\" srcset=\"https:\/\/www.andicsalpar.hu\/wordpress\/wp-content\/uploads\/2020\/06\/8.-Cila-T\u00fccs\u00f6k-bog\u00e1r-scaled.jpg 2560w, https:\/\/www.andicsalpar.hu\/wordpress\/wp-content\/uploads\/2020\/06\/8.-Cila-T\u00fccs\u00f6k-bog\u00e1r-300x212.jpg 300w, https:\/\/www.andicsalpar.hu\/wordpress\/wp-content\/uploads\/2020\/06\/8.-Cila-T\u00fccs\u00f6k-bog\u00e1r-1024x724.jpg 1024w, https:\/\/www.andicsalpar.hu\/wordpress\/wp-content\/uploads\/2020\/06\/8.-Cila-T\u00fccs\u00f6k-bog\u00e1r-768x543.jpg 768w, https:\/\/www.andicsalpar.hu\/wordpress\/wp-content\/uploads\/2020\/06\/8.-Cila-T\u00fccs\u00f6k-bog\u00e1r-1536x1086.jpg 1536w, https:\/\/www.andicsalpar.hu\/wordpress\/wp-content\/uploads\/2020\/06\/8.-Cila-T\u00fccs\u00f6k-bog\u00e1r-2048x1448.jpg 2048w, https:\/\/www.andicsalpar.hu\/wordpress\/wp-content\/uploads\/2020\/06\/8.-Cila-T\u00fccs\u00f6k-bog\u00e1r-1440x1018.jpg 1440w\" sizes=\"auto, (max-width: 2560px) 100vw, 2560px\" \/><\/a> <a href=\"http:\/\/www.andicsalpar.hu\/wordpress\/wp-content\/uploads\/2020\/06\/9.-Cila-T\u00fccs\u00f6k-bog\u00e1r-scaled.jpg\"><img loading=\"lazy\" decoding=\"async\" class=\"alignnone size-full wp-image-3995\" src=\"http:\/\/www.andicsalpar.hu\/wordpress\/wp-content\/uploads\/2020\/06\/9.-Cila-T\u00fccs\u00f6k-bog\u00e1r-scaled.jpg\" alt=\"\" width=\"2560\" height=\"1810\" srcset=\"https:\/\/www.andicsalpar.hu\/wordpress\/wp-content\/uploads\/2020\/06\/9.-Cila-T\u00fccs\u00f6k-bog\u00e1r-scaled.jpg 2560w, https:\/\/www.andicsalpar.hu\/wordpress\/wp-content\/uploads\/2020\/06\/9.-Cila-T\u00fccs\u00f6k-bog\u00e1r-300x212.jpg 300w, https:\/\/www.andicsalpar.hu\/wordpress\/wp-content\/uploads\/2020\/06\/9.-Cila-T\u00fccs\u00f6k-bog\u00e1r-1024x724.jpg 1024w, https:\/\/www.andicsalpar.hu\/wordpress\/wp-content\/uploads\/2020\/06\/9.-Cila-T\u00fccs\u00f6k-bog\u00e1r-768x543.jpg 768w, https:\/\/www.andicsalpar.hu\/wordpress\/wp-content\/uploads\/2020\/06\/9.-Cila-T\u00fccs\u00f6k-bog\u00e1r-1536x1086.jpg 1536w, https:\/\/www.andicsalpar.hu\/wordpress\/wp-content\/uploads\/2020\/06\/9.-Cila-T\u00fccs\u00f6k-bog\u00e1r-2048x1448.jpg 2048w, https:\/\/www.andicsalpar.hu\/wordpress\/wp-content\/uploads\/2020\/06\/9.-Cila-T\u00fccs\u00f6k-bog\u00e1r-1440x1018.jpg 1440w\" sizes=\"auto, (max-width: 2560px) 100vw, 2560px\" \/><\/a> <a href=\"http:\/\/www.andicsalpar.hu\/wordpress\/wp-content\/uploads\/2020\/06\/10.-Cila-T\u00fccs\u00f6k-bog\u00e1r-scaled.jpg\"><img loading=\"lazy\" decoding=\"async\" class=\"alignnone size-full wp-image-3996\" src=\"http:\/\/www.andicsalpar.hu\/wordpress\/wp-content\/uploads\/2020\/06\/10.-Cila-T\u00fccs\u00f6k-bog\u00e1r-scaled.jpg\" alt=\"\" width=\"2560\" height=\"1810\" srcset=\"https:\/\/www.andicsalpar.hu\/wordpress\/wp-content\/uploads\/2020\/06\/10.-Cila-T\u00fccs\u00f6k-bog\u00e1r-scaled.jpg 2560w, https:\/\/www.andicsalpar.hu\/wordpress\/wp-content\/uploads\/2020\/06\/10.-Cila-T\u00fccs\u00f6k-bog\u00e1r-300x212.jpg 300w, https:\/\/www.andicsalpar.hu\/wordpress\/wp-content\/uploads\/2020\/06\/10.-Cila-T\u00fccs\u00f6k-bog\u00e1r-1024x724.jpg 1024w, https:\/\/www.andicsalpar.hu\/wordpress\/wp-content\/uploads\/2020\/06\/10.-Cila-T\u00fccs\u00f6k-bog\u00e1r-768x543.jpg 768w, https:\/\/www.andicsalpar.hu\/wordpress\/wp-content\/uploads\/2020\/06\/10.-Cila-T\u00fccs\u00f6k-bog\u00e1r-1536x1086.jpg 1536w, https:\/\/www.andicsalpar.hu\/wordpress\/wp-content\/uploads\/2020\/06\/10.-Cila-T\u00fccs\u00f6k-bog\u00e1r-2048x1448.jpg 2048w, https:\/\/www.andicsalpar.hu\/wordpress\/wp-content\/uploads\/2020\/06\/10.-Cila-T\u00fccs\u00f6k-bog\u00e1r-1440x1018.jpg 1440w\" sizes=\"auto, (max-width: 2560px) 100vw, 2560px\" \/><\/a><\/p>\n","protected":false},"excerpt":{"rendered":"","protected":false},"author":1,"featured_media":0,"parent":907,"menu_order":0,"comment_status":"closed","ping_status":"closed","template":"","meta":{"footnotes":""},"class_list":["post-3986","page","type-page","status-publish","hentry"],"_links":{"self":[{"href":"https:\/\/www.andicsalpar.hu\/wordpress\/index.php?rest_route=\/wp\/v2\/pages\/3986","targetHints":{"allow":["GET"]}}],"collection":[{"href":"https:\/\/www.andicsalpar.hu\/wordpress\/index.php?rest_route=\/wp\/v2\/pages"}],"about":[{"href":"https:\/\/www.andicsalpar.hu\/wordpress\/index.php?rest_route=\/wp\/v2\/types\/page"}],"author":[{"embeddable":true,"href":"https:\/\/www.andicsalpar.hu\/wordpress\/index.php?rest_route=\/wp\/v2\/users\/1"}],"replies":[{"embeddable":true,"href":"https:\/\/www.andicsalpar.hu\/wordpress\/index.php?rest_route=%2Fwp%2Fv2%2Fcomments&post=3986"}],"version-history":[{"count":3,"href":"https:\/\/www.andicsalpar.hu\/wordpress\/index.php?rest_route=\/wp\/v2\/pages\/3986\/revisions"}],"predecessor-version":[{"id":4310,"href":"https:\/\/www.andicsalpar.hu\/wordpress\/index.php?rest_route=\/wp\/v2\/pages\/3986\/revisions\/4310"}],"up":[{"embeddable":true,"href":"https:\/\/www.andicsalpar.hu\/wordpress\/index.php?rest_route=\/wp\/v2\/pages\/907"}],"wp:attachment":[{"href":"https:\/\/www.andicsalpar.hu\/wordpress\/index.php?rest_route=%2Fwp%2Fv2%2Fmedia&parent=3986"}],"curies":[{"name":"wp","href":"https:\/\/api.w.org\/{rel}","templated":true}]}}