{"id":3535,"date":"2020-05-03T11:32:03","date_gmt":"2020-05-03T09:32:03","guid":{"rendered":"http:\/\/www.andicsalpar.hu\/wordpress\/?page_id=3535"},"modified":"2020-05-06T11:21:55","modified_gmt":"2020-05-06T09:21:55","slug":"2004-12-04_fono_csik_zenekar","status":"publish","type":"page","link":"https:\/\/www.andicsalpar.hu\/wordpress\/?page_id=3535","title":{"rendered":"Cs\u00edk zenekar &#8211; lemezbemutat\u00f3 koncert &#8211;  Fon\u00f3 &#8211; 2004"},"content":{"rendered":"<div style=\"width: 355px;\" class=\"wp-video\"><video class=\"wp-video-shortcode\" id=\"video-3535-1\" width=\"355\" height=\"200\" preload=\"metadata\" controls=\"controls\"><source type=\"video\/mp4\" src=\"http:\/\/www.andicsalpar.hu\/video\/2004.12.04_fono_csik_zenekar.mp4?_=1\" \/><a href=\"http:\/\/www.andicsalpar.hu\/video\/2004.12.04_fono_csik_zenekar.mp4\">http:\/\/www.andicsalpar.hu\/video\/2004.12.04_fono_csik_zenekar.mp4<\/a><\/video><\/div>\n\n\n<p>Fon\u00f3 Budai Zeneh\u00e1z. Budapest, 2004.12.04.<\/p>\n\n\n\n<p><strong>&#8222;Be sok es\u0151, be sok s\u00e1r&#8230;&#8221;<\/strong><\/p>\n\n\n\n<p><strong>A Cs\u00edk zenekar lemezbemutat\u00f3 koncertje<\/strong><\/p>\n\n\n\n<p>Egy\u00fcttesvezet\u0151: <strong>Cs\u00edk J\u00e1nos<\/strong><\/p>\n\n\n\n<p>Zene: <strong>Cs\u00edk J\u00e1nos, Szab\u00f3 Attila, Szab\u00f3 J\u00e1nos, Kunos Tam\u00e1s, Bart\u00f3k J\u00f3zsef, Szokolay Bal\u00e1zs, ifj. Barcza Zsolt<\/strong><\/p>\n\n\n\n<p> \u00c9nek: <strong>Majorosi Mariann<\/strong><\/p>\n\n\n\n<p>T\u00e1nc: <strong>Vince Levente \u00e9s Pap Erzs\u00e9bet, G\u00e9mesi Zolt\u00e1n \u00e9s S\u00f3skuti Edit<\/strong><\/p>\n","protected":false},"excerpt":{"rendered":"<p>Fon\u00f3 Budai Zeneh\u00e1z. Budapest, 2004.12.04. &#8222;Be sok es\u0151, be sok s\u00e1r&#8230;&#8221; A Cs\u00edk zenekar lemezbemutat\u00f3 koncertje Egy\u00fcttesvezet\u0151: Cs\u00edk J\u00e1nos Zene: Cs\u00edk J\u00e1nos, Szab\u00f3 Attila, Szab\u00f3 J\u00e1nos, Kunos Tam\u00e1s, Bart\u00f3k J\u00f3zsef, Szokolay Bal\u00e1zs, ifj. Barcza Zsolt \u00c9nek: Majorosi Mariann T\u00e1nc: Vince Levente \u00e9s Pap Erzs\u00e9bet, G\u00e9mesi Zolt\u00e1n \u00e9s S\u00f3skuti Edit<\/p>\n","protected":false},"author":1,"featured_media":0,"parent":1616,"menu_order":9,"comment_status":"closed","ping_status":"closed","template":"","meta":{"footnotes":""},"class_list":["post-3535","page","type-page","status-publish","hentry"],"_links":{"self":[{"href":"https:\/\/www.andicsalpar.hu\/wordpress\/index.php?rest_route=\/wp\/v2\/pages\/3535","targetHints":{"allow":["GET"]}}],"collection":[{"href":"https:\/\/www.andicsalpar.hu\/wordpress\/index.php?rest_route=\/wp\/v2\/pages"}],"about":[{"href":"https:\/\/www.andicsalpar.hu\/wordpress\/index.php?rest_route=\/wp\/v2\/types\/page"}],"author":[{"embeddable":true,"href":"https:\/\/www.andicsalpar.hu\/wordpress\/index.php?rest_route=\/wp\/v2\/users\/1"}],"replies":[{"embeddable":true,"href":"https:\/\/www.andicsalpar.hu\/wordpress\/index.php?rest_route=%2Fwp%2Fv2%2Fcomments&post=3535"}],"version-history":[{"count":3,"href":"https:\/\/www.andicsalpar.hu\/wordpress\/index.php?rest_route=\/wp\/v2\/pages\/3535\/revisions"}],"predecessor-version":[{"id":3658,"href":"https:\/\/www.andicsalpar.hu\/wordpress\/index.php?rest_route=\/wp\/v2\/pages\/3535\/revisions\/3658"}],"up":[{"embeddable":true,"href":"https:\/\/www.andicsalpar.hu\/wordpress\/index.php?rest_route=\/wp\/v2\/pages\/1616"}],"wp:attachment":[{"href":"https:\/\/www.andicsalpar.hu\/wordpress\/index.php?rest_route=%2Fwp%2Fv2%2Fmedia&parent=3535"}],"curies":[{"name":"wp","href":"https:\/\/api.w.org\/{rel}","templated":true}]}}