{"id":1792,"date":"2020-03-28T15:43:47","date_gmt":"2020-03-28T14:43:47","guid":{"rendered":"http:\/\/www.andicsalpar.hu\/wordpress\/?page_id=1792"},"modified":"2020-05-06T11:25:43","modified_gmt":"2020-05-06T09:25:43","slug":"2004-09-25_verde_del_mar","status":"publish","type":"page","link":"https:\/\/www.andicsalpar.hu\/wordpress\/?page_id=1792","title":{"rendered":"Szombat esti flamenco &#8211; Verde del Mar &#8211; 2004"},"content":{"rendered":"<div style=\"width: 355px;\" class=\"wp-video\"><video class=\"wp-video-shortcode\" id=\"video-1792-1\" width=\"355\" height=\"200\" preload=\"metadata\" controls=\"controls\"><source type=\"video\/mp4\" src=\"http:\/\/www.andicsalpar.hu\/video\/2004.09.25_verde_del_mar.mp4?_=1\" \/><a href=\"http:\/\/www.andicsalpar.hu\/video\/2004.09.25_verde_del_mar.mp4\">http:\/\/www.andicsalpar.hu\/video\/2004.09.25_verde_del_mar.mp4<\/a><\/video><\/div>\n\n\n<p>Fon\u00f3 Budai Zeneh\u00e1z, 2004.09.25.<\/p>\n\n\n\n<p><strong>Szombat esti flamenco<\/strong><\/p>\n\n\n\n<p>Fell\u00e9p:<strong> Verde del Mar<\/strong><\/p>\n\n\n\n<p>I. r\u00e9sz: 1. Granainas 2.Sole\u00e1 por Baile 3. Fandango de Huelva y Alegria         4. Sevillanas 5. Rumba sencilla 6. Sole\u00e1 por buler\u00edas 7. Verde yo te quiero&#8230; 8. Tangos para Mexi<\/p>\n\n\n\n<p>II. r\u00e9sz: 1. Alegrias. 2. Taranta y Taranto 3. Sevillanas 4. Marianas 5. Rio Ancho 6. Martinetes 7. Bulerias 8. Tangos<\/p>\n\n\n\n<p>A sz\u00ednpadon: Bajnai Bea &#8211; t\u00e1nc, Moln\u00e1r Beatrix &#8211; t\u00e1nc, Pozsgay Attila &#8211; \u00e9nek, flamenco-git\u00e1r, ritmus, Oravecz P\u00e9ter &#8211; flamenco-git\u00e1r, Homonnai Varga Andr\u00e1s &#8211; flamenco-git\u00e1r, Kuszinger R\u00f3bert &#8211; palmas, Szab\u00f3 Zolt\u00e1n &#8211; palmas, B\u00e1ba Szilvia &#8211; \u00e9nek<\/p>\n\n\n\n<p><\/p>\n","protected":false},"excerpt":{"rendered":"<p>Fon\u00f3 Budai Zeneh\u00e1z, 2004.09.25. Szombat esti flamenco Fell\u00e9p: Verde del Mar I. r\u00e9sz: 1. Granainas 2.Sole\u00e1 por Baile 3. Fandango de Huelva y Alegria 4. Sevillanas 5. Rumba sencilla 6. Sole\u00e1 por buler\u00edas 7. Verde yo te quiero&#8230; 8. Tangos para Mexi II. r\u00e9sz: 1. Alegrias. 2. Taranta y Taranto &hellip;<\/p>\n","protected":false},"author":1,"featured_media":0,"parent":1616,"menu_order":2,"comment_status":"closed","ping_status":"closed","template":"","meta":{"footnotes":""},"class_list":["post-1792","page","type-page","status-publish","hentry"],"_links":{"self":[{"href":"https:\/\/www.andicsalpar.hu\/wordpress\/index.php?rest_route=\/wp\/v2\/pages\/1792","targetHints":{"allow":["GET"]}}],"collection":[{"href":"https:\/\/www.andicsalpar.hu\/wordpress\/index.php?rest_route=\/wp\/v2\/pages"}],"about":[{"href":"https:\/\/www.andicsalpar.hu\/wordpress\/index.php?rest_route=\/wp\/v2\/types\/page"}],"author":[{"embeddable":true,"href":"https:\/\/www.andicsalpar.hu\/wordpress\/index.php?rest_route=\/wp\/v2\/users\/1"}],"replies":[{"embeddable":true,"href":"https:\/\/www.andicsalpar.hu\/wordpress\/index.php?rest_route=%2Fwp%2Fv2%2Fcomments&post=1792"}],"version-history":[{"count":6,"href":"https:\/\/www.andicsalpar.hu\/wordpress\/index.php?rest_route=\/wp\/v2\/pages\/1792\/revisions"}],"predecessor-version":[{"id":2234,"href":"https:\/\/www.andicsalpar.hu\/wordpress\/index.php?rest_route=\/wp\/v2\/pages\/1792\/revisions\/2234"}],"up":[{"embeddable":true,"href":"https:\/\/www.andicsalpar.hu\/wordpress\/index.php?rest_route=\/wp\/v2\/pages\/1616"}],"wp:attachment":[{"href":"https:\/\/www.andicsalpar.hu\/wordpress\/index.php?rest_route=%2Fwp%2Fv2%2Fmedia&parent=1792"}],"curies":[{"name":"wp","href":"https:\/\/api.w.org\/{rel}","templated":true}]}}