{"id":1339,"date":"2020-03-13T18:33:37","date_gmt":"2020-03-13T17:33:37","guid":{"rendered":"http:\/\/www.andicsalpar.hu\/wordpress\/?page_id=1339"},"modified":"2020-04-13T13:04:38","modified_gmt":"2020-04-13T11:04:38","slug":"vujicsics-egyuttes","status":"publish","type":"page","link":"https:\/\/www.andicsalpar.hu\/wordpress\/?page_id=1339","title":{"rendered":"T\u00edz \u00e9ves a Fon\u00f3 &#8211; Vujicsics egy\u00fcttes &#8211; 2005"},"content":{"rendered":"<div style=\"width: 355px;\" class=\"wp-video\"><video class=\"wp-video-shortcode\" id=\"video-1339-1\" width=\"355\" height=\"200\" preload=\"metadata\" controls=\"controls\"><source type=\"video\/mp4\" src=\"http:\/\/www.andicsalpar.hu\/video\/2005.10.01_fono_vujicsics.mp4?_=1\" \/><a href=\"http:\/\/www.andicsalpar.hu\/video\/2005.10.01_fono_vujicsics.mp4\">http:\/\/www.andicsalpar.hu\/video\/2005.10.01_fono_vujicsics.mp4<\/a><\/video><\/div>\n<p>Fon\u00f3 Budai Zeneh\u00e1z, 2005.10.01.<\/p>\n<p><strong>10 \u00e9ves a Fon\u00f3<\/strong><\/p>\n<p><strong>Vujicsics egy\u00fcttes<\/strong><\/p>\n","protected":false},"excerpt":{"rendered":"<p>Fon\u00f3 Budai Zeneh\u00e1z, 2005.10.01. 10 \u00e9ves a Fon\u00f3 Vujicsics egy\u00fcttes<\/p>\n","protected":false},"author":1,"featured_media":0,"parent":1619,"menu_order":1,"comment_status":"closed","ping_status":"closed","template":"","meta":{"footnotes":""},"class_list":["post-1339","page","type-page","status-publish","hentry"],"_links":{"self":[{"href":"https:\/\/www.andicsalpar.hu\/wordpress\/index.php?rest_route=\/wp\/v2\/pages\/1339","targetHints":{"allow":["GET"]}}],"collection":[{"href":"https:\/\/www.andicsalpar.hu\/wordpress\/index.php?rest_route=\/wp\/v2\/pages"}],"about":[{"href":"https:\/\/www.andicsalpar.hu\/wordpress\/index.php?rest_route=\/wp\/v2\/types\/page"}],"author":[{"embeddable":true,"href":"https:\/\/www.andicsalpar.hu\/wordpress\/index.php?rest_route=\/wp\/v2\/users\/1"}],"replies":[{"embeddable":true,"href":"https:\/\/www.andicsalpar.hu\/wordpress\/index.php?rest_route=%2Fwp%2Fv2%2Fcomments&post=1339"}],"version-history":[{"count":4,"href":"https:\/\/www.andicsalpar.hu\/wordpress\/index.php?rest_route=\/wp\/v2\/pages\/1339\/revisions"}],"predecessor-version":[{"id":3305,"href":"https:\/\/www.andicsalpar.hu\/wordpress\/index.php?rest_route=\/wp\/v2\/pages\/1339\/revisions\/3305"}],"up":[{"embeddable":true,"href":"https:\/\/www.andicsalpar.hu\/wordpress\/index.php?rest_route=\/wp\/v2\/pages\/1619"}],"wp:attachment":[{"href":"https:\/\/www.andicsalpar.hu\/wordpress\/index.php?rest_route=%2Fwp%2Fv2%2Fmedia&parent=1339"}],"curies":[{"name":"wp","href":"https:\/\/api.w.org\/{rel}","templated":true}]}}