{"id":1318,"date":"2020-03-13T16:18:01","date_gmt":"2020-03-13T15:18:01","guid":{"rendered":"http:\/\/www.andicsalpar.hu\/wordpress\/?page_id=1318"},"modified":"2020-05-06T11:29:22","modified_gmt":"2020-05-06T09:29:22","slug":"makam-egyuttes","status":"publish","type":"page","link":"https:\/\/www.andicsalpar.hu\/wordpress\/?page_id=1318","title":{"rendered":"Mak\u00e1m egy\u00fcttes &#8211; Fon\u00f3 &#8211; 2004"},"content":{"rendered":"<div style=\"width: 355px;\" class=\"wp-video\"><video class=\"wp-video-shortcode\" id=\"video-1318-1\" width=\"355\" height=\"200\" preload=\"metadata\" controls=\"controls\"><source type=\"video\/mp4\" src=\"http:\/\/www.andicsalpar.hu\/video\/2004.12.27_kassak_makam.mp4?_=1\" \/><a href=\"http:\/\/www.andicsalpar.hu\/video\/2004.12.27_kassak_makam.mp4\">http:\/\/www.andicsalpar.hu\/video\/2004.12.27_kassak_makam.mp4<\/a><\/video><\/div>\n<p>Fon\u00f3 Budai Zeneh\u00e1z, 2004.12.27.<\/p>\n<p><strong>Kass\u00e1k Kar\u00e1csony<\/strong><\/p>\n<p><strong>Mak\u00e1m egy\u00fcttes<\/strong><\/p>\n","protected":false},"excerpt":{"rendered":"<p>Fon\u00f3 Budai Zeneh\u00e1z, 2004.12.27. Kass\u00e1k Kar\u00e1csony Mak\u00e1m egy\u00fcttes<\/p>\n","protected":false},"author":1,"featured_media":0,"parent":1616,"menu_order":13,"comment_status":"closed","ping_status":"closed","template":"","meta":{"footnotes":""},"class_list":["post-1318","page","type-page","status-publish","hentry"],"_links":{"self":[{"href":"https:\/\/www.andicsalpar.hu\/wordpress\/index.php?rest_route=\/wp\/v2\/pages\/1318","targetHints":{"allow":["GET"]}}],"collection":[{"href":"https:\/\/www.andicsalpar.hu\/wordpress\/index.php?rest_route=\/wp\/v2\/pages"}],"about":[{"href":"https:\/\/www.andicsalpar.hu\/wordpress\/index.php?rest_route=\/wp\/v2\/types\/page"}],"author":[{"embeddable":true,"href":"https:\/\/www.andicsalpar.hu\/wordpress\/index.php?rest_route=\/wp\/v2\/users\/1"}],"replies":[{"embeddable":true,"href":"https:\/\/www.andicsalpar.hu\/wordpress\/index.php?rest_route=%2Fwp%2Fv2%2Fcomments&post=1318"}],"version-history":[{"count":3,"href":"https:\/\/www.andicsalpar.hu\/wordpress\/index.php?rest_route=\/wp\/v2\/pages\/1318\/revisions"}],"predecessor-version":[{"id":2273,"href":"https:\/\/www.andicsalpar.hu\/wordpress\/index.php?rest_route=\/wp\/v2\/pages\/1318\/revisions\/2273"}],"up":[{"embeddable":true,"href":"https:\/\/www.andicsalpar.hu\/wordpress\/index.php?rest_route=\/wp\/v2\/pages\/1616"}],"wp:attachment":[{"href":"https:\/\/www.andicsalpar.hu\/wordpress\/index.php?rest_route=%2Fwp%2Fv2%2Fmedia&parent=1318"}],"curies":[{"name":"wp","href":"https:\/\/api.w.org\/{rel}","templated":true}]}}