{"id":1309,"date":"2020-03-13T16:12:56","date_gmt":"2020-03-13T15:12:56","guid":{"rendered":"http:\/\/www.andicsalpar.hu\/wordpress\/?page_id=1309"},"modified":"2020-05-06T11:11:55","modified_gmt":"2020-05-06T09:11:55","slug":"matocsav-zenekar","status":"publish","type":"page","link":"https:\/\/www.andicsalpar.hu\/wordpress\/?page_id=1309","title":{"rendered":"Matocs\u00e1v zenekar &#8211; Fon\u00f3 &#8211; 2007"},"content":{"rendered":"<div style=\"width: 355px;\" class=\"wp-video\"><video class=\"wp-video-shortcode\" id=\"video-1309-1\" width=\"355\" height=\"200\" preload=\"metadata\" controls=\"controls\"><source type=\"video\/mp4\" src=\"http:\/\/www.andicsalpar.hu\/video\/2007.02.22_matocsav_zenekar.mp4?_=1\" \/><a href=\"http:\/\/www.andicsalpar.hu\/video\/2007.02.22_matocsav_zenekar.mp4\">http:\/\/www.andicsalpar.hu\/video\/2007.02.22_matocsav_zenekar.mp4<\/a><\/video><\/div>\n<p>Fon\u00f3 Budai Zeneh\u00e1z, 2007.02.22.<\/p>\n<p><strong>Matocs\u00e1v zenekar<\/strong><\/p>\n<p><strong>Koncert (rom\u00e1n \u00e9s magyar f\u00fav\u00f3szene)<\/strong><\/p>\n<p>Mak\u00f3 P\u00e9ter &#8211; t\u00e1rogat\u00f3, szaxofon, T\u00f3th J\u00f3zsef &#8211; t\u00e1rogat\u00f3, szaxofon, Cs\u00e1v\u00e1s Attila &#8211; t\u00e1rogat\u00f3, szaxofon, Balogh K\u00e1lm\u00e1n &#8211; cimbalom, Bob\u00e1r &#8222;Boby&#8221; Zolt\u00e1n &#8211; harmonika, Moln\u00e1r P\u00e9ter &#8211; nagyb\u0151g\u0151<\/p>\n","protected":false},"excerpt":{"rendered":"<p>Fon\u00f3 Budai Zeneh\u00e1z, 2007.02.22. Matocs\u00e1v zenekar Koncert (rom\u00e1n \u00e9s magyar f\u00fav\u00f3szene) Mak\u00f3 P\u00e9ter &#8211; t\u00e1rogat\u00f3, szaxofon, T\u00f3th J\u00f3zsef &#8211; t\u00e1rogat\u00f3, szaxofon, Cs\u00e1v\u00e1s Attila &#8211; t\u00e1rogat\u00f3, szaxofon, Balogh K\u00e1lm\u00e1n &#8211; cimbalom, Bob\u00e1r &#8222;Boby&#8221; Zolt\u00e1n &#8211; harmonika, Moln\u00e1r P\u00e9ter &#8211; nagyb\u0151g\u0151<\/p>\n","protected":false},"author":1,"featured_media":0,"parent":1616,"menu_order":29,"comment_status":"closed","ping_status":"closed","template":"","meta":{"footnotes":""},"class_list":["post-1309","page","type-page","status-publish","hentry"],"_links":{"self":[{"href":"https:\/\/www.andicsalpar.hu\/wordpress\/index.php?rest_route=\/wp\/v2\/pages\/1309","targetHints":{"allow":["GET"]}}],"collection":[{"href":"https:\/\/www.andicsalpar.hu\/wordpress\/index.php?rest_route=\/wp\/v2\/pages"}],"about":[{"href":"https:\/\/www.andicsalpar.hu\/wordpress\/index.php?rest_route=\/wp\/v2\/types\/page"}],"author":[{"embeddable":true,"href":"https:\/\/www.andicsalpar.hu\/wordpress\/index.php?rest_route=\/wp\/v2\/users\/1"}],"replies":[{"embeddable":true,"href":"https:\/\/www.andicsalpar.hu\/wordpress\/index.php?rest_route=%2Fwp%2Fv2%2Fcomments&post=1309"}],"version-history":[{"count":3,"href":"https:\/\/www.andicsalpar.hu\/wordpress\/index.php?rest_route=\/wp\/v2\/pages\/1309\/revisions"}],"predecessor-version":[{"id":2277,"href":"https:\/\/www.andicsalpar.hu\/wordpress\/index.php?rest_route=\/wp\/v2\/pages\/1309\/revisions\/2277"}],"up":[{"embeddable":true,"href":"https:\/\/www.andicsalpar.hu\/wordpress\/index.php?rest_route=\/wp\/v2\/pages\/1616"}],"wp:attachment":[{"href":"https:\/\/www.andicsalpar.hu\/wordpress\/index.php?rest_route=%2Fwp%2Fv2%2Fmedia&parent=1309"}],"curies":[{"name":"wp","href":"https:\/\/api.w.org\/{rel}","templated":true}]}}