{"id":1135,"date":"2020-02-28T20:00:10","date_gmt":"2020-02-28T19:00:10","guid":{"rendered":"http:\/\/www.andicsalpar.hu\/wordpress\/?page_id=1135"},"modified":"2020-02-28T20:00:10","modified_gmt":"2020-02-28T19:00:10","slug":"madartavlatbol","status":"publish","type":"page","link":"https:\/\/www.andicsalpar.hu\/wordpress\/?page_id=1135","title":{"rendered":"Mad\u00e1rt\u00e1vlatb\u00f3l"},"content":{"rendered":"<p><a href=\"http:\/\/www.andicsalpar.hu\/wordpress\/wp-content\/uploads\/2020\/02\/10.-N\u00f3gr\u00e1d-v\u00e1ra-A4-m\u00e1solat-scaled.jpg\"><img loading=\"lazy\" decoding=\"async\" class=\"alignnone size-full wp-image-1136\" src=\"http:\/\/www.andicsalpar.hu\/wordpress\/wp-content\/uploads\/2020\/02\/10.-N\u00f3gr\u00e1d-v\u00e1ra-A4-m\u00e1solat-scaled.jpg\" alt=\"\" width=\"2560\" height=\"1810\" srcset=\"https:\/\/www.andicsalpar.hu\/wordpress\/wp-content\/uploads\/2020\/02\/10.-N\u00f3gr\u00e1d-v\u00e1ra-A4-m\u00e1solat-scaled.jpg 2560w, https:\/\/www.andicsalpar.hu\/wordpress\/wp-content\/uploads\/2020\/02\/10.-N\u00f3gr\u00e1d-v\u00e1ra-A4-m\u00e1solat-300x212.jpg 300w, https:\/\/www.andicsalpar.hu\/wordpress\/wp-content\/uploads\/2020\/02\/10.-N\u00f3gr\u00e1d-v\u00e1ra-A4-m\u00e1solat-1024x724.jpg 1024w, https:\/\/www.andicsalpar.hu\/wordpress\/wp-content\/uploads\/2020\/02\/10.-N\u00f3gr\u00e1d-v\u00e1ra-A4-m\u00e1solat-768x543.jpg 768w, https:\/\/www.andicsalpar.hu\/wordpress\/wp-content\/uploads\/2020\/02\/10.-N\u00f3gr\u00e1d-v\u00e1ra-A4-m\u00e1solat-1536x1086.jpg 1536w, https:\/\/www.andicsalpar.hu\/wordpress\/wp-content\/uploads\/2020\/02\/10.-N\u00f3gr\u00e1d-v\u00e1ra-A4-m\u00e1solat-2048x1448.jpg 2048w, https:\/\/www.andicsalpar.hu\/wordpress\/wp-content\/uploads\/2020\/02\/10.-N\u00f3gr\u00e1d-v\u00e1ra-A4-m\u00e1solat-1440x1018.jpg 1440w\" sizes=\"auto, (max-width: 2560px) 100vw, 2560px\" \/><\/a> <a href=\"http:\/\/www.andicsalpar.hu\/wordpress\/wp-content\/uploads\/2020\/02\/1.-Tokaj-A4-m\u00e1solat-1-scaled.jpg\"><img loading=\"lazy\" decoding=\"async\" class=\"alignnone size-full wp-image-1137\" src=\"http:\/\/www.andicsalpar.hu\/wordpress\/wp-content\/uploads\/2020\/02\/1.-Tokaj-A4-m\u00e1solat-1-scaled.jpg\" alt=\"\" width=\"2560\" height=\"1810\" srcset=\"https:\/\/www.andicsalpar.hu\/wordpress\/wp-content\/uploads\/2020\/02\/1.-Tokaj-A4-m\u00e1solat-1-scaled.jpg 2560w, https:\/\/www.andicsalpar.hu\/wordpress\/wp-content\/uploads\/2020\/02\/1.-Tokaj-A4-m\u00e1solat-1-300x212.jpg 300w, https:\/\/www.andicsalpar.hu\/wordpress\/wp-content\/uploads\/2020\/02\/1.-Tokaj-A4-m\u00e1solat-1-1024x724.jpg 1024w, https:\/\/www.andicsalpar.hu\/wordpress\/wp-content\/uploads\/2020\/02\/1.-Tokaj-A4-m\u00e1solat-1-768x543.jpg 768w, https:\/\/www.andicsalpar.hu\/wordpress\/wp-content\/uploads\/2020\/02\/1.-Tokaj-A4-m\u00e1solat-1-1536x1086.jpg 1536w, https:\/\/www.andicsalpar.hu\/wordpress\/wp-content\/uploads\/2020\/02\/1.-Tokaj-A4-m\u00e1solat-1-2048x1448.jpg 2048w, https:\/\/www.andicsalpar.hu\/wordpress\/wp-content\/uploads\/2020\/02\/1.-Tokaj-A4-m\u00e1solat-1-1440x1018.jpg 1440w\" sizes=\"auto, (max-width: 2560px) 100vw, 2560px\" \/><\/a> <a href=\"http:\/\/www.andicsalpar.hu\/wordpress\/wp-content\/uploads\/2020\/02\/2.-Tokaj-A4-m\u00e1solat-1-scaled.jpg\"><img loading=\"lazy\" decoding=\"async\" class=\"alignnone size-full wp-image-1138\" src=\"http:\/\/www.andicsalpar.hu\/wordpress\/wp-content\/uploads\/2020\/02\/2.-Tokaj-A4-m\u00e1solat-1-scaled.jpg\" alt=\"\" width=\"2560\" height=\"1810\" srcset=\"https:\/\/www.andicsalpar.hu\/wordpress\/wp-content\/uploads\/2020\/02\/2.-Tokaj-A4-m\u00e1solat-1-scaled.jpg 2560w, https:\/\/www.andicsalpar.hu\/wordpress\/wp-content\/uploads\/2020\/02\/2.-Tokaj-A4-m\u00e1solat-1-300x212.jpg 300w, https:\/\/www.andicsalpar.hu\/wordpress\/wp-content\/uploads\/2020\/02\/2.-Tokaj-A4-m\u00e1solat-1-1024x724.jpg 1024w, https:\/\/www.andicsalpar.hu\/wordpress\/wp-content\/uploads\/2020\/02\/2.-Tokaj-A4-m\u00e1solat-1-768x543.jpg 768w, https:\/\/www.andicsalpar.hu\/wordpress\/wp-content\/uploads\/2020\/02\/2.-Tokaj-A4-m\u00e1solat-1-1536x1086.jpg 1536w, https:\/\/www.andicsalpar.hu\/wordpress\/wp-content\/uploads\/2020\/02\/2.-Tokaj-A4-m\u00e1solat-1-2048x1448.jpg 2048w, https:\/\/www.andicsalpar.hu\/wordpress\/wp-content\/uploads\/2020\/02\/2.-Tokaj-A4-m\u00e1solat-1-1440x1018.jpg 1440w\" sizes=\"auto, (max-width: 2560px) 100vw, 2560px\" \/><\/a> <a href=\"http:\/\/www.andicsalpar.hu\/wordpress\/wp-content\/uploads\/2020\/02\/3.-Vill\u00e1nyk\u00f6vesdi-pincesor-A4-m\u00e1solat-scaled.jpg\"><img loading=\"lazy\" decoding=\"async\" class=\"alignnone size-full wp-image-1139\" src=\"http:\/\/www.andicsalpar.hu\/wordpress\/wp-content\/uploads\/2020\/02\/3.-Vill\u00e1nyk\u00f6vesdi-pincesor-A4-m\u00e1solat-scaled.jpg\" alt=\"\" width=\"2560\" height=\"1810\" srcset=\"https:\/\/www.andicsalpar.hu\/wordpress\/wp-content\/uploads\/2020\/02\/3.-Vill\u00e1nyk\u00f6vesdi-pincesor-A4-m\u00e1solat-scaled.jpg 2560w, https:\/\/www.andicsalpar.hu\/wordpress\/wp-content\/uploads\/2020\/02\/3.-Vill\u00e1nyk\u00f6vesdi-pincesor-A4-m\u00e1solat-300x212.jpg 300w, https:\/\/www.andicsalpar.hu\/wordpress\/wp-content\/uploads\/2020\/02\/3.-Vill\u00e1nyk\u00f6vesdi-pincesor-A4-m\u00e1solat-1024x724.jpg 1024w, https:\/\/www.andicsalpar.hu\/wordpress\/wp-content\/uploads\/2020\/02\/3.-Vill\u00e1nyk\u00f6vesdi-pincesor-A4-m\u00e1solat-768x543.jpg 768w, https:\/\/www.andicsalpar.hu\/wordpress\/wp-content\/uploads\/2020\/02\/3.-Vill\u00e1nyk\u00f6vesdi-pincesor-A4-m\u00e1solat-1536x1086.jpg 1536w, https:\/\/www.andicsalpar.hu\/wordpress\/wp-content\/uploads\/2020\/02\/3.-Vill\u00e1nyk\u00f6vesdi-pincesor-A4-m\u00e1solat-2048x1448.jpg 2048w, https:\/\/www.andicsalpar.hu\/wordpress\/wp-content\/uploads\/2020\/02\/3.-Vill\u00e1nyk\u00f6vesdi-pincesor-A4-m\u00e1solat-1440x1018.jpg 1440w\" sizes=\"auto, (max-width: 2560px) 100vw, 2560px\" \/><\/a> <a href=\"http:\/\/www.andicsalpar.hu\/wordpress\/wp-content\/uploads\/2020\/02\/4.-Vill\u00e1nyi-borvid\u00e9k-A4-m\u00e1solat-scaled.jpg\"><img loading=\"lazy\" decoding=\"async\" class=\"alignnone size-full wp-image-1140\" src=\"http:\/\/www.andicsalpar.hu\/wordpress\/wp-content\/uploads\/2020\/02\/4.-Vill\u00e1nyi-borvid\u00e9k-A4-m\u00e1solat-scaled.jpg\" alt=\"\" width=\"2560\" height=\"1810\" srcset=\"https:\/\/www.andicsalpar.hu\/wordpress\/wp-content\/uploads\/2020\/02\/4.-Vill\u00e1nyi-borvid\u00e9k-A4-m\u00e1solat-scaled.jpg 2560w, https:\/\/www.andicsalpar.hu\/wordpress\/wp-content\/uploads\/2020\/02\/4.-Vill\u00e1nyi-borvid\u00e9k-A4-m\u00e1solat-300x212.jpg 300w, https:\/\/www.andicsalpar.hu\/wordpress\/wp-content\/uploads\/2020\/02\/4.-Vill\u00e1nyi-borvid\u00e9k-A4-m\u00e1solat-1024x724.jpg 1024w, https:\/\/www.andicsalpar.hu\/wordpress\/wp-content\/uploads\/2020\/02\/4.-Vill\u00e1nyi-borvid\u00e9k-A4-m\u00e1solat-768x543.jpg 768w, https:\/\/www.andicsalpar.hu\/wordpress\/wp-content\/uploads\/2020\/02\/4.-Vill\u00e1nyi-borvid\u00e9k-A4-m\u00e1solat-1536x1086.jpg 1536w, https:\/\/www.andicsalpar.hu\/wordpress\/wp-content\/uploads\/2020\/02\/4.-Vill\u00e1nyi-borvid\u00e9k-A4-m\u00e1solat-2048x1448.jpg 2048w, https:\/\/www.andicsalpar.hu\/wordpress\/wp-content\/uploads\/2020\/02\/4.-Vill\u00e1nyi-borvid\u00e9k-A4-m\u00e1solat-1440x1018.jpg 1440w\" sizes=\"auto, (max-width: 2560px) 100vw, 2560px\" \/><\/a> <a href=\"http:\/\/www.andicsalpar.hu\/wordpress\/wp-content\/uploads\/2020\/02\/5.-Bokodi-t\u00f3-A4-m\u00e1solat-scaled.jpg\"><img loading=\"lazy\" decoding=\"async\" class=\"alignnone size-full wp-image-1141\" src=\"http:\/\/www.andicsalpar.hu\/wordpress\/wp-content\/uploads\/2020\/02\/5.-Bokodi-t\u00f3-A4-m\u00e1solat-scaled.jpg\" alt=\"\" width=\"2560\" height=\"1810\" srcset=\"https:\/\/www.andicsalpar.hu\/wordpress\/wp-content\/uploads\/2020\/02\/5.-Bokodi-t\u00f3-A4-m\u00e1solat-scaled.jpg 2560w, https:\/\/www.andicsalpar.hu\/wordpress\/wp-content\/uploads\/2020\/02\/5.-Bokodi-t\u00f3-A4-m\u00e1solat-300x212.jpg 300w, https:\/\/www.andicsalpar.hu\/wordpress\/wp-content\/uploads\/2020\/02\/5.-Bokodi-t\u00f3-A4-m\u00e1solat-1024x724.jpg 1024w, https:\/\/www.andicsalpar.hu\/wordpress\/wp-content\/uploads\/2020\/02\/5.-Bokodi-t\u00f3-A4-m\u00e1solat-768x543.jpg 768w, https:\/\/www.andicsalpar.hu\/wordpress\/wp-content\/uploads\/2020\/02\/5.-Bokodi-t\u00f3-A4-m\u00e1solat-1536x1086.jpg 1536w, https:\/\/www.andicsalpar.hu\/wordpress\/wp-content\/uploads\/2020\/02\/5.-Bokodi-t\u00f3-A4-m\u00e1solat-2048x1448.jpg 2048w, https:\/\/www.andicsalpar.hu\/wordpress\/wp-content\/uploads\/2020\/02\/5.-Bokodi-t\u00f3-A4-m\u00e1solat-1440x1018.jpg 1440w\" sizes=\"auto, (max-width: 2560px) 100vw, 2560px\" \/><\/a> <a href=\"http:\/\/www.andicsalpar.hu\/wordpress\/wp-content\/uploads\/2020\/02\/6.-Sz\u00e1nt\u00f3f\u00f6ld-A4-m\u00e1solat-scaled.jpg\"><img loading=\"lazy\" decoding=\"async\" class=\"alignnone size-full wp-image-1142\" src=\"http:\/\/www.andicsalpar.hu\/wordpress\/wp-content\/uploads\/2020\/02\/6.-Sz\u00e1nt\u00f3f\u00f6ld-A4-m\u00e1solat-scaled.jpg\" alt=\"\" width=\"2560\" height=\"1810\" srcset=\"https:\/\/www.andicsalpar.hu\/wordpress\/wp-content\/uploads\/2020\/02\/6.-Sz\u00e1nt\u00f3f\u00f6ld-A4-m\u00e1solat-scaled.jpg 2560w, https:\/\/www.andicsalpar.hu\/wordpress\/wp-content\/uploads\/2020\/02\/6.-Sz\u00e1nt\u00f3f\u00f6ld-A4-m\u00e1solat-300x212.jpg 300w, https:\/\/www.andicsalpar.hu\/wordpress\/wp-content\/uploads\/2020\/02\/6.-Sz\u00e1nt\u00f3f\u00f6ld-A4-m\u00e1solat-1024x724.jpg 1024w, https:\/\/www.andicsalpar.hu\/wordpress\/wp-content\/uploads\/2020\/02\/6.-Sz\u00e1nt\u00f3f\u00f6ld-A4-m\u00e1solat-768x543.jpg 768w, https:\/\/www.andicsalpar.hu\/wordpress\/wp-content\/uploads\/2020\/02\/6.-Sz\u00e1nt\u00f3f\u00f6ld-A4-m\u00e1solat-1536x1086.jpg 1536w, https:\/\/www.andicsalpar.hu\/wordpress\/wp-content\/uploads\/2020\/02\/6.-Sz\u00e1nt\u00f3f\u00f6ld-A4-m\u00e1solat-2048x1448.jpg 2048w, https:\/\/www.andicsalpar.hu\/wordpress\/wp-content\/uploads\/2020\/02\/6.-Sz\u00e1nt\u00f3f\u00f6ld-A4-m\u00e1solat-1440x1018.jpg 1440w\" sizes=\"auto, (max-width: 2560px) 100vw, 2560px\" \/><\/a> <a href=\"http:\/\/www.andicsalpar.hu\/wordpress\/wp-content\/uploads\/2020\/02\/7.-Orf\u0171-A4-m\u00e1solat-scaled.jpg\"><img loading=\"lazy\" decoding=\"async\" class=\"alignnone size-full wp-image-1143\" src=\"http:\/\/www.andicsalpar.hu\/wordpress\/wp-content\/uploads\/2020\/02\/7.-Orf\u0171-A4-m\u00e1solat-scaled.jpg\" alt=\"\" width=\"2560\" height=\"1810\" srcset=\"https:\/\/www.andicsalpar.hu\/wordpress\/wp-content\/uploads\/2020\/02\/7.-Orf\u0171-A4-m\u00e1solat-scaled.jpg 2560w, https:\/\/www.andicsalpar.hu\/wordpress\/wp-content\/uploads\/2020\/02\/7.-Orf\u0171-A4-m\u00e1solat-300x212.jpg 300w, https:\/\/www.andicsalpar.hu\/wordpress\/wp-content\/uploads\/2020\/02\/7.-Orf\u0171-A4-m\u00e1solat-1024x724.jpg 1024w, https:\/\/www.andicsalpar.hu\/wordpress\/wp-content\/uploads\/2020\/02\/7.-Orf\u0171-A4-m\u00e1solat-768x543.jpg 768w, https:\/\/www.andicsalpar.hu\/wordpress\/wp-content\/uploads\/2020\/02\/7.-Orf\u0171-A4-m\u00e1solat-1536x1086.jpg 1536w, https:\/\/www.andicsalpar.hu\/wordpress\/wp-content\/uploads\/2020\/02\/7.-Orf\u0171-A4-m\u00e1solat-2048x1448.jpg 2048w, https:\/\/www.andicsalpar.hu\/wordpress\/wp-content\/uploads\/2020\/02\/7.-Orf\u0171-A4-m\u00e1solat-1440x1018.jpg 1440w\" sizes=\"auto, (max-width: 2560px) 100vw, 2560px\" \/><\/a> <a href=\"http:\/\/www.andicsalpar.hu\/wordpress\/wp-content\/uploads\/2020\/02\/8.-Zselic-A4-m\u00e1solat-scaled.jpg\"><img loading=\"lazy\" decoding=\"async\" class=\"alignnone size-full wp-image-1144\" src=\"http:\/\/www.andicsalpar.hu\/wordpress\/wp-content\/uploads\/2020\/02\/8.-Zselic-A4-m\u00e1solat-scaled.jpg\" alt=\"\" width=\"2560\" height=\"1810\" srcset=\"https:\/\/www.andicsalpar.hu\/wordpress\/wp-content\/uploads\/2020\/02\/8.-Zselic-A4-m\u00e1solat-scaled.jpg 2560w, https:\/\/www.andicsalpar.hu\/wordpress\/wp-content\/uploads\/2020\/02\/8.-Zselic-A4-m\u00e1solat-300x212.jpg 300w, https:\/\/www.andicsalpar.hu\/wordpress\/wp-content\/uploads\/2020\/02\/8.-Zselic-A4-m\u00e1solat-1024x724.jpg 1024w, https:\/\/www.andicsalpar.hu\/wordpress\/wp-content\/uploads\/2020\/02\/8.-Zselic-A4-m\u00e1solat-768x543.jpg 768w, https:\/\/www.andicsalpar.hu\/wordpress\/wp-content\/uploads\/2020\/02\/8.-Zselic-A4-m\u00e1solat-1536x1086.jpg 1536w, https:\/\/www.andicsalpar.hu\/wordpress\/wp-content\/uploads\/2020\/02\/8.-Zselic-A4-m\u00e1solat-2048x1448.jpg 2048w, https:\/\/www.andicsalpar.hu\/wordpress\/wp-content\/uploads\/2020\/02\/8.-Zselic-A4-m\u00e1solat-1440x1018.jpg 1440w\" sizes=\"auto, (max-width: 2560px) 100vw, 2560px\" \/><\/a> <a href=\"http:\/\/www.andicsalpar.hu\/wordpress\/wp-content\/uploads\/2020\/02\/9.-Duna-el\u00e1gaz\u00e1s-A4-m\u00e1solat-scaled.jpg\"><img loading=\"lazy\" decoding=\"async\" class=\"alignnone size-full wp-image-1145\" src=\"http:\/\/www.andicsalpar.hu\/wordpress\/wp-content\/uploads\/2020\/02\/9.-Duna-el\u00e1gaz\u00e1s-A4-m\u00e1solat-scaled.jpg\" alt=\"\" width=\"2560\" height=\"1810\" srcset=\"https:\/\/www.andicsalpar.hu\/wordpress\/wp-content\/uploads\/2020\/02\/9.-Duna-el\u00e1gaz\u00e1s-A4-m\u00e1solat-scaled.jpg 2560w, https:\/\/www.andicsalpar.hu\/wordpress\/wp-content\/uploads\/2020\/02\/9.-Duna-el\u00e1gaz\u00e1s-A4-m\u00e1solat-300x212.jpg 300w, https:\/\/www.andicsalpar.hu\/wordpress\/wp-content\/uploads\/2020\/02\/9.-Duna-el\u00e1gaz\u00e1s-A4-m\u00e1solat-1024x724.jpg 1024w, https:\/\/www.andicsalpar.hu\/wordpress\/wp-content\/uploads\/2020\/02\/9.-Duna-el\u00e1gaz\u00e1s-A4-m\u00e1solat-768x543.jpg 768w, https:\/\/www.andicsalpar.hu\/wordpress\/wp-content\/uploads\/2020\/02\/9.-Duna-el\u00e1gaz\u00e1s-A4-m\u00e1solat-1536x1086.jpg 1536w, https:\/\/www.andicsalpar.hu\/wordpress\/wp-content\/uploads\/2020\/02\/9.-Duna-el\u00e1gaz\u00e1s-A4-m\u00e1solat-2048x1448.jpg 2048w, https:\/\/www.andicsalpar.hu\/wordpress\/wp-content\/uploads\/2020\/02\/9.-Duna-el\u00e1gaz\u00e1s-A4-m\u00e1solat-1440x1018.jpg 1440w\" sizes=\"auto, (max-width: 2560px) 100vw, 2560px\" \/><\/a> <a href=\"http:\/\/www.andicsalpar.hu\/wordpress\/wp-content\/uploads\/2020\/02\/11.-V\u00e9rtes-A4-m\u00e1solat-scaled.jpg\"><img loading=\"lazy\" decoding=\"async\" class=\"alignnone size-full wp-image-1146\" src=\"http:\/\/www.andicsalpar.hu\/wordpress\/wp-content\/uploads\/2020\/02\/11.-V\u00e9rtes-A4-m\u00e1solat-scaled.jpg\" alt=\"\" width=\"2560\" height=\"1810\" srcset=\"https:\/\/www.andicsalpar.hu\/wordpress\/wp-content\/uploads\/2020\/02\/11.-V\u00e9rtes-A4-m\u00e1solat-scaled.jpg 2560w, https:\/\/www.andicsalpar.hu\/wordpress\/wp-content\/uploads\/2020\/02\/11.-V\u00e9rtes-A4-m\u00e1solat-300x212.jpg 300w, https:\/\/www.andicsalpar.hu\/wordpress\/wp-content\/uploads\/2020\/02\/11.-V\u00e9rtes-A4-m\u00e1solat-1024x724.jpg 1024w, https:\/\/www.andicsalpar.hu\/wordpress\/wp-content\/uploads\/2020\/02\/11.-V\u00e9rtes-A4-m\u00e1solat-768x543.jpg 768w, https:\/\/www.andicsalpar.hu\/wordpress\/wp-content\/uploads\/2020\/02\/11.-V\u00e9rtes-A4-m\u00e1solat-1536x1086.jpg 1536w, https:\/\/www.andicsalpar.hu\/wordpress\/wp-content\/uploads\/2020\/02\/11.-V\u00e9rtes-A4-m\u00e1solat-2048x1448.jpg 2048w, https:\/\/www.andicsalpar.hu\/wordpress\/wp-content\/uploads\/2020\/02\/11.-V\u00e9rtes-A4-m\u00e1solat-1440x1018.jpg 1440w\" sizes=\"auto, (max-width: 2560px) 100vw, 2560px\" \/><\/a> <a href=\"http:\/\/www.andicsalpar.hu\/wordpress\/wp-content\/uploads\/2020\/02\/12.-F\u00fczesi-v\u00e1r-Zempl\u00e9n-A4-m\u00e1solat-scaled.jpg\"><img loading=\"lazy\" decoding=\"async\" class=\"alignnone size-full wp-image-1147\" src=\"http:\/\/www.andicsalpar.hu\/wordpress\/wp-content\/uploads\/2020\/02\/12.-F\u00fczesi-v\u00e1r-Zempl\u00e9n-A4-m\u00e1solat-scaled.jpg\" alt=\"\" width=\"2560\" height=\"1810\" srcset=\"https:\/\/www.andicsalpar.hu\/wordpress\/wp-content\/uploads\/2020\/02\/12.-F\u00fczesi-v\u00e1r-Zempl\u00e9n-A4-m\u00e1solat-scaled.jpg 2560w, https:\/\/www.andicsalpar.hu\/wordpress\/wp-content\/uploads\/2020\/02\/12.-F\u00fczesi-v\u00e1r-Zempl\u00e9n-A4-m\u00e1solat-300x212.jpg 300w, https:\/\/www.andicsalpar.hu\/wordpress\/wp-content\/uploads\/2020\/02\/12.-F\u00fczesi-v\u00e1r-Zempl\u00e9n-A4-m\u00e1solat-1024x724.jpg 1024w, https:\/\/www.andicsalpar.hu\/wordpress\/wp-content\/uploads\/2020\/02\/12.-F\u00fczesi-v\u00e1r-Zempl\u00e9n-A4-m\u00e1solat-768x543.jpg 768w, https:\/\/www.andicsalpar.hu\/wordpress\/wp-content\/uploads\/2020\/02\/12.-F\u00fczesi-v\u00e1r-Zempl\u00e9n-A4-m\u00e1solat-1536x1086.jpg 1536w, https:\/\/www.andicsalpar.hu\/wordpress\/wp-content\/uploads\/2020\/02\/12.-F\u00fczesi-v\u00e1r-Zempl\u00e9n-A4-m\u00e1solat-2048x1448.jpg 2048w, https:\/\/www.andicsalpar.hu\/wordpress\/wp-content\/uploads\/2020\/02\/12.-F\u00fczesi-v\u00e1r-Zempl\u00e9n-A4-m\u00e1solat-1440x1018.jpg 1440w\" sizes=\"auto, (max-width: 2560px) 100vw, 2560px\" \/><\/a> <a href=\"http:\/\/www.andicsalpar.hu\/wordpress\/wp-content\/uploads\/2020\/02\/13.-Magyarpol\u00e1ny-A4-m\u00e1solat-scaled.jpg\"><img loading=\"lazy\" decoding=\"async\" class=\"alignnone size-full wp-image-1148\" src=\"http:\/\/www.andicsalpar.hu\/wordpress\/wp-content\/uploads\/2020\/02\/13.-Magyarpol\u00e1ny-A4-m\u00e1solat-scaled.jpg\" alt=\"\" width=\"2560\" height=\"1810\" srcset=\"https:\/\/www.andicsalpar.hu\/wordpress\/wp-content\/uploads\/2020\/02\/13.-Magyarpol\u00e1ny-A4-m\u00e1solat-scaled.jpg 2560w, https:\/\/www.andicsalpar.hu\/wordpress\/wp-content\/uploads\/2020\/02\/13.-Magyarpol\u00e1ny-A4-m\u00e1solat-300x212.jpg 300w, https:\/\/www.andicsalpar.hu\/wordpress\/wp-content\/uploads\/2020\/02\/13.-Magyarpol\u00e1ny-A4-m\u00e1solat-1024x724.jpg 1024w, https:\/\/www.andicsalpar.hu\/wordpress\/wp-content\/uploads\/2020\/02\/13.-Magyarpol\u00e1ny-A4-m\u00e1solat-768x543.jpg 768w, https:\/\/www.andicsalpar.hu\/wordpress\/wp-content\/uploads\/2020\/02\/13.-Magyarpol\u00e1ny-A4-m\u00e1solat-1536x1086.jpg 1536w, https:\/\/www.andicsalpar.hu\/wordpress\/wp-content\/uploads\/2020\/02\/13.-Magyarpol\u00e1ny-A4-m\u00e1solat-2048x1448.jpg 2048w, https:\/\/www.andicsalpar.hu\/wordpress\/wp-content\/uploads\/2020\/02\/13.-Magyarpol\u00e1ny-A4-m\u00e1solat-1440x1018.jpg 1440w\" sizes=\"auto, (max-width: 2560px) 100vw, 2560px\" \/><\/a> <a href=\"http:\/\/www.andicsalpar.hu\/wordpress\/wp-content\/uploads\/2020\/02\/14.-Debrecen.-A4-m\u00e1solat-scaled.jpg\"><img loading=\"lazy\" decoding=\"async\" class=\"alignnone size-full wp-image-1149\" src=\"http:\/\/www.andicsalpar.hu\/wordpress\/wp-content\/uploads\/2020\/02\/14.-Debrecen.-A4-m\u00e1solat-scaled.jpg\" alt=\"\" width=\"2560\" height=\"1810\" srcset=\"https:\/\/www.andicsalpar.hu\/wordpress\/wp-content\/uploads\/2020\/02\/14.-Debrecen.-A4-m\u00e1solat-scaled.jpg 2560w, https:\/\/www.andicsalpar.hu\/wordpress\/wp-content\/uploads\/2020\/02\/14.-Debrecen.-A4-m\u00e1solat-300x212.jpg 300w, https:\/\/www.andicsalpar.hu\/wordpress\/wp-content\/uploads\/2020\/02\/14.-Debrecen.-A4-m\u00e1solat-1024x724.jpg 1024w, https:\/\/www.andicsalpar.hu\/wordpress\/wp-content\/uploads\/2020\/02\/14.-Debrecen.-A4-m\u00e1solat-768x543.jpg 768w, https:\/\/www.andicsalpar.hu\/wordpress\/wp-content\/uploads\/2020\/02\/14.-Debrecen.-A4-m\u00e1solat-1536x1086.jpg 1536w, https:\/\/www.andicsalpar.hu\/wordpress\/wp-content\/uploads\/2020\/02\/14.-Debrecen.-A4-m\u00e1solat-2048x1448.jpg 2048w, https:\/\/www.andicsalpar.hu\/wordpress\/wp-content\/uploads\/2020\/02\/14.-Debrecen.-A4-m\u00e1solat-1440x1018.jpg 1440w\" sizes=\"auto, (max-width: 2560px) 100vw, 2560px\" \/><\/a> <a href=\"http:\/\/www.andicsalpar.hu\/wordpress\/wp-content\/uploads\/2020\/02\/15.-Mez\u0151hegyes-A4-m\u00e1solat-scaled.jpg\"><img loading=\"lazy\" decoding=\"async\" class=\"alignnone size-full wp-image-1150\" src=\"http:\/\/www.andicsalpar.hu\/wordpress\/wp-content\/uploads\/2020\/02\/15.-Mez\u0151hegyes-A4-m\u00e1solat-scaled.jpg\" alt=\"\" width=\"2560\" height=\"1810\" srcset=\"https:\/\/www.andicsalpar.hu\/wordpress\/wp-content\/uploads\/2020\/02\/15.-Mez\u0151hegyes-A4-m\u00e1solat-scaled.jpg 2560w, https:\/\/www.andicsalpar.hu\/wordpress\/wp-content\/uploads\/2020\/02\/15.-Mez\u0151hegyes-A4-m\u00e1solat-300x212.jpg 300w, https:\/\/www.andicsalpar.hu\/wordpress\/wp-content\/uploads\/2020\/02\/15.-Mez\u0151hegyes-A4-m\u00e1solat-1024x724.jpg 1024w, https:\/\/www.andicsalpar.hu\/wordpress\/wp-content\/uploads\/2020\/02\/15.-Mez\u0151hegyes-A4-m\u00e1solat-768x543.jpg 768w, https:\/\/www.andicsalpar.hu\/wordpress\/wp-content\/uploads\/2020\/02\/15.-Mez\u0151hegyes-A4-m\u00e1solat-1536x1086.jpg 1536w, https:\/\/www.andicsalpar.hu\/wordpress\/wp-content\/uploads\/2020\/02\/15.-Mez\u0151hegyes-A4-m\u00e1solat-2048x1448.jpg 2048w, https:\/\/www.andicsalpar.hu\/wordpress\/wp-content\/uploads\/2020\/02\/15.-Mez\u0151hegyes-A4-m\u00e1solat-1440x1018.jpg 1440w\" sizes=\"auto, (max-width: 2560px) 100vw, 2560px\" \/><\/a> <a href=\"http:\/\/www.andicsalpar.hu\/wordpress\/wp-content\/uploads\/2020\/02\/16.-Mez\u0151hegyes-A4-m\u00e1solat-scaled.jpg\"><img loading=\"lazy\" decoding=\"async\" class=\"alignnone size-full wp-image-1151\" src=\"http:\/\/www.andicsalpar.hu\/wordpress\/wp-content\/uploads\/2020\/02\/16.-Mez\u0151hegyes-A4-m\u00e1solat-scaled.jpg\" alt=\"\" width=\"2560\" height=\"1810\" srcset=\"https:\/\/www.andicsalpar.hu\/wordpress\/wp-content\/uploads\/2020\/02\/16.-Mez\u0151hegyes-A4-m\u00e1solat-scaled.jpg 2560w, https:\/\/www.andicsalpar.hu\/wordpress\/wp-content\/uploads\/2020\/02\/16.-Mez\u0151hegyes-A4-m\u00e1solat-300x212.jpg 300w, https:\/\/www.andicsalpar.hu\/wordpress\/wp-content\/uploads\/2020\/02\/16.-Mez\u0151hegyes-A4-m\u00e1solat-1024x724.jpg 1024w, https:\/\/www.andicsalpar.hu\/wordpress\/wp-content\/uploads\/2020\/02\/16.-Mez\u0151hegyes-A4-m\u00e1solat-768x543.jpg 768w, https:\/\/www.andicsalpar.hu\/wordpress\/wp-content\/uploads\/2020\/02\/16.-Mez\u0151hegyes-A4-m\u00e1solat-1536x1086.jpg 1536w, https:\/\/www.andicsalpar.hu\/wordpress\/wp-content\/uploads\/2020\/02\/16.-Mez\u0151hegyes-A4-m\u00e1solat-2048x1448.jpg 2048w, https:\/\/www.andicsalpar.hu\/wordpress\/wp-content\/uploads\/2020\/02\/16.-Mez\u0151hegyes-A4-m\u00e1solat-1440x1018.jpg 1440w\" sizes=\"auto, (max-width: 2560px) 100vw, 2560px\" \/><\/a><\/p>\n","protected":false},"excerpt":{"rendered":"","protected":false},"author":1,"featured_media":0,"parent":985,"menu_order":0,"comment_status":"closed","ping_status":"closed","template":"","meta":{"footnotes":""},"class_list":["post-1135","page","type-page","status-publish","hentry"],"_links":{"self":[{"href":"https:\/\/www.andicsalpar.hu\/wordpress\/index.php?rest_route=\/wp\/v2\/pages\/1135","targetHints":{"allow":["GET"]}}],"collection":[{"href":"https:\/\/www.andicsalpar.hu\/wordpress\/index.php?rest_route=\/wp\/v2\/pages"}],"about":[{"href":"https:\/\/www.andicsalpar.hu\/wordpress\/index.php?rest_route=\/wp\/v2\/types\/page"}],"author":[{"embeddable":true,"href":"https:\/\/www.andicsalpar.hu\/wordpress\/index.php?rest_route=\/wp\/v2\/users\/1"}],"replies":[{"embeddable":true,"href":"https:\/\/www.andicsalpar.hu\/wordpress\/index.php?rest_route=%2Fwp%2Fv2%2Fcomments&post=1135"}],"version-history":[{"count":1,"href":"https:\/\/www.andicsalpar.hu\/wordpress\/index.php?rest_route=\/wp\/v2\/pages\/1135\/revisions"}],"predecessor-version":[{"id":1152,"href":"https:\/\/www.andicsalpar.hu\/wordpress\/index.php?rest_route=\/wp\/v2\/pages\/1135\/revisions\/1152"}],"up":[{"embeddable":true,"href":"https:\/\/www.andicsalpar.hu\/wordpress\/index.php?rest_route=\/wp\/v2\/pages\/985"}],"wp:attachment":[{"href":"https:\/\/www.andicsalpar.hu\/wordpress\/index.php?rest_route=%2Fwp%2Fv2%2Fmedia&parent=1135"}],"curies":[{"name":"wp","href":"https:\/\/api.w.org\/{rel}","templated":true}]}}