{"id":1076,"date":"2020-02-28T19:44:17","date_gmt":"2020-02-28T18:44:17","guid":{"rendered":"http:\/\/www.andicsalpar.hu\/wordpress\/?page_id=1076"},"modified":"2020-02-28T19:44:35","modified_gmt":"2020-02-28T18:44:35","slug":"varak-varromok","status":"publish","type":"page","link":"https:\/\/www.andicsalpar.hu\/wordpress\/?page_id=1076","title":{"rendered":"V\u00e1rak, v\u00e1rromok"},"content":{"rendered":"<p><a href=\"http:\/\/www.andicsalpar.hu\/wordpress\/wp-content\/uploads\/2020\/02\/7.-Somosk\u0151-v\u00e1ra-A4-m\u00e1solat-scaled.jpg\"><img loading=\"lazy\" decoding=\"async\" class=\"alignnone size-full wp-image-1077\" src=\"http:\/\/www.andicsalpar.hu\/wordpress\/wp-content\/uploads\/2020\/02\/7.-Somosk\u0151-v\u00e1ra-A4-m\u00e1solat-scaled.jpg\" alt=\"\" width=\"2560\" height=\"1810\" srcset=\"https:\/\/www.andicsalpar.hu\/wordpress\/wp-content\/uploads\/2020\/02\/7.-Somosk\u0151-v\u00e1ra-A4-m\u00e1solat-scaled.jpg 2560w, https:\/\/www.andicsalpar.hu\/wordpress\/wp-content\/uploads\/2020\/02\/7.-Somosk\u0151-v\u00e1ra-A4-m\u00e1solat-300x212.jpg 300w, https:\/\/www.andicsalpar.hu\/wordpress\/wp-content\/uploads\/2020\/02\/7.-Somosk\u0151-v\u00e1ra-A4-m\u00e1solat-1024x724.jpg 1024w, https:\/\/www.andicsalpar.hu\/wordpress\/wp-content\/uploads\/2020\/02\/7.-Somosk\u0151-v\u00e1ra-A4-m\u00e1solat-768x543.jpg 768w, https:\/\/www.andicsalpar.hu\/wordpress\/wp-content\/uploads\/2020\/02\/7.-Somosk\u0151-v\u00e1ra-A4-m\u00e1solat-1536x1086.jpg 1536w, https:\/\/www.andicsalpar.hu\/wordpress\/wp-content\/uploads\/2020\/02\/7.-Somosk\u0151-v\u00e1ra-A4-m\u00e1solat-2048x1448.jpg 2048w, https:\/\/www.andicsalpar.hu\/wordpress\/wp-content\/uploads\/2020\/02\/7.-Somosk\u0151-v\u00e1ra-A4-m\u00e1solat-1440x1018.jpg 1440w\" sizes=\"auto, (max-width: 2560px) 100vw, 2560px\" \/><\/a> <a href=\"http:\/\/www.andicsalpar.hu\/wordpress\/wp-content\/uploads\/2020\/02\/1.-N\u00f3gr\u00e1d-v\u00e1ra-A4-m\u00e1solat-scaled.jpg\"><img loading=\"lazy\" decoding=\"async\" class=\"alignnone size-full wp-image-1078\" src=\"http:\/\/www.andicsalpar.hu\/wordpress\/wp-content\/uploads\/2020\/02\/1.-N\u00f3gr\u00e1d-v\u00e1ra-A4-m\u00e1solat-scaled.jpg\" alt=\"\" width=\"2560\" height=\"1810\" srcset=\"https:\/\/www.andicsalpar.hu\/wordpress\/wp-content\/uploads\/2020\/02\/1.-N\u00f3gr\u00e1d-v\u00e1ra-A4-m\u00e1solat-scaled.jpg 2560w, https:\/\/www.andicsalpar.hu\/wordpress\/wp-content\/uploads\/2020\/02\/1.-N\u00f3gr\u00e1d-v\u00e1ra-A4-m\u00e1solat-300x212.jpg 300w, https:\/\/www.andicsalpar.hu\/wordpress\/wp-content\/uploads\/2020\/02\/1.-N\u00f3gr\u00e1d-v\u00e1ra-A4-m\u00e1solat-1024x724.jpg 1024w, https:\/\/www.andicsalpar.hu\/wordpress\/wp-content\/uploads\/2020\/02\/1.-N\u00f3gr\u00e1d-v\u00e1ra-A4-m\u00e1solat-768x543.jpg 768w, https:\/\/www.andicsalpar.hu\/wordpress\/wp-content\/uploads\/2020\/02\/1.-N\u00f3gr\u00e1d-v\u00e1ra-A4-m\u00e1solat-1536x1086.jpg 1536w, https:\/\/www.andicsalpar.hu\/wordpress\/wp-content\/uploads\/2020\/02\/1.-N\u00f3gr\u00e1d-v\u00e1ra-A4-m\u00e1solat-2048x1448.jpg 2048w, https:\/\/www.andicsalpar.hu\/wordpress\/wp-content\/uploads\/2020\/02\/1.-N\u00f3gr\u00e1d-v\u00e1ra-A4-m\u00e1solat-1440x1018.jpg 1440w\" sizes=\"auto, (max-width: 2560px) 100vw, 2560px\" \/><\/a> <a href=\"http:\/\/www.andicsalpar.hu\/wordpress\/wp-content\/uploads\/2020\/02\/2.-N\u00f3gr\u00e1d-v\u00e1ra-A4-m\u00e1solat-scaled.jpg\"><img loading=\"lazy\" decoding=\"async\" class=\"alignnone size-full wp-image-1079\" src=\"http:\/\/www.andicsalpar.hu\/wordpress\/wp-content\/uploads\/2020\/02\/2.-N\u00f3gr\u00e1d-v\u00e1ra-A4-m\u00e1solat-scaled.jpg\" alt=\"\" width=\"2560\" height=\"1810\" srcset=\"https:\/\/www.andicsalpar.hu\/wordpress\/wp-content\/uploads\/2020\/02\/2.-N\u00f3gr\u00e1d-v\u00e1ra-A4-m\u00e1solat-scaled.jpg 2560w, https:\/\/www.andicsalpar.hu\/wordpress\/wp-content\/uploads\/2020\/02\/2.-N\u00f3gr\u00e1d-v\u00e1ra-A4-m\u00e1solat-300x212.jpg 300w, https:\/\/www.andicsalpar.hu\/wordpress\/wp-content\/uploads\/2020\/02\/2.-N\u00f3gr\u00e1d-v\u00e1ra-A4-m\u00e1solat-1024x724.jpg 1024w, https:\/\/www.andicsalpar.hu\/wordpress\/wp-content\/uploads\/2020\/02\/2.-N\u00f3gr\u00e1d-v\u00e1ra-A4-m\u00e1solat-768x543.jpg 768w, https:\/\/www.andicsalpar.hu\/wordpress\/wp-content\/uploads\/2020\/02\/2.-N\u00f3gr\u00e1d-v\u00e1ra-A4-m\u00e1solat-1536x1086.jpg 1536w, https:\/\/www.andicsalpar.hu\/wordpress\/wp-content\/uploads\/2020\/02\/2.-N\u00f3gr\u00e1d-v\u00e1ra-A4-m\u00e1solat-2048x1448.jpg 2048w, https:\/\/www.andicsalpar.hu\/wordpress\/wp-content\/uploads\/2020\/02\/2.-N\u00f3gr\u00e1d-v\u00e1ra-A4-m\u00e1solat-1440x1018.jpg 1440w\" sizes=\"auto, (max-width: 2560px) 100vw, 2560px\" \/><\/a> <a href=\"http:\/\/www.andicsalpar.hu\/wordpress\/wp-content\/uploads\/2020\/02\/3.-N\u00f3gr\u00e1d-v\u00e1ra-A4-m\u00e1solat-scaled.jpg\"><img loading=\"lazy\" decoding=\"async\" class=\"alignnone size-full wp-image-1080\" src=\"http:\/\/www.andicsalpar.hu\/wordpress\/wp-content\/uploads\/2020\/02\/3.-N\u00f3gr\u00e1d-v\u00e1ra-A4-m\u00e1solat-scaled.jpg\" alt=\"\" width=\"2560\" height=\"1810\" srcset=\"https:\/\/www.andicsalpar.hu\/wordpress\/wp-content\/uploads\/2020\/02\/3.-N\u00f3gr\u00e1d-v\u00e1ra-A4-m\u00e1solat-scaled.jpg 2560w, https:\/\/www.andicsalpar.hu\/wordpress\/wp-content\/uploads\/2020\/02\/3.-N\u00f3gr\u00e1d-v\u00e1ra-A4-m\u00e1solat-300x212.jpg 300w, https:\/\/www.andicsalpar.hu\/wordpress\/wp-content\/uploads\/2020\/02\/3.-N\u00f3gr\u00e1d-v\u00e1ra-A4-m\u00e1solat-1024x724.jpg 1024w, https:\/\/www.andicsalpar.hu\/wordpress\/wp-content\/uploads\/2020\/02\/3.-N\u00f3gr\u00e1d-v\u00e1ra-A4-m\u00e1solat-768x543.jpg 768w, https:\/\/www.andicsalpar.hu\/wordpress\/wp-content\/uploads\/2020\/02\/3.-N\u00f3gr\u00e1d-v\u00e1ra-A4-m\u00e1solat-1536x1086.jpg 1536w, https:\/\/www.andicsalpar.hu\/wordpress\/wp-content\/uploads\/2020\/02\/3.-N\u00f3gr\u00e1d-v\u00e1ra-A4-m\u00e1solat-2048x1448.jpg 2048w, https:\/\/www.andicsalpar.hu\/wordpress\/wp-content\/uploads\/2020\/02\/3.-N\u00f3gr\u00e1d-v\u00e1ra-A4-m\u00e1solat-1440x1018.jpg 1440w\" sizes=\"auto, (max-width: 2560px) 100vw, 2560px\" \/><\/a> <a href=\"http:\/\/www.andicsalpar.hu\/wordpress\/wp-content\/uploads\/2020\/02\/4.-Salg\u00f3-v\u00e1ra-A4-m\u00e1solat-scaled.jpg\"><img loading=\"lazy\" decoding=\"async\" class=\"alignnone size-full wp-image-1081\" src=\"http:\/\/www.andicsalpar.hu\/wordpress\/wp-content\/uploads\/2020\/02\/4.-Salg\u00f3-v\u00e1ra-A4-m\u00e1solat-scaled.jpg\" alt=\"\" width=\"2560\" height=\"1810\" srcset=\"https:\/\/www.andicsalpar.hu\/wordpress\/wp-content\/uploads\/2020\/02\/4.-Salg\u00f3-v\u00e1ra-A4-m\u00e1solat-scaled.jpg 2560w, https:\/\/www.andicsalpar.hu\/wordpress\/wp-content\/uploads\/2020\/02\/4.-Salg\u00f3-v\u00e1ra-A4-m\u00e1solat-300x212.jpg 300w, https:\/\/www.andicsalpar.hu\/wordpress\/wp-content\/uploads\/2020\/02\/4.-Salg\u00f3-v\u00e1ra-A4-m\u00e1solat-1024x724.jpg 1024w, https:\/\/www.andicsalpar.hu\/wordpress\/wp-content\/uploads\/2020\/02\/4.-Salg\u00f3-v\u00e1ra-A4-m\u00e1solat-768x543.jpg 768w, https:\/\/www.andicsalpar.hu\/wordpress\/wp-content\/uploads\/2020\/02\/4.-Salg\u00f3-v\u00e1ra-A4-m\u00e1solat-1536x1086.jpg 1536w, https:\/\/www.andicsalpar.hu\/wordpress\/wp-content\/uploads\/2020\/02\/4.-Salg\u00f3-v\u00e1ra-A4-m\u00e1solat-2048x1448.jpg 2048w, https:\/\/www.andicsalpar.hu\/wordpress\/wp-content\/uploads\/2020\/02\/4.-Salg\u00f3-v\u00e1ra-A4-m\u00e1solat-1440x1018.jpg 1440w\" sizes=\"auto, (max-width: 2560px) 100vw, 2560px\" \/><\/a> <a href=\"http:\/\/www.andicsalpar.hu\/wordpress\/wp-content\/uploads\/2020\/02\/5.-Salg\u00f3-v\u00e1ra-A4-m\u00e1solat-scaled.jpg\"><img loading=\"lazy\" decoding=\"async\" class=\"alignnone size-full wp-image-1082\" src=\"http:\/\/www.andicsalpar.hu\/wordpress\/wp-content\/uploads\/2020\/02\/5.-Salg\u00f3-v\u00e1ra-A4-m\u00e1solat-scaled.jpg\" alt=\"\" width=\"2560\" height=\"1810\" srcset=\"https:\/\/www.andicsalpar.hu\/wordpress\/wp-content\/uploads\/2020\/02\/5.-Salg\u00f3-v\u00e1ra-A4-m\u00e1solat-scaled.jpg 2560w, https:\/\/www.andicsalpar.hu\/wordpress\/wp-content\/uploads\/2020\/02\/5.-Salg\u00f3-v\u00e1ra-A4-m\u00e1solat-300x212.jpg 300w, https:\/\/www.andicsalpar.hu\/wordpress\/wp-content\/uploads\/2020\/02\/5.-Salg\u00f3-v\u00e1ra-A4-m\u00e1solat-1024x724.jpg 1024w, https:\/\/www.andicsalpar.hu\/wordpress\/wp-content\/uploads\/2020\/02\/5.-Salg\u00f3-v\u00e1ra-A4-m\u00e1solat-768x543.jpg 768w, https:\/\/www.andicsalpar.hu\/wordpress\/wp-content\/uploads\/2020\/02\/5.-Salg\u00f3-v\u00e1ra-A4-m\u00e1solat-1536x1086.jpg 1536w, https:\/\/www.andicsalpar.hu\/wordpress\/wp-content\/uploads\/2020\/02\/5.-Salg\u00f3-v\u00e1ra-A4-m\u00e1solat-2048x1448.jpg 2048w, https:\/\/www.andicsalpar.hu\/wordpress\/wp-content\/uploads\/2020\/02\/5.-Salg\u00f3-v\u00e1ra-A4-m\u00e1solat-1440x1018.jpg 1440w\" sizes=\"auto, (max-width: 2560px) 100vw, 2560px\" \/><\/a> <a href=\"http:\/\/www.andicsalpar.hu\/wordpress\/wp-content\/uploads\/2020\/02\/6.-Sommosk\u0151-v\u00e1ra-A4-m\u00e1solat-scaled.jpg\"><img loading=\"lazy\" decoding=\"async\" class=\"alignnone size-full wp-image-1083\" src=\"http:\/\/www.andicsalpar.hu\/wordpress\/wp-content\/uploads\/2020\/02\/6.-Sommosk\u0151-v\u00e1ra-A4-m\u00e1solat-scaled.jpg\" alt=\"\" width=\"2560\" height=\"1810\" srcset=\"https:\/\/www.andicsalpar.hu\/wordpress\/wp-content\/uploads\/2020\/02\/6.-Sommosk\u0151-v\u00e1ra-A4-m\u00e1solat-scaled.jpg 2560w, https:\/\/www.andicsalpar.hu\/wordpress\/wp-content\/uploads\/2020\/02\/6.-Sommosk\u0151-v\u00e1ra-A4-m\u00e1solat-300x212.jpg 300w, https:\/\/www.andicsalpar.hu\/wordpress\/wp-content\/uploads\/2020\/02\/6.-Sommosk\u0151-v\u00e1ra-A4-m\u00e1solat-1024x724.jpg 1024w, https:\/\/www.andicsalpar.hu\/wordpress\/wp-content\/uploads\/2020\/02\/6.-Sommosk\u0151-v\u00e1ra-A4-m\u00e1solat-768x543.jpg 768w, https:\/\/www.andicsalpar.hu\/wordpress\/wp-content\/uploads\/2020\/02\/6.-Sommosk\u0151-v\u00e1ra-A4-m\u00e1solat-1536x1086.jpg 1536w, https:\/\/www.andicsalpar.hu\/wordpress\/wp-content\/uploads\/2020\/02\/6.-Sommosk\u0151-v\u00e1ra-A4-m\u00e1solat-2048x1448.jpg 2048w, https:\/\/www.andicsalpar.hu\/wordpress\/wp-content\/uploads\/2020\/02\/6.-Sommosk\u0151-v\u00e1ra-A4-m\u00e1solat-1440x1018.jpg 1440w\" sizes=\"auto, (max-width: 2560px) 100vw, 2560px\" \/><\/a> <a href=\"http:\/\/www.andicsalpar.hu\/wordpress\/wp-content\/uploads\/2020\/02\/8.-Somosk\u00f3-v\u00e1ra-A4-m\u00e1solat-scaled.jpg\"><img loading=\"lazy\" decoding=\"async\" class=\"alignnone size-full wp-image-1084\" src=\"http:\/\/www.andicsalpar.hu\/wordpress\/wp-content\/uploads\/2020\/02\/8.-Somosk\u00f3-v\u00e1ra-A4-m\u00e1solat-scaled.jpg\" alt=\"\" width=\"2560\" height=\"1810\" srcset=\"https:\/\/www.andicsalpar.hu\/wordpress\/wp-content\/uploads\/2020\/02\/8.-Somosk\u00f3-v\u00e1ra-A4-m\u00e1solat-scaled.jpg 2560w, https:\/\/www.andicsalpar.hu\/wordpress\/wp-content\/uploads\/2020\/02\/8.-Somosk\u00f3-v\u00e1ra-A4-m\u00e1solat-300x212.jpg 300w, https:\/\/www.andicsalpar.hu\/wordpress\/wp-content\/uploads\/2020\/02\/8.-Somosk\u00f3-v\u00e1ra-A4-m\u00e1solat-1024x724.jpg 1024w, https:\/\/www.andicsalpar.hu\/wordpress\/wp-content\/uploads\/2020\/02\/8.-Somosk\u00f3-v\u00e1ra-A4-m\u00e1solat-768x543.jpg 768w, https:\/\/www.andicsalpar.hu\/wordpress\/wp-content\/uploads\/2020\/02\/8.-Somosk\u00f3-v\u00e1ra-A4-m\u00e1solat-1536x1086.jpg 1536w, https:\/\/www.andicsalpar.hu\/wordpress\/wp-content\/uploads\/2020\/02\/8.-Somosk\u00f3-v\u00e1ra-A4-m\u00e1solat-2048x1448.jpg 2048w, https:\/\/www.andicsalpar.hu\/wordpress\/wp-content\/uploads\/2020\/02\/8.-Somosk\u00f3-v\u00e1ra-A4-m\u00e1solat-1440x1018.jpg 1440w\" sizes=\"auto, (max-width: 2560px) 100vw, 2560px\" \/><\/a> <a href=\"http:\/\/www.andicsalpar.hu\/wordpress\/wp-content\/uploads\/2020\/02\/9.-Zempl\u00e9n-A4-m\u00e1solat-scaled.jpg\"><img loading=\"lazy\" decoding=\"async\" class=\"alignnone size-full wp-image-1085\" src=\"http:\/\/www.andicsalpar.hu\/wordpress\/wp-content\/uploads\/2020\/02\/9.-Zempl\u00e9n-A4-m\u00e1solat-scaled.jpg\" alt=\"\" width=\"2560\" height=\"1810\" srcset=\"https:\/\/www.andicsalpar.hu\/wordpress\/wp-content\/uploads\/2020\/02\/9.-Zempl\u00e9n-A4-m\u00e1solat-scaled.jpg 2560w, https:\/\/www.andicsalpar.hu\/wordpress\/wp-content\/uploads\/2020\/02\/9.-Zempl\u00e9n-A4-m\u00e1solat-300x212.jpg 300w, https:\/\/www.andicsalpar.hu\/wordpress\/wp-content\/uploads\/2020\/02\/9.-Zempl\u00e9n-A4-m\u00e1solat-1024x724.jpg 1024w, https:\/\/www.andicsalpar.hu\/wordpress\/wp-content\/uploads\/2020\/02\/9.-Zempl\u00e9n-A4-m\u00e1solat-768x543.jpg 768w, https:\/\/www.andicsalpar.hu\/wordpress\/wp-content\/uploads\/2020\/02\/9.-Zempl\u00e9n-A4-m\u00e1solat-1536x1086.jpg 1536w, https:\/\/www.andicsalpar.hu\/wordpress\/wp-content\/uploads\/2020\/02\/9.-Zempl\u00e9n-A4-m\u00e1solat-2048x1448.jpg 2048w, https:\/\/www.andicsalpar.hu\/wordpress\/wp-content\/uploads\/2020\/02\/9.-Zempl\u00e9n-A4-m\u00e1solat-1440x1018.jpg 1440w\" sizes=\"auto, (max-width: 2560px) 100vw, 2560px\" \/><\/a> <a href=\"http:\/\/www.andicsalpar.hu\/wordpress\/wp-content\/uploads\/2020\/02\/10.-Zempl\u00e9n-A4-m\u00e1solat-scaled.jpg\"><img loading=\"lazy\" decoding=\"async\" class=\"alignnone size-full wp-image-1086\" src=\"http:\/\/www.andicsalpar.hu\/wordpress\/wp-content\/uploads\/2020\/02\/10.-Zempl\u00e9n-A4-m\u00e1solat-scaled.jpg\" alt=\"\" width=\"2560\" height=\"1810\" srcset=\"https:\/\/www.andicsalpar.hu\/wordpress\/wp-content\/uploads\/2020\/02\/10.-Zempl\u00e9n-A4-m\u00e1solat-scaled.jpg 2560w, https:\/\/www.andicsalpar.hu\/wordpress\/wp-content\/uploads\/2020\/02\/10.-Zempl\u00e9n-A4-m\u00e1solat-300x212.jpg 300w, https:\/\/www.andicsalpar.hu\/wordpress\/wp-content\/uploads\/2020\/02\/10.-Zempl\u00e9n-A4-m\u00e1solat-1024x724.jpg 1024w, https:\/\/www.andicsalpar.hu\/wordpress\/wp-content\/uploads\/2020\/02\/10.-Zempl\u00e9n-A4-m\u00e1solat-768x543.jpg 768w, https:\/\/www.andicsalpar.hu\/wordpress\/wp-content\/uploads\/2020\/02\/10.-Zempl\u00e9n-A4-m\u00e1solat-1536x1086.jpg 1536w, https:\/\/www.andicsalpar.hu\/wordpress\/wp-content\/uploads\/2020\/02\/10.-Zempl\u00e9n-A4-m\u00e1solat-2048x1448.jpg 2048w, https:\/\/www.andicsalpar.hu\/wordpress\/wp-content\/uploads\/2020\/02\/10.-Zempl\u00e9n-A4-m\u00e1solat-1440x1018.jpg 1440w\" sizes=\"auto, (max-width: 2560px) 100vw, 2560px\" \/><\/a> <a href=\"http:\/\/www.andicsalpar.hu\/wordpress\/wp-content\/uploads\/2020\/02\/11.-F\u00fcz\u00e9ri-v\u00e1r-Zempl\u00e9n-A4-m\u00e1solat-scaled.jpg\"><img loading=\"lazy\" decoding=\"async\" class=\"alignnone size-full wp-image-1087\" src=\"http:\/\/www.andicsalpar.hu\/wordpress\/wp-content\/uploads\/2020\/02\/11.-F\u00fcz\u00e9ri-v\u00e1r-Zempl\u00e9n-A4-m\u00e1solat-scaled.jpg\" alt=\"\" width=\"2560\" height=\"1810\" srcset=\"https:\/\/www.andicsalpar.hu\/wordpress\/wp-content\/uploads\/2020\/02\/11.-F\u00fcz\u00e9ri-v\u00e1r-Zempl\u00e9n-A4-m\u00e1solat-scaled.jpg 2560w, https:\/\/www.andicsalpar.hu\/wordpress\/wp-content\/uploads\/2020\/02\/11.-F\u00fcz\u00e9ri-v\u00e1r-Zempl\u00e9n-A4-m\u00e1solat-300x212.jpg 300w, https:\/\/www.andicsalpar.hu\/wordpress\/wp-content\/uploads\/2020\/02\/11.-F\u00fcz\u00e9ri-v\u00e1r-Zempl\u00e9n-A4-m\u00e1solat-1024x724.jpg 1024w, https:\/\/www.andicsalpar.hu\/wordpress\/wp-content\/uploads\/2020\/02\/11.-F\u00fcz\u00e9ri-v\u00e1r-Zempl\u00e9n-A4-m\u00e1solat-768x543.jpg 768w, https:\/\/www.andicsalpar.hu\/wordpress\/wp-content\/uploads\/2020\/02\/11.-F\u00fcz\u00e9ri-v\u00e1r-Zempl\u00e9n-A4-m\u00e1solat-1536x1086.jpg 1536w, https:\/\/www.andicsalpar.hu\/wordpress\/wp-content\/uploads\/2020\/02\/11.-F\u00fcz\u00e9ri-v\u00e1r-Zempl\u00e9n-A4-m\u00e1solat-2048x1448.jpg 2048w, https:\/\/www.andicsalpar.hu\/wordpress\/wp-content\/uploads\/2020\/02\/11.-F\u00fcz\u00e9ri-v\u00e1r-Zempl\u00e9n-A4-m\u00e1solat-1440x1018.jpg 1440w\" sizes=\"auto, (max-width: 2560px) 100vw, 2560px\" \/><\/a> <a href=\"http:\/\/www.andicsalpar.hu\/wordpress\/wp-content\/uploads\/2020\/02\/12.-F\u00fcz\u00e9ri-v\u00e1r-Zempl\u00e9n-A4-m\u00e1solat-scaled.jpg\"><img loading=\"lazy\" decoding=\"async\" class=\"alignnone size-full wp-image-1088\" src=\"http:\/\/www.andicsalpar.hu\/wordpress\/wp-content\/uploads\/2020\/02\/12.-F\u00fcz\u00e9ri-v\u00e1r-Zempl\u00e9n-A4-m\u00e1solat-scaled.jpg\" alt=\"\" width=\"2560\" height=\"1810\" srcset=\"https:\/\/www.andicsalpar.hu\/wordpress\/wp-content\/uploads\/2020\/02\/12.-F\u00fcz\u00e9ri-v\u00e1r-Zempl\u00e9n-A4-m\u00e1solat-scaled.jpg 2560w, https:\/\/www.andicsalpar.hu\/wordpress\/wp-content\/uploads\/2020\/02\/12.-F\u00fcz\u00e9ri-v\u00e1r-Zempl\u00e9n-A4-m\u00e1solat-300x212.jpg 300w, https:\/\/www.andicsalpar.hu\/wordpress\/wp-content\/uploads\/2020\/02\/12.-F\u00fcz\u00e9ri-v\u00e1r-Zempl\u00e9n-A4-m\u00e1solat-1024x724.jpg 1024w, https:\/\/www.andicsalpar.hu\/wordpress\/wp-content\/uploads\/2020\/02\/12.-F\u00fcz\u00e9ri-v\u00e1r-Zempl\u00e9n-A4-m\u00e1solat-768x543.jpg 768w, https:\/\/www.andicsalpar.hu\/wordpress\/wp-content\/uploads\/2020\/02\/12.-F\u00fcz\u00e9ri-v\u00e1r-Zempl\u00e9n-A4-m\u00e1solat-1536x1086.jpg 1536w, https:\/\/www.andicsalpar.hu\/wordpress\/wp-content\/uploads\/2020\/02\/12.-F\u00fcz\u00e9ri-v\u00e1r-Zempl\u00e9n-A4-m\u00e1solat-2048x1448.jpg 2048w, https:\/\/www.andicsalpar.hu\/wordpress\/wp-content\/uploads\/2020\/02\/12.-F\u00fcz\u00e9ri-v\u00e1r-Zempl\u00e9n-A4-m\u00e1solat-1440x1018.jpg 1440w\" sizes=\"auto, (max-width: 2560px) 100vw, 2560px\" \/><\/a> <a href=\"http:\/\/www.andicsalpar.hu\/wordpress\/wp-content\/uploads\/2020\/02\/13.-F\u00fcz\u00e9ri-v\u00e1r-Zempl\u00e9n-A4-m\u00e1solat-scaled.jpg\"><img loading=\"lazy\" decoding=\"async\" class=\"alignnone size-full wp-image-1089\" src=\"http:\/\/www.andicsalpar.hu\/wordpress\/wp-content\/uploads\/2020\/02\/13.-F\u00fcz\u00e9ri-v\u00e1r-Zempl\u00e9n-A4-m\u00e1solat-scaled.jpg\" alt=\"\" width=\"2560\" height=\"1810\" srcset=\"https:\/\/www.andicsalpar.hu\/wordpress\/wp-content\/uploads\/2020\/02\/13.-F\u00fcz\u00e9ri-v\u00e1r-Zempl\u00e9n-A4-m\u00e1solat-scaled.jpg 2560w, https:\/\/www.andicsalpar.hu\/wordpress\/wp-content\/uploads\/2020\/02\/13.-F\u00fcz\u00e9ri-v\u00e1r-Zempl\u00e9n-A4-m\u00e1solat-300x212.jpg 300w, https:\/\/www.andicsalpar.hu\/wordpress\/wp-content\/uploads\/2020\/02\/13.-F\u00fcz\u00e9ri-v\u00e1r-Zempl\u00e9n-A4-m\u00e1solat-1024x724.jpg 1024w, https:\/\/www.andicsalpar.hu\/wordpress\/wp-content\/uploads\/2020\/02\/13.-F\u00fcz\u00e9ri-v\u00e1r-Zempl\u00e9n-A4-m\u00e1solat-768x543.jpg 768w, https:\/\/www.andicsalpar.hu\/wordpress\/wp-content\/uploads\/2020\/02\/13.-F\u00fcz\u00e9ri-v\u00e1r-Zempl\u00e9n-A4-m\u00e1solat-1536x1086.jpg 1536w, https:\/\/www.andicsalpar.hu\/wordpress\/wp-content\/uploads\/2020\/02\/13.-F\u00fcz\u00e9ri-v\u00e1r-Zempl\u00e9n-A4-m\u00e1solat-2048x1448.jpg 2048w, https:\/\/www.andicsalpar.hu\/wordpress\/wp-content\/uploads\/2020\/02\/13.-F\u00fcz\u00e9ri-v\u00e1r-Zempl\u00e9n-A4-m\u00e1solat-1440x1018.jpg 1440w\" sizes=\"auto, (max-width: 2560px) 100vw, 2560px\" \/><\/a> <a href=\"http:\/\/www.andicsalpar.hu\/wordpress\/wp-content\/uploads\/2020\/02\/14.-V\u00e9rtes-A4-m\u00e1solat-scaled.jpg\"><img loading=\"lazy\" decoding=\"async\" class=\"alignnone size-full wp-image-1090\" src=\"http:\/\/www.andicsalpar.hu\/wordpress\/wp-content\/uploads\/2020\/02\/14.-V\u00e9rtes-A4-m\u00e1solat-scaled.jpg\" alt=\"\" width=\"2560\" height=\"1810\" srcset=\"https:\/\/www.andicsalpar.hu\/wordpress\/wp-content\/uploads\/2020\/02\/14.-V\u00e9rtes-A4-m\u00e1solat-scaled.jpg 2560w, https:\/\/www.andicsalpar.hu\/wordpress\/wp-content\/uploads\/2020\/02\/14.-V\u00e9rtes-A4-m\u00e1solat-300x212.jpg 300w, https:\/\/www.andicsalpar.hu\/wordpress\/wp-content\/uploads\/2020\/02\/14.-V\u00e9rtes-A4-m\u00e1solat-1024x724.jpg 1024w, https:\/\/www.andicsalpar.hu\/wordpress\/wp-content\/uploads\/2020\/02\/14.-V\u00e9rtes-A4-m\u00e1solat-768x543.jpg 768w, https:\/\/www.andicsalpar.hu\/wordpress\/wp-content\/uploads\/2020\/02\/14.-V\u00e9rtes-A4-m\u00e1solat-1536x1086.jpg 1536w, https:\/\/www.andicsalpar.hu\/wordpress\/wp-content\/uploads\/2020\/02\/14.-V\u00e9rtes-A4-m\u00e1solat-2048x1448.jpg 2048w, https:\/\/www.andicsalpar.hu\/wordpress\/wp-content\/uploads\/2020\/02\/14.-V\u00e9rtes-A4-m\u00e1solat-1440x1018.jpg 1440w\" sizes=\"auto, (max-width: 2560px) 100vw, 2560px\" \/><\/a> <a href=\"http:\/\/www.andicsalpar.hu\/wordpress\/wp-content\/uploads\/2020\/02\/15.-Szarvask\u0151-A4-m\u00e1solat-scaled.jpg\"><img loading=\"lazy\" decoding=\"async\" class=\"alignnone size-full wp-image-1091\" src=\"http:\/\/www.andicsalpar.hu\/wordpress\/wp-content\/uploads\/2020\/02\/15.-Szarvask\u0151-A4-m\u00e1solat-scaled.jpg\" alt=\"\" width=\"2560\" height=\"1810\" srcset=\"https:\/\/www.andicsalpar.hu\/wordpress\/wp-content\/uploads\/2020\/02\/15.-Szarvask\u0151-A4-m\u00e1solat-scaled.jpg 2560w, https:\/\/www.andicsalpar.hu\/wordpress\/wp-content\/uploads\/2020\/02\/15.-Szarvask\u0151-A4-m\u00e1solat-300x212.jpg 300w, https:\/\/www.andicsalpar.hu\/wordpress\/wp-content\/uploads\/2020\/02\/15.-Szarvask\u0151-A4-m\u00e1solat-1024x724.jpg 1024w, https:\/\/www.andicsalpar.hu\/wordpress\/wp-content\/uploads\/2020\/02\/15.-Szarvask\u0151-A4-m\u00e1solat-768x543.jpg 768w, https:\/\/www.andicsalpar.hu\/wordpress\/wp-content\/uploads\/2020\/02\/15.-Szarvask\u0151-A4-m\u00e1solat-1536x1086.jpg 1536w, https:\/\/www.andicsalpar.hu\/wordpress\/wp-content\/uploads\/2020\/02\/15.-Szarvask\u0151-A4-m\u00e1solat-2048x1448.jpg 2048w, https:\/\/www.andicsalpar.hu\/wordpress\/wp-content\/uploads\/2020\/02\/15.-Szarvask\u0151-A4-m\u00e1solat-1440x1018.jpg 1440w\" sizes=\"auto, (max-width: 2560px) 100vw, 2560px\" \/><\/a> <a href=\"http:\/\/www.andicsalpar.hu\/wordpress\/wp-content\/uploads\/2020\/02\/16.-F\u00fclek-v\u00e1ra-A4-m\u00e1solat-scaled.jpg\"><img loading=\"lazy\" decoding=\"async\" class=\"alignnone size-full wp-image-1092\" src=\"http:\/\/www.andicsalpar.hu\/wordpress\/wp-content\/uploads\/2020\/02\/16.-F\u00fclek-v\u00e1ra-A4-m\u00e1solat-scaled.jpg\" alt=\"\" width=\"2560\" height=\"1810\" srcset=\"https:\/\/www.andicsalpar.hu\/wordpress\/wp-content\/uploads\/2020\/02\/16.-F\u00fclek-v\u00e1ra-A4-m\u00e1solat-scaled.jpg 2560w, https:\/\/www.andicsalpar.hu\/wordpress\/wp-content\/uploads\/2020\/02\/16.-F\u00fclek-v\u00e1ra-A4-m\u00e1solat-300x212.jpg 300w, https:\/\/www.andicsalpar.hu\/wordpress\/wp-content\/uploads\/2020\/02\/16.-F\u00fclek-v\u00e1ra-A4-m\u00e1solat-1024x724.jpg 1024w, https:\/\/www.andicsalpar.hu\/wordpress\/wp-content\/uploads\/2020\/02\/16.-F\u00fclek-v\u00e1ra-A4-m\u00e1solat-768x543.jpg 768w, https:\/\/www.andicsalpar.hu\/wordpress\/wp-content\/uploads\/2020\/02\/16.-F\u00fclek-v\u00e1ra-A4-m\u00e1solat-1536x1086.jpg 1536w, https:\/\/www.andicsalpar.hu\/wordpress\/wp-content\/uploads\/2020\/02\/16.-F\u00fclek-v\u00e1ra-A4-m\u00e1solat-2048x1448.jpg 2048w, https:\/\/www.andicsalpar.hu\/wordpress\/wp-content\/uploads\/2020\/02\/16.-F\u00fclek-v\u00e1ra-A4-m\u00e1solat-1440x1018.jpg 1440w\" sizes=\"auto, (max-width: 2560px) 100vw, 2560px\" \/><\/a><\/p>\n","protected":false},"excerpt":{"rendered":"","protected":false},"author":1,"featured_media":0,"parent":985,"menu_order":0,"comment_status":"closed","ping_status":"closed","template":"","meta":{"footnotes":""},"class_list":["post-1076","page","type-page","status-publish","hentry"],"_links":{"self":[{"href":"https:\/\/www.andicsalpar.hu\/wordpress\/index.php?rest_route=\/wp\/v2\/pages\/1076","targetHints":{"allow":["GET"]}}],"collection":[{"href":"https:\/\/www.andicsalpar.hu\/wordpress\/index.php?rest_route=\/wp\/v2\/pages"}],"about":[{"href":"https:\/\/www.andicsalpar.hu\/wordpress\/index.php?rest_route=\/wp\/v2\/types\/page"}],"author":[{"embeddable":true,"href":"https:\/\/www.andicsalpar.hu\/wordpress\/index.php?rest_route=\/wp\/v2\/users\/1"}],"replies":[{"embeddable":true,"href":"https:\/\/www.andicsalpar.hu\/wordpress\/index.php?rest_route=%2Fwp%2Fv2%2Fcomments&post=1076"}],"version-history":[{"count":1,"href":"https:\/\/www.andicsalpar.hu\/wordpress\/index.php?rest_route=\/wp\/v2\/pages\/1076\/revisions"}],"predecessor-version":[{"id":1094,"href":"https:\/\/www.andicsalpar.hu\/wordpress\/index.php?rest_route=\/wp\/v2\/pages\/1076\/revisions\/1094"}],"up":[{"embeddable":true,"href":"https:\/\/www.andicsalpar.hu\/wordpress\/index.php?rest_route=\/wp\/v2\/pages\/985"}],"wp:attachment":[{"href":"https:\/\/www.andicsalpar.hu\/wordpress\/index.php?rest_route=%2Fwp%2Fv2%2Fmedia&parent=1076"}],"curies":[{"name":"wp","href":"https:\/\/api.w.org\/{rel}","templated":true}]}}