{"id":1056,"date":"2020-02-28T19:38:27","date_gmt":"2020-02-28T18:38:27","guid":{"rendered":"http:\/\/www.andicsalpar.hu\/wordpress\/?page_id=1056"},"modified":"2020-02-28T19:38:46","modified_gmt":"2020-02-28T18:38:46","slug":"templomok-kastelyok","status":"publish","type":"page","link":"https:\/\/www.andicsalpar.hu\/wordpress\/?page_id=1056","title":{"rendered":"Templomok, kast\u00e9lyok"},"content":{"rendered":"<p><a href=\"http:\/\/www.andicsalpar.hu\/wordpress\/wp-content\/uploads\/2020\/02\/8.-Sikl\u00f3si-v\u00e1r-A4-m\u00e1solat-scaled.jpg\"><img loading=\"lazy\" decoding=\"async\" class=\"alignnone size-full wp-image-1057\" src=\"http:\/\/www.andicsalpar.hu\/wordpress\/wp-content\/uploads\/2020\/02\/8.-Sikl\u00f3si-v\u00e1r-A4-m\u00e1solat-scaled.jpg\" alt=\"\" width=\"2560\" height=\"1810\" srcset=\"https:\/\/www.andicsalpar.hu\/wordpress\/wp-content\/uploads\/2020\/02\/8.-Sikl\u00f3si-v\u00e1r-A4-m\u00e1solat-scaled.jpg 2560w, https:\/\/www.andicsalpar.hu\/wordpress\/wp-content\/uploads\/2020\/02\/8.-Sikl\u00f3si-v\u00e1r-A4-m\u00e1solat-300x212.jpg 300w, https:\/\/www.andicsalpar.hu\/wordpress\/wp-content\/uploads\/2020\/02\/8.-Sikl\u00f3si-v\u00e1r-A4-m\u00e1solat-1024x724.jpg 1024w, https:\/\/www.andicsalpar.hu\/wordpress\/wp-content\/uploads\/2020\/02\/8.-Sikl\u00f3si-v\u00e1r-A4-m\u00e1solat-768x543.jpg 768w, https:\/\/www.andicsalpar.hu\/wordpress\/wp-content\/uploads\/2020\/02\/8.-Sikl\u00f3si-v\u00e1r-A4-m\u00e1solat-1536x1086.jpg 1536w, https:\/\/www.andicsalpar.hu\/wordpress\/wp-content\/uploads\/2020\/02\/8.-Sikl\u00f3si-v\u00e1r-A4-m\u00e1solat-2048x1448.jpg 2048w, https:\/\/www.andicsalpar.hu\/wordpress\/wp-content\/uploads\/2020\/02\/8.-Sikl\u00f3si-v\u00e1r-A4-m\u00e1solat-1440x1018.jpg 1440w\" sizes=\"auto, (max-width: 2560px) 100vw, 2560px\" \/><\/a> <a href=\"http:\/\/www.andicsalpar.hu\/wordpress\/wp-content\/uploads\/2020\/02\/1.-Esztergom-A4-m\u00e1solat-scaled.jpg\"><img loading=\"lazy\" decoding=\"async\" class=\"alignnone size-full wp-image-1058\" src=\"http:\/\/www.andicsalpar.hu\/wordpress\/wp-content\/uploads\/2020\/02\/1.-Esztergom-A4-m\u00e1solat-scaled.jpg\" alt=\"\" width=\"2560\" height=\"1810\" srcset=\"https:\/\/www.andicsalpar.hu\/wordpress\/wp-content\/uploads\/2020\/02\/1.-Esztergom-A4-m\u00e1solat-scaled.jpg 2560w, https:\/\/www.andicsalpar.hu\/wordpress\/wp-content\/uploads\/2020\/02\/1.-Esztergom-A4-m\u00e1solat-300x212.jpg 300w, https:\/\/www.andicsalpar.hu\/wordpress\/wp-content\/uploads\/2020\/02\/1.-Esztergom-A4-m\u00e1solat-1024x724.jpg 1024w, https:\/\/www.andicsalpar.hu\/wordpress\/wp-content\/uploads\/2020\/02\/1.-Esztergom-A4-m\u00e1solat-768x543.jpg 768w, https:\/\/www.andicsalpar.hu\/wordpress\/wp-content\/uploads\/2020\/02\/1.-Esztergom-A4-m\u00e1solat-1536x1086.jpg 1536w, https:\/\/www.andicsalpar.hu\/wordpress\/wp-content\/uploads\/2020\/02\/1.-Esztergom-A4-m\u00e1solat-2048x1448.jpg 2048w, https:\/\/www.andicsalpar.hu\/wordpress\/wp-content\/uploads\/2020\/02\/1.-Esztergom-A4-m\u00e1solat-1440x1018.jpg 1440w\" sizes=\"auto, (max-width: 2560px) 100vw, 2560px\" \/><\/a> <a href=\"http:\/\/www.andicsalpar.hu\/wordpress\/wp-content\/uploads\/2020\/02\/2.-Esztergom-A4-m\u00e1solat-scaled.jpg\"><img loading=\"lazy\" decoding=\"async\" class=\"alignnone size-full wp-image-1059\" src=\"http:\/\/www.andicsalpar.hu\/wordpress\/wp-content\/uploads\/2020\/02\/2.-Esztergom-A4-m\u00e1solat-scaled.jpg\" alt=\"\" width=\"2560\" height=\"1810\" srcset=\"https:\/\/www.andicsalpar.hu\/wordpress\/wp-content\/uploads\/2020\/02\/2.-Esztergom-A4-m\u00e1solat-scaled.jpg 2560w, https:\/\/www.andicsalpar.hu\/wordpress\/wp-content\/uploads\/2020\/02\/2.-Esztergom-A4-m\u00e1solat-300x212.jpg 300w, https:\/\/www.andicsalpar.hu\/wordpress\/wp-content\/uploads\/2020\/02\/2.-Esztergom-A4-m\u00e1solat-1024x724.jpg 1024w, https:\/\/www.andicsalpar.hu\/wordpress\/wp-content\/uploads\/2020\/02\/2.-Esztergom-A4-m\u00e1solat-768x543.jpg 768w, https:\/\/www.andicsalpar.hu\/wordpress\/wp-content\/uploads\/2020\/02\/2.-Esztergom-A4-m\u00e1solat-1536x1086.jpg 1536w, https:\/\/www.andicsalpar.hu\/wordpress\/wp-content\/uploads\/2020\/02\/2.-Esztergom-A4-m\u00e1solat-2048x1448.jpg 2048w, https:\/\/www.andicsalpar.hu\/wordpress\/wp-content\/uploads\/2020\/02\/2.-Esztergom-A4-m\u00e1solat-1440x1018.jpg 1440w\" sizes=\"auto, (max-width: 2560px) 100vw, 2560px\" \/><\/a> <a href=\"http:\/\/www.andicsalpar.hu\/wordpress\/wp-content\/uploads\/2020\/02\/3.-B\u00fckk-A4-m\u00e1solat-scaled.jpg\"><img loading=\"lazy\" decoding=\"async\" class=\"alignnone size-full wp-image-1060\" src=\"http:\/\/www.andicsalpar.hu\/wordpress\/wp-content\/uploads\/2020\/02\/3.-B\u00fckk-A4-m\u00e1solat-scaled.jpg\" alt=\"\" width=\"2560\" height=\"1810\" srcset=\"https:\/\/www.andicsalpar.hu\/wordpress\/wp-content\/uploads\/2020\/02\/3.-B\u00fckk-A4-m\u00e1solat-scaled.jpg 2560w, https:\/\/www.andicsalpar.hu\/wordpress\/wp-content\/uploads\/2020\/02\/3.-B\u00fckk-A4-m\u00e1solat-300x212.jpg 300w, https:\/\/www.andicsalpar.hu\/wordpress\/wp-content\/uploads\/2020\/02\/3.-B\u00fckk-A4-m\u00e1solat-1024x724.jpg 1024w, https:\/\/www.andicsalpar.hu\/wordpress\/wp-content\/uploads\/2020\/02\/3.-B\u00fckk-A4-m\u00e1solat-768x543.jpg 768w, https:\/\/www.andicsalpar.hu\/wordpress\/wp-content\/uploads\/2020\/02\/3.-B\u00fckk-A4-m\u00e1solat-1536x1086.jpg 1536w, https:\/\/www.andicsalpar.hu\/wordpress\/wp-content\/uploads\/2020\/02\/3.-B\u00fckk-A4-m\u00e1solat-2048x1448.jpg 2048w, https:\/\/www.andicsalpar.hu\/wordpress\/wp-content\/uploads\/2020\/02\/3.-B\u00fckk-A4-m\u00e1solat-1440x1018.jpg 1440w\" sizes=\"auto, (max-width: 2560px) 100vw, 2560px\" \/><\/a> <a href=\"http:\/\/www.andicsalpar.hu\/wordpress\/wp-content\/uploads\/2020\/02\/4.-Lillaf\u00fcred-A4-m\u00e1solat-scaled.jpg\"><img loading=\"lazy\" decoding=\"async\" class=\"alignnone size-full wp-image-1061\" src=\"http:\/\/www.andicsalpar.hu\/wordpress\/wp-content\/uploads\/2020\/02\/4.-Lillaf\u00fcred-A4-m\u00e1solat-scaled.jpg\" alt=\"\" width=\"2560\" height=\"1810\" srcset=\"https:\/\/www.andicsalpar.hu\/wordpress\/wp-content\/uploads\/2020\/02\/4.-Lillaf\u00fcred-A4-m\u00e1solat-scaled.jpg 2560w, https:\/\/www.andicsalpar.hu\/wordpress\/wp-content\/uploads\/2020\/02\/4.-Lillaf\u00fcred-A4-m\u00e1solat-300x212.jpg 300w, https:\/\/www.andicsalpar.hu\/wordpress\/wp-content\/uploads\/2020\/02\/4.-Lillaf\u00fcred-A4-m\u00e1solat-1024x724.jpg 1024w, https:\/\/www.andicsalpar.hu\/wordpress\/wp-content\/uploads\/2020\/02\/4.-Lillaf\u00fcred-A4-m\u00e1solat-768x543.jpg 768w, https:\/\/www.andicsalpar.hu\/wordpress\/wp-content\/uploads\/2020\/02\/4.-Lillaf\u00fcred-A4-m\u00e1solat-1536x1086.jpg 1536w, https:\/\/www.andicsalpar.hu\/wordpress\/wp-content\/uploads\/2020\/02\/4.-Lillaf\u00fcred-A4-m\u00e1solat-2048x1448.jpg 2048w, https:\/\/www.andicsalpar.hu\/wordpress\/wp-content\/uploads\/2020\/02\/4.-Lillaf\u00fcred-A4-m\u00e1solat-1440x1018.jpg 1440w\" sizes=\"auto, (max-width: 2560px) 100vw, 2560px\" \/><\/a> <a href=\"http:\/\/www.andicsalpar.hu\/wordpress\/wp-content\/uploads\/2020\/02\/5.-Lillaf\u00fcred-A4-m\u00e1solat-scaled.jpg\"><img loading=\"lazy\" decoding=\"async\" class=\"alignnone size-full wp-image-1062\" src=\"http:\/\/www.andicsalpar.hu\/wordpress\/wp-content\/uploads\/2020\/02\/5.-Lillaf\u00fcred-A4-m\u00e1solat-scaled.jpg\" alt=\"\" width=\"2560\" height=\"1810\" srcset=\"https:\/\/www.andicsalpar.hu\/wordpress\/wp-content\/uploads\/2020\/02\/5.-Lillaf\u00fcred-A4-m\u00e1solat-scaled.jpg 2560w, https:\/\/www.andicsalpar.hu\/wordpress\/wp-content\/uploads\/2020\/02\/5.-Lillaf\u00fcred-A4-m\u00e1solat-300x212.jpg 300w, https:\/\/www.andicsalpar.hu\/wordpress\/wp-content\/uploads\/2020\/02\/5.-Lillaf\u00fcred-A4-m\u00e1solat-1024x724.jpg 1024w, https:\/\/www.andicsalpar.hu\/wordpress\/wp-content\/uploads\/2020\/02\/5.-Lillaf\u00fcred-A4-m\u00e1solat-768x543.jpg 768w, https:\/\/www.andicsalpar.hu\/wordpress\/wp-content\/uploads\/2020\/02\/5.-Lillaf\u00fcred-A4-m\u00e1solat-1536x1086.jpg 1536w, https:\/\/www.andicsalpar.hu\/wordpress\/wp-content\/uploads\/2020\/02\/5.-Lillaf\u00fcred-A4-m\u00e1solat-2048x1448.jpg 2048w, https:\/\/www.andicsalpar.hu\/wordpress\/wp-content\/uploads\/2020\/02\/5.-Lillaf\u00fcred-A4-m\u00e1solat-1440x1018.jpg 1440w\" sizes=\"auto, (max-width: 2560px) 100vw, 2560px\" \/><\/a> <a href=\"http:\/\/www.andicsalpar.hu\/wordpress\/wp-content\/uploads\/2020\/02\/6.-Andr\u00e1ssy-kast\u00e9ly-A4-m\u00e1solat-scaled.jpg\"><img loading=\"lazy\" decoding=\"async\" class=\"alignnone size-full wp-image-1063\" src=\"http:\/\/www.andicsalpar.hu\/wordpress\/wp-content\/uploads\/2020\/02\/6.-Andr\u00e1ssy-kast\u00e9ly-A4-m\u00e1solat-scaled.jpg\" alt=\"\" width=\"2560\" height=\"1810\" srcset=\"https:\/\/www.andicsalpar.hu\/wordpress\/wp-content\/uploads\/2020\/02\/6.-Andr\u00e1ssy-kast\u00e9ly-A4-m\u00e1solat-scaled.jpg 2560w, https:\/\/www.andicsalpar.hu\/wordpress\/wp-content\/uploads\/2020\/02\/6.-Andr\u00e1ssy-kast\u00e9ly-A4-m\u00e1solat-300x212.jpg 300w, https:\/\/www.andicsalpar.hu\/wordpress\/wp-content\/uploads\/2020\/02\/6.-Andr\u00e1ssy-kast\u00e9ly-A4-m\u00e1solat-1024x724.jpg 1024w, https:\/\/www.andicsalpar.hu\/wordpress\/wp-content\/uploads\/2020\/02\/6.-Andr\u00e1ssy-kast\u00e9ly-A4-m\u00e1solat-768x543.jpg 768w, https:\/\/www.andicsalpar.hu\/wordpress\/wp-content\/uploads\/2020\/02\/6.-Andr\u00e1ssy-kast\u00e9ly-A4-m\u00e1solat-1536x1086.jpg 1536w, https:\/\/www.andicsalpar.hu\/wordpress\/wp-content\/uploads\/2020\/02\/6.-Andr\u00e1ssy-kast\u00e9ly-A4-m\u00e1solat-2048x1448.jpg 2048w, https:\/\/www.andicsalpar.hu\/wordpress\/wp-content\/uploads\/2020\/02\/6.-Andr\u00e1ssy-kast\u00e9ly-A4-m\u00e1solat-1440x1018.jpg 1440w\" sizes=\"auto, (max-width: 2560px) 100vw, 2560px\" \/><\/a> <a href=\"http:\/\/www.andicsalpar.hu\/wordpress\/wp-content\/uploads\/2020\/02\/7.-Kegytemplom-A4-m\u00e1solat-scaled.jpg\"><img loading=\"lazy\" decoding=\"async\" class=\"alignnone size-full wp-image-1064\" src=\"http:\/\/www.andicsalpar.hu\/wordpress\/wp-content\/uploads\/2020\/02\/7.-Kegytemplom-A4-m\u00e1solat-scaled.jpg\" alt=\"\" width=\"2560\" height=\"1810\" srcset=\"https:\/\/www.andicsalpar.hu\/wordpress\/wp-content\/uploads\/2020\/02\/7.-Kegytemplom-A4-m\u00e1solat-scaled.jpg 2560w, https:\/\/www.andicsalpar.hu\/wordpress\/wp-content\/uploads\/2020\/02\/7.-Kegytemplom-A4-m\u00e1solat-300x212.jpg 300w, https:\/\/www.andicsalpar.hu\/wordpress\/wp-content\/uploads\/2020\/02\/7.-Kegytemplom-A4-m\u00e1solat-1024x724.jpg 1024w, https:\/\/www.andicsalpar.hu\/wordpress\/wp-content\/uploads\/2020\/02\/7.-Kegytemplom-A4-m\u00e1solat-768x543.jpg 768w, https:\/\/www.andicsalpar.hu\/wordpress\/wp-content\/uploads\/2020\/02\/7.-Kegytemplom-A4-m\u00e1solat-1536x1086.jpg 1536w, https:\/\/www.andicsalpar.hu\/wordpress\/wp-content\/uploads\/2020\/02\/7.-Kegytemplom-A4-m\u00e1solat-2048x1448.jpg 2048w, https:\/\/www.andicsalpar.hu\/wordpress\/wp-content\/uploads\/2020\/02\/7.-Kegytemplom-A4-m\u00e1solat-1440x1018.jpg 1440w\" sizes=\"auto, (max-width: 2560px) 100vw, 2560px\" \/><\/a> <a href=\"http:\/\/www.andicsalpar.hu\/wordpress\/wp-content\/uploads\/2020\/02\/9.-Vonyarcvashegy-A4-m\u00e1solat-scaled.jpg\"><img loading=\"lazy\" decoding=\"async\" class=\"alignnone size-full wp-image-1065\" src=\"http:\/\/www.andicsalpar.hu\/wordpress\/wp-content\/uploads\/2020\/02\/9.-Vonyarcvashegy-A4-m\u00e1solat-scaled.jpg\" alt=\"\" width=\"2560\" height=\"1810\" srcset=\"https:\/\/www.andicsalpar.hu\/wordpress\/wp-content\/uploads\/2020\/02\/9.-Vonyarcvashegy-A4-m\u00e1solat-scaled.jpg 2560w, https:\/\/www.andicsalpar.hu\/wordpress\/wp-content\/uploads\/2020\/02\/9.-Vonyarcvashegy-A4-m\u00e1solat-300x212.jpg 300w, https:\/\/www.andicsalpar.hu\/wordpress\/wp-content\/uploads\/2020\/02\/9.-Vonyarcvashegy-A4-m\u00e1solat-1024x724.jpg 1024w, https:\/\/www.andicsalpar.hu\/wordpress\/wp-content\/uploads\/2020\/02\/9.-Vonyarcvashegy-A4-m\u00e1solat-768x543.jpg 768w, https:\/\/www.andicsalpar.hu\/wordpress\/wp-content\/uploads\/2020\/02\/9.-Vonyarcvashegy-A4-m\u00e1solat-1536x1086.jpg 1536w, https:\/\/www.andicsalpar.hu\/wordpress\/wp-content\/uploads\/2020\/02\/9.-Vonyarcvashegy-A4-m\u00e1solat-2048x1448.jpg 2048w, https:\/\/www.andicsalpar.hu\/wordpress\/wp-content\/uploads\/2020\/02\/9.-Vonyarcvashegy-A4-m\u00e1solat-1440x1018.jpg 1440w\" sizes=\"auto, (max-width: 2560px) 100vw, 2560px\" \/><\/a> <a href=\"http:\/\/www.andicsalpar.hu\/wordpress\/wp-content\/uploads\/2020\/02\/10.-Cegl\u00e9d-A4-m\u00e1solat-scaled.jpg\"><img loading=\"lazy\" decoding=\"async\" class=\"alignnone size-full wp-image-1066\" src=\"http:\/\/www.andicsalpar.hu\/wordpress\/wp-content\/uploads\/2020\/02\/10.-Cegl\u00e9d-A4-m\u00e1solat-scaled.jpg\" alt=\"\" width=\"2560\" height=\"1810\" srcset=\"https:\/\/www.andicsalpar.hu\/wordpress\/wp-content\/uploads\/2020\/02\/10.-Cegl\u00e9d-A4-m\u00e1solat-scaled.jpg 2560w, https:\/\/www.andicsalpar.hu\/wordpress\/wp-content\/uploads\/2020\/02\/10.-Cegl\u00e9d-A4-m\u00e1solat-300x212.jpg 300w, https:\/\/www.andicsalpar.hu\/wordpress\/wp-content\/uploads\/2020\/02\/10.-Cegl\u00e9d-A4-m\u00e1solat-1024x724.jpg 1024w, https:\/\/www.andicsalpar.hu\/wordpress\/wp-content\/uploads\/2020\/02\/10.-Cegl\u00e9d-A4-m\u00e1solat-768x543.jpg 768w, https:\/\/www.andicsalpar.hu\/wordpress\/wp-content\/uploads\/2020\/02\/10.-Cegl\u00e9d-A4-m\u00e1solat-1536x1086.jpg 1536w, https:\/\/www.andicsalpar.hu\/wordpress\/wp-content\/uploads\/2020\/02\/10.-Cegl\u00e9d-A4-m\u00e1solat-2048x1448.jpg 2048w, https:\/\/www.andicsalpar.hu\/wordpress\/wp-content\/uploads\/2020\/02\/10.-Cegl\u00e9d-A4-m\u00e1solat-1440x1018.jpg 1440w\" sizes=\"auto, (max-width: 2560px) 100vw, 2560px\" \/><\/a> <a href=\"http:\/\/www.andicsalpar.hu\/wordpress\/wp-content\/uploads\/2020\/02\/11.-Hajd\u00fas\u00e1g-A4-m\u00e1solat-scaled.jpg\"><img loading=\"lazy\" decoding=\"async\" class=\"alignnone size-full wp-image-1067\" src=\"http:\/\/www.andicsalpar.hu\/wordpress\/wp-content\/uploads\/2020\/02\/11.-Hajd\u00fas\u00e1g-A4-m\u00e1solat-scaled.jpg\" alt=\"\" width=\"2560\" height=\"1810\" srcset=\"https:\/\/www.andicsalpar.hu\/wordpress\/wp-content\/uploads\/2020\/02\/11.-Hajd\u00fas\u00e1g-A4-m\u00e1solat-scaled.jpg 2560w, https:\/\/www.andicsalpar.hu\/wordpress\/wp-content\/uploads\/2020\/02\/11.-Hajd\u00fas\u00e1g-A4-m\u00e1solat-300x212.jpg 300w, https:\/\/www.andicsalpar.hu\/wordpress\/wp-content\/uploads\/2020\/02\/11.-Hajd\u00fas\u00e1g-A4-m\u00e1solat-1024x724.jpg 1024w, https:\/\/www.andicsalpar.hu\/wordpress\/wp-content\/uploads\/2020\/02\/11.-Hajd\u00fas\u00e1g-A4-m\u00e1solat-768x543.jpg 768w, https:\/\/www.andicsalpar.hu\/wordpress\/wp-content\/uploads\/2020\/02\/11.-Hajd\u00fas\u00e1g-A4-m\u00e1solat-1536x1086.jpg 1536w, https:\/\/www.andicsalpar.hu\/wordpress\/wp-content\/uploads\/2020\/02\/11.-Hajd\u00fas\u00e1g-A4-m\u00e1solat-2048x1448.jpg 2048w, https:\/\/www.andicsalpar.hu\/wordpress\/wp-content\/uploads\/2020\/02\/11.-Hajd\u00fas\u00e1g-A4-m\u00e1solat-1440x1018.jpg 1440w\" sizes=\"auto, (max-width: 2560px) 100vw, 2560px\" \/><\/a> <a href=\"http:\/\/www.andicsalpar.hu\/wordpress\/wp-content\/uploads\/2020\/02\/12.-Fert\u0151di-kast\u00e9ly-A4-m\u00e1solat-scaled.jpg\"><img loading=\"lazy\" decoding=\"async\" class=\"alignnone size-full wp-image-1068\" src=\"http:\/\/www.andicsalpar.hu\/wordpress\/wp-content\/uploads\/2020\/02\/12.-Fert\u0151di-kast\u00e9ly-A4-m\u00e1solat-scaled.jpg\" alt=\"\" width=\"2560\" height=\"1810\" srcset=\"https:\/\/www.andicsalpar.hu\/wordpress\/wp-content\/uploads\/2020\/02\/12.-Fert\u0151di-kast\u00e9ly-A4-m\u00e1solat-scaled.jpg 2560w, https:\/\/www.andicsalpar.hu\/wordpress\/wp-content\/uploads\/2020\/02\/12.-Fert\u0151di-kast\u00e9ly-A4-m\u00e1solat-300x212.jpg 300w, https:\/\/www.andicsalpar.hu\/wordpress\/wp-content\/uploads\/2020\/02\/12.-Fert\u0151di-kast\u00e9ly-A4-m\u00e1solat-1024x724.jpg 1024w, https:\/\/www.andicsalpar.hu\/wordpress\/wp-content\/uploads\/2020\/02\/12.-Fert\u0151di-kast\u00e9ly-A4-m\u00e1solat-768x543.jpg 768w, https:\/\/www.andicsalpar.hu\/wordpress\/wp-content\/uploads\/2020\/02\/12.-Fert\u0151di-kast\u00e9ly-A4-m\u00e1solat-1536x1086.jpg 1536w, https:\/\/www.andicsalpar.hu\/wordpress\/wp-content\/uploads\/2020\/02\/12.-Fert\u0151di-kast\u00e9ly-A4-m\u00e1solat-2048x1448.jpg 2048w, https:\/\/www.andicsalpar.hu\/wordpress\/wp-content\/uploads\/2020\/02\/12.-Fert\u0151di-kast\u00e9ly-A4-m\u00e1solat-1440x1018.jpg 1440w\" sizes=\"auto, (max-width: 2560px) 100vw, 2560px\" \/><\/a> <a href=\"http:\/\/www.andicsalpar.hu\/wordpress\/wp-content\/uploads\/2020\/02\/13.-Fert\u0151d-A4-m\u00e1solat-scaled.jpg\"><img loading=\"lazy\" decoding=\"async\" class=\"alignnone size-full wp-image-1069\" src=\"http:\/\/www.andicsalpar.hu\/wordpress\/wp-content\/uploads\/2020\/02\/13.-Fert\u0151d-A4-m\u00e1solat-scaled.jpg\" alt=\"\" width=\"2560\" height=\"1810\" srcset=\"https:\/\/www.andicsalpar.hu\/wordpress\/wp-content\/uploads\/2020\/02\/13.-Fert\u0151d-A4-m\u00e1solat-scaled.jpg 2560w, https:\/\/www.andicsalpar.hu\/wordpress\/wp-content\/uploads\/2020\/02\/13.-Fert\u0151d-A4-m\u00e1solat-300x212.jpg 300w, https:\/\/www.andicsalpar.hu\/wordpress\/wp-content\/uploads\/2020\/02\/13.-Fert\u0151d-A4-m\u00e1solat-1024x724.jpg 1024w, https:\/\/www.andicsalpar.hu\/wordpress\/wp-content\/uploads\/2020\/02\/13.-Fert\u0151d-A4-m\u00e1solat-768x543.jpg 768w, https:\/\/www.andicsalpar.hu\/wordpress\/wp-content\/uploads\/2020\/02\/13.-Fert\u0151d-A4-m\u00e1solat-1536x1086.jpg 1536w, https:\/\/www.andicsalpar.hu\/wordpress\/wp-content\/uploads\/2020\/02\/13.-Fert\u0151d-A4-m\u00e1solat-2048x1448.jpg 2048w, https:\/\/www.andicsalpar.hu\/wordpress\/wp-content\/uploads\/2020\/02\/13.-Fert\u0151d-A4-m\u00e1solat-1440x1018.jpg 1440w\" sizes=\"auto, (max-width: 2560px) 100vw, 2560px\" \/><\/a> <a href=\"http:\/\/www.andicsalpar.hu\/wordpress\/wp-content\/uploads\/2020\/02\/14.-Cs\u00e1kv\u00e1r-A4-m\u00e1solat-scaled.jpg\"><img loading=\"lazy\" decoding=\"async\" class=\"alignnone size-full wp-image-1070\" src=\"http:\/\/www.andicsalpar.hu\/wordpress\/wp-content\/uploads\/2020\/02\/14.-Cs\u00e1kv\u00e1r-A4-m\u00e1solat-scaled.jpg\" alt=\"\" width=\"2560\" height=\"1810\" srcset=\"https:\/\/www.andicsalpar.hu\/wordpress\/wp-content\/uploads\/2020\/02\/14.-Cs\u00e1kv\u00e1r-A4-m\u00e1solat-scaled.jpg 2560w, https:\/\/www.andicsalpar.hu\/wordpress\/wp-content\/uploads\/2020\/02\/14.-Cs\u00e1kv\u00e1r-A4-m\u00e1solat-300x212.jpg 300w, https:\/\/www.andicsalpar.hu\/wordpress\/wp-content\/uploads\/2020\/02\/14.-Cs\u00e1kv\u00e1r-A4-m\u00e1solat-1024x724.jpg 1024w, https:\/\/www.andicsalpar.hu\/wordpress\/wp-content\/uploads\/2020\/02\/14.-Cs\u00e1kv\u00e1r-A4-m\u00e1solat-768x543.jpg 768w, https:\/\/www.andicsalpar.hu\/wordpress\/wp-content\/uploads\/2020\/02\/14.-Cs\u00e1kv\u00e1r-A4-m\u00e1solat-1536x1086.jpg 1536w, https:\/\/www.andicsalpar.hu\/wordpress\/wp-content\/uploads\/2020\/02\/14.-Cs\u00e1kv\u00e1r-A4-m\u00e1solat-2048x1448.jpg 2048w, https:\/\/www.andicsalpar.hu\/wordpress\/wp-content\/uploads\/2020\/02\/14.-Cs\u00e1kv\u00e1r-A4-m\u00e1solat-1440x1018.jpg 1440w\" sizes=\"auto, (max-width: 2560px) 100vw, 2560px\" \/><\/a> <a href=\"http:\/\/www.andicsalpar.hu\/wordpress\/wp-content\/uploads\/2020\/02\/15.-Magyarpol\u00e1ny-A4-m\u00e1solat-scaled.jpg\"><img loading=\"lazy\" decoding=\"async\" class=\"alignnone size-full wp-image-1071\" src=\"http:\/\/www.andicsalpar.hu\/wordpress\/wp-content\/uploads\/2020\/02\/15.-Magyarpol\u00e1ny-A4-m\u00e1solat-scaled.jpg\" alt=\"\" width=\"2560\" height=\"1810\" srcset=\"https:\/\/www.andicsalpar.hu\/wordpress\/wp-content\/uploads\/2020\/02\/15.-Magyarpol\u00e1ny-A4-m\u00e1solat-scaled.jpg 2560w, https:\/\/www.andicsalpar.hu\/wordpress\/wp-content\/uploads\/2020\/02\/15.-Magyarpol\u00e1ny-A4-m\u00e1solat-300x212.jpg 300w, https:\/\/www.andicsalpar.hu\/wordpress\/wp-content\/uploads\/2020\/02\/15.-Magyarpol\u00e1ny-A4-m\u00e1solat-1024x724.jpg 1024w, https:\/\/www.andicsalpar.hu\/wordpress\/wp-content\/uploads\/2020\/02\/15.-Magyarpol\u00e1ny-A4-m\u00e1solat-768x543.jpg 768w, https:\/\/www.andicsalpar.hu\/wordpress\/wp-content\/uploads\/2020\/02\/15.-Magyarpol\u00e1ny-A4-m\u00e1solat-1536x1086.jpg 1536w, https:\/\/www.andicsalpar.hu\/wordpress\/wp-content\/uploads\/2020\/02\/15.-Magyarpol\u00e1ny-A4-m\u00e1solat-2048x1448.jpg 2048w, https:\/\/www.andicsalpar.hu\/wordpress\/wp-content\/uploads\/2020\/02\/15.-Magyarpol\u00e1ny-A4-m\u00e1solat-1440x1018.jpg 1440w\" sizes=\"auto, (max-width: 2560px) 100vw, 2560px\" \/><\/a> <a href=\"http:\/\/www.andicsalpar.hu\/wordpress\/wp-content\/uploads\/2020\/02\/16.-Magyarpol\u00e1ny-A4-scaled.jpg\"><img loading=\"lazy\" decoding=\"async\" class=\"alignnone size-full wp-image-1072\" src=\"http:\/\/www.andicsalpar.hu\/wordpress\/wp-content\/uploads\/2020\/02\/16.-Magyarpol\u00e1ny-A4-scaled.jpg\" alt=\"\" width=\"2560\" height=\"1810\" srcset=\"https:\/\/www.andicsalpar.hu\/wordpress\/wp-content\/uploads\/2020\/02\/16.-Magyarpol\u00e1ny-A4-scaled.jpg 2560w, https:\/\/www.andicsalpar.hu\/wordpress\/wp-content\/uploads\/2020\/02\/16.-Magyarpol\u00e1ny-A4-300x212.jpg 300w, https:\/\/www.andicsalpar.hu\/wordpress\/wp-content\/uploads\/2020\/02\/16.-Magyarpol\u00e1ny-A4-1024x724.jpg 1024w, https:\/\/www.andicsalpar.hu\/wordpress\/wp-content\/uploads\/2020\/02\/16.-Magyarpol\u00e1ny-A4-768x543.jpg 768w, https:\/\/www.andicsalpar.hu\/wordpress\/wp-content\/uploads\/2020\/02\/16.-Magyarpol\u00e1ny-A4-1536x1086.jpg 1536w, https:\/\/www.andicsalpar.hu\/wordpress\/wp-content\/uploads\/2020\/02\/16.-Magyarpol\u00e1ny-A4-2048x1448.jpg 2048w, https:\/\/www.andicsalpar.hu\/wordpress\/wp-content\/uploads\/2020\/02\/16.-Magyarpol\u00e1ny-A4-1440x1018.jpg 1440w\" sizes=\"auto, (max-width: 2560px) 100vw, 2560px\" \/><\/a><\/p>\n","protected":false},"excerpt":{"rendered":"","protected":false},"author":1,"featured_media":0,"parent":985,"menu_order":0,"comment_status":"closed","ping_status":"closed","template":"","meta":{"footnotes":""},"class_list":["post-1056","page","type-page","status-publish","hentry"],"_links":{"self":[{"href":"https:\/\/www.andicsalpar.hu\/wordpress\/index.php?rest_route=\/wp\/v2\/pages\/1056","targetHints":{"allow":["GET"]}}],"collection":[{"href":"https:\/\/www.andicsalpar.hu\/wordpress\/index.php?rest_route=\/wp\/v2\/pages"}],"about":[{"href":"https:\/\/www.andicsalpar.hu\/wordpress\/index.php?rest_route=\/wp\/v2\/types\/page"}],"author":[{"embeddable":true,"href":"https:\/\/www.andicsalpar.hu\/wordpress\/index.php?rest_route=\/wp\/v2\/users\/1"}],"replies":[{"embeddable":true,"href":"https:\/\/www.andicsalpar.hu\/wordpress\/index.php?rest_route=%2Fwp%2Fv2%2Fcomments&post=1056"}],"version-history":[{"count":1,"href":"https:\/\/www.andicsalpar.hu\/wordpress\/index.php?rest_route=\/wp\/v2\/pages\/1056\/revisions"}],"predecessor-version":[{"id":1074,"href":"https:\/\/www.andicsalpar.hu\/wordpress\/index.php?rest_route=\/wp\/v2\/pages\/1056\/revisions\/1074"}],"up":[{"embeddable":true,"href":"https:\/\/www.andicsalpar.hu\/wordpress\/index.php?rest_route=\/wp\/v2\/pages\/985"}],"wp:attachment":[{"href":"https:\/\/www.andicsalpar.hu\/wordpress\/index.php?rest_route=%2Fwp%2Fv2%2Fmedia&parent=1056"}],"curies":[{"name":"wp","href":"https:\/\/api.w.org\/{rel}","templated":true}]}}